{"id":69945,"date":"2012-07-12T02:28:05","date_gmt":"2012-07-12T07:28:05","guid":{"rendered":"https:\/\/www.bjultrasonic.com\/shop\/ultrasonic-cell-disruptor\/"},"modified":"2026-03-28T20:15:35","modified_gmt":"2026-03-29T01:15:35","slug":"ultrasonic-cell-disruptor","status":"publish","type":"product","link":"https:\/\/www.bjultrasonic.com\/tr\/shop\/ultrasonic-cell-disruptor\/","title":{"rendered":"Ultrasonik Homojenizat\u00f6rler"},"content":{"rendered":"<p>Ultrasonik h\u00fccre par\u00e7alay\u0131c\u0131 (ultrasonik s\u0131v\u0131 i\u015flemci, biyolojik ultrasonik homojenizat\u00f6r), \u00e7o\u011fu h\u00fccreyi, bakteri, spor veya dokuyu par\u00e7alayabilir.<\/p>\n<h2>Ultrasonik H\u00fccre Par\u00e7alay\u0131c\u0131 \u00d6zellikleri<\/h2>\n<table class=\"table table-striped table-bordered\">\n<tbody>\n<tr>\n<td valign=\"top\" width=\"158\">T\u0130P<\/td>\n<td valign=\"top\" width=\"145\">Frekans (Khz)<\/td>\n<td valign=\"top\" width=\"136\">G\u00fc\u00e7 (W)<\/td>\n<\/tr>\n<tr>\n<td valign=\"top\" width=\"158\"><a href=\"https:\/\/www.bjultrasonic.com\/tr\/shop\/biologics-ultrasonic-homogenizer-bjed-20100\/\">BJED-20100<\/a><\/td>\n<td valign=\"top\" width=\"145\">20<\/td>\n<td valign=\"top\" width=\"136\">100<\/td>\n<\/tr>\n<tr>\n<td valign=\"top\" width=\"158\"><a href=\"https:\/\/www.bjultrasonic.com\/tr\/shop\/biologics-ultrasonic-homogenizer-bjed-20150\/\">BJED-20150<\/a><\/td>\n<td valign=\"top\" width=\"145\">20<\/td>\n<td valign=\"top\" width=\"136\">150<\/td>\n<\/tr>\n<tr>\n<td valign=\"top\" width=\"158\"><a href=\"https:\/\/www.bjultrasonic.com\/tr\/shop\/biologics-ultrasonic-homogenizer-bjed-20250\/\">BJED-20250<\/a><\/td>\n<td valign=\"top\" width=\"145\">20<\/td>\n<td valign=\"top\" width=\"136\">250<\/td>\n<\/tr>\n<tr>\n<td valign=\"top\" width=\"158\"><a href=\"https:\/\/www.bjultrasonic.com\/tr\/shop\/biologics-ultrasonic-homogenizer-bjed-20500\/\">BJED-20500<\/a><\/td>\n<td valign=\"top\" width=\"145\">20<\/td>\n<td valign=\"top\" width=\"136\">500<\/td>\n<\/tr>\n<tr>\n<td valign=\"top\" width=\"158\"><a href=\"https:\/\/www.bjultrasonic.com\/tr\/shop\/biologics-ultrasonic-homogenizer-bjed-20800\/\">BJED-20800<\/a><\/td>\n<td valign=\"top\" width=\"145\">20<\/td>\n<td valign=\"top\" width=\"136\">800<\/td>\n<\/tr>\n<tr>\n<td valign=\"top\" width=\"158\"><a href=\"https:\/\/www.bjultrasonic.com\/tr\/shop\/biologics-ultrasonic-homogenizer-bjed-20950\/\">BJED-20950<\/a><\/td>\n<td valign=\"top\" width=\"145\">20<\/td>\n<td valign=\"top\" width=\"136\">950<\/td>\n<\/tr>\n<tr>\n<td valign=\"top\" width=\"158\"><a href=\"https:\/\/www.bjultrasonic.com\/tr\/shop\/biologics-ultrasonic-homogenizer-bjed-201200\/\">BJED-201200<\/a><\/td>\n<td valign=\"top\" width=\"145\">20<\/td>\n<td valign=\"top\" width=\"136\">1200<\/td>\n<\/tr>\n<\/tbody>\n<\/table>\n<h3>Ultrasonik H\u00fccre Par\u00e7alay\u0131c\u0131n\u0131n Tipik Uygulamalar\u0131<\/h3>\n<ul>\n<li>Bir\u00e7ok hayvan ve bitki h\u00fccresi, vir\u00fcs h\u00fccresinin par\u00e7alanmas\u0131nda kullan\u0131l\u0131r.<\/li>\n<li>Em\u00fclsifikasyon, ay\u0131rma, eritme, \u00e7ekme, bast\u0131rma, demleme, y\u0131kama ve kimyasal reaksiyonu h\u0131zland\u0131rma vb.<\/li>\n<li>Biyokimya, mikrobiyoloji, t\u0131p kimyas\u0131, y\u00fczey kimyas\u0131, fizik, zooloji vb. alanlarda yayg\u0131n olarak kullan\u0131l\u0131r.<\/li>\n<\/ul>\n<h3>Ultrasonik H\u00fccre Par\u00e7alay\u0131c\u0131 Videosu<\/h3>\n<p><iframe loading=\"lazy\" title=\"Ultrasonic Processor | Biologics Ultrasonic Homogenizer\" width=\"500\" height=\"375\" src=\"https:\/\/www.youtube.com\/embed\/T0snVNfFYIs?feature=oembed\" frameborder=\"0\" allow=\"accelerometer; autoplay; clipboard-write; encrypted-media; gyroscope; picture-in-picture; web-share\" referrerpolicy=\"strict-origin-when-cross-origin\" allowfullscreen><\/iframe><\/p>\n<h3>Ultrasonik H\u00fccre Par\u00e7alay\u0131c\u0131n\u0131n Ana \u0130\u015flevleri<\/h3>\n<ul>\n<li>Frekans otomatik takibi.<\/li>\n<li>\u00c7\u0131k\u0131\u015f genli\u011fi otomatik telafisi.<\/li>\n<li>\u00c7\u0131k\u0131\u015f g\u00fcc\u00fc g\u00fcvenlik ayar\u0131 vard\u0131r, ultrasonik transformat\u00f6rlerin zarar g\u00f6rmesini \u00f6nlemek i\u00e7in.<\/li>\n<li>0-100 aras\u0131 ayarlanabilir \u00e7\u0131k\u0131\u015f genli\u011fi, kolay kullan\u0131m, sezgisel ve verimli.<\/li>\n<li>Aral\u0131kl\u0131 darbe ve s\u00fcrekli \u00e7\u0131k\u0131\u015f olmak \u00fczere iki \u00e7al\u0131\u015fma modu vard\u0131r.<\/li>\n<li>Harici kontrol aray\u00fcz\u00fc ile, geli\u015fmi\u015f i\u015flemler i\u00e7in kullan\u0131\u015fl\u0131.<\/li>\n<li>Ba\u011f\u0131ms\u0131z harici pedal anahtar\u0131 ile, do\u011frudan kullan\u0131m.<\/li>\n<\/ul>\n<h3>\u00d6deme<\/h3>\n<p>\u015eu anda paypal, T\/T ve Western Union kabul ediyoruz.<\/p>\n<h3 class=\"shipping-methods\">Nakliye<\/h3>\n<p>\u00dcr\u00fcnler, tam \u00f6deme al\u0131nd\u0131ktan sonra 48 saat i\u00e7inde sevk edilecektir.<\/p>\n<ul>\n<li>\u00dcr\u00fcnleri, PayPal \u00f6demesinde verilen adrese g\u00f6ndeririz. L\u00fctfen PayPal&#8217;daki adresin do\u011fru oldu\u011fundan emin olun.<\/li>\n<li>\u00dcr\u00fcnleri g\u00f6nderdikten sonra size takip numaras\u0131n\u0131 verece\u011fiz, genellikle \u00fcr\u00fcnleri be\u015f g\u00fcn i\u00e7inde al\u0131rs\u0131n\u0131z.<\/li>\n<li>Herhangi bir sorunuz varsa, l\u00fctfen bize e-posta ile ileti\u015fime ge\u00e7mekten \u00e7ekinmeyin (e-posta adresimiz <a href=\"mailto:support@bjultrasonic.com\">support@bjultrasonic.com<\/a>)<\/li>\n<\/ul>\n<h3>\u00dcr\u00fcn Garantisi<\/h3>\n<p>\u00dcr\u00fcn garanti s\u00fcresi bir y\u0131ld\u0131r, garanti s\u00fcresi i\u00e7inde sat\u0131n al\u0131nan \u00fcr\u00fcnler \u00fccretsiz bak\u0131m veya de\u011fi\u015fim hakk\u0131ndan yararlanabilir.<\/p>\n","protected":false},"excerpt":{"rendered":"<p>Ultrasonik homojenle\u015ftiriciler, ultrasonik h\u00fccre par\u00e7alay\u0131c\u0131lar veya sonikat\u00f6rler, s\u0131v\u0131lardaki par\u00e7ac\u0131k boyutlar\u0131n\u0131 azaltarak kar\u0131\u015f\u0131mlar\u0131n genel d\u00fczg\u00fcnl\u00fc\u011f\u00fcn\u00fc ve kararl\u0131l\u0131\u011f\u0131n\u0131 art\u0131r\u0131r. DNA\/RNA par\u00e7alama, homojenizasyon, h\u00fccre lizi, nanopar\u00e7ac\u0131k da\u011f\u0131l\u0131m\u0131, protein ekstraksiyonu ve genel numune haz\u0131rl\u0131\u011f\u0131 i\u00e7in etkilidirler.<\/p>\n","protected":false},"featured_media":5355,"comment_status":"open","ping_status":"closed","template":"","meta":[],"product_brand":[],"product_cat":[6295,6254],"product_tag":[],"class_list":{"0":"post-69945","1":"product","2":"type-product","3":"status-publish","4":"has-post-thumbnail","6":"product_cat-cell-tr","7":"product_cat-ultrasonic-processors-tr","9":"first","10":"instock","11":"featured","12":"shipping-taxable","13":"product-type-external","14":"prodpage-classic"},"aioseo_notices":[],"_links":{"self":[{"href":"https:\/\/www.bjultrasonic.com\/tr\/wp-json\/wp\/v2\/product\/69945","targetHints":{"allow":["GET"]}}],"collection":[{"href":"https:\/\/www.bjultrasonic.com\/tr\/wp-json\/wp\/v2\/product"}],"about":[{"href":"https:\/\/www.bjultrasonic.com\/tr\/wp-json\/wp\/v2\/types\/product"}],"replies":[{"embeddable":true,"href":"https:\/\/www.bjultrasonic.com\/tr\/wp-json\/wp\/v2\/comments?post=69945"}],"wp:featuredmedia":[{"embeddable":true,"href":"https:\/\/www.bjultrasonic.com\/tr\/wp-json\/wp\/v2\/media\/5355"}],"wp:attachment":[{"href":"https:\/\/www.bjultrasonic.com\/tr\/wp-json\/wp\/v2\/media?parent=69945"}],"wp:term":[{"taxonomy":"product_brand","embeddable":true,"href":"https:\/\/www.bjultrasonic.com\/tr\/wp-json\/wp\/v2\/product_brand?post=69945"},{"taxonomy":"product_cat","embeddable":true,"href":"https:\/\/www.bjultrasonic.com\/tr\/wp-json\/wp\/v2\/product_cat?post=69945"},{"taxonomy":"product_tag","embeddable":true,"href":"https:\/\/www.bjultrasonic.com\/tr\/wp-json\/wp\/v2\/product_tag?post=69945"}],"curies":[{"name":"wp","href":"https:\/\/api.w.org\/{rel}","templated":true}]}}