{"id":69965,"date":"2012-05-28T22:40:33","date_gmt":"2012-05-29T03:40:33","guid":{"rendered":"https:\/\/www.bjultrasonic.com\/shop\/135khz-ultrasonic-generator\/"},"modified":"2026-03-28T20:15:33","modified_gmt":"2026-03-29T01:15:33","slug":"135khz-ultrasonic-generator","status":"publish","type":"product","link":"https:\/\/www.bjultrasonic.com\/tr\/shop\/135khz-ultrasonic-generator\/","title":{"rendered":"50 kHz \u00dczeri 1200W Dijital Ultrasonik Jenerat\u00f6r"},"content":{"rendered":"<h3>\u00dcr\u00fcnleri zaman\u0131nda teslim etmek i\u00e7in:<\/h3>\n<ul>\n<li>Sipari\u015f verirken, hangi voltaj (220V veya 120V) ve hangi frekans\u0131 ihtiyac\u0131n\u0131z oldu\u011funu l\u00fctfen bize bildirin.<\/li>\n<li>L\u00fctfen bize detayl\u0131 teslimat adresini verin. Adres, posta kodu ve telefon numaras\u0131n\u0131 i\u00e7ermelidir.<\/li>\n<li>Sipari\u015flerinizin a\u011f\u0131rl\u0131\u011f\u0131 21 kg&#8217;dan fazlaysa, ekonomik nakliye \u00fccreti almak i\u00e7in l\u00fctfen bizimle ileti\u015fime ge\u00e7in.<\/li>\n<\/ul>\n<h3>A\u00e7\u0131klamalar<\/h3>\n<ul>\n<li><a href=\"https:\/\/www.bjultrasonic.com\/tr\/category\/ultrasonic-generator-tr\/\">Ultrasonik Jenerat\u00f6rler<\/a> \u00f6zel \u00fcretim \u00fcr\u00fcnlerdir. Bu nedenle fiyat i\u00e7in l\u00fctfen <a href=\"https:\/\/www.bjultrasonic.com\/contact\/\">sat\u0131\u015f temsilcimizle ileti\u015fime ge\u00e7in<\/a>. Size en k\u0131sa s\u00fcrede d\u00f6n\u00fc\u015f yapaca\u011f\u0131z.<\/li>\n<li><strong>Frekans<\/strong> ve <strong>voltaj<\/strong> temelinde \u00e7e\u015fitli Ultrasonik Jenerat\u00f6rler tasarlay\u0131p \u00f6zelle\u015ftirebiliriz.<\/li>\n<\/ul>\n<p>Ultrasonik Jenerat\u00f6r, <a href=\"https:\/\/www.bjultrasonic.com\/tr\/category\/ultrasonic-cleaning-system-tr\/\">ultrasonik temizleme makinesinin<\/a> vazge\u00e7ilmez bir par\u00e7as\u0131d\u0131r. Ultrasonik Jenerat\u00f6r\u00fcn kalitesi, ultrasonik temizleme sisteminin temizleme etkisini do\u011frudan belirler. Dijital Ultrasonik Jenerat\u00f6r, Beijing Ultrasonic taraf\u0131ndan ba\u011f\u0131ms\u0131z olarak ara\u015ft\u0131r\u0131l\u0131p geli\u015ftirilmi\u015ftir.<br \/>\n<img loading=\"lazy\" decoding=\"async\" class=\"alignnone wp-image-5021\" title=\"Ultrasonik Sinyal Jenerat\u00f6r\u00fc\" src=\"https:\/\/www.bjultrasonic.com\/wp-content\/uploads\/2012\/05\/Ultrasonic-Signal-Generator.jpg\" alt=\"Ultrasonik Sinyal Jenerat\u00f6r\u00fc\" width=\"600\" height=\"450\" \/><\/p>\n<h3>Dijital Ultrasonik Jenerat\u00f6r\u00fcn \u0130\u00e7 Yap\u0131s\u0131<\/h3>\n<p><img loading=\"lazy\" decoding=\"async\" src=\"https:\/\/www.bjultrasonic.com\/wp-content\/uploads\/2018\/07\/Internal-Structure-Of-Digital-Ultrasonic-Generator.png\" alt=\"Dijital Ultrasonik Jenerat\u00f6r\u00fcn \u0130\u00e7 Yap\u0131s\u0131\" width=\"650\" height=\"578\" \/><\/p>\n<h3>Ultrasonik Jenerat\u00f6r\u00fcn Tipik \u00d6zellikleri<\/h3>\n<ul>\n<li>Ayarlar\u0131n dijital ekranla g\u00f6sterildi\u011fi d\u00fc\u011fmeli programlama kontrol\u00fc, \u00e7al\u0131\u015fma durumunu ekran panelinde g\u00f6rebilmemizi sa\u011flar (\u00e7al\u0131\u015fma frekans\u0131, \u00e7al\u0131\u015fma ak\u0131m\u0131 gibi).<\/li>\n<li>Dijital kontrol teknolojisi kullan\u0131m\u0131, m\u00fckemmel devre tasar\u0131m\u0131, g\u00fc\u00e7 \u00e7\u0131k\u0131\u015f\u0131 stabilitesi.<\/li>\n<li>A\u015f\u0131r\u0131 ak\u0131m korumas\u0131, a\u015f\u0131r\u0131 \u0131s\u0131nma korumas\u0131, a\u015f\u0131r\u0131 voltaj korumas\u0131.<\/li>\n<li>Y\u00fcksek ve d\u00fc\u015f\u00fck voltaj devreleri tamamen ayr\u0131lm\u0131\u015ft\u0131r, i\u015fletme g\u00fcvenli\u011fi sa\u011flar.<\/li>\n<li>Ultrasonik G\u00fc\u00e7, Zamanlay\u0131c\u0131 ve Frekans, farkl\u0131 \u00fcr\u00fcnlerin temizli\u011fine uyacak \u015fekilde gerekti\u011finde ayarlanabilir.<br \/>\n(Zaman kontrol\u00fc: 0-59&#8217;59&#8221;)<br \/>\n(G\u00fc\u00e7 Kontrol Aral\u0131\u011f\u0131: %0-100)<\/li>\n<li>Verimli so\u011futma sistemi.<\/li>\n<li>Taramal\u0131 frekans fonksiyonu.<\/li>\n<\/ul>\n<h3>Ultrasonik Frekans Jenerat\u00f6r\u00fc Videosu<\/h3>\n<p><iframe loading=\"lazy\" title=\"Ultrasonic Signal Generator Circuit - Beijing Ultrasonic\" width=\"500\" height=\"281\" src=\"https:\/\/www.youtube.com\/embed\/A9JdQN5e5G8?feature=oembed\" frameborder=\"0\" allow=\"accelerometer; autoplay; clipboard-write; encrypted-media; gyroscope; picture-in-picture; web-share\" referrerpolicy=\"strict-origin-when-cross-origin\" allowfullscreen><\/iframe><\/p>\n","protected":false},"excerpt":{"rendered":"<p>Dijital <a href=\"https:\/\/www.bjultrasonic.com\/tr\/category\/ultrasonic-generator-tr\/\">ultrasonik jenerat\u00f6r<\/a>, ayn\u0131 zamanda ultrasonik jenerat\u00f6r kiti olarak da adland\u0131r\u0131l\u0131r, geli\u015fmi\u015f mikro bilgisayar kontrol teknolojisi ve yeni devre geometrisini benimser; ultrasonik frekans\u0131, zamanlay\u0131c\u0131y\u0131 ve g\u00fcc\u00fc talebinize g\u00f6re ayarlayabilirsiniz.<\/p>\n","protected":false},"featured_media":19240,"comment_status":"open","ping_status":"closed","template":"","meta":[],"product_brand":[],"product_cat":[6062],"product_tag":[],"class_list":{"0":"post-69965","1":"product","2":"type-product","3":"status-publish","4":"has-post-thumbnail","6":"product_cat-ultrasonic-digital-generator-tr","8":"first","9":"instock","10":"shipping-taxable","11":"purchasable","12":"product-type-simple","13":"prodpage-classic"},"aioseo_notices":[],"_links":{"self":[{"href":"https:\/\/www.bjultrasonic.com\/tr\/wp-json\/wp\/v2\/product\/69965","targetHints":{"allow":["GET"]}}],"collection":[{"href":"https:\/\/www.bjultrasonic.com\/tr\/wp-json\/wp\/v2\/product"}],"about":[{"href":"https:\/\/www.bjultrasonic.com\/tr\/wp-json\/wp\/v2\/types\/product"}],"replies":[{"embeddable":true,"href":"https:\/\/www.bjultrasonic.com\/tr\/wp-json\/wp\/v2\/comments?post=69965"}],"wp:featuredmedia":[{"embeddable":true,"href":"https:\/\/www.bjultrasonic.com\/tr\/wp-json\/wp\/v2\/media\/19240"}],"wp:attachment":[{"href":"https:\/\/www.bjultrasonic.com\/tr\/wp-json\/wp\/v2\/media?parent=69965"}],"wp:term":[{"taxonomy":"product_brand","embeddable":true,"href":"https:\/\/www.bjultrasonic.com\/tr\/wp-json\/wp\/v2\/product_brand?post=69965"},{"taxonomy":"product_cat","embeddable":true,"href":"https:\/\/www.bjultrasonic.com\/tr\/wp-json\/wp\/v2\/product_cat?post=69965"},{"taxonomy":"product_tag","embeddable":true,"href":"https:\/\/www.bjultrasonic.com\/tr\/wp-json\/wp\/v2\/product_tag?post=69965"}],"curies":[{"name":"wp","href":"https:\/\/api.w.org\/{rel}","templated":true}]}}