{"id":70425,"date":"2012-04-30T02:19:42","date_gmt":"2012-04-30T07:19:42","guid":{"rendered":"https:\/\/www.bjultrasonic.com\/shop\/3l-digital-ultrasonic-cleaner-with-timer\/"},"modified":"2026-03-28T20:10:56","modified_gmt":"2026-03-29T01:10:56","slug":"3l-digital-ultrasonic-cleaner-with-timer","status":"publish","type":"product","link":"https:\/\/www.bjultrasonic.com\/tr\/shop\/3l-digital-ultrasonic-cleaner-with-timer\/","title":{"rendered":"Zamanlay\u0131c\u0131l\u0131 3L Dijital Ultrasonik Temizleyici"},"content":{"rendered":"<h2>Zamanlay\u0131c\u0131l\u0131 3L Dijital Ultrasonik Temizleyici \u00d6zellikleri<\/h2>\n<table class=\"table table-striped table-bordered\"   id=\"wp-table-reloaded-id-84-no-1\">\n<tbody>\n<tr>\n<td>Tip<\/td>\n<td>BJUCDT3<\/td>\n<\/tr>\n<tr>\n<td>Tank kapasitesi<\/td>\n<td>3L<\/td>\n<\/tr>\n<tr>\n<td>G\u00fc\u00e7<\/td>\n<td>120W<\/td>\n<\/tr>\n<tr>\n<td>Frekans<\/td>\n<td>40khz<\/td>\n<\/tr>\n<tr>\n<td>Tank boyutu(mm)<\/td>\n<td>240*140*100(U*G*Y)<\/td>\n<\/tr>\n<tr>\n<td>Makine boyutu(mm)<\/td>\n<td>270*170*240(U*G*Y)<\/td>\n<\/tr>\n<tr>\n<td>Gerilim<\/td>\n<td>110VAC\u2014240VAC<\/td>\n<\/tr>\n<tr>\n<td>Fonksiyonlar<\/td>\n<td>Zamanlay\u0131c\u0131(1-99 dk),<\/td>\n<\/tr>\n<tr>\n<td>Sepet<\/td>\n<td>Paslanmaz \u00e7elik sepet<\/td>\n<\/tr>\n<tr>\n<td>Birim a\u011f\u0131rl\u0131k<\/td>\n<td>3.8kg<\/td>\n<\/tr>\n<\/tbody>\n<\/table>\n<h3>Dijital Ultrasonik Temizleyici A\u00e7\u0131klamas\u0131<\/h3>\n<ul>\n<li>T\u00fcm ultrasonik temizleyici makinesi paslanmaz \u00e7elik yap\u0131dad\u0131r, estetik ve pratiktir.<\/li>\n<li>Y\u00fcksek Q de\u011ferli ultrasonik d\u00f6n\u00fc\u015ft\u00fcr\u00fcc\u00fc kullan\u0131r. G\u00fc\u00e7l\u00fc temizleme etkisi.<\/li>\n<li>Y\u00fcksek kaliteli yap\u0131\u015ft\u0131rma i\u015flemi. Ultrasonik d\u00f6n\u00fc\u015ft\u00fcr\u00fcc\u00fc epoksi tutkal kullan\u0131larak yap\u0131\u015ft\u0131r\u0131l\u0131r.<\/li>\n<li>Zaman ihtiyaca g\u00f6re ayarlanabilir.<\/li>\n<\/ul>\n<h3>\u00a0Ultrasonik Temizleyici Uygulamas\u0131<\/h3>\n<ul>\n<li><strong>Makine End\u00fcstrisi<\/strong>: pas \u00f6nleyici ya\u011f\u0131n giderilmesi; \u00d6l\u00e7\u00fcm aleti temizli\u011fi; Makine par\u00e7alar\u0131, motor, karb\u00fcrat\u00f6r ve otomobil par\u00e7alar\u0131n\u0131n temizli\u011fi;<\/li>\n<li><strong>Y\u00fczey \u0130\u015fleme End\u00fcstrisi<\/strong>: kaplama \u00f6ncesi ya\u011f ve pas giderme; \u0130yon kaplama \u00f6ncesi temizlik; Fosforlama i\u015flemi; Karbon giderme; Oksit tabakas\u0131n\u0131 giderme; Cila bile\u015fi\u011fini giderme; \u0130\u015f par\u00e7as\u0131 metal y\u00fczeyinin aktivasyon i\u015flemi, vb.<\/li>\n<li><strong>Alet End\u00fcstrisi<\/strong>: hassas par\u00e7alar\u0131n montaj \u00f6ncesi y\u00fcksek temizlik derecesinde temizli\u011fi.<\/li>\n<li><strong>Elektronik End\u00fcstrisi<\/strong>: bask\u0131l\u0131 devre kartlar\u0131ndan re\u00e7ine, lehim noktalar\u0131n\u0131n giderilmesi; Y\u00fcksek voltaj kontaklar\u0131 ve di\u011fer makine ve elektronik bile\u015fenlerin temizli\u011fi, vb.<\/li>\n<li><strong>T\u0131p End\u00fcstrisi<\/strong>:t\u0131bbi ekipmanlar\u0131n temizlenmesi ve dezenfekte edilmesi, sterilizasyonu, deney kaplar\u0131n\u0131n temizli\u011fi, vb.<\/li>\n<li><strong>Yar\u0131 \u0130letken End\u00fcstrisi<\/strong>:yar\u0131 iletken wafer&#8217;lar\u0131n y\u00fcksek temizlik derecesinde temizli\u011fi.<\/li>\n<li><strong>Saat ve M\u00fccevherat End\u00fcstrisi<\/strong>: ya\u011f, kir, oksit tabakas\u0131, cila bile\u015fi\u011fi vb. giderme.<\/li>\n<li><strong>Kimya, Biyoloji End\u00fcstrisi<\/strong>: Deney kaplar\u0131n\u0131n temizli\u011fi.<\/li>\n<li>\u00a0<strong>Optik End\u00fcstrisi<\/strong>: optik cihazlardan ya\u011f, ter, toz vb. giderme.<\/li>\n<li>\u00a0<strong>Tekstil Bask\u0131 ve Boyama End\u00fcstrisi<\/strong>: tekstil mili, e\u011firme memesi vb. temizli\u011fi.<\/li>\n<li>\u00a0<strong>Petrokimya End\u00fcstrisi<\/strong>: metal a\u011f temizli\u011fi ve t\u0131kan\u0131kl\u0131k a\u00e7ma, kimyasal kaplar, vana temizli\u011fi, vb.<\/li>\n<\/ul>\n<h3>Zamanlay\u0131c\u0131 ve Is\u0131t\u0131c\u0131l\u0131 Dijital Ultrasonik Temizleyici Videosu<\/h3>\n<p><iframe loading=\"lazy\" title=\"Digital Ultrasonic Cleaner with Timer and Heater\" width=\"500\" height=\"281\" src=\"https:\/\/www.youtube.com\/embed\/SdW_EZ2X140?feature=oembed\" frameborder=\"0\" allow=\"accelerometer; autoplay; clipboard-write; encrypted-media; gyroscope; picture-in-picture; web-share\" referrerpolicy=\"strict-origin-when-cross-origin\" allowfullscreen><\/iframe><\/p>\n<h3>\u00d6deme<\/h3>\n<p>\u015eu anda PayPal, T\/T &amp; Western Union \u00f6demelerini kabul ediyoruz.<\/p>\n<h3 class=\"shipping-methods\">Nakliye<\/h3>\n<p>Malzemeler, tam \u00f6deme al\u0131nd\u0131ktan sonra 48 saat i\u00e7inde sevk edilecektir.<\/p>\n<ul>\n<li>Malzemeleri, PayPal \u00f6demesinde verilen adrese g\u00f6nderiyoruz. L\u00fctfen PayPal&#8217;daki adresin do\u011fru oldu\u011fundan emin olun.<\/li>\n<li>Malzemeleri g\u00f6nderdikten sonra size takip numaras\u0131n\u0131 verece\u011fiz, genellikle malzemeleri be\u015f g\u00fcn i\u00e7inde alacaks\u0131n\u0131z.<\/li>\n<li>Herhangi bir sorunuz varsa, l\u00fctfen bizimle e-posta yoluyla ileti\u015fime ge\u00e7in (e-posta adresimiz <a href=\"mailto:support@bjultrasonic.com\">support@bjultrasonic.com<\/a>)<\/li>\n<\/ul>\n<h3>\u00dcr\u00fcn Garantisi<\/h3>\n<p>\u00dcr\u00fcn garanti s\u00fcresi bir y\u0131ld\u0131r, garanti s\u00fcresi i\u00e7inde sat\u0131n al\u0131nan \u00fcr\u00fcnler \u00fccretsiz bak\u0131m veya de\u011fi\u015fimden yararlanabilir.<\/p>\n","protected":false},"excerpt":{"rendered":"<p><a href=\"https:\/\/www.bjultrasonic.com\/tr\/category\/ultrasonic-cleaning-system-tr\/digital-ultrasonic-cleaner-tr\/\">Dijital ultrasonik temizleyiciler<\/a>, m\u00fccevherler, saatler, kolyeler, k\u00fcpeler, y\u00fcz\u00fckler, bilezikler, madeni paralar, saat kay\u0131\u015flar\u0131, g\u00f6zl\u00fckler, g\u00fcne\u015f g\u00f6zl\u00fckleri, kontakt lens aksesuarlar\u0131, takma di\u015fler, taraklar, di\u015f f\u0131r\u00e7alar\u0131, sofra e\u015fyalar\u0131 ve benzeri e\u015fyalar\u0131n temizli\u011finde yayg\u0131n olarak kullan\u0131lmaktad\u0131r.<\/p>\n","protected":false},"featured_media":1075,"comment_status":"open","ping_status":"closed","template":"","meta":[],"product_brand":[],"product_cat":[5852],"product_tag":[],"class_list":{"0":"post-70425","1":"product","2":"type-product","3":"status-publish","4":"has-post-thumbnail","6":"product_cat-digital-ultrasonic-cleaner-tr","8":"first","9":"outofstock","10":"shipping-taxable","11":"purchasable","12":"product-type-simple","13":"prodpage-classic"},"aioseo_notices":[],"_links":{"self":[{"href":"https:\/\/www.bjultrasonic.com\/tr\/wp-json\/wp\/v2\/product\/70425","targetHints":{"allow":["GET"]}}],"collection":[{"href":"https:\/\/www.bjultrasonic.com\/tr\/wp-json\/wp\/v2\/product"}],"about":[{"href":"https:\/\/www.bjultrasonic.com\/tr\/wp-json\/wp\/v2\/types\/product"}],"replies":[{"embeddable":true,"href":"https:\/\/www.bjultrasonic.com\/tr\/wp-json\/wp\/v2\/comments?post=70425"}],"wp:featuredmedia":[{"embeddable":true,"href":"https:\/\/www.bjultrasonic.com\/tr\/wp-json\/wp\/v2\/media\/1075"}],"wp:attachment":[{"href":"https:\/\/www.bjultrasonic.com\/tr\/wp-json\/wp\/v2\/media?parent=70425"}],"wp:term":[{"taxonomy":"product_brand","embeddable":true,"href":"https:\/\/www.bjultrasonic.com\/tr\/wp-json\/wp\/v2\/product_brand?post=70425"},{"taxonomy":"product_cat","embeddable":true,"href":"https:\/\/www.bjultrasonic.com\/tr\/wp-json\/wp\/v2\/product_cat?post=70425"},{"taxonomy":"product_tag","embeddable":true,"href":"https:\/\/www.bjultrasonic.com\/tr\/wp-json\/wp\/v2\/product_tag?post=70425"}],"curies":[{"name":"wp","href":"https:\/\/api.w.org\/{rel}","templated":true}]}}