{"id":70565,"date":"2012-04-29T07:22:45","date_gmt":"2012-04-29T12:22:45","guid":{"rendered":"https:\/\/www.bjultrasonic.com\/shop\/0-4l-digital-ultrasonic-cleaner-with-timer\/"},"modified":"2026-03-28T20:09:57","modified_gmt":"2026-03-29T01:09:57","slug":"0-4l-digital-ultrasonic-cleaner-with-timer","status":"publish","type":"product","link":"https:\/\/www.bjultrasonic.com\/tr\/shop\/0-4l-digital-ultrasonic-cleaner-with-timer\/","title":{"rendered":"Zamanlay\u0131c\u0131l\u0131 0.4L Dijital Ultrasonik Temizleyici"},"content":{"rendered":"<h2>0.4L Zamanlay\u0131c\u0131l\u0131 Dijital Ultrasonik Temizleyici \u00d6zellikleri<\/h2>\n<table class=\"table table-striped table-bordered\"   id=\"wp-table-reloaded-id-77-no-1\">\n<tbody>\n<tr>\n<td>Tip<\/td>\n<td>BJUCDT0.4<\/td>\n<\/tr>\n<tr>\n<td>Hazne kapasitesi<\/td>\n<td>0.4L<\/td>\n<\/tr>\n<tr>\n<td>G\u00fc\u00e7<\/td>\n<td>35W<\/td>\n<\/tr>\n<tr>\n<td>Frekans<\/td>\n<td>40khz<\/td>\n<\/tr>\n<tr>\n<td>Hazne boyutu(mm)<\/td>\n<td>155 x 80x 40mm(U*G*Y)<\/td>\n<\/tr>\n<tr>\n<td>Makine boyutu(mm)<\/td>\n<td>205*115*90mm<\/td>\n<\/tr>\n<tr>\n<td>Voltaj<\/td>\n<td>220V\/110v<\/td>\n<\/tr>\n<tr>\n<td>Fonksiyonlar<\/td>\n<td>Zamanlay\u0131c\u0131(0-3dk)<\/td>\n<\/tr>\n<tr>\n<td>Birim a\u011f\u0131rl\u0131\u011f\u0131<\/td>\n<td>0.8kg<\/td>\n<\/tr>\n<\/tbody>\n<\/table>\n<h3>Notlar<\/h3>\n<p>L\u00fctfen sipari\u015f verirken hangi voltaja ihtiyac\u0131n\u0131z oldu\u011funu bize bildirin.<\/p>\n<h3>Dijital Ultrasonik Temizleyici A\u00e7\u0131klamas\u0131<\/h3>\n<ul>\n<li>Y\u00fcksek Q ultrasonik transd\u00fcser kullan\u0131m\u0131. G\u00fc\u00e7l\u00fc temizleme kapasitesi.<\/li>\n<li>Y\u00fcksek kaliteli ba\u011flama i\u015flemi. Ultrasonik transd\u00fcser epoksi yap\u0131\u015ft\u0131r\u0131c\u0131 kullan\u0131larak sabitlenir.<\/li>\n<li>Zaman, gerekti\u011finde 0-3 dakika aras\u0131nda ayarlanabilir.<\/li>\n<\/ul>\n<p><iframe loading=\"lazy\" title=\"How to Use an Ultrasonic Cleaner - Beijing Ultrasonic\" width=\"500\" height=\"281\" src=\"https:\/\/www.youtube.com\/embed\/YTCghUcjfyU?feature=oembed\" frameborder=\"0\" allow=\"accelerometer; autoplay; clipboard-write; encrypted-media; gyroscope; picture-in-picture; web-share\" referrerpolicy=\"strict-origin-when-cross-origin\" allowfullscreen><\/iframe><\/p>\n<h3>Ultrasonik Temizleyici Uygulama Alanlar\u0131<\/h3>\n<ul>\n<li>Tak\u0131 ve Saat Temizli\u011fi: Kolyeler, K\u00fcpeler, Y\u00fcz\u00fckler, Bilezikler, Madalyalar, Saat Kay\u0131\u015flar\u0131 ve Bantlar\u0131 vb.<\/li>\n<li>G\u00f6z Bak\u0131m\u0131 Temizli\u011fi: G\u00f6zl\u00fckler, G\u00fcne\u015f G\u00f6zl\u00fckleri, Kontak Lens Aksesuarlar\u0131.<\/li>\n<li>G\u00fcnl\u00fck Ki\u015fisel Bak\u0131m Temizli\u011fi: Takma Di\u015fler, Taraklar, Di\u015f F\u0131r\u00e7alar\u0131, Sofra Tak\u0131mlar\u0131.<\/li>\n<\/ul>\n<h3>\u00d6deme<\/h3>\n<p>\u015eu anda paypal, T\/T ve Western Union&#8217;\u0131 kabul ediyoruz.<\/p>\n<h3 class=\"shipping-methods\">Nakliye<\/h3>\n<p>Malzemeler, tam \u00f6deme al\u0131nd\u0131ktan sonra 48 saat i\u00e7inde sevk edilecektir.<\/p>\n<ul>\n<li>Malzemeleri, PayPal \u00f6demesinde verilen adrese g\u00f6nderiyoruz. L\u00fctfen PayPal&#8217;daki adresin do\u011fru oldu\u011fundan emin olun.<\/li>\n<li>Malzemeleri g\u00f6nderdikten sonra size takip numaras\u0131n\u0131 verece\u011fiz, genellikle malzemeleri be\u015f g\u00fcn i\u00e7inde alacaks\u0131n\u0131z.<\/li>\n<li>Herhangi bir sorunuz varsa, l\u00fctfen bize e-posta yoluyla ileti\u015fime ge\u00e7in (e-posta adresimiz <a href=\"mailto:support@bjultrasonic.com\">support@bjultrasonic.com<\/a>)<\/li>\n<\/ul>\n<h3>\u00dcr\u00fcn Garantisi<\/h3>\n<p>\u00dcr\u00fcn garanti s\u00fcresi bir y\u0131ld\u0131r, garanti s\u00fcresi i\u00e7inde sat\u0131n al\u0131nan \u00fcr\u00fcnler \u00fccretsiz bak\u0131m veya de\u011fi\u015fim hizmetinden yararlanabilir.<\/p>\n","protected":false},"excerpt":{"rendered":"<p><a href=\"https:\/\/www.bjultrasonic.com\/tr\/category\/ultrasonic-cleaning-system-tr\/digital-ultrasonic-cleaner-tr\/\">Dijital ultrasonik temizleyiciler<\/a> m\u00fccevher, saat, kolye, k\u00fcpe, y\u00fcz\u00fck, bilezik, madeni para, saat kay\u0131\u015f\u0131, g\u00f6zl\u00fck, g\u00fcne\u015f g\u00f6zl\u00fc\u011f\u00fc, kontakt lens aksesuarlar\u0131, takma di\u015f, tarak, di\u015f f\u0131r\u00e7as\u0131, sofra tak\u0131m\u0131 ve benzeri \u00fcr\u00fcnlerin temizli\u011finde yayg\u0131n olarak kullan\u0131lmaktad\u0131r.<\/p>\n","protected":false},"featured_media":1036,"comment_status":"open","ping_status":"closed","template":"","meta":[],"product_brand":[],"product_cat":[5852],"product_tag":[],"class_list":{"0":"post-70565","1":"product","2":"type-product","3":"status-publish","4":"has-post-thumbnail","6":"product_cat-digital-ultrasonic-cleaner-tr","8":"first","9":"outofstock","10":"shipping-taxable","11":"purchasable","12":"product-type-simple","13":"prodpage-classic"},"aioseo_notices":[],"_links":{"self":[{"href":"https:\/\/www.bjultrasonic.com\/tr\/wp-json\/wp\/v2\/product\/70565","targetHints":{"allow":["GET"]}}],"collection":[{"href":"https:\/\/www.bjultrasonic.com\/tr\/wp-json\/wp\/v2\/product"}],"about":[{"href":"https:\/\/www.bjultrasonic.com\/tr\/wp-json\/wp\/v2\/types\/product"}],"replies":[{"embeddable":true,"href":"https:\/\/www.bjultrasonic.com\/tr\/wp-json\/wp\/v2\/comments?post=70565"}],"wp:featuredmedia":[{"embeddable":true,"href":"https:\/\/www.bjultrasonic.com\/tr\/wp-json\/wp\/v2\/media\/1036"}],"wp:attachment":[{"href":"https:\/\/www.bjultrasonic.com\/tr\/wp-json\/wp\/v2\/media?parent=70565"}],"wp:term":[{"taxonomy":"product_brand","embeddable":true,"href":"https:\/\/www.bjultrasonic.com\/tr\/wp-json\/wp\/v2\/product_brand?post=70565"},{"taxonomy":"product_cat","embeddable":true,"href":"https:\/\/www.bjultrasonic.com\/tr\/wp-json\/wp\/v2\/product_cat?post=70565"},{"taxonomy":"product_tag","embeddable":true,"href":"https:\/\/www.bjultrasonic.com\/tr\/wp-json\/wp\/v2\/product_tag?post=70565"}],"curies":[{"name":"wp","href":"https:\/\/api.w.org\/{rel}","templated":true}]}}