{"id":70645,"date":"2012-04-29T00:23:24","date_gmt":"2012-04-29T05:23:24","guid":{"rendered":"https:\/\/www.bjultrasonic.com\/shop\/900w-ultrasonic-cleaner\/"},"modified":"2026-03-28T20:09:05","modified_gmt":"2026-03-29T01:09:05","slug":"900w-ultrasonic-cleaner","status":"publish","type":"product","link":"https:\/\/www.bjultrasonic.com\/tr\/shop\/900w-ultrasonic-cleaner\/","title":{"rendered":"900W End\u00fcstriyel Ultrasonik Temizleme Makinesi"},"content":{"rendered":"<h2>900W Ultrasonik Temizleyici \u00d6zellikleri<\/h2>\n<table class=\"table table-striped table-bordered\"   id=\"wp-table-reloaded-id-73-no-1\">\n<tbody>\n<tr>\n<td>Tip<\/td>\n<td>BJUC900<\/td>\n<\/tr>\n<tr>\n<td>Ultrasonik G\u00fc\u00e7<\/td>\n<td>900W<\/td>\n<\/tr>\n<tr>\n<td>Is\u0131tma G\u00fcc\u00fc<\/td>\n<td>3000W<\/td>\n<\/tr>\n<tr>\n<td>Frekans<\/td>\n<td>40kHz\/28kHz<\/td>\n<\/tr>\n<tr>\n<td>Tank Boyutu (mm)<\/td>\n<td>400*300*300 (U*G*Y)<\/td>\n<\/tr>\n<tr>\n<td>Makine Boyutu<\/td>\n<td>520 \u00d7 430 \u00d7 600 (U*G*Y)<\/td>\n<\/tr>\n<tr>\n<td>Voltaj<\/td>\n<td>220V AC<\/td>\n<\/tr>\n<tr>\n<td>Fonksiyonlar<\/td>\n<td>Zamanlay\u0131c\u0131, Is\u0131tma<\/td>\n<\/tr>\n<tr>\n<td>Sepet<\/td>\n<td>Paslanmaz \u00e7elik sepet<\/td>\n<\/tr>\n<\/tbody>\n<\/table>\n<h3>Notlar<\/h3>\n<ul>\n<li>900W Ultrasonik Temizleme Makinesi \u00f6zel \u00fcretim \u00fcr\u00fcnlerdir. Bu nedenle fiyat i\u00e7in l\u00fctfen Sat\u0131\u015f Temsilcimizle ileti\u015fime ge\u00e7in (<a href=\"https:\/\/www.bjultrasonic.com\/contact\/\" target=\"_blank\" rel=\"noopener\">\u0130leti\u015fim Formu<\/a>). Size k\u0131sa s\u00fcrede d\u00f6n\u00fc\u015f yapaca\u011f\u0131z.<\/li>\n<li>\u0130htiya\u00e7lar\u0131n\u0131za g\u00f6re \u00e7e\u015fitli Ultrasonik Temizleme Makineleri tasarlayabilir ve \u00f6zelle\u015ftirebiliriz.<\/li>\n<\/ul>\n<h3>Bu Tip Ultrasonik Temizleme Makinesinin Tipik \u00d6zellikleri<\/h3>\n<ul>\n<li>Y\u00fcksek kaliteli paslanmaz \u00e7elik levha ve bile\u015fenler kullan\u0131m\u0131: tam paslanmaz \u00e7elik, g\u00fczel ve dayan\u0131kl\u0131 g\u00f6r\u00fcn\u00fcm.<\/li>\n<li>Is\u0131tma ve S\u0131cakl\u0131k kontrol cihaz\u0131, s\u0131cakl\u0131k aral\u0131\u011f\u0131 10 ~ 100 \u00b0C.<\/li>\n<li>Y\u00fcksek kaliteli transd\u00fcser kullan\u0131r, g\u00fc\u00e7l\u00fc ultrasonik g\u00fc\u00e7 \u00e7\u0131k\u0131\u015f\u0131.<\/li>\n<li>Temizleme tank\u0131 ve jenerat\u00f6r ayr\u0131labilir tasar\u0131m kullan\u0131r, kullan\u0131m\u0131 kolay.<\/li>\n<li>Yeni devre kullan\u0131m\u0131, jenerat\u00f6r\u00fcn g\u00fcc\u00fc ve zamanlay\u0131c\u0131s\u0131 ayarlanabilir.<\/li>\n<li>Ultrasonik titre\u015fim modlar\u0131 taban ve kenar titre\u015fimine sahiptir, \u00e7e\u015fitli ihtiya\u00e7lara uygundur.<\/li>\n<\/ul>\n<h3>Ultrasonik Temizleme Tank\u0131 &amp; Temizleme Tank\u0131 \u0130\u00e7in Ultrasonik Jenerat\u00f6r<\/h3>\n<p><iframe loading=\"lazy\" title=\"Ultrasonic Cleaning Tank for Sale\" width=\"500\" height=\"281\" src=\"https:\/\/www.youtube.com\/embed\/tMUV4LCcNvA?feature=oembed\" frameborder=\"0\" allow=\"accelerometer; autoplay; clipboard-write; encrypted-media; gyroscope; picture-in-picture; web-share\" referrerpolicy=\"strict-origin-when-cross-origin\" allowfullscreen><\/iframe><\/p>\n<h3>Ultrasonik Temizleme Makinesi Uygulamas\u0131<\/h3>\n<ul>\n<li><strong>Makine End\u00fcstrisi<\/strong>: pas \u00f6nleyici ya\u011f giderme; \u00d6l\u00e7\u00fcm aleti temizli\u011fi; Makine par\u00e7alar\u0131, motor, karb\u00fcrat\u00f6r ve otomobil par\u00e7alar\u0131n\u0131n temizli\u011fi;<\/li>\n<li><strong>Y\u00fczey \u0130\u015flem End\u00fcstrisi<\/strong>: kaplama \u00f6ncesi ya\u011f giderme ve pas giderme; \u0130yon kaplama \u00f6ncesi temizlik; Fosforlama i\u015flemi; Karbon giderme; Oksit kabu\u011fu giderme; Cila bile\u015fi\u011fi giderme; \u0130\u015f par\u00e7as\u0131 metal y\u00fczeyinin aktivasyon i\u015flemi, vb.<\/li>\n<li><strong>Alet End\u00fcstrisi<\/strong>: montaj \u00f6ncesi hassas par\u00e7alar\u0131n y\u00fcksek temizlik derecesinde temizli\u011fi.<\/li>\n<li><strong>Elektronik End\u00fcstrisi<\/strong>: bask\u0131l\u0131 devre kartlar\u0131ndan re\u00e7ine, lehim noktas\u0131 giderme; Y\u00fcksek voltaj kontaklar\u0131 ve di\u011fer makine ve elektronik bile\u015fenlerin temizli\u011fi, vb.<\/li>\n<li><strong>T\u0131p End\u00fcstrisi<\/strong>: t\u0131bbi ekipmanlar\u0131n temizlenmesi ve dezenfekte edilmesi, sterilizasyon, deney kaplar\u0131n\u0131n temizli\u011fi, vb.<\/li>\n<li><strong>Yar\u0131 \u0130letken End\u00fcstrisi<\/strong>: yar\u0131 iletken wafer y\u00fcksek temizlik derecesinde temizlik.<\/li>\n<li><strong>Saat ve M\u00fccevher End\u00fcstrisi<\/strong>: ya\u011f, kir, oksit tabakas\u0131, cila bile\u015fi\u011fi giderme, vb.<\/li>\n<li><strong>Kimya, Biyoloji End\u00fcstrisi<\/strong>: Deney kaplar\u0131n\u0131n temizli\u011fi.<\/li>\n<li><strong>Optik End\u00fcstrisi<\/strong>: optik cihazlardan ya\u011f giderme, ter giderme, toz giderme, vb.<\/li>\n<li><strong>Tekstil Bask\u0131 ve Boyama End\u00fcstrisi<\/strong>: tekstil i\u011fneleri, filaman memesi temizli\u011fi, vb.<\/li>\n<li><strong>Petrol Kimya End\u00fcstrisi<\/strong>: metal a\u011f temizli\u011fi ve a\u00e7ma, kimyasal kaplar, vana temizli\u011fi, vb.<\/li>\n<\/ul>\n<p><img loading=\"lazy\" decoding=\"async\" class=\"alignnone size-full wp-image-1011\" title=\"300W Ultrasonic Cleaner\" alt=\"300W Ultrasonic Cleaner\" src=\"\/\/www.bjultrasonic.com\/wp-content\/uploads\/2012\/04\/201242911111.jpg\" width=\"456\" height=\"269\" \/><\/p>\n<h3>\u00d6deme<\/h3>\n<p>\u015eu anda sadece <strong>Paypal<\/strong>, <strong> T\/T <\/strong> ve <strong>Western Union<\/strong> \u00f6demelerini kabul ediyoruz.<\/p>\n<h3 class=\"shipping-methods\">Nakliye<\/h3>\n<p>Tam \u00f6deme al\u0131nd\u0131ktan sonra 48 saat i\u00e7inde mallar sevk edilecektir.<\/p>\n<ul>\n<li>Mallar\u0131, PayPal \u00f6demesinde verilen adrese g\u00f6nderiyoruz. L\u00fctfen PayPal&#8217;daki adresin do\u011fru oldu\u011fundan emin olun.<\/li>\n<li>mallar\u0131 g\u00f6nderdikten sonra size takip numaras\u0131n\u0131 verece\u011fiz, genellikle mallar\u0131 be\u015f g\u00fcn i\u00e7inde alacaks\u0131n\u0131z.<\/li>\n<li>Herhangi bir sorunuz varsa, l\u00fctfen e-posta yoluyla bizimle ileti\u015fime ge\u00e7in (e-posta adresimiz <a href=\"mailto:support@bjultrasonic.com\">support@bjultrasonic.com<\/a>)<\/li>\n<\/ul>\n<h3 align=\"left\">\u00dcr\u00fcn Garantisi<\/h3>\n<p>\u00dcr\u00fcn garanti s\u00fcresi bir y\u0131ld\u0131r, garanti s\u00fcresi i\u00e7inde sat\u0131n al\u0131nan \u00fcr\u00fcnler \u00fccretsiz bak\u0131m veya de\u011fi\u015fimden yararlanabilir.<\/p>\n","protected":false},"excerpt":{"rendered":"<p><a href=\"https:\/\/www.bjultrasonic.com\/tr\/category\/ultrasonic-cleaning-system-tr\/big-ultrasonic-cleaning-machine-tr\/\">End\u00fcstriyel ultrasonik temizleyici<\/a> Beijing Ultrasonic taraf\u0131ndan \u00fcretilmektedir. Gereksinimlerinize g\u00f6re \u00e7e\u015fitli <a href=\"https:\/\/www.bjultrasonic.com\/tr\/category\/ultrasonic-cleaning-system-tr\/big-ultrasonic-cleaning-machine-tr\/\">end\u00fcstriyel ultrasonik temizleme makineleri<\/a> tasarlayabilir ve \u00f6zelle\u015ftirebiliriz.<\/p>\n","protected":false},"featured_media":23722,"comment_status":"open","ping_status":"closed","template":"","meta":[],"product_brand":[],"product_cat":[5957],"product_tag":[],"class_list":{"0":"post-70645","1":"product","2":"type-product","3":"status-publish","4":"has-post-thumbnail","6":"product_cat-big-ultrasonic-cleaning-machine-tr","8":"first","9":"instock","10":"shipping-taxable","11":"product-type-external","12":"prodpage-classic"},"aioseo_notices":[],"_links":{"self":[{"href":"https:\/\/www.bjultrasonic.com\/tr\/wp-json\/wp\/v2\/product\/70645","targetHints":{"allow":["GET"]}}],"collection":[{"href":"https:\/\/www.bjultrasonic.com\/tr\/wp-json\/wp\/v2\/product"}],"about":[{"href":"https:\/\/www.bjultrasonic.com\/tr\/wp-json\/wp\/v2\/types\/product"}],"replies":[{"embeddable":true,"href":"https:\/\/www.bjultrasonic.com\/tr\/wp-json\/wp\/v2\/comments?post=70645"}],"wp:featuredmedia":[{"embeddable":true,"href":"https:\/\/www.bjultrasonic.com\/tr\/wp-json\/wp\/v2\/media\/23722"}],"wp:attachment":[{"href":"https:\/\/www.bjultrasonic.com\/tr\/wp-json\/wp\/v2\/media?parent=70645"}],"wp:term":[{"taxonomy":"product_brand","embeddable":true,"href":"https:\/\/www.bjultrasonic.com\/tr\/wp-json\/wp\/v2\/product_brand?post=70645"},{"taxonomy":"product_cat","embeddable":true,"href":"https:\/\/www.bjultrasonic.com\/tr\/wp-json\/wp\/v2\/product_cat?post=70645"},{"taxonomy":"product_tag","embeddable":true,"href":"https:\/\/www.bjultrasonic.com\/tr\/wp-json\/wp\/v2\/product_tag?post=70645"}],"curies":[{"name":"wp","href":"https:\/\/api.w.org\/{rel}","templated":true}]}}