{"id":70745,"date":"2012-04-28T10:54:20","date_gmt":"2012-04-28T15:54:20","guid":{"rendered":"https:\/\/www.bjultrasonic.com\/shop\/20l-480w-mechanical-ultrasonic-cleaner-with-timer-and-heating\/"},"modified":"2026-03-28T20:08:12","modified_gmt":"2026-03-29T01:08:12","slug":"20l-480w-mechanical-ultrasonic-cleaner-with-timer-and-heating","status":"publish","type":"product","link":"https:\/\/www.bjultrasonic.com\/tr\/shop\/20l-480w-mechanical-ultrasonic-cleaner-with-timer-and-heating\/","title":{"rendered":"20L 480W Mekanik Zamanlay\u0131c\u0131 ve Is\u0131t\u0131c\u0131l\u0131 Ultrasonik Temizleyici"},"content":{"rendered":"<h2>20L 480W Mekanik Zamanlay\u0131c\u0131 ve Is\u0131t\u0131c\u0131l\u0131 Ultrasonik Temizleyici \u00d6zellikleri<\/h2>\n<table class=\"table table-striped table-bordered\"   id=\"wp-table-reloaded-id-68-no-1\">\n<tbody>\n<tr>\n<td>Tip<\/td>\n<td>BJUCMTH20<\/td>\n<\/tr>\n<tr>\n<td>Havuz kapasitesi<\/td>\n<td>20L<\/td>\n<\/tr>\n<tr>\n<td>G\u00fc\u00e7<\/td>\n<td>480W<\/td>\n<\/tr>\n<tr>\n<td>Frekans<\/td>\n<td>40KHz<\/td>\n<\/tr>\n<tr>\n<td>Havuz boyutu(mm)<\/td>\n<td>530*325*150(U*G*Y)<\/td>\n<\/tr>\n<tr>\n<td>Makine boyutu(mm)<\/td>\n<td>550*330*310(U*G*Y)<\/td>\n<\/tr>\n<tr>\n<td>Gerilim<\/td>\n<td>110VAC\u2014240VAC<\/td>\n<\/tr>\n<tr>\n<td>Fonksiyonlar<\/td>\n<td>Zamanlay\u0131c\u0131, Is\u0131tma<\/td>\n<\/tr>\n<tr>\n<td>Sepet<\/td>\n<td>Paslanmaz \u00e7elik sepet<\/td>\n<\/tr>\n<tr>\n<td>Birim a\u011f\u0131rl\u0131\u011f\u0131<\/td>\n<td>14kg<\/td>\n<\/tr>\n<\/tbody>\n<\/table>\n<h3>Notlar<\/h3>\n<p>L\u00fctfen sipari\u015f verirken hangi gerilime ihtiyac\u0131n\u0131z oldu\u011funu bize bildirin<\/p>\n<h3>Mekanik Zamanlay\u0131c\u0131l\u0131 Ultrasonik Temizleyici Videosu<\/h3>\n<p><iframe loading=\"lazy\" title=\"Ultrasonic Cleaner with Mechanical Timer - Beijing Ultrasonic\" width=\"500\" height=\"281\" src=\"https:\/\/www.youtube.com\/embed\/UJRL1Qg9sgo?feature=oembed\" frameborder=\"0\" allow=\"accelerometer; autoplay; clipboard-write; encrypted-media; gyroscope; picture-in-picture; web-share\" referrerpolicy=\"strict-origin-when-cross-origin\" allowfullscreen><\/iframe><\/p>\n<h3>Mekanik Ultrasonik Temizleyici A\u00e7\u0131klamas\u0131<\/h3>\n<ul>\n<li>T\u00fcm ultrasonik temizleyici makine tamamen paslanmaz \u00e7elik yap\u0131dad\u0131r, estetik ve pratiktir.<\/li>\n<li>Y\u00fcksek kaliteli <a href=\"https:\/\/www.bjultrasonic.com\/tr\/category\/ultrasonic-transducer-tr\/\">ultrasonik transd\u00fcser<\/a> kullan\u0131r. G\u00fc\u00e7l\u00fc g\u00fc\u00e7.<\/li>\n<li>Y\u00fcksek kaliteli yap\u0131\u015ft\u0131rma i\u015flemi. Ultrasonik transd\u00fcseri epoksi yap\u0131\u015ft\u0131r\u0131c\u0131 kullanarak yap\u0131\u015ft\u0131r\u0131n.<\/li>\n<li>S\u00fcre ve \u0131s\u0131tma gereksinimlere g\u00f6re ayarlanabilir.<\/li>\n<\/ul>\n<h3> Ultrasonik Temizleyici Uygulamas\u0131<\/h3>\n<ul>\n<li><strong>Makine End\u00fcstrisi<\/strong>: pas \u00f6nleyici ya\u011f giderme; \u00d6l\u00e7\u00fcm aleti temizli\u011fi; Makine par\u00e7alar\u0131, motor, karb\u00fcrat\u00f6r ve otomobil par\u00e7alar\u0131n\u0131n temizli\u011fi;<\/li>\n<li><strong>Y\u00fczey \u0130\u015fleme End\u00fcstrisi<\/strong>: kaplama \u00f6ncesi ya\u011f giderme ve pas giderme; \u0130yon kaplama \u00f6ncesi temizlik; Fosforlama i\u015flemi; Karbon giderme; Oksit tabakas\u0131 giderme; Cila bile\u015fi\u011fi giderme; \u0130\u015f par\u00e7as\u0131n\u0131n metal y\u00fczeyi aktivasyon i\u015flemi, vb.<\/li>\n<li><strong>Alet End\u00fcstrisi<\/strong>: montajdan \u00f6nce hassas par\u00e7alar\u0131n y\u00fcksek temizlik derecesinde temizlenmesi.<\/li>\n<li><strong>Elektronik End\u00fcstrisi<\/strong>: bask\u0131l\u0131 devre kart\u0131 re\u00e7ine giderme, lehim noktalar\u0131; Y\u00fcksek gerilim kontaklar\u0131 ve di\u011fer makine ve elektronik bile\u015fenlerin temizli\u011fi, vb.<\/li>\n<li><strong>T\u0131p End\u00fcstrisi<\/strong>: t\u0131bbi ekipmanlar\u0131n temizlenmesi ve dezenfekte edilmesi, sterilizasyon, deney kaplar\u0131n\u0131n temizlenmesi, vb.<\/li>\n<li><strong>Yar\u0131 \u0130letken End\u00fcstrisi<\/strong>: yar\u0131 iletken wafer y\u00fcksek temizlik derecesinde temizleme.<\/li>\n<li><strong>Saat M\u00fccevherat End\u00fcstrisi<\/strong>: ya\u011f, kir, oksit tabakas\u0131, cila bile\u015fi\u011fi giderme, vb.<\/li>\n<li><strong>Kimyasal, Biyolojik End\u00fcstri<\/strong>: Deney kaplar\u0131n\u0131n temizlenmesi.<\/li>\n<li> <strong>Optik end\u00fcstrisi<\/strong>: optik cihaz ya\u011f giderme, ter giderme, k\u00fclleri temizleme, vb.<\/li>\n<li> <strong>Tekstil boyama ve bask\u0131 End\u00fcstrisi<\/strong>: tekstil mili, filaman memeci\u011fi temizli\u011fi, vb.<\/li>\n<li> <strong>Petrol Kimya End\u00fcstrisi<\/strong>: metal a\u011f temizleme ve a\u00e7ma, kimyasal kaplar, vana temizli\u011fi, vb.<\/li>\n<\/ul>\n<h3>\u00d6deme<\/h3>\n<p>\u015eu anda paypal, T\/T ve Western Union kabul ediyoruz.<\/p>\n<h3 class=\"shipping-methods\">Nakliye<\/h3>\n<p>Malzemeler, tam \u00f6deme al\u0131nd\u0131ktan sonra 48 saat i\u00e7inde sevk edilecektir.<\/p>\n<ul>\n<li>Malzemeleri, PayPal \u00f6demesinde verilen adrese g\u00f6nderiyoruz. L\u00fctfen PayPal&#8217;daki adresin do\u011fru oldu\u011fundan emin olun.<\/li>\n<li>malzemeleri g\u00f6nderdikten sonra size takip numaras\u0131n\u0131 verece\u011fiz, genellikle malzemeleri be\u015f g\u00fcn i\u00e7inde alacaks\u0131n\u0131z.<\/li>\n<li>Herhangi bir sorunuz varsa, l\u00fctfen bize e-posta yoluyla ula\u015f\u0131n (e-posta adresimiz <a href=\"mailto:support@bjultrasonic.com\">support@bjultrasonic.com<\/a>)<\/li>\n<\/ul>\n<h3 align=\"left\">\u00dcr\u00fcn Garantisi<\/h3>\n<p>\u00dcr\u00fcn garanti s\u00fcresi bir y\u0131ld\u0131r, garanti s\u00fcresi i\u00e7inde sat\u0131n al\u0131nan \u00fcr\u00fcnler \u00fccretsiz bak\u0131m veya de\u011fi\u015fimden yararlanabilir.<\/p>\n","protected":false},"excerpt":{"rendered":"<p><a href=\"https:\/\/www.bjultrasonic.com\/tr\/category\/ultrasonic-cleaning-system-tr\/mechanical-ultrasonic-cleaner-tr\/\">Mekanik zamanlay\u0131c\u0131l\u0131 ultrasonik temizleyici<\/a> Beijing Ultrasonic taraf\u0131ndan \u00fcretilmi\u015ftir. Y\u00fcksek kaliteli paslanmaz \u00e7elik g\u00f6vde, ayarlanabilir zamanlay\u0131c\u0131 ve \u0131s\u0131t\u0131c\u0131.<\/p>\n","protected":false},"featured_media":5002,"comment_status":"open","ping_status":"closed","template":"","meta":[],"product_brand":[],"product_cat":[5981],"product_tag":[],"class_list":{"0":"post-70745","1":"product","2":"type-product","3":"status-publish","4":"has-post-thumbnail","6":"product_cat-mechanical-ultrasonic-cleaner-tr","8":"first","9":"outofstock","10":"shipping-taxable","11":"purchasable","12":"product-type-simple","13":"prodpage-classic"},"aioseo_notices":[],"_links":{"self":[{"href":"https:\/\/www.bjultrasonic.com\/tr\/wp-json\/wp\/v2\/product\/70745","targetHints":{"allow":["GET"]}}],"collection":[{"href":"https:\/\/www.bjultrasonic.com\/tr\/wp-json\/wp\/v2\/product"}],"about":[{"href":"https:\/\/www.bjultrasonic.com\/tr\/wp-json\/wp\/v2\/types\/product"}],"replies":[{"embeddable":true,"href":"https:\/\/www.bjultrasonic.com\/tr\/wp-json\/wp\/v2\/comments?post=70745"}],"wp:featuredmedia":[{"embeddable":true,"href":"https:\/\/www.bjultrasonic.com\/tr\/wp-json\/wp\/v2\/media\/5002"}],"wp:attachment":[{"href":"https:\/\/www.bjultrasonic.com\/tr\/wp-json\/wp\/v2\/media?parent=70745"}],"wp:term":[{"taxonomy":"product_brand","embeddable":true,"href":"https:\/\/www.bjultrasonic.com\/tr\/wp-json\/wp\/v2\/product_brand?post=70745"},{"taxonomy":"product_cat","embeddable":true,"href":"https:\/\/www.bjultrasonic.com\/tr\/wp-json\/wp\/v2\/product_cat?post=70745"},{"taxonomy":"product_tag","embeddable":true,"href":"https:\/\/www.bjultrasonic.com\/tr\/wp-json\/wp\/v2\/product_tag?post=70745"}],"curies":[{"name":"wp","href":"https:\/\/api.w.org\/{rel}","templated":true}]}}