{"id":71185,"date":"2012-04-27T04:07:09","date_gmt":"2012-04-27T09:07:09","guid":{"rendered":"https:\/\/www.bjultrasonic.com\/shop\/1800w-ultrasonic-immersible-transducer\/"},"modified":"2026-03-28T20:04:05","modified_gmt":"2026-03-29T01:04:05","slug":"1800w-ultrasonic-immersible-transducer","status":"publish","type":"product","link":"https:\/\/www.bjultrasonic.com\/tr\/shop\/1800w-ultrasonic-immersible-transducer\/","title":{"rendered":"1800W Ultrasonik Dalg\u0131\u00e7 Transd\u00fcser Temizleme \u0130\u00e7in"},"content":{"rendered":"<ul>\n<li><strong>G\u00fc\u00e7<\/strong>: 1800w (30 adet 60w <a href=\"https:\/\/www.bjultrasonic.com\/tr\/category\/ultrasonic-transducer-tr\/\">ultrasonik temizleme transd\u00fcseri<\/a> dahil)<\/li>\n<li><strong>Boyut<\/strong>: 650*400*100mm U*G*Y<\/li>\n<li><strong>Malzeme<\/strong>: 304 paslanmaz \u00e7elik.<\/li>\n<li>Titre\u015fim y\u00fczeyi sert krom kapl\u0131d\u0131r.<\/li>\n<li><strong>Frekans<\/strong>: 25khz, 28khz veya 40khz, di\u011fer frekanslara ihtiyac\u0131n\u0131z varsa l\u00fctfen bizimle ileti\u015fime ge\u00e7in.<\/li>\n<\/ul>\n<p><img loading=\"lazy\" decoding=\"async\" src=\"https:\/\/www.bjultrasonic.com\/wp-content\/uploads\/2018\/08\/Waterproof-ultrasonic-immersible-transducers.jpg\" alt=\"\" width=\"600\" height=\"600\" \/><\/p>\n<h3>Notlar<\/h3>\n<ul>\n<li>Su Ge\u00e7irmez Ultrasonik Dald\u0131rma Transd\u00fcserleri \u00f6zel \u00fcretim \u00fcr\u00fcnlerdir. Bu nedenle fiyat i\u00e7in l\u00fctfen Sat\u0131\u015f Temsilcimizle ileti\u015fime ge\u00e7in (<a href=\"https:\/\/www.bjultrasonic.com\/contact\/\" target=\"_blank\" rel=\"noopener\">\u0130leti\u015fim Formu<\/a>). Size en k\u0131sa s\u00fcrede d\u00f6n\u00fc\u015f yapaca\u011f\u0131z.<\/li>\n<li>Gereksinimlerinize g\u00f6re \u00e7e\u015fitli ultrasonik dald\u0131rma transd\u00fcserleri tasarlayabilir ve \u00f6zelle\u015ftirebiliriz.<\/li>\n<\/ul>\n<h3>Ultrasonik Dald\u0131rma Transd\u00fcserleri Videosu<\/h3>\n<p><iframe loading=\"lazy\" title=\"Immersible Ultrasonic Transducers - Beijing Ultrasonic\" width=\"500\" height=\"281\" src=\"https:\/\/www.youtube.com\/embed\/KFyC5dbLC7Y?feature=oembed\" frameborder=\"0\" allow=\"accelerometer; autoplay; clipboard-write; encrypted-media; gyroscope; picture-in-picture; web-share\" referrerpolicy=\"strict-origin-when-cross-origin\" allowfullscreen><\/iframe><\/p>\n<h3>Su Ge\u00e7irmez Ultrasonik Dald\u0131rma Transd\u00fcserinin \u00d6zellikleri<\/h3>\n<ul>\n<li>Tamamen paslanmaz \u00e7elik yap\u0131: aside dayan\u0131kl\u0131 ve alkaliye kar\u015f\u0131 dayan\u0131kl\u0131, estetik ve dayan\u0131kl\u0131.<\/li>\n<li>B\u00f6l\u00fcnm\u00fc\u015f tip yap\u0131 kullan\u0131l\u0131r: ultrasonik dald\u0131rma transd\u00fcseri ile ultrasonik jenerat\u00f6r aras\u0131nda jak ba\u011flant\u0131l\u0131 y\u00fcksek frekans ba\u011flant\u0131s\u0131 kullan\u0131l\u0131r, kullan\u0131\u015fl\u0131 ve bak\u0131m\u0131 kolay.<\/li>\n<li>Ultrasonik dald\u0131rma transd\u00fcserini kurman\u0131n bir\u00e7ok yolu vard\u0131r: ihtiyaca g\u00f6re temizleme tank\u0131n\u0131n <strong>dibine<\/strong>, <strong>y\u00fczeyine<\/strong>, <strong>yan\u0131na<\/strong> veya <strong>\u00fcst\u00fcne<\/strong> yerle\u015ftirilebilir.\n<div id=\"attachment_853\" style=\"width: 252px\" class=\"wp-caption alignnone\"><img loading=\"lazy\" decoding=\"async\" aria-describedby=\"caption-attachment-853\" class=\"size-full wp-image-853\" title=\"Ultrasonik Dald\u0131rma Transd\u00fcseri Kurulum Tipleri\" src=\"\/\/www.bjultrasonic.com\/wp-content\/uploads\/2012\/04\/20124274.jpg\" alt=\"ultrasonik dald\u0131rma transd\u00fcseri kurulum tipleri\" width=\"242\" height=\"155\" \/><p id=\"caption-attachment-853\" class=\"wp-caption-text\">Ultrasonik Dald\u0131rma Transd\u00fcseri Kurulum Tipleri<\/p><\/div><\/li>\n<\/ul>\n<h3>Su Ge\u00e7irmez Ultrasonik Dald\u0131rma Transd\u00fcserinin Uygulamalar\u0131<\/h3>\n<ul>\n<li>Kaplanacak par\u00e7alar\u0131n kaplama \u00f6ncesi temizli\u011fi, metal makine par\u00e7alar\u0131ndan ya\u011f ve kirin giderilmesi, yar\u0131 iletken Si-\u00e7iplerin, g\u00f6zl\u00fck \u00e7er\u00e7evelerinin ve cam kaplar\u0131n temizlenmesi.<\/li>\n<li>Lensler, g\u00fcne\u015f g\u00f6zl\u00fckleri, miyop aynalar ve prizmalar, mikroskop, kamera, cam ekipmanlar vb.<\/li>\n<\/ul>\n<h3>Su Ge\u00e7irmez Ultrasonik Dald\u0131rma Transd\u00fcserinin Daha Fazla Resmi<\/h3>\n<div id=\"attachment_856\" style=\"width: 460px\" class=\"wp-caption alignnone\"><a href=\"https:\/\/www.bjultrasonic.com\/wp-content\/uploads\/2012\/04\/20124272.jpg\" data-lightbox=\"image\"><img loading=\"lazy\" decoding=\"async\" aria-describedby=\"caption-attachment-856\" class=\"size-full wp-image-856 \" title=\"ultrasonik dald\u0131rma transd\u00fcserinin titre\u015fim etkileri\" src=\"\/\/www.bjultrasonic.com\/wp-content\/uploads\/2012\/04\/20124272.jpg\" alt=\"ultrasonik dald\u0131rma transd\u00fcserinin titre\u015fim etkileri\" width=\"450\" height=\"337\" srcset=\"https:\/\/www.bjultrasonic.com\/wp-content\/uploads\/2012\/04\/20124272.jpg 1500w, https:\/\/www.bjultrasonic.com\/wp-content\/uploads\/2012\/04\/20124272-1170x878.jpg 1170w\" sizes=\"auto, (max-width: 450px) 100vw, 450px\" \/><\/a><p id=\"caption-attachment-856\" class=\"wp-caption-text\">Ultrasonik Dald\u0131rma Transd\u00fcserinin Titre\u015fim Etkileri<\/p><\/div>\n<hr \/>\n<div id=\"attachment_857\" style=\"width: 460px\" class=\"wp-caption alignnone\"><a href=\"https:\/\/www.bjultrasonic.com\/wp-content\/uploads\/2012\/04\/20124273.jpg\" data-lightbox=\"image\"><img loading=\"lazy\" decoding=\"async\" aria-describedby=\"caption-attachment-857\" class=\"size-full wp-image-857 \" title=\"Ultrasonik Dald\u0131rma Transd\u00fcserinin \u0130\u00e7i\" src=\"\/\/www.bjultrasonic.com\/wp-content\/uploads\/2012\/04\/20124273.jpg\" alt=\"Ultrasonik Dald\u0131rma Transd\u00fcserinin \u0130\u00e7i\" width=\"450\" height=\"350\" \/><\/a><p id=\"caption-attachment-857\" class=\"wp-caption-text\">Ultrasonik Dald\u0131rma Transd\u00fcserinin \u0130\u00e7i<\/p><\/div>\n<h3>\u00d6deme<\/h3>\n<p>\u015eu anda paypal, T\/T ve Western Union kabul ediyoruz.<\/p>\n<h3 class=\"shipping-methods\">Nakliye<\/h3>\n<p>Tam \u00f6deme al\u0131nd\u0131ktan sonraki 48 saat i\u00e7inde mallar sevk edilir.<\/p>\n<ul>\n<li>Mallar\u0131, PayPal \u00f6demesinde verilen adrese g\u00f6nderiyoruz. L\u00fctfen PayPal&#8217;daki adresin do\u011fru oldu\u011fundan emin olun.<\/li>\n<li>Mallar\u0131 g\u00f6nderdikten sonra size takip numaras\u0131n\u0131 verece\u011fiz, genellikle mallar\u0131 be\u015f g\u00fcn i\u00e7inde alacaks\u0131n\u0131z.<\/li>\n<li>Herhangi bir sorunuz olursa, l\u00fctfen bize e-posta ile ula\u015f\u0131n (e-posta adresimiz <a href=\"mailto:support@bjultrasonic.com\">support@bjultrasonic.com<\/a>)<\/li>\n<\/ul>\n<h3 align=\"left\">\u00dcr\u00fcn Garantisi<\/h3>\n<p>\u00dcr\u00fcn garanti s\u00fcresi bir y\u0131ld\u0131r. Garanti s\u00fcresi i\u00e7inde sat\u0131n al\u0131nan \u00fcr\u00fcnler \u00fccretsiz bak\u0131m veya de\u011fi\u015fimden yararlanabilir.<\/p>\n","protected":false},"excerpt":{"rendered":"<ul>\n<li>1800W Dald\u0131rmal\u0131 Ultrasonik Temizleyici<\/li>\n<li>1800W Dald\u0131rmal\u0131 Dizi Transd\u00fcseri<\/li>\n<li>1800W Dald\u0131r\u0131labilir Ultrasonik Temizleme Transd\u00fcserleri<\/li>\n<li>1800W Dald\u0131r\u0131labilir Ultrason Transd\u00fcser Sistemi<\/li>\n<li>1800W Faz Dizili Ultrasonik Transd\u00fcser<\/li>\n<li>1800W Suya Dayan\u0131kl\u0131 Ultrasonik Temizleyici<\/li>\n<li>1800W Ultrasonik Dald\u0131r\u0131labilir Transd\u00fcser<\/li>\n<li>1800W Sualt\u0131 Ultrasonik Piezoelektrik Transd\u00fcser<\/li>\n<li>1800W Ultrasonik Dald\u0131r\u0131lm\u0131\u015f Transd\u00fcser Plakas\u0131<\/li>\n<li>1800W Su Ge\u00e7irmez Ultrasonik Dald\u0131r\u0131labilir Transd\u00fcser<\/li>\n<li>1800W Su Ge\u00e7irmez Piezo Ultrasonik Transd\u00fcser<\/li>\n<\/ul>\n","protected":false},"featured_media":19460,"comment_status":"open","ping_status":"closed","template":"","meta":[],"product_brand":[],"product_cat":[5945],"product_tag":[],"class_list":{"0":"post-71185","1":"product","2":"type-product","3":"status-publish","4":"has-post-thumbnail","6":"product_cat-ultrasonic-immersible-transducer-tr","8":"first","9":"instock","10":"shipping-taxable","11":"product-type-external","12":"prodpage-classic"},"aioseo_notices":[],"_links":{"self":[{"href":"https:\/\/www.bjultrasonic.com\/tr\/wp-json\/wp\/v2\/product\/71185","targetHints":{"allow":["GET"]}}],"collection":[{"href":"https:\/\/www.bjultrasonic.com\/tr\/wp-json\/wp\/v2\/product"}],"about":[{"href":"https:\/\/www.bjultrasonic.com\/tr\/wp-json\/wp\/v2\/types\/product"}],"replies":[{"embeddable":true,"href":"https:\/\/www.bjultrasonic.com\/tr\/wp-json\/wp\/v2\/comments?post=71185"}],"wp:featuredmedia":[{"embeddable":true,"href":"https:\/\/www.bjultrasonic.com\/tr\/wp-json\/wp\/v2\/media\/19460"}],"wp:attachment":[{"href":"https:\/\/www.bjultrasonic.com\/tr\/wp-json\/wp\/v2\/media?parent=71185"}],"wp:term":[{"taxonomy":"product_brand","embeddable":true,"href":"https:\/\/www.bjultrasonic.com\/tr\/wp-json\/wp\/v2\/product_brand?post=71185"},{"taxonomy":"product_cat","embeddable":true,"href":"https:\/\/www.bjultrasonic.com\/tr\/wp-json\/wp\/v2\/product_cat?post=71185"},{"taxonomy":"product_tag","embeddable":true,"href":"https:\/\/www.bjultrasonic.com\/tr\/wp-json\/wp\/v2\/product_tag?post=71185"}],"curies":[{"name":"wp","href":"https:\/\/api.w.org\/{rel}","templated":true}]}}