{"id":71205,"date":"2012-04-27T04:02:26","date_gmt":"2012-04-27T09:02:26","guid":{"rendered":"https:\/\/www.bjultrasonic.com\/shop\/1500w-ultrasonic-immersible-transducer\/"},"modified":"2026-03-28T20:04:03","modified_gmt":"2026-03-29T01:04:03","slug":"1500w-ultrasonic-immersible-transducer","status":"publish","type":"product","link":"https:\/\/www.bjultrasonic.com\/tr\/shop\/1500w-ultrasonic-immersible-transducer\/","title":{"rendered":"1500W Ultrasonik Dald\u0131r\u0131labilir D\u00f6n\u00fc\u015ft\u00fcr\u00fcc\u00fc"},"content":{"rendered":"<ul>\n<li><strong>G\u00fc\u00e7<\/strong>:1500w (25 adet 60w <a href=\"https:\/\/www.bjultrasonic.com\/tr\/category\/ultrasonic-transducer-tr\/\">ultrasonik temizleme transd\u00fcseri<\/a> dahil)<\/li>\n<li><strong>Boyut<\/strong>: 600*400*100mm U*G*Y<\/li>\n<li><strong>Malzeme<\/strong>: 304 paslanmaz \u00e7elik.<\/li>\n<li>Titre\u015fim y\u00fczeyi sert krom kapl\u0131d\u0131r.<\/li>\n<li><strong>Frekans<\/strong>:25khz, 28khz veya 40khz, ba\u015fka bir frekansa ihtiyac\u0131n\u0131z varsa l\u00fctfen bizimle ileti\u015fime ge\u00e7in.<\/li>\n<\/ul>\n<p><img loading=\"lazy\" decoding=\"async\" src=\"https:\/\/www.bjultrasonic.com\/wp-content\/uploads\/2018\/08\/Waterproof-ultrasonic-immersible-transducers.jpg\" alt=\"\" width=\"600\" height=\"600\" \/><\/p>\n<h3>Notlar<\/h3>\n<ul>\n<li>Ultrasonik Dald\u0131r\u0131labilir Transd\u00fcserler \u00f6zel \u00fcretim \u00fcr\u00fcnlerdir. Bu nedenle fiyat i\u00e7in l\u00fctfen Sat\u0131\u015f Temsilcimizle ileti\u015fime ge\u00e7in (<a href=\"https:\/\/www.bjultrasonic.com\/contact\/\" target=\"_blank\" rel=\"noopener\">\u0130leti\u015fim Formu<\/a>). Size k\u0131sa s\u00fcrede d\u00f6n\u00fc\u015f yapaca\u011f\u0131z.<\/li>\n<li>Gereksinimlere g\u00f6re \u00e7e\u015fitli ultrasonik dald\u0131r\u0131labilir transd\u00fcserler tasarlayabilir ve \u00f6zelle\u015ftirebiliriz.<\/li>\n<\/ul>\n<h3>Ultrasonik Dald\u0131r\u0131labilir Transd\u00fcserin \u00d6zellikleri<\/h3>\n<ul>\n<li>Tamamen paslanmaz \u00e7elik yap\u0131: aside dayan\u0131kl\u0131 ve alkaliye kar\u015f\u0131 dayan\u0131kl\u0131, sanatsal ve uzun \u00f6m\u00fcrl\u00fc.<\/li>\n<li>B\u00f6l\u00fcnm\u00fc\u015f tip yap\u0131 kullan\u0131r: ultrasonik dald\u0131r\u0131labilir transd\u00fcser ile ultrasonik jenerat\u00f6r aras\u0131nda y\u00fcksek frekansl\u0131 jak ba\u011flant\u0131s\u0131 kullan\u0131l\u0131r, kullan\u0131\u015fl\u0131 ve bak\u0131m\u0131 kolayd\u0131r.<\/li>\n<li>Ultrasonik dald\u0131r\u0131labilir transd\u00fcseri monte etmenin bir\u00e7ok yolu vard\u0131r: ihtiyaca g\u00f6re temizleme tank\u0131n\u0131n <strong>dibine<\/strong>, <strong>y\u00fczeyine<\/strong>, <strong>yan\u0131na<\/strong> veya <strong>\u00fcst\u00fcne<\/strong> yerle\u015ftirilebilir.\n<div id=\"attachment_853\" style=\"width: 252px\" class=\"wp-caption alignnone\"><img loading=\"lazy\" decoding=\"async\" aria-describedby=\"caption-attachment-853\" class=\"size-full wp-image-853\" title=\"Ultrasonik Dald\u0131r\u0131labilir Transd\u00fcser Montaj T\u00fcr\u00fc\" src=\"\/\/www.bjultrasonic.com\/wp-content\/uploads\/2012\/04\/20124274.jpg\" alt=\"ultrasonik dald\u0131r\u0131labilir transd\u00fcser montaj t\u00fcr\u00fc\" width=\"242\" height=\"155\" \/><p id=\"caption-attachment-853\" class=\"wp-caption-text\">Ultrasonik Dald\u0131r\u0131labilir Transd\u00fcser Montaj T\u00fcr\u00fc<\/p><\/div><\/li>\n<\/ul>\n<h3>Ultrasonik Dald\u0131r\u0131labilir Transd\u00fcser Videosu<\/h3>\n<p><iframe loading=\"lazy\" title=\"Submersible Ultrasonic Transducer - Beijing Ultrasonic\" width=\"500\" height=\"281\" src=\"https:\/\/www.youtube.com\/embed\/7zQnWPu-HG4?feature=oembed\" frameborder=\"0\" allow=\"accelerometer; autoplay; clipboard-write; encrypted-media; gyroscope; picture-in-picture; web-share\" referrerpolicy=\"strict-origin-when-cross-origin\" allowfullscreen><\/iframe><\/p>\n<h3>Ultrasonik Dald\u0131r\u0131labilir Transd\u00fcserin Uygulamalar\u0131<\/h3>\n<ul>\n<li>Kaplanacak par\u00e7alar\u0131n \u00f6n kaplama temizli\u011fi, metal mekanik par\u00e7alar\u0131n ya\u011f ve kirlerinin giderilmesi, yar\u0131 iletken Si-\u00e7iplerin, g\u00f6zl\u00fck \u00e7er\u00e7evelerinin ve cam kaplar\u0131n temizlenmesi.<\/li>\n<li>Lensler, g\u00fcne\u015f g\u00f6zl\u00fckleri, miyop aynalar ve prizmalar, mikroskoplar, kameralar, cam ekipmanlar vb.<\/li>\n<\/ul>\n<h3>Ultrasonik Dald\u0131r\u0131labilir Transd\u00fcserin Daha Fazla Resmi<\/h3>\n<div id=\"attachment_856\" style=\"width: 460px\" class=\"wp-caption alignnone\"><a href=\"https:\/\/www.bjultrasonic.com\/wp-content\/uploads\/2012\/04\/20124272.jpg\" data-lightbox=\"image\"><img loading=\"lazy\" decoding=\"async\" aria-describedby=\"caption-attachment-856\" class=\"size-full wp-image-856 \" title=\"ultrasonik dald\u0131r\u0131labilir transd\u00fcserin titre\u015fim etkileri\" src=\"\/\/www.bjultrasonic.com\/wp-content\/uploads\/2012\/04\/20124272.jpg\" alt=\"ultrasonik dald\u0131r\u0131labilir transd\u00fcserin titre\u015fim etkileri\" width=\"450\" height=\"337\" srcset=\"https:\/\/www.bjultrasonic.com\/wp-content\/uploads\/2012\/04\/20124272.jpg 1500w, https:\/\/www.bjultrasonic.com\/wp-content\/uploads\/2012\/04\/20124272-1170x878.jpg 1170w\" sizes=\"auto, (max-width: 450px) 100vw, 450px\" \/><\/a><p id=\"caption-attachment-856\" class=\"wp-caption-text\">Ultrasonik Dald\u0131r\u0131labilir Transd\u00fcserin Titre\u015fim Etkileri<\/p><\/div>\n<hr \/>\n<div id=\"attachment_857\" style=\"width: 460px\" class=\"wp-caption alignnone\"><a href=\"https:\/\/www.bjultrasonic.com\/wp-content\/uploads\/2012\/04\/20124273.jpg\" data-lightbox=\"image\"><img loading=\"lazy\" decoding=\"async\" aria-describedby=\"caption-attachment-857\" class=\"size-full wp-image-857 \" title=\"Ultrasonik Dald\u0131r\u0131labilir Transd\u00fcserin \u0130\u00e7i\" src=\"\/\/www.bjultrasonic.com\/wp-content\/uploads\/2012\/04\/20124273.jpg\" alt=\"Ultrasonik Dald\u0131r\u0131labilir Transd\u00fcserin \u0130\u00e7i\" width=\"450\" height=\"350\" \/><\/a><p id=\"caption-attachment-857\" class=\"wp-caption-text\">Ultrasonik Dald\u0131r\u0131labilir Transd\u00fcserin \u0130\u00e7i<\/p><\/div>\n<h3>\u00d6deme<\/h3>\n<p>\u015eu anda paypal, T\/T ve Western Union&#8217;\u0131 kabul ediyoruz.<\/p>\n<h3 class=\"shipping-methods\">Nakliye<\/h3>\n<p>Tam \u00f6deme al\u0131nd\u0131ktan sonra 48 saat i\u00e7inde mallar sevk edilecektir.<\/p>\n<ul>\n<li>Mallar\u0131, PayPal \u00f6demesinde verilen adrese g\u00f6nderiyoruz. L\u00fctfen PayPal&#8217;daki adresin do\u011fru oldu\u011fundan emin olun.<\/li>\n<li>mallar\u0131 g\u00f6nderdikten sonra size takip numaras\u0131n\u0131 verece\u011fiz, genellikle mallar\u0131 be\u015f g\u00fcn i\u00e7inde alacaks\u0131n\u0131z.<\/li>\n<li>Herhangi bir sorunuz varsa, l\u00fctfen bize e-posta yoluyla ula\u015f\u0131n (e-posta adresimiz <a href=\"mailto:support@bjultrasonic.com\">support@bjultrasonic.com<\/a>)<\/li>\n<\/ul>\n<h3 align=\"left\">\u00dcr\u00fcn Garantisi<\/h3>\n<p>\u00dcr\u00fcn garanti s\u00fcresi bir y\u0131ld\u0131r, garanti s\u00fcresi i\u00e7inde sat\u0131n al\u0131nan \u00fcr\u00fcnler \u00fccretsiz bak\u0131m veya de\u011fi\u015fim hakk\u0131ndan yararlanabilir.<\/p>\n","protected":false},"excerpt":{"rendered":"<ul>\n<li>1500W Dald\u0131rma Ultrasonik Temizleyici<\/li>\n<li>1500W Dald\u0131rma Dizili D\u00f6n\u00fc\u015ft\u00fcr\u00fcc\u00fc<\/li>\n<li>1500W Dald\u0131r\u0131labilir Ultrasonik Temizleme D\u00f6n\u00fc\u015ft\u00fcr\u00fcc\u00fcleri<\/li>\n<li>1500W Dald\u0131r\u0131labilir Ultrason D\u00f6n\u00fc\u015ft\u00fcr\u00fcc\u00fc Sistemi<\/li>\n<li>1500W Faz Dizili Ultrasonik D\u00f6n\u00fc\u015ft\u00fcr\u00fcc\u00fc<\/li>\n<li>1500W Sualt\u0131 Ultrasonik Temizleyici<\/li>\n<li>1500W Ultrasonik Dald\u0131r\u0131labilir D\u00f6n\u00fc\u015ft\u00fcr\u00fcc\u00fc<\/li>\n<li>1500W Sualt\u0131 Ultrasonik Piezoelektrik D\u00f6n\u00fc\u015ft\u00fcr\u00fcc\u00fc<\/li>\n<li>1500W Ultrasonik Dald\u0131r\u0131lm\u0131\u015f D\u00f6n\u00fc\u015ft\u00fcr\u00fcc\u00fc Plakas\u0131<\/li>\n<li>1500W Su Ge\u00e7irmez Ultrasonik Dald\u0131r\u0131labilir D\u00f6n\u00fc\u015ft\u00fcr\u00fcc\u00fc<\/li>\n<li>1500W Su Ge\u00e7irmez Piezo Ultrasonik D\u00f6n\u00fc\u015ft\u00fcr\u00fcc\u00fc<\/li>\n<\/ul>\n","protected":false},"featured_media":19456,"comment_status":"open","ping_status":"closed","template":"","meta":[],"product_brand":[],"product_cat":[5945],"product_tag":[],"class_list":{"0":"post-71205","1":"product","2":"type-product","3":"status-publish","4":"has-post-thumbnail","6":"product_cat-ultrasonic-immersible-transducer-tr","8":"first","9":"instock","10":"shipping-taxable","11":"product-type-external","12":"prodpage-classic"},"aioseo_notices":[],"_links":{"self":[{"href":"https:\/\/www.bjultrasonic.com\/tr\/wp-json\/wp\/v2\/product\/71205","targetHints":{"allow":["GET"]}}],"collection":[{"href":"https:\/\/www.bjultrasonic.com\/tr\/wp-json\/wp\/v2\/product"}],"about":[{"href":"https:\/\/www.bjultrasonic.com\/tr\/wp-json\/wp\/v2\/types\/product"}],"replies":[{"embeddable":true,"href":"https:\/\/www.bjultrasonic.com\/tr\/wp-json\/wp\/v2\/comments?post=71205"}],"wp:featuredmedia":[{"embeddable":true,"href":"https:\/\/www.bjultrasonic.com\/tr\/wp-json\/wp\/v2\/media\/19456"}],"wp:attachment":[{"href":"https:\/\/www.bjultrasonic.com\/tr\/wp-json\/wp\/v2\/media?parent=71205"}],"wp:term":[{"taxonomy":"product_brand","embeddable":true,"href":"https:\/\/www.bjultrasonic.com\/tr\/wp-json\/wp\/v2\/product_brand?post=71205"},{"taxonomy":"product_cat","embeddable":true,"href":"https:\/\/www.bjultrasonic.com\/tr\/wp-json\/wp\/v2\/product_cat?post=71205"},{"taxonomy":"product_tag","embeddable":true,"href":"https:\/\/www.bjultrasonic.com\/tr\/wp-json\/wp\/v2\/product_tag?post=71205"}],"curies":[{"name":"wp","href":"https:\/\/api.w.org\/{rel}","templated":true}]}}