{"id":71585,"date":"2012-04-06T22:33:41","date_gmt":"2012-04-07T03:33:41","guid":{"rendered":"https:\/\/www.bjultrasonic.com\/shop\/5pcs-42175-ring-piezoelectric-ceramic\/"},"modified":"2026-03-28T20:00:25","modified_gmt":"2026-03-29T01:00:25","slug":"5pcs-42175-ring-piezoelectric-ceramic","status":"publish","type":"product","link":"https:\/\/www.bjultrasonic.com\/tr\/shop\/5pcs-42175-ring-piezoelectric-ceramic\/","title":{"rendered":"5 ADET 42*17*5 Piyzoseramik Halka"},"content":{"rendered":"<p><iframe loading=\"lazy\" title=\"Piezoelectric Ceramics | Piezoceramics\" width=\"500\" height=\"281\" src=\"https:\/\/www.youtube.com\/embed\/1Z8-9WdJKhQ?feature=oembed\" frameborder=\"0\" allow=\"accelerometer; autoplay; clipboard-write; encrypted-media; gyroscope; picture-in-picture; web-share\" referrerpolicy=\"strict-origin-when-cross-origin\" allowfullscreen><\/iframe><\/p>\n<h3>Gereksinimlerinize g\u00f6re \u00e7e\u015fitli piezoelektrik seramikleri \u00f6zelle\u015ftirebiliriz.<\/h3>\n<p>Piezoelektrik Seramik Malzemesi: PZT4, PZT5, PZT8 veya di\u011fer gerekli piezoelektrik malzeme.<\/p>\n<h2>5 Adet 42*17*5 Piezoelektrik Seramik Halka \u00d6zellikleri<\/h2>\n<table id=\"wp-table-reloaded-id-37-no-1\" class=\"table table-striped table-bordered\">\n<tbody>\n<tr>\n<td>Boyut (D\u0131\u015f \u00c7ap*\u0130\u00e7 \u00c7ap*Kal\u0131nl\u0131k)<\/td>\n<td>42*17*5<\/td>\n<\/tr>\n<tr>\n<td>Kapasite (pf)<\/td>\n<td>2110\u00b1%10<\/td>\n<\/tr>\n<tr>\n<td>Radyal Frekans fr(khz)<\/td>\n<td>39\u00b1%5<\/td>\n<\/tr>\n<tr>\n<td>Rezonans Empedans\u0131 zm<\/td>\n<td>\u226415<\/td>\n<\/tr>\n<tr>\n<td>Kal\u0131nl\u0131k Frekans\u0131 Ft(khz)<\/td>\n<td>410<\/td>\n<\/tr>\n<tr>\n<td>Ba\u011flant\u0131 Mod\u00fcl\u00fc Kr(%)<\/td>\n<td>\u2265%45<\/td>\n<\/tr>\n<tr>\n<td>Kalite Fakt\u00f6r\u00fc (Qm)<\/td>\n<td>\u2265800<\/td>\n<\/tr>\n<tr>\n<td>5 Adetin A\u011f\u0131rl\u0131\u011f\u0131<\/td>\n<td>1kg<\/td>\n<\/tr>\n<\/tbody>\n<\/table>\n<h3>Piezoelektrik Serami\u011fin Uygulama Alanlar\u0131:<\/h3>\n<ul>\n<li>Ultrasonik Sens\u00f6r<\/li>\n<li>Ultrasonik Transd\u00fcser<\/li>\n<li>T\u0131bbi Sens\u00f6r<\/li>\n<li>Titre\u015fim Sens\u00f6r\u00fc<\/li>\n<li>Bas\u0131n\u00e7 Sens\u00f6r\u00fc<\/li>\n<li>S\u0131k\u0131\u015ft\u0131rma Sens\u00f6r\u00fc ve di\u011ferleri<\/li>\n<\/ul>\n<p><strong>Not: \u0130stedi\u011finiz uygun boyutu bulamazsan\u0131z, tavsiye almak i\u00e7in bize e-posta g\u00f6nderin.<\/strong><\/p>\n<h3>\u00d6deme<\/h3>\n<p>\u015eu anda paypal, T\/T ve Western Union \u00f6demelerini kabul ediyoruz.<\/p>\n<h3 class=\"shipping-methods\">Nakliye<\/h3>\n<p>Tam \u00f6deme al\u0131nd\u0131ktan sonra 48 saat i\u00e7inde mallar g\u00f6nderilir.<\/p>\n<ul>\n<li>Mallar\u0131, PayPal \u00f6demesinde verilen adrese g\u00f6ndeririz. L\u00fctfen PayPal&#8217;daki adresin do\u011fru oldu\u011fundan emin olun.<\/li>\n<li>Mallar\u0131 g\u00f6nderdikten sonra size takip numaras\u0131n\u0131 verece\u011fiz; genellikle mallar\u0131 be\u015f g\u00fcn i\u00e7inde alacaks\u0131n\u0131z.<\/li>\n<li>Herhangi bir sorunuz varsa, l\u00fctfen e-posta yoluyla bizimle ileti\u015fime ge\u00e7in (e-posta adresimiz <a href=\"mailto:support@bjultrasonic.com\">support@bjultrasonic.com<\/a>)<\/li>\n<\/ul>\n<h3 align=\"left\">\u00dcr\u00fcn Garantisi<\/h3>\n<p>\u00dcr\u00fcn garanti s\u00fcresi bir y\u0131ld\u0131r. Garanti s\u00fcresi i\u00e7inde sat\u0131n al\u0131nan \u00fcr\u00fcnler \u00fccretsiz bak\u0131m veya de\u011fi\u015fim hizmetinden yararlanabilir.<\/p>\n","protected":false},"excerpt":{"rendered":"<p><a href=\"https:\/\/www.bjultrasonic.com\/tr\/category\/piezoelectric-ceramic-tr\/ring-piezoelectric-ceramics-tr\/\">Piezoelektrik seramik halka<\/a> (piezoseramik halka) Beijing Ultrasonic taraf\u0131ndan \u00fcretilmi\u015ftir \u2013 profesyonel <a href=\"https:\/\/www.bjultrasonic.com\/tr\/category\/piezoelectric-ceramic-tr\/\">piezoelektrik seramikler<\/a> tedarik\u00e7isi ve \u00fcreticisi.<\/p>\n","protected":false},"featured_media":572,"comment_status":"open","ping_status":"closed","template":"","meta":[],"product_brand":[],"product_cat":[5745,5657],"product_tag":[],"class_list":{"0":"post-71585","1":"product","2":"type-product","3":"status-publish","4":"has-post-thumbnail","6":"product_cat-ring-piezoelectric-ceramics-tr","7":"product_cat-piezoelectric-ceramic-tr","9":"first","10":"outofstock","11":"shipping-taxable","12":"purchasable","13":"product-type-simple","14":"prodpage-classic"},"aioseo_notices":[],"_links":{"self":[{"href":"https:\/\/www.bjultrasonic.com\/tr\/wp-json\/wp\/v2\/product\/71585","targetHints":{"allow":["GET"]}}],"collection":[{"href":"https:\/\/www.bjultrasonic.com\/tr\/wp-json\/wp\/v2\/product"}],"about":[{"href":"https:\/\/www.bjultrasonic.com\/tr\/wp-json\/wp\/v2\/types\/product"}],"replies":[{"embeddable":true,"href":"https:\/\/www.bjultrasonic.com\/tr\/wp-json\/wp\/v2\/comments?post=71585"}],"wp:featuredmedia":[{"embeddable":true,"href":"https:\/\/www.bjultrasonic.com\/tr\/wp-json\/wp\/v2\/media\/572"}],"wp:attachment":[{"href":"https:\/\/www.bjultrasonic.com\/tr\/wp-json\/wp\/v2\/media?parent=71585"}],"wp:term":[{"taxonomy":"product_brand","embeddable":true,"href":"https:\/\/www.bjultrasonic.com\/tr\/wp-json\/wp\/v2\/product_brand?post=71585"},{"taxonomy":"product_cat","embeddable":true,"href":"https:\/\/www.bjultrasonic.com\/tr\/wp-json\/wp\/v2\/product_cat?post=71585"},{"taxonomy":"product_tag","embeddable":true,"href":"https:\/\/www.bjultrasonic.com\/tr\/wp-json\/wp\/v2\/product_tag?post=71585"}],"curies":[{"name":"wp","href":"https:\/\/api.w.org\/{rel}","templated":true}]}}