{"id":71925,"date":"2012-04-06T21:58:54","date_gmt":"2012-04-07T02:58:54","guid":{"rendered":"https:\/\/www.bjultrasonic.com\/shop\/5pcs-1684-ring-piezoelectric-ceramic\/"},"modified":"2026-03-28T19:57:09","modified_gmt":"2026-03-29T00:57:09","slug":"5pcs-1684-ring-piezoelectric-ceramic","status":"publish","type":"product","link":"https:\/\/www.bjultrasonic.com\/tr\/shop\/5pcs-1684-ring-piezoelectric-ceramic\/","title":{"rendered":"10 ADET 16*8*4 Piezoseramik Halka"},"content":{"rendered":"<p><iframe loading=\"lazy\" title=\"Piezoelectric Ceramics | Piezoceramics\" width=\"500\" height=\"281\" src=\"https:\/\/www.youtube.com\/embed\/1Z8-9WdJKhQ?feature=oembed\" frameborder=\"0\" allow=\"accelerometer; autoplay; clipboard-write; encrypted-media; gyroscope; picture-in-picture; web-share\" referrerpolicy=\"strict-origin-when-cross-origin\" allowfullscreen><\/iframe><\/p>\n<h3>\u0130ste\u011fe ba\u011fl\u0131 olarak \u00e7e\u015fitli piezoelektrik seramikleri \u00f6zelle\u015ftirebiliriz.<\/h3>\n<p>Piezoelektrik Seramik Malzemesi: PZT4, PZT5, PZT8 veya di\u011fer istenilen piezoelektrik malzeme.<\/p>\n<h2>5 Adet 16*8*4 Piezoelektrik Seramik Halka \u00d6zellikleri<\/h2>\n<table class=\"table table-striped table-bordered\"   id=\"wp-table-reloaded-id-30-no-1\">\n<tbody>\n<tr>\n<td>Boyut (D\u0131\u015f \u00c7ap*\u0130\u00e7 \u00c7ap*Kal\u0131nl\u0131k)<\/td>\n<td>16*8*4<\/td>\n<\/tr>\n<tr>\n<td>Kapasite (pf)<\/td>\n<td>340\u00b110%<\/td>\n<\/tr>\n<tr>\n<\/tr>\n<tr>\n<td>Radyal Frekans fr(khz)<\/td>\n<td>96\u00b15%<\/td>\n<\/tr>\n<tr>\n<td>Rezonans Empedans\u0131 zm<\/td>\n<td>\u226420<\/td>\n<\/tr>\n<tr>\n<td>Kal\u0131nl\u0131k Frekans\u0131 Ft(khz)<\/td>\n<td>512<\/td>\n<\/tr>\n<tr>\n<td>Kuplaj Katsay\u0131s\u0131 Kr(%)<\/td>\n<td>\u226545<\/td>\n<\/tr>\n<tr>\n<td>Kalite Fakt\u00f6r\u00fc (Qm)<\/td>\n<td>\u2265800<\/td>\n<\/tr>\n<tr>\n<td>5 adetin a\u011f\u0131rl\u0131\u011f\u0131<\/td>\n<td>0.5kg<\/td>\n<\/tr>\n<\/tbody>\n<\/table>\n<h3>Piezoelektrik Serami\u011fin Uygulama Alanlar\u0131:<\/h3>\n<ul>\n<li>Ultrasonik Sens\u00f6r<\/li>\n<li>Ultrasonik Transd\u00fcser<\/li>\n<li>T\u0131bbi Sens\u00f6r<\/li>\n<li>Titre\u015fim Sens\u00f6r\u00fc<\/li>\n<li>Bas\u0131n\u00e7 Sens\u00f6r\u00fc<\/li>\n<li>S\u0131k\u0131\u015ft\u0131rma Sens\u00f6r\u00fc ve di\u011ferleri<\/li>\n<\/ul>\n<p><strong>Not: \u0130stedi\u011finiz uygun boyutu bulamazsan\u0131z, tavsiye almak i\u00e7in bize e-posta g\u00f6nderin.<\/strong><\/p>\n<h3>\u00d6deme<\/h3>\n<p>\u015eu anda paypal, T\/T ve Western Union&#8217;\u0131 kabul ediyoruz.<\/p>\n<h3 class=\"shipping-methods\">Nakliye<\/h3>\n<p>Tam \u00f6deme al\u0131nd\u0131ktan sonra 48 saat i\u00e7inde mallar sevk edilecektir.<\/p>\n<ul>\n<li>Mallar\u0131, PayPal \u00f6demesinde verilen adrese g\u00f6nderiyoruz. L\u00fctfen PayPal&#8217;daki adresin do\u011fru oldu\u011fundan emin olun.<\/li>\n<li>Mallar\u0131 g\u00f6nderdikten sonra size takip numaras\u0131n\u0131 verece\u011fiz, genellikle be\u015f g\u00fcn i\u00e7inde mallar\u0131 alacaks\u0131n\u0131z.<\/li>\n<li>Herhangi bir sorunuz varsa, l\u00fctfen bize e-posta ile ileti\u015fime ge\u00e7in (e-posta adresimiz <a href=\"mailto:support@bjultrasonic.com\">support@bjultrasonic.com<\/a>)<\/li>\n<\/ul>\n<h3 align=\"left\">\u00dcr\u00fcn Garantisi<\/h3>\n<p>\u00dcr\u00fcn garantisi bir y\u0131ld\u0131r. Garanti s\u00fcresi i\u00e7inde sat\u0131n al\u0131nan \u00fcr\u00fcnler \u00fccretsiz bak\u0131m veya de\u011fi\u015fimden yararlanabilir.<\/p>\n","protected":false},"excerpt":{"rendered":"<p><a href=\"https:\/\/www.bjultrasonic.com\/tr\/category\/piezoelectric-ceramic-tr\/ring-piezoelectric-ceramics-tr\/\">Piezoelektrik seramik halka<\/a> (piezoseramik halka), Beijing Ultrasonic taraf\u0131ndan \u00fcretilmektedir \u2013 profesyonel <a href=\"https:\/\/www.bjultrasonic.com\/tr\/category\/piezoelectric-ceramic-tr\/\">piezoelektrik seramikler<\/a> tedarik\u00e7isi ve \u00fcreticisi.<\/p>\n","protected":false},"featured_media":23781,"comment_status":"open","ping_status":"closed","template":"","meta":[],"product_brand":[],"product_cat":[5745,5657],"product_tag":[],"class_list":{"0":"post-71925","1":"product","2":"type-product","3":"status-publish","4":"has-post-thumbnail","6":"product_cat-ring-piezoelectric-ceramics-tr","7":"product_cat-piezoelectric-ceramic-tr","9":"first","10":"instock","11":"shipping-taxable","12":"purchasable","13":"product-type-simple","14":"prodpage-classic"},"aioseo_notices":[],"_links":{"self":[{"href":"https:\/\/www.bjultrasonic.com\/tr\/wp-json\/wp\/v2\/product\/71925","targetHints":{"allow":["GET"]}}],"collection":[{"href":"https:\/\/www.bjultrasonic.com\/tr\/wp-json\/wp\/v2\/product"}],"about":[{"href":"https:\/\/www.bjultrasonic.com\/tr\/wp-json\/wp\/v2\/types\/product"}],"replies":[{"embeddable":true,"href":"https:\/\/www.bjultrasonic.com\/tr\/wp-json\/wp\/v2\/comments?post=71925"}],"wp:featuredmedia":[{"embeddable":true,"href":"https:\/\/www.bjultrasonic.com\/tr\/wp-json\/wp\/v2\/media\/23781"}],"wp:attachment":[{"href":"https:\/\/www.bjultrasonic.com\/tr\/wp-json\/wp\/v2\/media?parent=71925"}],"wp:term":[{"taxonomy":"product_brand","embeddable":true,"href":"https:\/\/www.bjultrasonic.com\/tr\/wp-json\/wp\/v2\/product_brand?post=71925"},{"taxonomy":"product_cat","embeddable":true,"href":"https:\/\/www.bjultrasonic.com\/tr\/wp-json\/wp\/v2\/product_cat?post=71925"},{"taxonomy":"product_tag","embeddable":true,"href":"https:\/\/www.bjultrasonic.com\/tr\/wp-json\/wp\/v2\/product_tag?post=71925"}],"curies":[{"name":"wp","href":"https:\/\/api.w.org\/{rel}","templated":true}]}}