{"id":72025,"date":"2012-03-27T04:48:20","date_gmt":"2012-03-27T09:48:20","guid":{"rendered":"https:\/\/www.bjultrasonic.com\/shop\/60w-220v-ultrasonic-pcb-generator\/"},"modified":"2026-03-28T19:56:17","modified_gmt":"2026-03-29T00:56:17","slug":"60w-220v-ultrasonic-pcb-generator","status":"publish","type":"product","link":"https:\/\/www.bjultrasonic.com\/tr\/shop\/60w-220v-ultrasonic-pcb-generator\/","title":{"rendered":"220V 60W Ultrasonik Piezo Transd\u00fckt\u00f6r S\u00fcr\u00fcc\u00fc Devresi"},"content":{"rendered":"<h2>60W\/220V Ultrasonik Jenerat\u00f6r PCB \u00d6zellikleri<\/h2>\n<table id=\"wp-table-reloaded-id-25-no-1\" class=\"table table-striped table-bordered\">\n<tbody>\n<tr>\n<td>Frekans<\/td>\n<td>40 KHz.28khz.25khz<\/td>\n<\/tr>\n<tr>\n<td>G\u00fc\u00e7<\/td>\n<td>60w<\/td>\n<\/tr>\n<tr>\n<td>S\u00fcr\u00fcc\u00fc transd\u00fcseri<\/td>\n<td>Bir adet 50w transd\u00fcser veya bir adet 60w transd\u00fcser<\/td>\n<\/tr>\n<tr>\n<td>G\u00fc\u00e7 Kayna\u011f\u0131<\/td>\n<td>Giri\u015f: 200V~230V AC<\/td>\n<\/tr>\n<tr>\n<td>A\u011f\u0131rl\u0131k<\/td>\n<td>300g\/adet<\/td>\n<\/tr>\n<\/tbody>\n<\/table>\n<p><strong>Ultrasonik Transd\u00fcser i\u00e7in Ultrasonik Devre Kart\u0131<\/strong><\/p>\n<p><strong>Not: l\u00fctfen hangi frekansa ihtiyac\u0131n\u0131z oldu\u011funu bildirin.<\/strong><\/p>\n<ul>\n<li><a href=\"https:\/\/www.bjultrasonic.com\/tr\/category\/ultrasonic-generator-tr\/\">Ultrasonik jenerat\u00f6r<\/a> y\u00fcks\u00fcz durumda \u00e7al\u0131\u015ft\u0131r\u0131lamaz<\/li>\n<li>Kurulumdan sonra, temizleme s\u0131v\u0131s\u0131 koyulana kadar \u00e7al\u0131\u015ft\u0131r\u0131lmamal\u0131d\u0131r<\/li>\n<li><a href=\"https:\/\/www.bjultrasonic.com\/tr\/category\/ultrasonic-transducer-tr\/\">Ultrasonik transd\u00fcserin<\/a> iki kulak\u00e7\u0131\u011f\u0131 vard\u0131r. Pozitif olan, iki seramik par\u00e7as\u0131n\u0131n ortas\u0131ndad\u0131r. Negatif olan ise alt metal kolona yak\u0131nd\u0131r. L\u00fctfen kablolama yaparken hata yapmay\u0131n.<\/li>\n<li>Vibrasyon i\u015flevi olan seramik transd\u00fcserdeki vidal\u0131 deli\u011fi olan daha b\u00fcy\u00fck taraf, temizleme makinesinin taban\u0131na s\u0131k\u0131\u015ft\u0131r\u0131labilir. L\u00fctfen temizleme makinesinin g\u00fcvenli bir \u015fekilde topraklanm\u0131\u015f oldu\u011fundan emin olun.<\/li>\n<li>Seramik transd\u00fcser, transd\u00fcser \u00f6zel yap\u0131\u015ft\u0131r\u0131c\u0131s\u0131 kullan\u0131larak veya AB yap\u0131\u015ft\u0131r\u0131c\u0131 \u00e7ubuk kullan\u0131larak temizleme makinesinin taban\u0131na yap\u0131\u015ft\u0131r\u0131lmal\u0131d\u0131r. Ancak bu y\u00f6ntemin etkisi biraz daha zay\u0131ft\u0131r, veya 10:4 oran\u0131nda epoksi re\u00e7ine kullan\u0131labilir.<\/li>\n<li>\u00c7al\u0131\u015fma devre kart\u0131 voltaj\u0131 600V&#8217;dur. Transd\u00fcsere \u00e7\u0131kt\u0131 voltaj\u0131 1100 V&#8217;dur. L\u00fctfen temizleme makinesinin g\u00fcvenli bir \u015fekilde topraklanm\u0131\u015f oldu\u011fundan emin olun. G\u00fcvenlik i\u00e7in, g\u00fc\u00e7 kayna\u011f\u0131na bir ka\u00e7ak ak\u0131m koruma \u015falteri tak\u0131ld\u0131\u011f\u0131ndan emin olun.<\/li>\n<\/ul>\n<h3>\u00d6deme<\/h3>\n<p>\u015eu anda paypal, T\/T ve Western Union kabul ediyoruz.<\/p>\n<h3 class=\"shipping-methods\">Nakliye<\/h3>\n<p>Malzemeler, tam \u00f6deme al\u0131nd\u0131ktan sonra 48 saat i\u00e7inde sevk edilecektir.<\/p>\n<ul>\n<li>Malzemeleri, PayPal \u00f6demesinde verilen adrese g\u00f6nderiyoruz. L\u00fctfen PayPal&#8217;daki adresin do\u011fru oldu\u011fundan emin olun.<\/li>\n<li>Malzemeleri g\u00f6nderdikten sonra size takip numaras\u0131n\u0131 verece\u011fiz, genellikle be\u015f g\u00fcn i\u00e7inde \u00fcr\u00fcnleri alacaks\u0131n\u0131z.<\/li>\n<li>Herhangi bir sorunuz olursa, l\u00fctfen bizimle e-posta yoluyla ileti\u015fime ge\u00e7in (e-posta adresimiz <a href=\"mailto:support@bjultrasonic.com\">support@bjultrasonic.com<\/a>)<\/li>\n<\/ul>\n<h3 align=\"left\">\u00dcr\u00fcn Garantisi<\/h3>\n<p>\u00dcr\u00fcn garanti s\u00fcresi bir y\u0131ld\u0131r. Garanti s\u00fcresi i\u00e7inde, sat\u0131n al\u0131nan \u00fcr\u00fcnler \u00fccretsiz bak\u0131m veya de\u011fi\u015fim hakk\u0131ndan yararlanabilir.<\/p>\n<h3>Video Oynatma Listesi: Ultrasonik Transd\u00fcser S\u00fcr\u00fcc\u00fcs\u00fc<\/h3>\n<p><iframe loading=\"lazy\" width=\"560\" height=\"315\" src=\"https:\/\/www.youtube.com\/embed\/videoseries?list=PLLrjMYkO0_NG56zqmQN9W9F1Xf9eev6dc\" frameborder=\"0\" allow=\"autoplay; encrypted-media\" allowfullscreen><\/iframe><\/p>\n","protected":false},"excerpt":{"rendered":"<p>Ultrasonik jenerat\u00f6r devresi, ayn\u0131 zamanda <a href=\"https:\/\/www.bjultrasonic.com\/tr\/category\/ultrasonic-transducer-tr\/\">ultrasonik d\u00f6n\u00fc\u015ft\u00fcr\u00fcc\u00fc<\/a> s\u00fcr\u00fcc\u00fc devresi veya <a href=\"https:\/\/www.bjultrasonic.com\/tr\/category\/ultrasonic-generator-tr\/ultrasonic-generator-circuits-tr\/\">ultrasonik temizleyici g\u00fc\u00e7 s\u00fcr\u00fcc\u00fc kart\u0131<\/a> olarak da adland\u0131r\u0131l\u0131r. <a href=\"https:\/\/www.bjultrasonic.com\/tr\/category\/ultrasonic-cleaning-system-tr\/\">Ultrasonik temizleyicilerin<\/a> i\u00e7indeki ultrasonik d\u00f6n\u00fc\u015ft\u00fcr\u00fcc\u00fcleri s\u00fcrmek i\u00e7in bir <a href=\"https:\/\/www.bjultrasonic.com\/tr\/category\/ultrasonic-generator-tr\/\">ultrasonik frekans\u0131<\/a> sa\u011flar.<\/p>\n","protected":false},"featured_media":19274,"comment_status":"open","ping_status":"closed","template":"","meta":[],"product_brand":[],"product_cat":[6113],"product_tag":[],"class_list":{"0":"post-72025","1":"product","2":"type-product","3":"status-publish","4":"has-post-thumbnail","6":"product_cat-ultrasonic-generator-circuits-tr","8":"first","9":"instock","10":"shipping-taxable","11":"purchasable","12":"product-type-simple","13":"prodpage-classic"},"aioseo_notices":[],"_links":{"self":[{"href":"https:\/\/www.bjultrasonic.com\/tr\/wp-json\/wp\/v2\/product\/72025","targetHints":{"allow":["GET"]}}],"collection":[{"href":"https:\/\/www.bjultrasonic.com\/tr\/wp-json\/wp\/v2\/product"}],"about":[{"href":"https:\/\/www.bjultrasonic.com\/tr\/wp-json\/wp\/v2\/types\/product"}],"replies":[{"embeddable":true,"href":"https:\/\/www.bjultrasonic.com\/tr\/wp-json\/wp\/v2\/comments?post=72025"}],"wp:featuredmedia":[{"embeddable":true,"href":"https:\/\/www.bjultrasonic.com\/tr\/wp-json\/wp\/v2\/media\/19274"}],"wp:attachment":[{"href":"https:\/\/www.bjultrasonic.com\/tr\/wp-json\/wp\/v2\/media?parent=72025"}],"wp:term":[{"taxonomy":"product_brand","embeddable":true,"href":"https:\/\/www.bjultrasonic.com\/tr\/wp-json\/wp\/v2\/product_brand?post=72025"},{"taxonomy":"product_cat","embeddable":true,"href":"https:\/\/www.bjultrasonic.com\/tr\/wp-json\/wp\/v2\/product_cat?post=72025"},{"taxonomy":"product_tag","embeddable":true,"href":"https:\/\/www.bjultrasonic.com\/tr\/wp-json\/wp\/v2\/product_tag?post=72025"}],"curies":[{"name":"wp","href":"https:\/\/api.w.org\/{rel}","templated":true}]}}