{"id":72425,"date":"2012-03-19T02:36:11","date_gmt":"2012-03-19T07:36:11","guid":{"rendered":"https:\/\/www.bjultrasonic.com\/shop\/33khz-60w-ultrasonic-cleaning-transducer\/"},"modified":"2026-03-28T19:52:36","modified_gmt":"2026-03-29T00:52:36","slug":"33khz-60w-ultrasonic-cleaning-transducer","status":"publish","type":"product","link":"https:\/\/www.bjultrasonic.com\/tr\/shop\/33khz-60w-ultrasonic-cleaning-transducer\/","title":{"rendered":"33KHz 60W Piezoelektrik Ultrasonik Temizleme Transd\u00fcseri (PZT-8)"},"content":{"rendered":"<h2>33KHz 60W Ultrasonik Temizleme Transd\u00fcseri \u00d6zellikleri<\/h2>\n<table id=\"wp-table-reloaded-id-10-no-1\" class=\"table table-striped table-bordered\">\n<tbody>\n<tr>\n<td>T\u00fcr<\/td>\n<td>BJC-3360T- 48HS PZT-8<\/td>\n<\/tr>\n<tr>\n<td>Frekans<\/td>\n<td>33KHz \u00b1 1 KHz<\/td>\n<\/tr>\n<tr>\n<td>G\u00fc\u00e7<\/td>\n<td>60w<\/td>\n<\/tr>\n<tr>\n<td>Kapasite<\/td>\n<td>3800pf (pzt8)<\/td>\n<\/tr>\n<tr>\n<td>Yay\u0131c\u0131 Y\u00fczey<\/td>\n<td>48mm<\/td>\n<\/tr>\n<tr>\n<td>Rezonans Direnci<\/td>\n<td>10-20\u03a9<\/td>\n<\/tr>\n<tr>\n<td>Uzunluk<\/td>\n<td>58mm<\/td>\n<\/tr>\n<tr>\n<td>G\u00fc\u00e7 Kayna\u011f\u0131<\/td>\n<td>Giri\u015f: 100V~130V veya 220V~240V AC<\/td>\n<\/tr>\n<tr>\n<td>A\u011f\u0131rl\u0131k<\/td>\n<td>450g\/adet<\/td>\n<\/tr>\n<\/tbody>\n<\/table>\n<p><strong><a href=\"https:\/\/drive.google.com\/file\/d\/1pXEpP5HbetTukpQtZKV4hyTdlMm0aYkt\/view\" target=\"_blank\" rel=\"noopener\">T\u00fcm Ultrasonik Temizleme Transd\u00fcserlerinin \u00d6zelliklerini ve Fiyat Teklifini \u0130ndirin.<\/a><\/strong><\/p>\n<h3>Ultrasonik Temizleme Transd\u00fcseri Adland\u0131rma Y\u00f6ntemleri<\/h3>\n<p><a href=\"https:\/\/www.bjultrasonic.com\/wp-content\/uploads\/2012\/10\/Naming-Methods-of-Ultrasonic-Cleaning-Transducer.jpg\" data-lightbox=\"image\"><img loading=\"lazy\" decoding=\"async\" title=\"Ultrasonik Temizleme Transd\u00fcseri Adland\u0131rma Y\u00f6ntemleri\" src=\"\/\/www.bjultrasonic.com\/wp-content\/uploads\/2012\/10\/Naming-Methods-of-Ultrasonic-Cleaning-Transducer.jpg\" alt=\"Ultrasonik Temizleme Transd\u00fcseri Adland\u0131rma Y\u00f6ntemleri\" width=\"442\" height=\"399\" \/><\/a><\/p>\n<h3>Ultrasonik Temizleme Transd\u00fcseri Yap\u0131s\u0131<\/h3>\n<p><a href=\"https:\/\/www.bjultrasonic.com\/wp-content\/uploads\/2012\/03\/2012319111.jpg\" data-lightbox=\"image\"><img loading=\"lazy\" decoding=\"async\" class=\"alignnone\" title=\"Ultrasonik Temizleme Transd\u00fcseri Yap\u0131s\u0131\" src=\"\/\/www.bjultrasonic.com\/wp-content\/uploads\/2012\/10\/Ultrasonic-Cleaning-Transducer-Structure.jpg\" alt=\"Ultrasonik Temizleme Transd\u00fcseri Yap\u0131s\u0131\" width=\"546\" height=\"203\" \/><\/a><\/p>\n<h3>Ana \u00d6zellikler<\/h3>\n<ul>\n<li>Y\u00fcksek verimlilik: y\u00fcksek mekanik parametre Q, elektrik ve ses aras\u0131ndaki d\u00f6n\u00fc\u015f\u00fcm verimlili\u011fi %95&#8217;in \u00fczerinde.<\/li>\n<li>Y\u00fcksek genlik: y\u00fcksek h\u0131zl\u0131 vibrat\u00f6r\u00fcn c\u0131vata ile y\u0131kama haznesinin taban\u0131na do\u011frudan sabitlenmesiyle transd\u00fcser g\u00fcc\u00fc art\u0131r\u0131lm\u0131\u015ft\u0131r. Manyetik genle\u015fmeli bir vibrat\u00f6rle kar\u015f\u0131la\u015ft\u0131r\u0131ld\u0131\u011f\u0131nda, genli\u011fi %50&#8217;nin \u00fczerinde art\u0131r\u0131labilir.<\/li>\n<li>\u0130yi \u0131s\u0131 direnci: geni\u015f bir \u00e7al\u0131\u015fma s\u0131cakl\u0131\u011f\u0131 aral\u0131\u011f\u0131, d\u00fc\u015f\u00fck rezonans empedans\u0131 ve \u0131s\u0131 \u00fcretimi.<\/li>\n<li>\u0130yi yap\u0131: c\u0131vata ile sabitlenmi\u015f, montaj\u0131 kolay, y\u00fcksek g\u00fcvenilirlik.<\/li>\n<\/ul>\n<h3>Video Oynatma Listesi: Ultrasonik Transd\u00fcserler<\/h3>\n<p><iframe loading=\"lazy\" title=\"Dual-frequency Piezoelectric Ultrasonic Transducer for Ultrasonic Cleaner\" width=\"500\" height=\"281\" src=\"https:\/\/www.youtube.com\/embed\/3zVdE1GihAE?list=PL2F5F3AB3579FB4A9\" frameborder=\"0\" allow=\"accelerometer; autoplay; clipboard-write; encrypted-media; gyroscope; picture-in-picture; web-share\" referrerpolicy=\"strict-origin-when-cross-origin\" allowfullscreen><\/iframe><\/p>\n<h3>Y\u00fcksek G\u00fc\u00e7l\u00fc Ultrasonik Transd\u00fcser<\/h3>\n<p><iframe loading=\"lazy\" title=\"High Power Piezoelectric Ultrasonic Transducer - Beijing Ultrasonic\" width=\"500\" height=\"281\" src=\"https:\/\/www.youtube.com\/embed\/TBLGTvZgOw4?feature=oembed\" frameborder=\"0\" allow=\"accelerometer; autoplay; clipboard-write; encrypted-media; gyroscope; picture-in-picture; web-share\" referrerpolicy=\"strict-origin-when-cross-origin\" allowfullscreen><\/iframe><\/p>\n<h3>\u00d6deme<\/h3>\n<p>\u015eu anda paypal, T\/T ve Western Union&#8217;\u0131 kabul ediyoruz.<\/p>\n<h3 class=\"shipping-methods\">Nakliye<\/h3>\n<p>Tam \u00f6deme al\u0131nd\u0131ktan sonraki 48 saat i\u00e7inde mallar sevk edilecektir.<\/p>\n<ul>\n<li>Mallar\u0131, PayPal \u00f6demesinde verilen adrese g\u00f6nderiyoruz. L\u00fctfen PayPal&#8217;daki adresin do\u011fru oldu\u011fundan emin olun.<\/li>\n<li>mallar\u0131 g\u00f6nderdikten sonra size takip numaras\u0131n\u0131 verece\u011fiz, genel olarak mallar\u0131 be\u015f g\u00fcn i\u00e7inde alacaks\u0131n\u0131z.<\/li>\n<li>Herhangi bir sorunuz varsa, l\u00fctfen bizimle e-posta yoluyla ileti\u015fime ge\u00e7in (e-posta adresimiz <a href=\"mailto:support@bjultrasonic.com\">support@bjultrasonic.com<\/a>)<\/li>\n<\/ul>\n<h3 align=\"left\">\u00dcr\u00fcn Garantisi<\/h3>\n<p>\u00dcr\u00fcn garanti s\u00fcresi bir y\u0131ld\u0131r. Garanti s\u00fcresi i\u00e7inde sat\u0131n al\u0131nan \u00fcr\u00fcnler \u00fccretsiz bak\u0131m veya de\u011fi\u015fimden yararlanabilir.<\/p>\n","protected":false},"excerpt":{"rendered":"<p><a href=\"https:\/\/www.bjultrasonic.com\/tr\/category\/ultrasonic-transducer-tr\/\">Piezoelektrik transd\u00fcser<\/a> ultrasonik temizleme i\u00e7in, bir <a href=\"https:\/\/www.bjultrasonic.com\/tr\/category\/ultrasonic-cleaning-system-tr\/\">ultrasonik temizleyici<\/a>&#8216;nin \u00f6nemli bir par\u00e7as\u0131d\u0131r, ultrasonik transd\u00fcser <a href=\"https:\/\/www.bjultrasonic.com\/tr\/category\/ultrasonic-generator-tr\/\">ultrasonik jenerat\u00f6r<\/a>&#8216;den gelen elektrik enerjisini <a href=\"https:\/\/www.bjultrasonic.com\/tr\/uses-of-ultrasonic-waves\/\">ultrasonik dalgalar<\/a>&#8216;a d\u00f6n\u00fc\u015ft\u00fcr\u00fcr.<\/p>\n","protected":false},"featured_media":19427,"comment_status":"open","ping_status":"closed","template":"","meta":[],"product_brand":[],"product_cat":[6327],"product_tag":[],"class_list":{"0":"post-72425","1":"product","2":"type-product","3":"status-publish","4":"has-post-thumbnail","6":"product_cat-ultrasonic-transducer-tr","8":"first","9":"instock","10":"shipping-taxable","11":"purchasable","12":"product-type-simple","13":"prodpage-classic"},"aioseo_notices":[],"_links":{"self":[{"href":"https:\/\/www.bjultrasonic.com\/tr\/wp-json\/wp\/v2\/product\/72425","targetHints":{"allow":["GET"]}}],"collection":[{"href":"https:\/\/www.bjultrasonic.com\/tr\/wp-json\/wp\/v2\/product"}],"about":[{"href":"https:\/\/www.bjultrasonic.com\/tr\/wp-json\/wp\/v2\/types\/product"}],"replies":[{"embeddable":true,"href":"https:\/\/www.bjultrasonic.com\/tr\/wp-json\/wp\/v2\/comments?post=72425"}],"wp:featuredmedia":[{"embeddable":true,"href":"https:\/\/www.bjultrasonic.com\/tr\/wp-json\/wp\/v2\/media\/19427"}],"wp:attachment":[{"href":"https:\/\/www.bjultrasonic.com\/tr\/wp-json\/wp\/v2\/media?parent=72425"}],"wp:term":[{"taxonomy":"product_brand","embeddable":true,"href":"https:\/\/www.bjultrasonic.com\/tr\/wp-json\/wp\/v2\/product_brand?post=72425"},{"taxonomy":"product_cat","embeddable":true,"href":"https:\/\/www.bjultrasonic.com\/tr\/wp-json\/wp\/v2\/product_cat?post=72425"},{"taxonomy":"product_tag","embeddable":true,"href":"https:\/\/www.bjultrasonic.com\/tr\/wp-json\/wp\/v2\/product_tag?post=72425"}],"curies":[{"name":"wp","href":"https:\/\/api.w.org\/{rel}","templated":true}]}}