{"id":72565,"date":"2018-08-16T06:02:44","date_gmt":"2018-08-16T11:02:44","guid":{"rendered":"https:\/\/www.bjultrasonic.com\/shop\/ultrasonic-atomizing-transducer-bja-5500\/"},"modified":"2026-03-28T19:51:40","modified_gmt":"2026-03-29T00:51:40","slug":"ultrasonic-atomizing-transducer-bja-5500","status":"publish","type":"product","link":"https:\/\/www.bjultrasonic.com\/tr\/shop\/ultrasonic-atomizing-transducer-bja-5500\/","title":{"rendered":"5500ML Ultrasonik Sis Cihaz\u0131 Ultrasonik So\u011fuk Sis Nemlendirici"},"content":{"rendered":"<table class=\"table table-striped table-bordered\">\n<tbody>\n<tr>\n<td width=\"284\">Tip<\/td>\n<td width=\"284\">BJA5500<\/td>\n<\/tr>\n<tr>\n<td width=\"284\">P\u00fcsk\u00fcrtme Miktar\u0131<\/td>\n<td width=\"284\">&gt;5500ML<\/td>\n<\/tr>\n<tr>\n<td width=\"284\">Boyut<\/td>\n<td width=\"284\">252*92*70mm (uzunluk*geni\u015flik*y\u00fckseklik)<\/td>\n<\/tr>\n<tr>\n<td width=\"284\">\u00c7al\u0131\u015fma Frekans\u0131<\/td>\n<td width=\"284\">1700\u00b150(KHZ)<\/td>\n<\/tr>\n<tr>\n<td width=\"284\">Piezoseramik \u00c7ap\u0131<\/td>\n<td width=\"284\">20mm<\/td>\n<\/tr>\n<tr>\n<td width=\"284\">\u00c7al\u0131\u015fma S\u0131cakl\u0131\u011f\u0131<\/td>\n<td width=\"284\">5\uff5e45\u2103<\/td>\n<\/tr>\n<tr>\n<td width=\"284\">A\u015f\u0131r\u0131 Is\u0131nma Korumas\u0131<\/td>\n<td width=\"284\">50\u2103<\/td>\n<\/tr>\n<tr>\n<td width=\"284\">Su Seviyesi<\/td>\n<td width=\"284\">40mm-80mm<\/td>\n<\/tr>\n<tr>\n<td width=\"284\">\u00c7al\u0131\u015fma Voltaj\u0131<\/td>\n<td width=\"284\">48V DC<\/td>\n<\/tr>\n<tr>\n<td width=\"284\">G\u00fc\u00e7:<\/td>\n<td width=\"284\">350W<\/td>\n<\/tr>\n<tr>\n<td width=\"284\">Ak\u0131m<\/td>\n<td width=\"284\">5A<\/td>\n<\/tr>\n<tr>\n<td width=\"284\">Malzeme<\/td>\n<td width=\"284\">Bak\u0131r ve paslanmaz \u00e7elik<\/td>\n<\/tr>\n<tr>\n<td width=\"284\">Kablo<\/td>\n<td width=\"284\">2m uzunluk veya istenilen uzunluk<\/td>\n<\/tr>\n<tr>\n<td width=\"284\">Voltaj<\/td>\n<td width=\"284\">220v\/50hz 230v\/50hz<\/p>\n<p>120v\/60hz 110v\/60hz<\/td>\n<\/tr>\n<\/tbody>\n<\/table>\n<h3>Ana \u0130\u015flevler<\/h3>\n<ul>\n<li>Nemlendiricinin p\u00fcsk\u00fcrtme ba\u015fl\u0131\u011f\u0131 hava ge\u00e7irmezdir ve iyi \u0131s\u0131 da\u011f\u0131t\u0131m performans\u0131na sahiptir<\/li>\n<li>Devre stabil ak\u0131m ve bas\u0131nca sahiptir, a\u015f\u0131r\u0131 s\u0131cakl\u0131k, su eksikli\u011fi korumas\u0131, g\u00fcr\u00fclt\u00fc azaltma i\u015flemi,<\/li>\n<li>\u00dcr\u00fcn\u00fcn sessiz tasar\u0131m\u0131, y\u00fcksek nem sisi, y\u00fcksek performans.<\/li>\n<li>Y\u00fcksek su ge\u00e7irmezlik ve toz ge\u00e7irmezlik i\u015flevine sahip tamamen kapal\u0131 tasar\u0131m, nemlendirici \u00fcretimi \u00f6ncesinde tespit etmek \u00e7ok kolayd\u0131r.<\/li>\n<li>Dahili s\u0131cakl\u0131k koruma alg\u0131lama anahtar\u0131, g\u00fcvenli ve g\u00fcvenilir \u00e7al\u0131\u015fma i\u00e7in ayarlanm\u0131\u015ft\u0131r. G\u00fc\u00e7l\u00fc yap\u0131 ve kolay kurulum.<\/li>\n<li>Kire\u00e7 \u00f6nleyici tasar\u0131m, kullan\u0131c\u0131lar p\u00fcsk\u00fcrtme piezoserami\u011fini kolayca de\u011fi\u015ftirebilir,<\/li>\n<li>Tamam\u0131 paslanmaz \u00e7elik kasa, nikel kadmiyum kaplama, iyi \u0131s\u0131 da\u011f\u0131t\u0131m\u0131.<\/li>\n<li>Dahili su eksikli\u011fi koruma i\u015flevi.<\/li>\n<li>End\u00fcstriyel nemlendirme, tar\u0131m, peyzaj sisi vb. i\u00e7in uygundur.<\/li>\n<\/ul>\n<h3>Video<\/h3>\n<p><iframe loading=\"lazy\" title=\"Ultrasonic Humidifier\" width=\"500\" height=\"281\" src=\"https:\/\/www.youtube.com\/embed\/videoseries?list=PLLrjMYkO0_NEpofnqW3MnsGQ-KMwpBJul\" frameborder=\"0\" allow=\"accelerometer; autoplay; clipboard-write; encrypted-media; gyroscope; picture-in-picture; web-share\" referrerpolicy=\"strict-origin-when-cross-origin\" allowfullscreen><\/iframe><\/p>\n<h3>SSS<\/h3>\n<p><strong>1. P\u00fcsk\u00fcrtme miktar\u0131n\u0131 ayarlayabilir miyiz?<\/strong><\/p>\n<p>Hay\u0131r, yaln\u0131zca su seviyesi ile de\u011fi\u015ftirilebilir.<\/p>\n<p><strong>2. LED&#8217;i kapatabilir miyiz (varsa)?<\/strong><\/p>\n<p>Hay\u0131r. Kapal\u0131 alanda LED&#8217;siz ultrasonik nemlendirici se\u00e7mek daha iyidir.<\/p>\n<p><strong>3. G\u00fcr\u00fclt\u00fc yapar m\u0131?<\/strong><\/p>\n<p>Hay\u0131r. \u00c7o\u011fu <a href=\"https:\/\/www.bjultrasonic.com\/tr\/category\/ultrasonic-atomizer-tr\/\">ultrasonik nemlendirici<\/a>, di\u011fer modellere g\u00f6re daha sessiz \u00e7al\u0131\u015fma e\u011filimindedir. Bunun nedeni, buharla\u015fmal\u0131 nemlendiricilerin genellikle yapt\u0131\u011f\u0131 gibi bir fanlar\u0131n\u0131n olmamas\u0131d\u0131r. Bu, g\u00fcr\u00fclt\u00fc seviyelerini d\u00fc\u015f\u00fck tutar.<\/p>\n<p><strong>4. Elektrik ka\u00e7a\u011f\u0131 olur mu?<\/strong><\/p>\n<p>Ultrasonik nemlendiricinin prensibi, ultrasonik titre\u015fimin sis olu\u015fturmas\u0131d\u0131r, \u00e7al\u0131\u015f\u0131rken elle dokunmay\u0131n, kar\u0131ncalanma hissi olabilir ancak bu elektrik de\u011fildir.<\/p>\n<h3>Genel Hususlar<\/h3>\n<ol>\n<li>L\u00fctfen g\u00fcc\u00fc a\u00e7t\u0131ktan sonra nemlendiriciyi ters \u00e7evirmeyin, bu nemlendiriciye zarar verir.<\/li>\n<li>L\u00fctfen uzun s\u00fcre veya 10 saatten fazla kullanmay\u0131n.<\/li>\n<li>Nemlendirici \u00e7al\u0131\u015f\u0131rken p\u00fcsk\u00fcrtme plakas\u0131na dokunmay\u0131n.<\/li>\n<li>Su kalitesini sa\u011flay\u0131n. L\u00fctfen temiz musluk suyu kullan\u0131n. (su kalitesinin bozulmas\u0131 hizmet \u00f6mr\u00fcn\u00fc etkiler)<\/li>\n<li>Ta\u015f\u0131madan veya onarmadan \u00f6nce l\u00fctfen g\u00fcc\u00fc kesin.<\/li>\n<li>P\u00fcsk\u00fcrt\u00fclm\u00fc\u015f <a href=\"https:\/\/www.bjultrasonic.com\/tr\/category\/piezoelectric-ceramic-tr\/\">piezoseramikler<\/a>, hizmet \u00f6mr\u00fc 3600 saatten fazla olan sarf malzemeleridir. Nemlendiricinin sisleme kapasitesi belirgin \u015fekilde azal\u0131rsa, l\u00fctfen p\u00fcsk\u00fcrtme piezoserami\u011fini (herhangi bir deterjan kullanmadan) pamuklu \u00e7ubukla temizleyerek temiz tutun. Temizledikten sonra p\u00fcsk\u00fcrtme miktar\u0131 hala azsa, l\u00fctfen bir p\u00fcsk\u00fcrtme piezoserami\u011fi de\u011fi\u015ftirin. (p\u00fcsk\u00fcrtme piezoserami\u011fini birlikte sat\u0131n alman\u0131z \u00f6nerilir)<\/li>\n<\/ol>\n<p><img loading=\"lazy\" decoding=\"async\" src=\"https:\/\/www.bjultrasonic.com\/wp-content\/uploads\/2018\/08\/Ultrasonic-Humidifier-without-LED.jpg\" alt=\"Ultrasonic-Humidifier-without-LED\" width=\"670\" height=\"925\" \/><\/p>\n","protected":false},"excerpt":{"rendered":"<p><a href=\"https:\/\/www.bjultrasonic.com\/tr\/category\/ultrasonic-atomizer-tr\/\">Ultrasonik nemlendirici<\/a>, s\u0131v\u0131lar\u0131 bulut benzeri par\u00e7ac\u0131klara d\u00f6n\u00fc\u015ft\u00fcrmek i\u00e7in ultrasonik enerji kullan\u0131r. Ultrasonik nemlendirici ayn\u0131 zamanda <a href=\"https:\/\/www.bjultrasonic.com\/tr\/shop\/ultrasonic-atomizing-transducer\/\">ultrasonik atomizer<\/a>, ultrasonik sis \u00fcreticisi, ultrasonik sis makinesi olarak da adland\u0131r\u0131l\u0131r.<\/p>\n","protected":false},"featured_media":19551,"comment_status":"open","ping_status":"closed","template":"","meta":[],"product_brand":[],"product_cat":[6191],"product_tag":[],"class_list":{"0":"post-72565","1":"product","2":"type-product","3":"status-publish","4":"has-post-thumbnail","6":"product_cat-ultrasonic-atomizer-tr","8":"first","9":"instock","10":"shipping-taxable","11":"purchasable","12":"product-type-simple","13":"prodpage-classic"},"aioseo_notices":[],"_links":{"self":[{"href":"https:\/\/www.bjultrasonic.com\/tr\/wp-json\/wp\/v2\/product\/72565","targetHints":{"allow":["GET"]}}],"collection":[{"href":"https:\/\/www.bjultrasonic.com\/tr\/wp-json\/wp\/v2\/product"}],"about":[{"href":"https:\/\/www.bjultrasonic.com\/tr\/wp-json\/wp\/v2\/types\/product"}],"replies":[{"embeddable":true,"href":"https:\/\/www.bjultrasonic.com\/tr\/wp-json\/wp\/v2\/comments?post=72565"}],"wp:featuredmedia":[{"embeddable":true,"href":"https:\/\/www.bjultrasonic.com\/tr\/wp-json\/wp\/v2\/media\/19551"}],"wp:attachment":[{"href":"https:\/\/www.bjultrasonic.com\/tr\/wp-json\/wp\/v2\/media?parent=72565"}],"wp:term":[{"taxonomy":"product_brand","embeddable":true,"href":"https:\/\/www.bjultrasonic.com\/tr\/wp-json\/wp\/v2\/product_brand?post=72565"},{"taxonomy":"product_cat","embeddable":true,"href":"https:\/\/www.bjultrasonic.com\/tr\/wp-json\/wp\/v2\/product_cat?post=72565"},{"taxonomy":"product_tag","embeddable":true,"href":"https:\/\/www.bjultrasonic.com\/tr\/wp-json\/wp\/v2\/product_tag?post=72565"}],"curies":[{"name":"wp","href":"https:\/\/api.w.org\/{rel}","templated":true}]}}