{"id":72787,"date":"2022-06-09T02:42:02","date_gmt":"2022-06-09T07:42:02","guid":{"rendered":"https:\/\/www.bjultrasonic.com\/ultrasonic-cleaners-technical-specification\/"},"modified":"2026-03-12T09:29:56","modified_gmt":"2026-03-12T14:29:56","slug":"ultrasonic-cleaners-technical-specification","status":"publish","type":"page","link":"https:\/\/www.bjultrasonic.com\/vi\/ultrasonic-cleaners-technical-specification\/","title":{"rendered":"T\u1ed5ng Quan K\u1ef9 Thu\u1eadt M\u00e1y L\u00e0m S\u1ea1ch Si\u00eau \u00c2m"},"content":{"rendered":"<p><a href=\"https:\/\/www.bjultrasonic.com\/vi\/category\/ultrasonic-cleaning-system-vi\/\">L\u00e0m s\u1ea1ch b\u1eb1ng s\u00f3ng si\u00eau \u00e2m<\/a> l\u00e0 m\u1ed9t ph\u01b0\u01a1ng ph\u00e1p hi\u1ec7u qu\u1ea3 cao \u0111\u1ec3 lo\u1ea1i b\u1ecf ch\u1ea5t b\u1ea9n kh\u1ecfi nhi\u1ec1u lo\u1ea1i v\u1eadt th\u1ec3 kh\u00e1c nhau. N\u00f3 s\u1eed d\u1ee5ng s\u00f3ng \u00e2m t\u1ea7n s\u1ed1 cao, tai ng\u01b0\u1eddi kh\u00f4ng nghe th\u1ea5y \u0111\u01b0\u1ee3c, \u0111\u1ec3 khu\u1ea5y \u0111\u1ed9ng dung d\u1ecbch l\u00e0m s\u1ea1ch. S\u1ef1 khu\u1ea5y \u0111\u1ed9ng n\u00e0y t\u1ea1o ra m\u1ed9t t\u00e1c \u0111\u1ed9ng ch\u00e0 m\u1ea1nh m\u1ebd c\u00f3 th\u1ec3 ti\u1ebfp c\u1eadn ngay c\u1ea3 nh\u1eefng khu v\u1ef1c ph\u1ee9c t\u1ea1p v\u00e0 kh\u00f3 ti\u1ebfp c\u1eadn nh\u1ea5t, lo\u1ea1i b\u1ecf hi\u1ec7u qu\u1ea3 c\u00e1c t\u1ea1p ch\u1ea5t nh\u01b0 d\u1ea7u m\u1ee1, b\u1ee5i, n\u1ea5m m\u1ed1c, r\u1ec9 s\u00e9t, d\u1ea5u v\u00e2n tay, n\u1ea5m, mu\u1ed9i than v\u00e0 vi khu\u1ea9n. Ph\u01b0\u01a1ng ph\u00e1p n\u00e0y ph\u00f9 h\u1ee3p v\u1edbi nhi\u1ec1u v\u1eadt li\u1ec7u kh\u00e1c nhau, bao g\u1ed3m th\u1ee7y tinh, kim lo\u1ea1i, g\u1ed1m s\u1ee9, nh\u1ef1a v\u00e0 cao su, bi\u1ebfn n\u00f3 th\u00e0nh m\u1ed9t gi\u1ea3i ph\u00e1p l\u00e0m s\u1ea1ch \u0111a n\u0103ng cho nhi\u1ec1u \u1ee9ng d\u1ee5ng.<\/p>\n<h3>1. C\u01a1 ch\u1ebf c\u1ee7a L\u00e0m s\u1ea1ch b\u1eb1ng S\u00f3ng si\u00eau \u00e2m<\/h3>\n<p>L\u00e0m s\u1ea1ch b\u1eb1ng s\u00f3ng si\u00eau \u00e2m ho\u1ea1t \u0111\u1ed9ng b\u1eb1ng c\u00e1ch t\u1ea1o ra s\u00f3ng n\u00e9n v\u00e0 gi\u00e3n trong ch\u1ea5t l\u1ecfng b\u1eb1ng c\u00e1ch s\u1eed d\u1ee5ng <a href=\"https:\/\/www.bjultrasonic.com\/vi\/category\/ultrasonic-transducer-vi\/\">b\u1ed9 chuy\u1ec3n \u0111\u1ed5i \u00e1p \u0111i\u1ec7n<\/a>. Nh\u1eefng b\u1ed9 chuy\u1ec3n \u0111\u1ed5i n\u00e0y, th\u01b0\u1eddng \u0111\u01b0\u1ee3c l\u00e0m b\u1eb1ng v\u1eadt li\u1ec7u g\u1ed1m \u00e1p \u0111i\u1ec7n, \u0111\u01b0\u1ee3c g\u1eafn v\u00e0o th\u00e0nh b\u00ean ho\u1eb7c \u0111\u00e1y c\u1ee7a b\u1ec3 th\u00e9p kh\u00f4ng g\u1ec9. Khi m\u1ed9t t\u00edn hi\u1ec7u \u0111i\u1ec7n \u0111\u01b0\u1ee3c \u00e1p d\u1ee5ng, c\u00e1c b\u1ed9 chuy\u1ec3n \u0111\u1ed5i rung \u0111\u1ed9ng nhanh ch\u00f3ng, l\u00e0m cho th\u00e0nh b\u1ec3 chuy\u1ec3n \u0111\u1ed9ng, t\u1ea1o ra s\u00f3ng \u00e1p su\u1ea5t trong ch\u1ea5t l\u1ecfng. Qu\u00e1 tr\u00ecnh n\u00e0y t\u1ea1o ra c\u00e1c khoang ch\u00e2n kh\u00f4ng nh\u1ecf, ph\u00e1t tri\u1ec3n v\u00e0 s\u1ee5p \u0111\u1ed5 d\u1eef d\u1ed9i do s\u1ef1 dao \u0111\u1ed9ng \u00e1p su\u1ea5t li\u00ean t\u1ee5c. S\u1ef1 s\u1ee5p \u0111\u1ed5 c\u1ee7a c\u00e1c khoang n\u00e0y t\u1ea1o ra nhi\u1ec7t \u0111\u1ed9 c\u1ee5c b\u1ed9 cao (l\u00ean \u0111\u1ebfn 5000\u00b0C) v\u00e0 c\u00e1c d\u00f2ng ch\u1ea5t l\u1ecfng m\u1ea1nh m\u1ebd, gi\u00fap lo\u1ea1i b\u1ecf b\u1ee5i b\u1ea9n hi\u1ec7u qu\u1ea3 kh\u1ecfi c\u00e1c v\u1eadt th\u1ec3 ng\u00e2m trong \u0111\u00f3.<\/p>\n<table class=\"table table-striped table-bordered\">\n<thead>\n<tr>\n<th>B\u01b0\u1edbc Quy tr\u00ecnh<\/th>\n<th>M\u00f4 t\u1ea3<\/th>\n<\/tr>\n<\/thead>\n<tbody>\n<tr>\n<td><strong>K\u00edch ho\u1ea1t B\u1ed9 chuy\u1ec3n \u0111\u1ed5i<\/strong><\/td>\n<td>T\u00edn hi\u1ec7u \u0111i\u1ec7n \u0111\u01b0\u1ee3c \u00e1p d\u1ee5ng cho b\u1ed9 chuy\u1ec3n \u0111\u1ed5i, khi\u1ebfn ch\u00fang rung \u0111\u1ed9ng nhanh ch\u00f3ng.<\/td>\n<\/tr>\n<tr>\n<td><strong>T\u1ea1o s\u00f3ng<\/strong><\/td>\n<td>Rung \u0111\u1ed9ng c\u1ee7a b\u1ed9 chuy\u1ec3n \u0111\u1ed5i t\u1ea1o ra s\u00f3ng n\u00e9n v\u00e0 gi\u00e3n trong ch\u1ea5t l\u1ecfng.<\/td>\n<\/tr>\n<tr>\n<td><strong>Hi\u1ec7n t\u01b0\u1ee3ng t\u1ea1o khoang<\/strong><\/td>\n<td>S\u00f3ng \u00e1p su\u1ea5t t\u1ea1o ra c\u00e1c khoang ch\u00e2n kh\u00f4ng ph\u00e1t tri\u1ec3n v\u00e0 s\u1ee5p \u0111\u1ed5 d\u1eef d\u1ed9i.<\/td>\n<\/tr>\n<tr>\n<td><strong>T\u00e1c \u0111\u1ed9ng l\u00e0m s\u1ea1ch<\/strong><\/td>\n<td>S\u1ef1 s\u1ee5p \u0111\u1ed5 khoang t\u1ea1o ra nhi\u1ec7t \u0111\u1ed9 c\u1ee5c b\u1ed9 cao v\u00e0 c\u00e1c d\u00f2ng ch\u1ea5t l\u1ecfng m\u1ea1nh m\u1ebd \u0111\u1ec3 lo\u1ea1i b\u1ecf b\u1ee5i b\u1ea9n.<\/td>\n<\/tr>\n<\/tbody>\n<\/table>\n<p>\u0110\u1ec3 n\u00e2ng cao qu\u00e1 tr\u00ecnh l\u00e0m s\u1ea1ch, ch\u1ea5t t\u1ea9y r\u1eeda ho\u1eb7c x\u00e0 ph\u00f2ng th\u01b0\u1eddng \u0111\u01b0\u1ee3c th\u00eam v\u00e0o dung d\u1ecbch l\u00e0m s\u1ea1ch. Vi\u1ec7c l\u00e0m n\u00f3ng ch\u1ea5t l\u1ecfng c\u0169ng c\u00f3 th\u1ec3 c\u1ea3i thi\u1ec7n hi\u1ec7u qu\u1ea3 c\u1ee7a h\u00f3a ch\u1ea5t l\u00e0m s\u1ea1ch v\u00e0 lo\u1ea1i b\u1ecf c\u00e1c t\u00fai ch\u00e2n kh\u00f4ng, v\u1edbi nhi\u1ec7t \u0111\u1ed9 \u0111\u01b0\u1ee3c khuy\u1ebfn ngh\u1ecb l\u00ean \u0111\u1ebfn 80% \u0111i\u1ec3m s\u00f4i. C\u00e1c v\u1eadt ph\u1ea9m \u0111\u01b0\u1ee3c l\u00e0m s\u1ea1ch th\u01b0\u1eddng \u0111\u01b0\u1ee3c \u0111\u1eb7t trong m\u1ed9t gi\u1ecf, kh\u00f4ng tr\u1ef1c ti\u1ebfp trong b\u1ec3, \u0111\u1ec3 tr\u00e1nh h\u01b0 h\u1ea1i.<\/p>\n<p><iframe loading=\"lazy\" title=\"Degreasing And Derusting With Ultrasonic Cleaning Tanks\" width=\"500\" height=\"281\" src=\"https:\/\/www.youtube.com\/embed\/OXiEKC74BYw?feature=oembed\" frameborder=\"0\" allow=\"accelerometer; autoplay; clipboard-write; encrypted-media; gyroscope; picture-in-picture; web-share\" referrerpolicy=\"strict-origin-when-cross-origin\" allowfullscreen><\/iframe><\/p>\n<h3>2. C\u00e1c lo\u1ea1i H\u1ec7 th\u1ed1ng L\u00e0m s\u1ea1ch b\u1eb1ng S\u00f3ng si\u00eau \u00e2m<\/h3>\n<p>H\u1ec7 th\u1ed1ng l\u00e0m s\u1ea1ch b\u1eb1ng s\u00f3ng si\u00eau \u00e2m c\u00f3 s\u1eb5n \u1edf nhi\u1ec1u c\u1ea5u h\u00ecnh kh\u00e1c nhau \u0111\u1ec3 ph\u00f9 h\u1ee3p v\u1edbi c\u00e1c nhu c\u1ea7u kh\u00e1c nhau, bao g\u1ed3m:<\/p>\n<ul>\n<li><strong>H\u1ec7 th\u1ed1ng L\u00e0m s\u1ea1ch M\u1ed9t b\u1ec3:<\/strong> Ph\u00f9 h\u1ee3p cho kh\u1ed1i l\u01b0\u1ee3ng chi ti\u1ebft nh\u1ecf h\u01a1n. C\u00e1c \u0111\u01a1n v\u1ecb c\u1ea5p c\u00f4ng nghi\u1ec7p v\u1edbi b\u1ed9 ph\u00e1t \u0111i\u1ec7n \u0111\u01b0\u1ee3c b\u1ecdc ri\u00eang \u0111\u01b0\u1ee3c khuy\u1ebfn ngh\u1ecb h\u01a1n c\u00e1c m\u1eabu \u0111\u1ec3 b\u00e0n, v\u1ed1n \u00edt b\u1ec1n h\u01a1n v\u00e0 c\u00f3 b\u1ed9 chuy\u1ec3n \u0111\u1ed5i nh\u1ecf h\u01a1n. Nh\u1eefng h\u1ec7 th\u1ed1ng n\u00e0y l\u00fd t\u01b0\u1edfng cho d\u00e2y chuy\u1ec1n l\u00e0m s\u1ea1ch nguy\u00ean m\u1eabu v\u00e0 ph\u00f2ng th\u00ed nghi\u1ec7m.<\/li>\n<li><strong>Thi\u1ebft l\u1eadp L\u00e0m s\u1ea1ch Th\u01b0\u01a1ng m\u1ea1i\/C\u00f4ng nghi\u1ec7p:<\/strong> C\u00e1c b\u1ec3 l\u1edbn h\u01a1n \u0111\u01b0\u1ee3c thi\u1ebft k\u1ebf cho c\u00e1c \u1ee9ng d\u1ee5ng c\u00f4ng nghi\u1ec7p v\u00e0 chi ti\u1ebft m\u1ea1, n\u01a1i k\u00edch th\u01b0\u1edbc c\u1ee7a c\u00e1c v\u1eadt ph\u1ea9m c\u00f3 th\u1ec3 l\u1edbn h\u01a1n \u0111\u00e1ng k\u1ec3.<\/li>\n<li><strong>Thi\u1ebft l\u1eadp L\u00e0m s\u1ea1ch Nhi\u1ec1u b\u1ec3:<\/strong> \u0110i\u1ec1u n\u00e0y bao g\u1ed3m \u00edt nh\u1ea5t ba b\u1ec3: m\u1ed9t b\u1ec3 ch\u1ea5t t\u1ea9y r\u1eeda si\u00eau \u00e2m, m\u1ed9t b\u1ec3 tr\u00e1ng r\u1eeda si\u00eau \u00e2m v\u00e0 m\u1ed9t b\u1ec3 tr\u00e1ng r\u1eeda b\u1eb1ng v\u00f2i phun ri\u00eang bi\u1ec7t. Nhi\u1ec1u b\u1ec3 cho ph\u00e9p l\u00e0m s\u1ea1ch \u0111\u1ed3ng th\u1eddi nhi\u1ec1u chi ti\u1ebft, v\u1edbi c\u00e1c t\u00ednh n\u0103ng nh\u01b0 tho\u00e1t n\u01b0\u1edbc t\u1ef1 \u0111\u1ed9ng, l\u00e0m \u0111\u1ea7y, l\u1ecdc v\u00e0 b\u1ed9 l\u00e0m n\u00f3ng ch\u1ea5t l\u1ecfng DI. Thi\u1ebft l\u1eadp n\u00e0y c\u00f3 th\u1ec3 \u0111\u01b0\u1ee3c n\u00e2ng cao h\u01a1n n\u1eefa v\u1edbi c\u00e1c b\u1ec3 tr\u00e1ng r\u1eeda si\u00eau \u00e2m v\u00e0 b\u1ec3 phun b\u1ed5 sung.<\/li>\n<li><strong>H\u1ec7 th\u1ed1ng L\u00e0m s\u1ea1ch T\u1ef1 \u0111\u1ed9ng:<\/strong> H\u1ec7 th\u1ed1ng t\u1ef1 \u0111\u1ed9ng \u0111\u1ea3m b\u1ea3o \u0111i\u1ec1u ki\u1ec7n l\u00e0m s\u1ea1ch nh\u1ea5t qu\u00e1n cho m\u1ed7i l\u00f4, lo\u1ea1i b\u1ecf s\u1ef1 kh\u00f4ng \u0111\u1ed3ng nh\u1ea5t li\u00ean quan \u0111\u1ebfn c\u00e1c quy tr\u00ecnh th\u1ee7 c\u00f4ng.<\/li>\n<\/ul>\n<div class=\"woocommerce columns-6\"><\/div>\n<h3>3. T\u1ea1i sao Ch\u1ecdn L\u00e0m s\u1ea1ch b\u1eb1ng S\u00f3ng si\u00eau \u00e2m?<\/h3>\n<p>L\u00e0m s\u1ea1ch b\u1eb1ng s\u00f3ng si\u00eau \u00e2m th\u00e2n thi\u1ec7n v\u1edbi m\u00f4i tr\u01b0\u1eddng v\u00e0 l\u00e0 m\u1ed9t gi\u1ea3i ph\u00e1p thay th\u1ebf hi\u1ec7u qu\u1ea3 cho c\u00e1c ph\u01b0\u01a1ng ph\u00e1p t\u1ea9y d\u1ea7u b\u1eb1ng h\u01a1i truy\u1ec1n th\u1ed1ng. T\u00e1c \u0111\u1ed9ng c\u1ee7a d\u00f2ng phun c\u00f3 th\u1ec3 th\u00e2m nh\u1eadp s\u00e2u v\u00e0o c\u00e1c khe h\u1edf ph\u1ee9c t\u1ea1p v\u00e0 b\u1ec1 m\u1eb7t m\u00e0 c\u00e1c ph\u01b0\u01a1ng ph\u00e1p l\u00e0m s\u1ea1ch kh\u00e1c kh\u00f4ng th\u1ec3 ti\u1ebfp c\u1eadn \u0111\u01b0\u1ee3c. C\u00e1c h\u1ec7 th\u1ed1ng x\u1eed l\u00fd t\u1ef1 \u0111\u1ed9ng, v\u00f2i phun ph\u1ea3n l\u1ef1c v\u00e0 thi\u1ebft b\u1ecb h\u1edbt d\u1ea7u c\u00f3 th\u1ec3 \u0111\u01b0\u1ee3c t\u00edch h\u1ee3p \u0111\u1ec3 n\u00e2ng cao h\u01a1n n\u1eefa quy tr\u00ecnh.<\/p>\n<h3>4. \u1ee8ng d\u1ee5ng c\u1ee7a L\u00e0m s\u1ea1ch b\u1eb1ng S\u00f3ng si\u00eau \u00e2m<\/h3>\n<p>L\u00e0m s\u1ea1ch b\u1eb1ng s\u00f3ng si\u00eau \u00e2m \u0111\u01b0\u1ee3c s\u1eed d\u1ee5ng trong nhi\u1ec1u ng\u00e0nh c\u00f4ng nghi\u1ec7p kh\u00e1c nhau nh\u1edd t\u00ednh hi\u1ec7u qu\u1ea3 v\u00e0 hi\u1ec7u su\u1ea5t c\u1ee7a n\u00f3. D\u01b0\u1edbi \u0111\u00e2y l\u00e0 m\u1ed9t s\u1ed1 \u1ee9ng d\u1ee5ng ch\u00ednh:<\/p>\n<h4>4.1. Ng\u00e0nh Xu\u1ea5t b\u1ea3n v\u00e0 In \u1ea5n<\/h4>\n<p>L\u00e0m s\u1ea1ch b\u1eb1ng s\u00f3ng si\u00eau \u00e2m r\u1ea5t hi\u1ec7u qu\u1ea3 trong ng\u00e0nh in, \u0111\u1eb7c bi\u1ec7t l\u00e0 \u0111\u1ec3 l\u00e0m s\u1ea1ch c\u00e1c tr\u1ee5c Anilox b\u1eb1ng g\u1ed1m, n\u01a1i c\u00e1c ph\u01b0\u01a1ng ph\u00e1p th\u00f4ng th\u01b0\u1eddng kh\u00f4ng th\u1ec3 ti\u1ebfp c\u1eadn c\u00e1c khoang nh\u1ecf. V\u00ed d\u1ee5, m\u1ed9t h\u1ec7 th\u1ed1ng t\u1eeb Beijing Ultrasonic c\u00f3 th\u1ec3 l\u00e0m s\u1ea1ch t\u1ed1i \u0111a 12 tr\u1ee5c c\u00f9ng m\u1ed9t l\u00fac. C\u00e1c t\u00ednh n\u0103ng ch\u00ednh bao g\u1ed3m qu\u00e9t t\u1ea7n s\u1ed1, n\u01a1i t\u1ea7n s\u1ed1 li\u00ean t\u1ee5c thay \u0111\u1ed5i \u0111\u1ec3 \u0111\u1ea3m b\u1ea3o s\u00f3ng \u00e2m \u0111\u01b0\u1ee3c ph\u00e2n b\u1ed1 \u0111\u1ec1u tr\u00ean b\u1ec1 m\u1eb7t tr\u1ee5c, v\u00e0 t\u00ednh n\u0103ng &#8220;Super sweep&#8221;, l\u00e0m t\u0103ng t\u1ed1c \u0111\u1ed9 qu\u00e9t v\u00e0 \u0111\u1ea3m b\u1ea3o l\u00e0m s\u1ea1ch tri\u1ec7t \u0111\u1ec3 v\u00e0 nh\u1eb9 nh\u00e0ng.<\/p>\n<p><img loading=\"lazy\" decoding=\"async\" class=\"alignnone size-full wp-image-1597\" src=\"\/\/www.bjultrasonic.com\/wp-content\/uploads\/2013\/05\/publishing-and-printing-business.jpg\" alt=\"ng\u00e0nh xu\u1ea5t b\u1ea3n v\u00e0 in \u1ea5n\" width=\"650\" height=\"300\" \/><\/p>\n<h4>4.2. Ng\u00e0nh D\u01b0\u1ee3c ph\u1ea9m v\u00e0 L\u00e2m s\u00e0ng<\/h4>\n<p>L\u00e0m s\u1ea1ch b\u1eb1ng s\u00f3ng si\u00eau \u00e2m r\u1ea5t c\u1ea7n thi\u1ebft trong l\u0129nh v\u1ef1c y t\u1ebf \u0111\u1ec3 l\u00e0m s\u1ea1ch thi\u1ebft b\u1ecb ph\u1eabu thu\u1eadt, \u1ed1ng n\u1ed9i soi, c\u1ea5y gh\u00e9p ch\u1ec9nh h\u00ecnh, th\u1ea5u k\u00ednh v\u00e0 kim ti\u00eam d\u01b0\u1edbi da. L\u00e0m s\u1ea1ch hi\u1ec7u qu\u1ea3 l\u00e0 r\u1ea5t quan tr\u1ecdng \u0111\u1ec3 kh\u1eed tr\u00f9ng th\u00e0nh c\u00f4ng. M\u1eb7c d\u00f9 l\u00e0m s\u1ea1ch b\u1eb1ng s\u00f3ng si\u00eau \u00e2m kh\u00f4ng kh\u1eed tr\u00f9ng, nh\u01b0ng n\u00f3 lo\u1ea1i b\u1ecf ch\u1ea5t b\u1ea9n hi\u1ec7u qu\u1ea3. M\u1ed9t quy tr\u00ecnh \u0111i\u1ec3n h\u00ecnh bao g\u1ed3m r\u1eeda tr\u01b0\u1edbc, r\u1eeda si\u00eau \u00e2m, tr\u00e1ng r\u1eeda t\u1ea7ng v\u00e0 s\u1ea5y dao b\u1eb1ng kh\u00f4ng kh\u00ed n\u00f3ng.<\/p>\n<p><img loading=\"lazy\" decoding=\"async\" class=\"alignnone size-full wp-image-1598\" title=\"ng\u00e0nh d\u01b0\u1ee3c ph\u1ea9m v\u00e0 l\u00e2m s\u00e0ng\" src=\"\/\/www.bjultrasonic.com\/wp-content\/uploads\/2013\/05\/medicinal-and-clinical-industry.jpg\" alt=\"ng\u00e0nh d\u01b0\u1ee3c ph\u1ea9m v\u00e0 l\u00e2m s\u00e0ng\" width=\"650\" height=\"320\" \/><\/p>\n<h4>4.3. L\u00e0m S\u1ea1ch C\u1ea5y Gh\u00e9p Nha Khoa v\u00e0 Ch\u1ec9nh H\u00ecnh<\/h4>\n<p>\u0110\u1ed1i v\u1edbi c\u1ea5y gh\u00e9p ch\u1ec9nh h\u00ecnh, l\u00e0m s\u1ea1ch ch\u00ednh x\u00e1c l\u00e0 r\u1ea5t quan tr\u1ecdng, v\u00e0 c\u00e1c h\u1ec7 th\u1ed1ng si\u00eau \u00e2m \u0111\u01b0\u1ee3c thi\u1ebft k\u1ebf \u0111\u1ec3 lo\u1ea1i b\u1ecf tri\u1ec7t \u0111\u1ec3 b\u1ee5i, d\u1ea7u v\u00e0 c\u00e1c h\u1ee3p ch\u1ea5t. C\u00e1c h\u1ec7 th\u1ed1ng nhi\u1ec1u giai \u0111o\u1ea1n v\u1edbi t\u00ednh n\u0103ng t\u1ef1 \u0111\u1ed9ng v\u00e0 b\u00e1n t\u1ef1 \u0111\u1ed9ng c\u00f3 s\u1eb5n \u0111\u1ec3 \u0111\u00e1p \u1ee9ng c\u00e1c y\u00eau c\u1ea7u c\u1ee5 th\u1ec3, v\u1edbi quy tr\u00ecnh bao g\u1ed3m r\u1eeda tr\u01b0\u1edbc v\u1edbi b\u1ed9 l\u1ecdc qu\u00e9t b\u1ec1 m\u1eb7t v\u00e0 turbo, r\u1eeda si\u00eau \u00e2m, tr\u00e1ng theo t\u1ea7ng v\u00e0 s\u1ea5y b\u1eb1ng dao.<\/p>\n<p><img loading=\"lazy\" decoding=\"async\" class=\" wp-image-1599 alignnone\" title=\"Dental and Orthopedic Insertion and Implant Cleaning\" src=\"\/\/www.bjultrasonic.com\/wp-content\/uploads\/2013\/05\/Dental-and-Orthopedic-Insertion-and-Implant-Cleaning.png\" alt=\"Dental and Orthopedic Insertion and Implant Cleaning\" width=\"650\" height=\"323\" \/><\/p>\n<h4>4.4. Ng\u00e0nh C\u00f4ng nghi\u1ec7p Thi\u1ebft Gi\u00e1p v\u00e0 Ph\u00e1o Binh<\/h4>\n<p>L\u00e0m s\u1ea1ch si\u00eau \u00e2m r\u1ea5t hi\u1ec7u qu\u1ea3 cho s\u00fang c\u1ea7m tay, lo\u1ea1i b\u1ecf mu\u1ed9i than, d\u1ea7u, s\u1ea3n ph\u1ea9m ph\u1ee5 c\u1ee7a thu\u1ed1c s\u00fang ch\u00e1y v\u00e0 c\u1eb7n ch\u00ec\/\u0111\u1ed3ng. N\u00f3 hi\u1ec7u qu\u1ea3 h\u01a1n l\u00e0m s\u1ea1ch th\u1ee7 c\u00f4ng v\u00e0 l\u00e0m s\u1ea1ch c\u1ea3 b\u1ec1 m\u1eb7t b\u00ean trong l\u1eabn b\u00ean ngo\u00e0i. C\u00e1c h\u1ec7 th\u1ed1ng bao g\u1ed3m ch\u1ea5t \u0111\u1ea9y th\u1ee7y l\u1ef1c v\u00e0 dung d\u1ecbch \u0111\u1eb7c bi\u1ec7t \u0111\u1ec3 lo\u1ea1i b\u1ecf c\u1eb7n b\u1ea9n trong khi \u0111\u1ec3 s\u00fang c\u1ea7m tay tr\u00f4ng nh\u01b0 m\u1edbi. Beijing Ultrasonic l\u00e0 \u0111\u01a1n v\u1ecb ti\u00ean phong trong vi\u1ec7c s\u1eed d\u1ee5ng c\u00f4ng ngh\u1ec7 n\u00e0y t\u1ea1i Trung Qu\u1ed1c.<\/p>\n<p><img loading=\"lazy\" decoding=\"async\" class=\"alignnone size-full wp-image-1600\" src=\"\/\/www.bjultrasonic.com\/wp-content\/uploads\/2013\/05\/Armor-and-artillery-Industry.jpg\" alt=\"Armor and artillery Industry\" width=\"650\" height=\"286\" \/><\/p>\n<h4>4.5. Ng\u00e0nh C\u00f4ng nghi\u1ec7p \u00d4 t\u00f4 v\u00e0 Xe h\u01a1i<\/h4>\n<p>L\u00e0m s\u1ea1ch si\u00eau \u00e2m \u0111\u01b0\u1ee3c s\u1eed d\u1ee5ng \u0111\u1ec3 l\u00e0m s\u1ea1ch c\u00e1c b\u1ed9 ph\u1eadn \u00f4 t\u00f4 nh\u01b0 piston, tr\u1ee5c khu\u1ef7u, v\u00f2ng bi, b\u00e1nh r\u0103ng, v\u00f2i phun nhi\u00ean li\u1ec7u v\u00e0 c\u00e1c b\u1ed9 ph\u1eadn \u0111i\u1ec1u h\u00f2a kh\u00f4ng kh\u00ed. Thi\u1ebft k\u1ebf c\u1ee7a c\u00e1c h\u1ec7 th\u1ed1ng n\u00e0y t\u00ednh \u0111\u1ebfn lo\u1ea1i ch\u1ea5t b\u1ea9n, m\u1ee9c \u0111\u1ed9 s\u1ea1ch y\u00eau c\u1ea7u, s\u1ed1 l\u01b0\u1ee3ng b\u1ed9 ph\u1eadn, h\u00ecnh d\u1ea1ng, v\u1eadt li\u1ec7u v\u00e0 t\u1ef7 l\u1ec7 s\u1ea3n xu\u1ea5t t\u1ed5ng th\u1ec3. C\u00e1c h\u1ec7 th\u1ed1ng ti\u00eau chu\u1ea9n bao g\u1ed3m c\u00e1c giai \u0111o\u1ea1n l\u00e0m s\u1ea1ch, tr\u00e1ng v\u00e0 s\u1ea5y kh\u00f4. Vi\u1ec7c x\u1eed l\u00fd b\u1ed9 ph\u1eadn l\u00e0 r\u1ea5t quan tr\u1ecdng \u0111\u1ec3 tr\u00e1nh b\u1ecb k\u1eb9t kh\u00f4ng kh\u00ed, \u0111\u1ea3m b\u1ea3o dung d\u1ecbch l\u00e0m s\u1ea1ch ti\u1ebfp c\u1eadn hi\u1ec7u qu\u1ea3 t\u1ea5t c\u1ea3 c\u00e1c b\u1ec1 m\u1eb7t.<\/p>\n<p><img loading=\"lazy\" decoding=\"async\" class=\"alignnone size-full wp-image-1602\" src=\"\/\/www.bjultrasonic.com\/wp-content\/uploads\/2013\/05\/Car-and-Automotive-Industry.jpg\" alt=\"Car and Automotive Industry\" width=\"650\" height=\"316\" \/><\/p>\n<h4>4.6. Ng\u00e0nh C\u00f4ng nghi\u1ec7p \u0110\u1ed3 Trang s\u1ee9c, Trang s\u1ee9c v\u00e0 C\u1ed5 V\u1eadt<\/h4>\n<p>M\u00e1y l\u00e0m s\u1ea1ch si\u00eau \u00e2m l\u00e0 l\u00fd t\u01b0\u1edfng \u0111\u1ec3 l\u00e0m s\u1ea1ch trang s\u1ee9c, k\u00ednh m\u1eaft v\u00e0 th\u1ea5u k\u00ednh. Ch\u00fang s\u1eed d\u1ee5ng n\u01b0\u1edbc v\u1edbi h\u1ed7n h\u1ee3p l\u00e0m s\u1ea1ch \u0111\u1ec3 t\u1ea1o ra h\u00e0ng tri\u1ec7u bong b\u00f3ng ti\u1ebfp c\u1eadn nh\u1eefng khu v\u1ef1c m\u00e0 b\u00e0n ch\u1ea3i kh\u00f4ng th\u1ec3. C\u00e1c t\u00ednh n\u0103ng \u0111\u1eb7c bi\u1ec7t bao g\u1ed3m s\u01a1 \u0111\u1ed3 m\u1ea1ch ri\u00eang bi\u1ec7t cho an to\u00e0n, m\u00e0n h\u00ecnh hi\u1ec3n th\u1ecb th\u1eddi gian k\u1ef9 thu\u1eadt s\u1ed1 v\u00e0 gi\u00e1 \u0111\u1ee1 \u0111\u1ed3ng h\u1ed3\/trang s\u1ee9c.<\/p>\n<p><iframe loading=\"lazy\" title=\"Digital Ultrasonic Cleaner - Beijing Ultrasonic\" width=\"500\" height=\"281\" src=\"https:\/\/www.youtube.com\/embed\/gVMD-PH8CBo?feature=oembed\" frameborder=\"0\" allow=\"accelerometer; autoplay; clipboard-write; encrypted-media; gyroscope; picture-in-picture; web-share\" referrerpolicy=\"strict-origin-when-cross-origin\" allowfullscreen><\/iframe><\/p>\n<h4>4.7. L\u00e0m S\u1ea1ch C\u00f4ng nghi\u1ec7p Ph\u1ee5 T\u00f9ng v\u00e0 \u0110\u1ed3 \u0110\u1ed3ng Thau<\/h4>\n<p>C\u00e1c h\u1ec7 th\u1ed1ng si\u00eau \u00e2m \u0111\u01b0\u1ee3c s\u1eed d\u1ee5ng \u0111\u1ec3 l\u00e0m s\u1ea1ch c\u00e1c s\u1ea3n ph\u1ea9m kim lo\u1ea1i sau khi \u0111\u00e1nh b\u00f3ng, ch\u1eb3ng h\u1ea1n nh\u01b0 \u0111\u1ed3 d\u00f9ng nh\u00e0 b\u1ebfp, v\u00f2i n\u01b0\u1edbc, \u0111\u00e8n ch\u00f9m v\u00e0 nh\u1ea1c c\u1ee5 b\u1eb1ng \u0111\u1ed3ng thau. C\u00e1c h\u1ec7 th\u1ed1ng c\u00f3 th\u1ec3 x\u1eed l\u00fd vi\u1ec7c lo\u1ea1i b\u1ecf ch\u1ea5t b\u00e9o \u0111\u1ed9ng th\u1ef1c v\u1eadt v\u00e0 b\u1ed9t \u0111\u00e1nh b\u00f3ng. C\u00e1c t\u00ednh n\u0103ng c\u1ee7a h\u1ec7 th\u1ed1ng bao g\u1ed3m gia nhi\u1ec7t ch\u1eadm v\u00e0 v\u00f2ng quanh, cu\u1ed9n l\u00e0m m\u00e1t v\u00e0 c\u00e1c t\u00ednh n\u0103ng an to\u00e0n t\u1ef1 \u0111\u1ed9ng.<\/p>\n<p><img loading=\"lazy\" decoding=\"async\" class=\"size-full wp-image-1604 alignnone\" title=\"Hardware and Brassware Industrial Cleaning\" src=\"\/\/www.bjultrasonic.com\/wp-content\/uploads\/2013\/05\/Hardware-and-Brassware-Industrial-Cleaning.jpg\" alt=\"Hardware and Brassware Industrial Cleaning\" width=\"650\" height=\"425\" \/><\/p>\n<h4>4.8. L\u00e0m S\u1ea1ch \u0110\u1ea7u B\u00fat Bi<\/h4>\n<p>L\u00e0m s\u1ea1ch si\u00eau \u00e2m l\u00e0 ph\u01b0\u01a1ng ph\u00e1p \u0111\u00e1ng tin c\u1eady duy nh\u1ea5t \u0111\u1ec3 l\u00e0m s\u1ea1ch c\u00e1c s\u1ea3n ph\u1ea9m ti\u1ec7n nh\u01b0 \u0111\u1ea7u b\u00fat bi. Quy tr\u00ecnh y\u00eau c\u1ea7u chuy\u1ec3n \u0111\u1ed9ng quay v\u00e0 t\u00e1c \u0111\u1ed9ng si\u00eau \u00e2m. M\u1ed9t h\u1ec7 th\u1ed1ng \u0111i\u1ec3n h\u00ecnh bao g\u1ed3m l\u00e0m s\u1ea1ch trong ch\u1ea5t t\u1ea9y r\u1eeda \u0111\u01b0\u1ee3c l\u00e0m n\u00f3ng, tr\u00e1ng b\u1eb1ng n\u01b0\u1edbc l\u1ea1nh v\u00e0 n\u01b0\u1edbc \u1ea5m, v\u00e0 s\u1ea5y b\u1eb1ng kh\u00f4ng kh\u00ed n\u00f3ng c\u00f3 \u00e1p su\u1ea5t. H\u1ec7 th\u1ed1ng l\u00e0m s\u1ea1ch c\u00f3 th\u1ec3 ho\u00e0n to\u00e0n t\u1ef1 \u0111\u1ed9ng v\u00e0 th\u00e2n thi\u1ec7n v\u1edbi m\u00f4i tr\u01b0\u1eddng.<\/p>\n<p><img loading=\"lazy\" decoding=\"async\" class=\"alignnone size-full wp-image-1605\" title=\"Ultrasonic treatment to clean Ballpoint Pen Tip\" src=\"\/\/www.bjultrasonic.com\/wp-content\/uploads\/2013\/05\/Ultrasonic-treatment-to-clean-Ballpoint-Pen-Tip.jpg\" alt=\"Ultrasonic treatment to clean Ballpoint Pen Tip\" width=\"650\" height=\"244\" \/><\/p>\n<p>C\u00f4ng ngh\u1ec7 l\u00e0m s\u1ea1ch si\u00eau \u00e2m cung c\u1ea5p m\u1ed9t gi\u1ea3i ph\u00e1p hi\u1ec7u qu\u1ea3, m\u1ea1nh m\u1ebd v\u00e0 linh ho\u1ea1t \u0111\u1ec3 l\u00e0m s\u1ea1ch nhi\u1ec1u lo\u1ea1i v\u1eadt ph\u1ea9m tr\u00ean nhi\u1ec1u ng\u00e0nh c\u00f4ng nghi\u1ec7p. T\u1eeb c\u00e1c d\u1ee5ng c\u1ee5 y t\u1ebf tinh vi \u0111\u1ebfn c\u00e1c b\u1ed9 ph\u1eadn \u00f4 t\u00f4 l\u1edbn, vi\u1ec7c \u1ee9ng d\u1ee5ng s\u00f3ng \u00e2m t\u1ea7n s\u1ed1 cao mang l\u1ea1i hi\u1ec7u su\u1ea5t l\u00e0m s\u1ea1ch v\u01b0\u1ee3t tr\u1ed9i m\u00e0 kh\u00f3 c\u00f3 th\u1ec3 \u0111\u1ea1t \u0111\u01b0\u1ee3c b\u1eb1ng c\u00e1c ph\u01b0\u01a1ng ph\u00e1p l\u00e0m s\u1ea1ch truy\u1ec1n th\u1ed1ng. \u0110\u1eb7c bi\u1ec7t, Beijing Ultrasonic n\u1ed5i b\u1eadt v\u1edbi c\u00e1c c\u00f4ng ngh\u1ec7 ti\u00ean ti\u1ebfn nh\u01b0 qu\u00e9t t\u1ea7n s\u1ed1 v\u00e0 si\u00eau qu\u00e9t, \u0111\u1ea3m b\u1ea3o c\u00e1c gi\u1ea3i ph\u00e1p l\u00e0m s\u1ea1ch ch\u1ea5t l\u01b0\u1ee3ng cao, \u0111\u00e1ng tin c\u1eady v\u00e0 an to\u00e0n ngay c\u1ea3 cho nh\u1eefng \u1ee9ng d\u1ee5ng l\u00e0m s\u1ea1ch kh\u1eaft khe nh\u1ea5t.<\/p>\n","protected":false},"excerpt":{"rendered":"<p>L\u00e0m s\u1ea1ch b\u1eb1ng s\u00f3ng si\u00eau \u00e2m l\u00e0 m\u1ed9t ph\u01b0\u01a1ng ph\u00e1p hi\u1ec7u qu\u1ea3 cao \u0111\u1ec3 lo\u1ea1i b\u1ecf ch\u1ea5t b\u1ea9n kh\u1ecfi nhi\u1ec1u lo\u1ea1i v\u1eadt th\u1ec3 kh\u00e1c nhau. N\u00f3 s\u1eed d\u1ee5ng s\u00f3ng \u00e2m t\u1ea7n s\u1ed1 cao, tai ng\u01b0\u1eddi kh\u00f4ng nghe th\u1ea5y \u0111\u01b0\u1ee3c, \u0111\u1ec3 khu\u1ea5y \u0111\u1ed9ng dung d\u1ecbch l\u00e0m s\u1ea1ch. S\u1ef1 khu\u1ea5y \u0111\u1ed9ng n\u00e0y t\u1ea1o ra m\u1ed9t t\u00e1c \u0111\u1ed9ng<\/p>\n","protected":false},"author":1,"featured_media":4843,"parent":0,"menu_order":2,"comment_status":"closed","ping_status":"closed","template":"","meta":{"footnotes":""},"class_list":["post-72787","page","type-page","status-publish","has-post-thumbnail","hentry","prodpage-classic"],"aioseo_notices":[],"_links":{"self":[{"href":"https:\/\/www.bjultrasonic.com\/vi\/wp-json\/wp\/v2\/pages\/72787","targetHints":{"allow":["GET"]}}],"collection":[{"href":"https:\/\/www.bjultrasonic.com\/vi\/wp-json\/wp\/v2\/pages"}],"about":[{"href":"https:\/\/www.bjultrasonic.com\/vi\/wp-json\/wp\/v2\/types\/page"}],"author":[{"embeddable":true,"href":"https:\/\/www.bjultrasonic.com\/vi\/wp-json\/wp\/v2\/users\/1"}],"replies":[{"embeddable":true,"href":"https:\/\/www.bjultrasonic.com\/vi\/wp-json\/wp\/v2\/comments?post=72787"}],"version-history":[{"count":0,"href":"https:\/\/www.bjultrasonic.com\/vi\/wp-json\/wp\/v2\/pages\/72787\/revisions"}],"wp:featuredmedia":[{"embeddable":true,"href":"https:\/\/www.bjultrasonic.com\/vi\/wp-json\/wp\/v2\/media\/4843"}],"wp:attachment":[{"href":"https:\/\/www.bjultrasonic.com\/vi\/wp-json\/wp\/v2\/media?parent=72787"}],"curies":[{"name":"wp","href":"https:\/\/api.w.org\/{rel}","templated":true}]}}