{"id":73081,"date":"2012-04-28T19:12:36","date_gmt":"2012-04-29T02:12:36","guid":{"rendered":"https:\/\/www.bjultrasonic.com\/contact\/"},"modified":"2026-03-31T01:00:49","modified_gmt":"2026-03-31T06:00:49","slug":"contact","status":"publish","type":"page","link":"https:\/\/www.bjultrasonic.com\/vi\/contact\/","title":{"rendered":"Li\u00ean H\u1ec7 Ch\u00fang T\u00f4i"},"content":{"rendered":"<p>Ch\u00fang t\u00f4i lu\u00f4n s\u1eb5n s\u00e0ng h\u1ed7 tr\u1ee3! D\u00f9 b\u1ea1n c\u00f3 th\u1eafc m\u1eafc v\u1ec1 <a href=\"https:\/\/www.bjultrasonic.com\/shop\/\">s\u1ea3n ph\u1ea9m si\u00eau \u00e2m<\/a> c\u1ee7a ch\u00fang t\u00f4i, c\u1ea7n gi\u1ea3i ph\u00e1p OEM t\u00f9y ch\u1ec9nh, hay c\u1ea7n h\u1ed7 tr\u1ee3 v\u1ec1 gi\u00e1 c\u1ea3 v\u00e0 thanh to\u00e1n, \u0111\u1ed9i ng\u0169 chuy\u00ean tr\u00e1ch c\u1ee7a ch\u00fang t\u00f4i lu\u00f4n s\u1eb5n s\u00e0ng gi\u00fap \u0111\u1ee1. Vui l\u00f2ng \u0111i\u1ec1n v\u00e0o bi\u1ec3u m\u1eabu li\u00ean h\u1ec7 b\u00ean d\u01b0\u1edbi, v\u00e0 ch\u00fang t\u00f4i s\u1ebd \u0111\u1ea3m b\u1ea3o ph\u1ea3n h\u1ed3i tin nh\u1eafn c\u1ee7a b\u1ea1n trong v\u00f2ng 2 ng\u00e0y l\u00e0m vi\u1ec7c. \u0110\u1ed1i v\u1edbi c\u00e1c v\u1ea5n \u0111\u1ec1 kh\u1ea9n c\u1ea5p, xin vui l\u00f2ng li\u00ean h\u1ec7 tr\u1ef1c ti\u1ebfp v\u1edbi ch\u00fang t\u00f4i qua \u0111i\u1ec7n tho\u1ea1i ho\u1eb7c WhatsApp.<\/p>\n","protected":false},"excerpt":{"rendered":"<p>Ch\u00fang t\u00f4i lu\u00f4n s\u1eb5n s\u00e0ng h\u1ed7 tr\u1ee3! D\u00f9 b\u1ea1n c\u00f3 th\u1eafc m\u1eafc v\u1ec1 s\u1ea3n ph\u1ea9m si\u00eau \u00e2m c\u1ee7a ch\u00fang t\u00f4i, c\u1ea7n gi\u1ea3i ph\u00e1p OEM t\u00f9y ch\u1ec9nh, hay c\u1ea7n h\u1ed7 tr\u1ee3 v\u1ec1 gi\u00e1 c\u1ea3 v\u00e0 thanh to\u00e1n, \u0111\u1ed9i ng\u0169 chuy\u00ean tr\u00e1ch c\u1ee7a ch\u00fang t\u00f4i lu\u00f4n s\u1eb5n s\u00e0ng gi\u00fap \u0111\u1ee1. Vui l\u00f2ng \u0111i\u1ec1n v\u00e0o bi\u1ec3u m\u1eabu li\u00ean<\/p>\n","protected":false},"author":1,"featured_media":0,"parent":0,"menu_order":8,"comment_status":"closed","ping_status":"closed","template":"","meta":{"footnotes":""},"class_list":["post-73081","page","type-page","status-publish","hentry","prodpage-classic"],"aioseo_notices":[],"_links":{"self":[{"href":"https:\/\/www.bjultrasonic.com\/vi\/wp-json\/wp\/v2\/pages\/73081","targetHints":{"allow":["GET"]}}],"collection":[{"href":"https:\/\/www.bjultrasonic.com\/vi\/wp-json\/wp\/v2\/pages"}],"about":[{"href":"https:\/\/www.bjultrasonic.com\/vi\/wp-json\/wp\/v2\/types\/page"}],"author":[{"embeddable":true,"href":"https:\/\/www.bjultrasonic.com\/vi\/wp-json\/wp\/v2\/users\/1"}],"replies":[{"embeddable":true,"href":"https:\/\/www.bjultrasonic.com\/vi\/wp-json\/wp\/v2\/comments?post=73081"}],"version-history":[{"count":0,"href":"https:\/\/www.bjultrasonic.com\/vi\/wp-json\/wp\/v2\/pages\/73081\/revisions"}],"wp:attachment":[{"href":"https:\/\/www.bjultrasonic.com\/vi\/wp-json\/wp\/v2\/media?parent=73081"}],"curies":[{"name":"wp","href":"https:\/\/api.w.org\/{rel}","templated":true}]}}