{"id":67289,"date":"2022-08-10T06:03:06","date_gmt":"2022-08-10T11:03:06","guid":{"rendered":"https:\/\/www.bjultrasonic.com\/shop\/ultrasonic-welding-machine\/"},"modified":"2026-03-28T20:40:04","modified_gmt":"2026-03-29T01:40:04","slug":"ultrasonic-welding-machine","status":"publish","type":"product","link":"https:\/\/www.bjultrasonic.com\/vi\/shop\/ultrasonic-welding-machine\/","title":{"rendered":"M\u00e1y H\u00e0n Nh\u1ef1a &#038; Kim Lo\u1ea1i Si\u00eau \u00c2m"},"content":{"rendered":"<p><img loading=\"lazy\" decoding=\"async\" class=\"alignnone size-full wp-image-24642\" src=\"https:\/\/www.bjultrasonic.com\/wp-content\/uploads\/2022\/08\/Ultrasonic-Welding-Machine-7.jpg\" alt=\"M\u00e1y H\u00e0n Si\u00eau \u00c2m 7\" width=\"700\" height=\"561\" \/><\/p>\n<h3>\u1ee8ng D\u1ee5ng<\/h3>\n<p>H\u00e0n nh\u1ef1a, h\u00e0n v\u1ea3i kh\u00f4ng d\u1ec7t, h\u00e0n kim lo\u1ea1i, v.v.<\/p>\n<p>M\u00e1y h\u00e0n si\u00eau \u00e2m nh\u1ef1a cho t\u1ea5m th\u1ebb ph\u00e2n lo\u1ea1i PSA, b\u1ed9 h\u1eb9n gi\u1edd xung b\u1eadt\/t\u1eaft, \u0111i\u1ec1u ch\u1ec9nh c\u00f4ng su\u1ea5t ch\u00ednh x\u00e1c \u0111\u1ec3 \u0111\u1ea3m b\u1ea3o ch\u1ea5t l\u01b0\u1ee3ng h\u00e0n cao, thi\u1ebft b\u1ecb c\u00f3 th\u1ec3 l\u00e0m vi\u1ec7c gi\u00e1n \u0111o\u1ea1n, c\u0169ng c\u00f3 th\u1ec3 ch\u1ea1y kh\u00f4ng t\u1ea3i, \u0111\u00e1p \u1ee9ng c\u00e1c nhu c\u1ea7u h\u00e0n kh\u00e1c nhau. Thi\u1ebft k\u1ebf \u0111\u1ea7u h\u00e0n ph\u1eb3ng\/N95 m\u1edbi nh\u1ea5t, nh\u1ecf g\u1ecdn v\u00e0 \u0111\u1eb9p m\u1eaft, t\u1ea7m nh\u00ecn thao t\u00e1c t\u1ed1t, thi\u1ebft k\u1ebf h\u1ed9p \u0111i\u1ec7n m\u00e1y ph\u00e1t si\u00eau \u00e2m m\u1edbi, b\u1ea3o v\u1ec7 th\u00f4ng minh, hi\u1ec7u su\u1ea5t \u1ed5n \u0111\u1ecbnh, thi\u1ebft b\u1ecb \u0111\u00e1ng tin c\u1eady, tu\u1ed5i th\u1ecd l\u00e2u d\u00e0i.<\/p>\n<h3>\u0110\u1eb7c \u0110i\u1ec3m<\/h3>\n<ul>\n<li>S\u1eed d\u1ee5ng m\u1ea1ch t\u1ef1 k\u00edch, trong qu\u00e1 tr\u00ecnh l\u00e0m vi\u1ec7c, theo d\u00f5i s\u1ef1 thay \u0111\u1ed5i th\u00f4ng s\u1ed1 c\u1ee7a \u0111\u1ea7u d\u00f2, ph\u00e1t huy t\u1ed1i \u0111a hi\u1ec7u su\u1ea5t c\u1ee7a \u0111\u1ea7u d\u00f2 v\u00e0 \u0111\u1ea7u c\u00f4ng c\u1ee5;<\/li>\n<li>\u1ed0ng c\u00f4ng su\u1ea5t cao nh\u1eadp kh\u1ea9u, ch\u1ecbu \u0111\u01b0\u1ee3c s\u1ed1c d\u00f2ng \u0111i\u1ec7n l\u1edbn, t\u0103ng \u0111\u1ed9 \u1ed5n \u0111\u1ecbnh cho m\u00e1y ph\u00e1t si\u00eau \u00e2m khi l\u00e0m vi\u1ec7c.<\/li>\n<li>S\u1eed d\u1ee5ng m\u00e0n h\u00ecnh hi\u1ec3n th\u1ecb t\u1ea7n s\u1ed1 k\u1ef9 thu\u1eadt s\u1ed1, c\u00f3 th\u1ec3 \u0111i\u1ec1u ch\u1ec9nh tinh t\u1ea7n s\u1ed1, quan s\u00e1t ch\u00ednh x\u00e1c t\u1ea7n s\u1ed1 ho\u1ea1t \u0111\u1ed9ng c\u1ee7a m\u00e1y ph\u00e1t.<\/li>\n<li>D\u1ec5 v\u1eadn h\u00e0nh, c\u00f3 th\u1ec3 \u00e1p d\u1ee5ng cho \u0111\u1ea7u d\u00f2 v\u00e0 khu\u00f4n c\u00f3 quy c\u00e1ch kh\u00e1c nhau. H\u00e0n \u0111\u01b0\u1ee3c nhi\u1ec1u lo\u1ea1i v\u1eadt li\u1ec7u<\/li>\n<\/ul>\n<h3>Video<\/h3>\n<p><iframe loading=\"lazy\" title=\"Ultrasonic Plastic Welding Machine Supplier\" width=\"500\" height=\"281\" src=\"https:\/\/www.youtube.com\/embed\/rSEf_GwBZQg?feature=oembed\" frameborder=\"0\" allow=\"accelerometer; autoplay; clipboard-write; encrypted-media; gyroscope; picture-in-picture; web-share\" referrerpolicy=\"strict-origin-when-cross-origin\" allowfullscreen><\/iframe><\/p>\n<p><iframe loading=\"lazy\" title=\"Plastic Ultrasonic Welding Machine Manufacturers\" width=\"500\" height=\"281\" src=\"https:\/\/www.youtube.com\/embed\/ntAp1KwSp-k?feature=oembed\" frameborder=\"0\" allow=\"accelerometer; autoplay; clipboard-write; encrypted-media; gyroscope; picture-in-picture; web-share\" referrerpolicy=\"strict-origin-when-cross-origin\" allowfullscreen><\/iframe><\/p>\n<p><iframe loading=\"lazy\" title=\"Ultrasonic Welding Machine\" width=\"500\" height=\"281\" src=\"https:\/\/www.youtube.com\/embed\/uB5-z1eBeCA?feature=oembed\" frameborder=\"0\" allow=\"accelerometer; autoplay; clipboard-write; encrypted-media; gyroscope; picture-in-picture; web-share\" referrerpolicy=\"strict-origin-when-cross-origin\" allowfullscreen><\/iframe><\/p>\n<p><strong>M\u00e3 s\u1ed1 model\uff1aBJSU-15<\/strong><\/p>\n<ul>\n<li>T\u1ea7n s\u1ed1\uff1a15K<\/li>\n<li>C\u00f4ng su\u1ea5t\uff1a2600W<\/li>\n<li>\u0110i\u1ec7n \u00e1p ho\u1ea1t \u0111\u1ed9ng\uff1aAC220V\/50Hz<\/li>\n<li>D\u1ea3i t\u1ea7n s\u1ed1\uff1a15 Khz<\/li>\n<\/ul>\n<p><strong>M\u00e3 s\u1ed1 model\uff1aBJSU-20<\/strong><\/p>\n<ul>\n<li>T\u1ea7n s\u1ed1 20K<\/li>\n<li>C\u00f4ng su\u1ea5t\uff1a2000W\/2600W<\/li>\n<li>\u0110i\u1ec7n \u00e1p ho\u1ea1t \u0111\u1ed9ng\uff1aAC220V\/50Hz<\/li>\n<li>D\u1ea3i t\u1ea7n s\u1ed1\uff1a20Khz<\/li>\n<\/ul>\n","protected":false},"excerpt":{"rendered":"<p data-sourcepos=\"1:1-1:237\">M\u00e1y h\u00e0n si\u00eau \u00e2m l\u00e0 m\u1ed9t c\u00f4ng c\u1ee5 chuy\u00ean d\u1ee5ng s\u1eed d\u1ee5ng s\u00f3ng \u00e2m t\u1ea7n s\u1ed1 cao \u0111\u1ec3 n\u1ed1i c\u00e1c v\u1eadt li\u1ec7u nh\u1ef1a nhi\u1ec7t d\u1ebbo. \u0110\u00e2y l\u00e0 m\u1ed9t k\u1ef9 thu\u1eadt h\u00e0n kh\u00f4ng ph\u00e1 h\u1ee7y, hi\u1ec7u qu\u1ea3 v\u00e0 ch\u00ednh x\u00e1c, kh\u00f4ng y\u00eau c\u1ea7u nhi\u1ec7t, ch\u1ea5t k\u1ebft d\u00ednh ho\u1eb7c dung m\u00f4i.<\/p>\n","protected":false},"featured_media":24636,"comment_status":"closed","ping_status":"closed","template":"","meta":[],"product_brand":[],"product_cat":[5636],"product_tag":[],"class_list":{"0":"post-67289","1":"product","2":"type-product","3":"status-publish","4":"has-post-thumbnail","6":"product_cat-ultrasonic-welding-equipment-vi","8":"first","9":"instock","10":"shipping-taxable","11":"product-type-external","12":"prodpage-classic"},"aioseo_notices":[],"_links":{"self":[{"href":"https:\/\/www.bjultrasonic.com\/vi\/wp-json\/wp\/v2\/product\/67289","targetHints":{"allow":["GET"]}}],"collection":[{"href":"https:\/\/www.bjultrasonic.com\/vi\/wp-json\/wp\/v2\/product"}],"about":[{"href":"https:\/\/www.bjultrasonic.com\/vi\/wp-json\/wp\/v2\/types\/product"}],"replies":[{"embeddable":true,"href":"https:\/\/www.bjultrasonic.com\/vi\/wp-json\/wp\/v2\/comments?post=67289"}],"wp:featuredmedia":[{"embeddable":true,"href":"https:\/\/www.bjultrasonic.com\/vi\/wp-json\/wp\/v2\/media\/24636"}],"wp:attachment":[{"href":"https:\/\/www.bjultrasonic.com\/vi\/wp-json\/wp\/v2\/media?parent=67289"}],"wp:term":[{"taxonomy":"product_brand","embeddable":true,"href":"https:\/\/www.bjultrasonic.com\/vi\/wp-json\/wp\/v2\/product_brand?post=67289"},{"taxonomy":"product_cat","embeddable":true,"href":"https:\/\/www.bjultrasonic.com\/vi\/wp-json\/wp\/v2\/product_cat?post=67289"},{"taxonomy":"product_tag","embeddable":true,"href":"https:\/\/www.bjultrasonic.com\/vi\/wp-json\/wp\/v2\/product_tag?post=67289"}],"curies":[{"name":"wp","href":"https:\/\/api.w.org\/{rel}","templated":true}]}}