{"id":67291,"date":"2021-03-22T09:26:39","date_gmt":"2021-03-22T14:26:39","guid":{"rendered":"https:\/\/www.bjultrasonic.com\/shop\/6000ml-ultrasonic-atomizer\/"},"modified":"2026-03-28T20:40:04","modified_gmt":"2026-03-29T01:40:04","slug":"6000ml-ultrasonic-atomizer","status":"publish","type":"product","link":"https:\/\/www.bjultrasonic.com\/vi\/shop\/6000ml-ultrasonic-atomizer\/","title":{"rendered":"6000ML M\u00e1y phun s\u01b0\u01a1ng si\u00eau \u00e2m"},"content":{"rendered":"<p>&nbsp;<\/p>\n<table class=\"table table-striped table-bordered\">\n<tbody>\n<tr>\n<td width=\"232\">Lo\u1ea1i<\/td>\n<td width=\"418\">BJAR6000<\/td>\n<\/tr>\n<tr>\n<td width=\"232\">L\u01b0\u1ee3ng phun s\u01b0\u01a1ng<\/td>\n<td width=\"418\">&gt;6000ML<\/td>\n<\/tr>\n<tr>\n<td width=\"232\">K\u00edch th\u01b0\u1edbc<\/td>\n<td width=\"418\">326*68*52 mm(d\u00e0i*r\u1ed9ng*cao)<\/td>\n<\/tr>\n<tr>\n<td width=\"232\">T\u1ea7n s\u1ed1 ho\u1ea1t \u0111\u1ed9ng<\/td>\n<td width=\"418\">1700\u00b150(KHZ)<\/td>\n<\/tr>\n<tr>\n<td width=\"232\">\u0110\u01b0\u1eddng k\u00ednh g\u1ed1m \u00e1p \u0111i\u1ec7n<\/td>\n<td width=\"418\">20mm<\/td>\n<\/tr>\n<tr>\n<td width=\"232\">Nhi\u1ec7t \u0111\u1ed9 ho\u1ea1t \u0111\u1ed9ng<\/td>\n<td width=\"418\">5\uff5e45\u2103<\/td>\n<\/tr>\n<tr>\n<td width=\"232\">B\u1ea3o v\u1ec7 qu\u00e1 nhi\u1ec7t<\/td>\n<td width=\"418\">50\u2103<\/td>\n<\/tr>\n<tr>\n<td width=\"232\">M\u1ef1c n\u01b0\u1edbc<\/td>\n<td width=\"418\">40mm-80mm<\/p>\n<p>M\u1ef1c t\u1ed1t nh\u1ea5t: 65mm<\/td>\n<\/tr>\n<tr>\n<td width=\"232\">\u0110i\u1ec7n \u00e1p l\u00e0m vi\u1ec7c<\/td>\n<td width=\"418\">48V DC<\/td>\n<\/tr>\n<tr>\n<td width=\"232\">C\u00f4ng su\u1ea5t<\/td>\n<td width=\"418\">400W<\/td>\n<\/tr>\n<tr>\n<td width=\"232\">D\u00f2ng \u0111i\u1ec7n<\/td>\n<td width=\"418\">7.5A<\/td>\n<\/tr>\n<tr>\n<td width=\"232\">Ch\u1ea5t li\u1ec7u<\/td>\n<td width=\"418\">th\u00e9p kh\u00f4ng g\u1ec9<\/td>\n<\/tr>\n<tr>\n<td width=\"232\">C\u00e1p<\/td>\n<td width=\"418\">Chi\u1ec1u d\u00e0i 5m<\/td>\n<\/tr>\n<tr>\n<td width=\"232\">\u0110i\u1ec7n \u00e1p<\/td>\n<td width=\"418\">220v\/50hz\u00a0\u00a0\u00a0\u00a0\u00a0230v\/50hz<\/p>\n<p>120v\/60hz\u00a0\u00a0\u00a0\u00a0\u00a0\u00a0\u00a0110v\/60hz<\/td>\n<\/tr>\n<\/tbody>\n<\/table>\n<h3>Video v\u1ec1 M\u00e1y T\u1ea1o \u1ea8m Si\u00eau \u00c2m<\/h3>\n<p><iframe loading=\"lazy\" title=\"Ultrasonic Humidifier\" width=\"500\" height=\"281\" src=\"https:\/\/www.youtube.com\/embed\/videoseries?list=PLLrjMYkO0_NEpofnqW3MnsGQ-KMwpBJul\" frameborder=\"0\" allow=\"accelerometer; autoplay; clipboard-write; encrypted-media; gyroscope; picture-in-picture; web-share\" referrerpolicy=\"strict-origin-when-cross-origin\" allowfullscreen><\/iframe><\/p>\n","protected":false},"excerpt":{"rendered":"<p><a href=\"https:\/\/www.bjultrasonic.com\/vi\/category\/ultrasonic-atomizer-vi\/\">M\u00e1y t\u1ea1o \u0111\u1ed9 \u1ea9m si\u00eau \u00e2m<\/a> s\u1eed d\u1ee5ng n\u0103ng l\u01b0\u1ee3ng si\u00eau \u00e2m \u0111\u1ec3 bi\u1ebfn \u0111\u1ed5i ch\u1ea5t l\u1ecfng th\u00e0nh c\u00e1c h\u1ea1t m\u1ecbn nh\u01b0 m\u00e2y. M\u00e1y t\u1ea1o \u0111\u1ed9 \u1ea9m si\u00eau \u00e2m c\u00f2n \u0111\u01b0\u1ee3c g\u1ecdi l\u00e0 m\u00e1y phun s\u01b0\u01a1ng si\u00eau \u00e2m, <a href=\"https:\/\/www.bjultrasonic.com\/vi\/shop\/ultrasonic-atomizing-transducer\/\">m\u00e1y t\u1ea1o s\u01b0\u01a1ng si\u00eau \u00e2m<\/a>, m\u00e1y phun s\u01b0\u01a1ng si\u00eau \u00e2m.<\/p>\n","protected":false},"featured_media":42223,"comment_status":"open","ping_status":"closed","template":"","meta":[],"product_brand":[],"product_cat":[6197],"product_tag":[],"class_list":{"0":"post-67291","1":"product","2":"type-product","3":"status-publish","4":"has-post-thumbnail","6":"product_cat-ultrasonic-atomizer-vi","8":"first","9":"instock","10":"shipping-taxable","11":"purchasable","12":"product-type-simple","13":"prodpage-classic"},"aioseo_notices":[],"_links":{"self":[{"href":"https:\/\/www.bjultrasonic.com\/vi\/wp-json\/wp\/v2\/product\/67291","targetHints":{"allow":["GET"]}}],"collection":[{"href":"https:\/\/www.bjultrasonic.com\/vi\/wp-json\/wp\/v2\/product"}],"about":[{"href":"https:\/\/www.bjultrasonic.com\/vi\/wp-json\/wp\/v2\/types\/product"}],"replies":[{"embeddable":true,"href":"https:\/\/www.bjultrasonic.com\/vi\/wp-json\/wp\/v2\/comments?post=67291"}],"wp:featuredmedia":[{"embeddable":true,"href":"https:\/\/www.bjultrasonic.com\/vi\/wp-json\/wp\/v2\/media\/42223"}],"wp:attachment":[{"href":"https:\/\/www.bjultrasonic.com\/vi\/wp-json\/wp\/v2\/media?parent=67291"}],"wp:term":[{"taxonomy":"product_brand","embeddable":true,"href":"https:\/\/www.bjultrasonic.com\/vi\/wp-json\/wp\/v2\/product_brand?post=67291"},{"taxonomy":"product_cat","embeddable":true,"href":"https:\/\/www.bjultrasonic.com\/vi\/wp-json\/wp\/v2\/product_cat?post=67291"},{"taxonomy":"product_tag","embeddable":true,"href":"https:\/\/www.bjultrasonic.com\/vi\/wp-json\/wp\/v2\/product_tag?post=67291"}],"curies":[{"name":"wp","href":"https:\/\/api.w.org\/{rel}","templated":true}]}}