{"id":67295,"date":"2021-03-22T09:07:54","date_gmt":"2021-03-22T14:07:54","guid":{"rendered":"https:\/\/www.bjultrasonic.com\/shop\/1200ml-ultrasonic-mist-maker\/"},"modified":"2026-03-28T20:40:04","modified_gmt":"2026-03-29T01:40:04","slug":"1200ml-ultrasonic-mist-maker","status":"publish","type":"product","link":"https:\/\/www.bjultrasonic.com\/vi\/shop\/1200ml-ultrasonic-mist-maker\/","title":{"rendered":"M\u00e1y T\u1ea1o S\u01b0\u01a1ng Si\u00eau \u00c2m 1200ML"},"content":{"rendered":"<table class=\"table table-striped table-bordered\">\n<tbody>\n<tr>\n<td width=\"284\">Lo\u1ea1i<\/td>\n<td width=\"284\">BJA1200<\/td>\n<\/tr>\n<tr>\n<td width=\"284\">L\u01b0\u1ee3ng phun s\u01b0\u01a1ng<\/td>\n<td width=\"284\">&gt;1200ML<\/td>\n<\/tr>\n<tr>\n<td width=\"284\">K\u00edch th\u01b0\u1edbc<\/td>\n<td width=\"284\">135*68*51mm D*R*C<\/td>\n<\/tr>\n<tr>\n<td width=\"284\">T\u1ea7n s\u1ed1 l\u00e0m vi\u1ec7c<\/td>\n<td width=\"284\">1700\u00b150(KHZ)<\/td>\n<\/tr>\n<tr>\n<td width=\"284\">\u0110\u01b0\u1eddng k\u00ednh g\u1ed1m \u00e1p \u0111i\u1ec7n<\/td>\n<td width=\"284\">20mm<\/td>\n<\/tr>\n<tr>\n<td width=\"284\">Nhi\u1ec7t \u0111\u1ed9 l\u00e0m vi\u1ec7c<\/td>\n<td width=\"284\">1\uff5e45\u2103<\/td>\n<\/tr>\n<tr>\n<td width=\"284\">M\u1ef1c n\u01b0\u1edbc<\/td>\n<td width=\"284\">40mm-80mm<\/td>\n<\/tr>\n<tr>\n<td width=\"284\">\u0110i\u1ec7n \u00e1p l\u00e0m vi\u1ec7c<\/td>\n<td width=\"284\">36V AC<\/td>\n<\/tr>\n<tr>\n<td width=\"284\">D\u00f2ng \u0111i\u1ec7n l\u00e0m vi\u1ec7c<\/td>\n<td width=\"284\">3.3A<\/td>\n<\/tr>\n<tr>\n<td width=\"284\">C\u00f4ng su\u1ea5t:<\/td>\n<td width=\"284\">150W<\/td>\n<\/tr>\n<tr>\n<td width=\"284\">Ch\u1ea5t li\u1ec7u<\/td>\n<td width=\"284\">Th\u00e9p kh\u00f4ng g\u1ec9<\/td>\n<\/tr>\n<tr>\n<td width=\"284\">D\u00e2y c\u00e1p<\/td>\n<td width=\"284\">Chi\u1ec1u d\u00e0i 5m<\/td>\n<\/tr>\n<tr>\n<td width=\"284\">\u0110i\u1ec7n \u00e1p \u0111\u1ea7u v\u00e0o<\/td>\n<td width=\"284\">AC 220V\/50HZ<\/p>\n<p>120V\/60HZ<\/td>\n<\/tr>\n<\/tbody>\n<\/table>\n<h3>Video v\u1ec1 M\u00e1y T\u1ea1o \u1ea8m Si\u00eau \u00c2m<\/h3>\n<p><iframe loading=\"lazy\" title=\"Ultrasonic Humidifier\" width=\"500\" height=\"281\" src=\"https:\/\/www.youtube.com\/embed\/videoseries?list=PLLrjMYkO0_NEpofnqW3MnsGQ-KMwpBJul\" frameborder=\"0\" allow=\"accelerometer; autoplay; clipboard-write; encrypted-media; gyroscope; picture-in-picture; web-share\" referrerpolicy=\"strict-origin-when-cross-origin\" allowfullscreen><\/iframe><\/p>\n","protected":false},"excerpt":{"rendered":"<p><a href=\"https:\/\/www.bjultrasonic.com\/vi\/category\/ultrasonic-atomizer-vi\/\">M\u00e1y t\u1ea1o \u1ea9m si\u00eau \u00e2m<\/a> s\u1eed d\u1ee5ng n\u0103ng l\u01b0\u1ee3ng si\u00eau \u00e2m \u0111\u1ec3 chuy\u1ec3n ch\u1ea5t l\u1ecfng th\u00e0nh c\u00e1c h\u1ea1t d\u1ea1ng m\u00e2y. M\u00e1y t\u1ea1o \u1ea9m si\u00eau \u00e2m c\u00f2n \u0111\u01b0\u1ee3c g\u1ecdi l\u00e0 m\u00e1y phun s\u01b0\u01a1ng si\u00eau \u00e2m, <a href=\"https:\/\/www.bjultrasonic.com\/vi\/shop\/ultrasonic-atomizing-transducer\/\">m\u00e1y t\u1ea1o s\u01b0\u01a1ng si\u00eau \u00e2m<\/a>, m\u00e1y t\u1ea1o s\u01b0\u01a1ng m\u00f9 si\u00eau \u00e2m.<\/p>\n","protected":false},"featured_media":23793,"comment_status":"open","ping_status":"closed","template":"","meta":[],"product_brand":[],"product_cat":[6197],"product_tag":[],"class_list":{"0":"post-67295","1":"product","2":"type-product","3":"status-publish","4":"has-post-thumbnail","6":"product_cat-ultrasonic-atomizer-vi","8":"first","9":"instock","10":"shipping-taxable","11":"purchasable","12":"product-type-simple","13":"prodpage-classic"},"aioseo_notices":[],"_links":{"self":[{"href":"https:\/\/www.bjultrasonic.com\/vi\/wp-json\/wp\/v2\/product\/67295","targetHints":{"allow":["GET"]}}],"collection":[{"href":"https:\/\/www.bjultrasonic.com\/vi\/wp-json\/wp\/v2\/product"}],"about":[{"href":"https:\/\/www.bjultrasonic.com\/vi\/wp-json\/wp\/v2\/types\/product"}],"replies":[{"embeddable":true,"href":"https:\/\/www.bjultrasonic.com\/vi\/wp-json\/wp\/v2\/comments?post=67295"}],"wp:featuredmedia":[{"embeddable":true,"href":"https:\/\/www.bjultrasonic.com\/vi\/wp-json\/wp\/v2\/media\/23793"}],"wp:attachment":[{"href":"https:\/\/www.bjultrasonic.com\/vi\/wp-json\/wp\/v2\/media?parent=67295"}],"wp:term":[{"taxonomy":"product_brand","embeddable":true,"href":"https:\/\/www.bjultrasonic.com\/vi\/wp-json\/wp\/v2\/product_brand?post=67295"},{"taxonomy":"product_cat","embeddable":true,"href":"https:\/\/www.bjultrasonic.com\/vi\/wp-json\/wp\/v2\/product_cat?post=67295"},{"taxonomy":"product_tag","embeddable":true,"href":"https:\/\/www.bjultrasonic.com\/vi\/wp-json\/wp\/v2\/product_tag?post=67295"}],"curies":[{"name":"wp","href":"https:\/\/api.w.org\/{rel}","templated":true}]}}