{"id":67307,"date":"2021-03-17T10:23:32","date_gmt":"2021-03-17T15:23:32","guid":{"rendered":"https:\/\/www.bjultrasonic.com\/shop\/40khz-100khz-40w-dual-frequency-ultrasonic-transducer-pzt-4\/"},"modified":"2026-03-28T20:40:03","modified_gmt":"2026-03-29T01:40:03","slug":"40khz-100khz-40w-dual-frequency-ultrasonic-transducer-pzt-4","status":"publish","type":"product","link":"https:\/\/www.bjultrasonic.com\/vi\/shop\/40khz-100khz-40w-dual-frequency-ultrasonic-transducer-pzt-4\/","title":{"rendered":"B\u1ed9 chuy\u1ec3n \u0111\u1ed5i si\u00eau \u00e2m t\u1ea7n s\u1ed1 k\u00e9p 40KHz\/100KHz 40W (PZT-4)"},"content":{"rendered":"<h2>Th\u00f4ng s\u1ed1 k\u1ef9 thu\u1eadt c\u1ee7a \u0110\u1ea7u d\u00f2 Si\u00eau \u00e2m Hai t\u1ea7n s\u1ed1 40KHz\/100KHz 40W (PZT-4)<\/h2>\n<table class=\"table table-striped table-bordered\">\n<tbody>\n<tr>\n<td width=\"220\">Lo\u1ea1i<\/td>\n<td width=\"346\">BJC-40100T- 40HN PZT-4<\/td>\n<\/tr>\n<tr>\n<td width=\"220\">T\u1ea7n s\u1ed1<\/td>\n<td width=\"346\">40\uff08100\uff09KHz +\/- 1KHz<\/td>\n<\/tr>\n<tr>\n<td width=\"220\">C\u00f4ng su\u1ea5t<\/td>\n<td width=\"346\">40w<\/td>\n<\/tr>\n<tr>\n<td width=\"220\">\u0110i\u1ec7n dung<\/td>\n<td width=\"346\">3200pf\u00b110%<\/td>\n<\/tr>\n<tr>\n<td width=\"220\">B\u1ec1 m\u1eb7t b\u1ee9c x\u1ea1<\/td>\n<td width=\"346\">40mm<\/td>\n<\/tr>\n<tr>\n<td width=\"220\">\u0110i\u1ec7n tr\u1edf c\u1ed9ng h\u01b0\u1edfng<\/td>\n<td width=\"346\">10-20\u03a9\u00a0\u00a0 &lt;35<\/td>\n<\/tr>\n<tr>\n<td width=\"220\">Chi\u1ec1u d\u00e0i<\/td>\n<td width=\"346\">54mm<\/td>\n<\/tr>\n<tr>\n<td width=\"220\">Ngu\u1ed3n \u0111i\u1ec7n<\/td>\n<td width=\"346\">100V~130V ho\u1eb7c 220V~240V AC<\/td>\n<\/tr>\n<tr>\n<td width=\"220\">Tr\u1ecdng l\u01b0\u1ee3ng<\/td>\n<td width=\"346\">110g\/c\u00e1i<\/td>\n<\/tr>\n<tr>\n<td width=\"220\">Ki\u1ec3u<\/td>\n<td width=\"346\">Ki\u1ec3u C\u00f2i<\/td>\n<\/tr>\n<\/tbody>\n<\/table>\n<h2><strong style=\"font-size: 16px;\"><a href=\"https:\/\/drive.google.com\/file\/d\/1pXEpP5HbetTukpQtZKV4hyTdlMm0aYkt\/view\" target=\"_blank\" rel=\"noopener\">T\u1ea3i xu\u1ed1ng<\/a> Th\u00f4ng s\u1ed1 k\u1ef9 thu\u1eadt v\u00e0 b\u00e1o gi\u00e1 c\u1ee7a T\u1ea5t c\u1ea3 \u0110\u1ea7u d\u00f2 L\u00e0m s\u1ea1ch Si\u00eau \u00e2m.<\/strong><\/h2>\n<h3>Ph\u01b0\u01a1ng ph\u00e1p \u0110\u1eb7t t\u00ean cho \u0110\u1ea7u d\u00f2 L\u00e0m s\u1ea1ch Si\u00eau \u00e2m<\/h3>\n<p><a href=\"https:\/\/www.bjultrasonic.com\/wp-content\/uploads\/2012\/10\/Naming-Methods-of-Ultrasonic-Cleaning-Transducer.jpg\" data-lightbox=\"image\"><img loading=\"lazy\" decoding=\"async\" title=\"Ph\u01b0\u01a1ng ph\u00e1p \u0110\u1eb7t t\u00ean cho \u0110\u1ea7u d\u00f2 L\u00e0m s\u1ea1ch Si\u00eau \u00e2m\" src=\"\/\/www.bjultrasonic.com\/wp-content\/uploads\/2012\/10\/Naming-Methods-of-Ultrasonic-Cleaning-Transducer.jpg\" alt=\"Ph\u01b0\u01a1ng ph\u00e1p \u0110\u1eb7t t\u00ean cho \u0110\u1ea7u d\u00f2 L\u00e0m s\u1ea1ch Si\u00eau \u00e2m\" width=\"442\" height=\"399\" \/><\/a><\/p>\n<h3>C\u1ea5u tr\u00fac \u0110\u1ea7u d\u00f2 L\u00e0m s\u1ea1ch Si\u00eau \u00e2m<\/h3>\n<p><a href=\"https:\/\/www.bjultrasonic.com\/wp-content\/uploads\/2012\/03\/2012319111.jpg\" data-lightbox=\"image\"><img loading=\"lazy\" decoding=\"async\" class=\"alignnone\" title=\"C\u1ea5u tr\u00fac \u0110\u1ea7u d\u00f2 L\u00e0m s\u1ea1ch Si\u00eau \u00e2m\" src=\"\/\/www.bjultrasonic.com\/wp-content\/uploads\/2012\/10\/Ultrasonic-Cleaning-Transducer-Structure.jpg\" alt=\"C\u1ea5u tr\u00fac \u0110\u1ea7u d\u00f2 L\u00e0m s\u1ea1ch Si\u00eau \u00e2m\" width=\"546\" height=\"203\" \/><\/a><\/p>\n<h3>\u0110\u1eb7c \u0111i\u1ec3m ch\u00ednh<\/h3>\n<ul>\n<li>Hi\u1ec7u su\u1ea5t cao: th\u00f4ng s\u1ed1 c\u01a1 h\u1ecdc Q cao, hi\u1ec7u su\u1ea5t chuy\u1ec3n \u0111\u1ed5i \u0111i\u1ec7n-\u00e2m tr\u00ean 95%.<\/li>\n<li>Bi\u00ean \u0111\u1ed9 cao: \u0111\u1ed9 b\u1ec1n c\u1ee7a \u0111\u1ea7u d\u00f2 \u0111\u01b0\u1ee3c c\u1ea3i thi\u1ec7n b\u1eb1ng c\u00e1ch c\u1ed1 \u0111\u1ecbnh b\u1ed9 rung t\u1ed1c \u0111\u1ed9 cao tr\u1ef1c ti\u1ebfp v\u00e0o \u0111\u1ebf m\u00e1ng r\u1eeda b\u1eb1ng bu l\u00f4ng. So v\u1edbi b\u1ed9 rung t\u1eeb gi\u00e3n n\u1edf, bi\u00ean \u0111\u1ed9 c\u1ee7a n\u00f3 c\u00f3 th\u1ec3 \u0111\u01b0\u1ee3c c\u1ea3i thi\u1ec7n tr\u00ean 50%.<\/li>\n<li>Kh\u1ea3 n\u0103ng ch\u1ecbu nhi\u1ec7t t\u1ed1t: d\u1ea3i nhi\u1ec7t \u0111\u1ed9 l\u00e0m vi\u1ec7c r\u1ed9ng, tr\u1edf kh\u00e1ng c\u1ed9ng h\u01b0\u1edfng th\u1ea5p v\u00e0 sinh nhi\u1ec7t \u00edt.<\/li>\n<li>C\u1ea5u tr\u00fac t\u1ed1t: \u0111\u01b0\u1ee3c c\u1ed1 \u0111\u1ecbnh b\u1eb1ng bu l\u00f4ng, d\u1ec5 l\u1eafp r\u00e1p, \u0111\u1ed9 tin c\u1eady cao.<\/li>\n<\/ul>\n<h3>Danh s\u00e1ch ph\u00e1t Video: \u0110\u1ea7u d\u00f2 Si\u00eau \u00e2m<\/h3>\n<p><iframe loading=\"lazy\" title=\"Dual-frequency Piezoelectric Ultrasonic Transducer for Ultrasonic Cleaner\" width=\"500\" height=\"281\" src=\"https:\/\/www.youtube.com\/embed\/3zVdE1GihAE?list=PL2F5F3AB3579FB4A9\" frameborder=\"0\" allow=\"accelerometer; autoplay; clipboard-write; encrypted-media; gyroscope; picture-in-picture; web-share\" referrerpolicy=\"strict-origin-when-cross-origin\" allowfullscreen><\/iframe><\/p>\n<h3>\u0110\u1ea7u d\u00f2 Si\u00eau \u00e2m C\u00f4ng su\u1ea5t Cao<\/h3>\n<p><iframe loading=\"lazy\" title=\"High Power Piezoelectric Ultrasonic Transducer - Beijing Ultrasonic\" width=\"500\" height=\"281\" src=\"https:\/\/www.youtube.com\/embed\/TBLGTvZgOw4?feature=oembed\" frameborder=\"0\" allow=\"accelerometer; autoplay; clipboard-write; encrypted-media; gyroscope; picture-in-picture; web-share\" referrerpolicy=\"strict-origin-when-cross-origin\" allowfullscreen><\/iframe><\/p>\n<h3>Thanh to\u00e1n<\/h3>\n<p>Hi\u1ec7n ch\u00fang t\u00f4i ch\u1ea5p nh\u1eadn paypal, T\/T &amp; Western Union.<\/p>\n<h3 class=\"shipping-methods\">V\u1eadn chuy\u1ec3n<\/h3>\n<p>H\u00e0ng h\u00f3a s\u1ebd \u0111\u01b0\u1ee3c v\u1eadn chuy\u1ec3n trong v\u00f2ng 48 gi\u1edd sau khi nh\u1eadn \u0111\u01b0\u1ee3c thanh to\u00e1n \u0111\u1ea7y \u0111\u1ee7.<\/p>\n<ul>\n<li>Ch\u00fang t\u00f4i s\u1ebd giao h\u00e0ng \u0111\u1ebfn \u0111\u1ecba ch\u1ec9 \u0111\u01b0\u1ee3c cung c\u1ea5p trong thanh to\u00e1n PayPal. Vui l\u00f2ng \u0111\u1ea3m b\u1ea3o \u0111\u1ecba ch\u1ec9 trong PayPal l\u00e0 ch\u00ednh x\u00e1c.<\/li>\n<li>Ch\u00fang t\u00f4i s\u1ebd cung c\u1ea5p s\u1ed1 theo d\u00f5i sau khi g\u1eedi h\u00e0ng, th\u00f4ng th\u01b0\u1eddng, b\u1ea1n s\u1ebd nh\u1eadn \u0111\u01b0\u1ee3c h\u00e0ng trong v\u00f2ng n\u0103m ng\u00e0y.<\/li>\n<li>N\u1ebfu b\u1ea1n c\u00f3 b\u1ea5t k\u1ef3 c\u00e2u h\u1ecfi n\u00e0o, vui l\u00f2ng li\u00ean h\u1ec7 v\u1edbi ch\u00fang t\u00f4i qua email (\u0111\u1ecba ch\u1ec9 email c\u1ee7a ch\u00fang t\u00f4i l\u00e0 <a href=\"mailto:support@bjultrasonic.com\">support@bjultrasonic.com<\/a>)<\/li>\n<\/ul>\n<h3 align=\"left\">B\u1ea3o h\u00e0nh S\u1ea3n ph\u1ea9m<\/h3>\n<p>Th\u1eddi gian b\u1ea3o h\u00e0nh s\u1ea3n ph\u1ea9m l\u00e0 m\u1ed9t n\u0103m. Trong th\u1eddi gian b\u1ea3o h\u00e0nh, s\u1ea3n ph\u1ea9m \u0111\u00e3 mua c\u00f3 th\u1ec3 \u0111\u01b0\u1ee3c b\u1ea3o tr\u00ec ho\u1eb7c \u0111\u1ed5i mi\u1ec5n ph\u00ed.<\/p>\n","protected":false},"excerpt":{"rendered":"<p><a href=\"https:\/\/www.bjultrasonic.com\/vi\/category\/ultrasonic-transducer-vi\/\">B\u1ed9 chuy\u1ec3n \u0111\u1ed5i \u00e1p \u0111i\u1ec7n<\/a> cho vi\u1ec7c l\u00e0m s\u1ea1ch si\u00eau \u00e2m l\u00e0 m\u1ed9t ph\u1ea7n quan tr\u1ecdng c\u1ee7a <a href=\"https:\/\/www.bjultrasonic.com\/vi\/category\/ultrasonic-cleaning-system-vi\/\">m\u00e1y l\u00e0m s\u1ea1ch si\u00eau \u00e2m<\/a>, b\u1ed9 chuy\u1ec3n \u0111\u1ed5i si\u00eau \u00e2m chuy\u1ec3n \u0111\u1ed5i n\u0103ng l\u01b0\u1ee3ng \u0111i\u1ec7n t\u1eeb <a href=\"https:\/\/www.bjultrasonic.com\/vi\/category\/ultrasonic-generator-vi\/\">m\u00e1y ph\u00e1t si\u00eau \u00e2m<\/a> th\u00e0nh <a href=\"https:\/\/www.bjultrasonic.com\/vi\/uses-of-ultrasonic-waves\/\">s\u00f3ng si\u00eau \u00e2m<\/a>.<\/p>\n","protected":false},"featured_media":23749,"comment_status":"open","ping_status":"closed","template":"","meta":[],"product_brand":[],"product_cat":[6332],"product_tag":[],"class_list":{"0":"post-67307","1":"product","2":"type-product","3":"status-publish","4":"has-post-thumbnail","6":"product_cat-ultrasonic-transducer-vi","8":"first","9":"instock","10":"shipping-taxable","11":"purchasable","12":"product-type-simple","13":"prodpage-classic"},"aioseo_notices":[],"_links":{"self":[{"href":"https:\/\/www.bjultrasonic.com\/vi\/wp-json\/wp\/v2\/product\/67307","targetHints":{"allow":["GET"]}}],"collection":[{"href":"https:\/\/www.bjultrasonic.com\/vi\/wp-json\/wp\/v2\/product"}],"about":[{"href":"https:\/\/www.bjultrasonic.com\/vi\/wp-json\/wp\/v2\/types\/product"}],"replies":[{"embeddable":true,"href":"https:\/\/www.bjultrasonic.com\/vi\/wp-json\/wp\/v2\/comments?post=67307"}],"wp:featuredmedia":[{"embeddable":true,"href":"https:\/\/www.bjultrasonic.com\/vi\/wp-json\/wp\/v2\/media\/23749"}],"wp:attachment":[{"href":"https:\/\/www.bjultrasonic.com\/vi\/wp-json\/wp\/v2\/media?parent=67307"}],"wp:term":[{"taxonomy":"product_brand","embeddable":true,"href":"https:\/\/www.bjultrasonic.com\/vi\/wp-json\/wp\/v2\/product_brand?post=67307"},{"taxonomy":"product_cat","embeddable":true,"href":"https:\/\/www.bjultrasonic.com\/vi\/wp-json\/wp\/v2\/product_cat?post=67307"},{"taxonomy":"product_tag","embeddable":true,"href":"https:\/\/www.bjultrasonic.com\/vi\/wp-json\/wp\/v2\/product_tag?post=67307"}],"curies":[{"name":"wp","href":"https:\/\/api.w.org\/{rel}","templated":true}]}}