{"id":67317,"date":"2021-03-16T02:44:45","date_gmt":"2021-03-16T07:44:45","guid":{"rendered":"https:\/\/www.bjultrasonic.com\/shop\/two-tanks-industrial-ultrasonic-cleaners\/"},"modified":"2026-03-28T20:40:02","modified_gmt":"2026-03-29T01:40:02","slug":"two-tanks-industrial-ultrasonic-cleaners","status":"publish","type":"product","link":"https:\/\/www.bjultrasonic.com\/vi\/shop\/two-tanks-industrial-ultrasonic-cleaners\/","title":{"rendered":"Hai B\u1ec3 L\u00e0m S\u1ea1ch Si\u00eau \u00c2m C\u00f4ng Nghi\u1ec7p"},"content":{"rendered":"<h3>Th\u00f4ng s\u1ed1 k\u1ef9 thu\u1eadt (Ch\u00fang t\u00f4i c\u00f3 th\u1ec3 t\u00f9y ch\u1ec9nh k\u00edch th\u01b0\u1edbc theo y\u00eau c\u1ea7u)<\/h3>\n<table class=\"table table-striped table-bordered\">\n<tbody>\n<tr>\n<td> Lo\u1ea1i<\/td>\n<td>T\u1ea7n s\u1ed1<\/p>\n<p>(KHz)<\/td>\n<td>B\u1ed9 chuy\u1ec3n \u0111\u1ed5i si\u00eau \u00e2m<\/p>\n<p>(PCS)<\/td>\n<td>Dung t\u00edch<\/p>\n<p>(L)<\/td>\n<td>C\u00f4ng su\u1ea5t si\u00eau \u00e2m<\/p>\n<p>(W)<\/td>\n<td>K\u00edch th\u01b0\u1edbc b\u1ec3<\/p>\n<p>(L*W*H MM)<\/td>\n<td>C\u00f4ng su\u1ea5t gia nhi\u1ec7t<\/p>\n<p>(W)<\/td>\n<td>H\u1eb9n gi\u1edd<\/p>\n<p>(MIN)<\/td>\n<td>S\u1ea5y kh\u00f4<\/td>\n<td>L\u1ecdc<\/td>\n<\/tr>\n<tr>\n<td>BJCDE38<\/td>\n<td>28 ho\u1eb7c 40k ho\u1eb7c kh\u00e1c<\/td>\n<td>12<\/td>\n<td>38<\/td>\n<td>600<\/td>\n<td>500*300*250<\/td>\n<td>1500<\/td>\n<td>1~99\uff08h\uff09<\/td>\n<td>C\u00d3<\/td>\n<td> C\u00d3<\/td>\n<\/tr>\n<tr>\n<td>BJCDE53<\/td>\n<td>28 ho\u1eb7c 40k ho\u1eb7c kh\u00e1c<\/td>\n<td>18<\/td>\n<td>53<\/td>\n<td>900<\/td>\n<td>500*350*300<\/td>\n<td>1500<\/td>\n<td>1~99\uff08h\uff09<\/td>\n<td>C\u00d3<\/td>\n<td> C\u00d3<\/td>\n<\/tr>\n<tr>\n<td>BJCDE78<\/td>\n<td>28 ho\u1eb7c 40k ho\u1eb7c kh\u00e1c<\/td>\n<td>24<\/td>\n<td>78<\/td>\n<td>1200<\/td>\n<td>550*400*350<\/td>\n<td>3000<\/td>\n<td>1~99\uff08h\uff09<\/td>\n<td>C\u00d3<\/td>\n<td> C\u00d3<\/td>\n<\/tr>\n<tr>\n<td>BJCDE88<\/td>\n<td>28 ho\u1eb7c 40k ho\u1eb7c kh\u00e1c<\/td>\n<td>24<\/td>\n<td>88<\/td>\n<td>1200<\/td>\n<td>550*400*400<\/td>\n<td>3000<\/td>\n<td>1~99\uff08h\uff09<\/td>\n<td>C\u00d3<\/td>\n<td> C\u00d3<\/td>\n<\/tr>\n<tr>\n<td>BJCDE99<\/td>\n<td>28 ho\u1eb7c 40k ho\u1eb7c kh\u00e1c<\/td>\n<td>30<\/td>\n<td>99<\/td>\n<td>1500<\/td>\n<td>550*450*400<\/td>\n<td>3000<\/td>\n<td>1~99\uff08h\uff09<\/td>\n<td>C\u00d3<\/td>\n<td> C\u00d3<\/td>\n<\/tr>\n<tr>\n<td>BJCDE135<\/td>\n<td>28 ho\u1eb7c 40k ho\u1eb7c kh\u00e1c<\/td>\n<td>36<\/td>\n<td>135<\/td>\n<td>1800<\/td>\n<td>600*500*450<\/td>\n<td>4500<\/td>\n<td>1~99\uff08h\uff09<\/td>\n<td>C\u00d3<\/td>\n<td> C\u00d3<\/td>\n<\/tr>\n<tr>\n<td>BJCDE175<\/td>\n<td>28 ho\u1eb7c 40k ho\u1eb7c kh\u00e1c<\/td>\n<td>48<\/td>\n<td>175<\/td>\n<td>2400<\/td>\n<td>700*500*550<\/td>\n<td>6000<\/td>\n<td>1~99\uff08h\uff09<\/td>\n<td>C\u00d3<\/td>\n<td> C\u00d3<\/td>\n<\/tr>\n<tr>\n<td>BJCDE264<\/td>\n<td>28 ho\u1eb7c 40k ho\u1eb7c kh\u00e1c<\/td>\n<td>60<\/td>\n<td>264<\/td>\n<td>3000<\/td>\n<td>800*600*550<\/td>\n<td>9000<\/td>\n<td>1~99\uff08h\uff09<\/td>\n<td>C\u00d3<\/td>\n<td> C\u00d3<\/td>\n<\/tr>\n<tr>\n<td>BJCDE360<\/td>\n<td>28 ho\u1eb7c 40k ho\u1eb7c kh\u00e1c<\/td>\n<td>72<\/td>\n<td>360<\/td>\n<td>3600<\/td>\n<td>1000*600*600<\/td>\n<td>12000<\/td>\n<td>1~99\uff08h\uff09<\/td>\n<td>C\u00d3<\/td>\n<td> C\u00d3<\/td>\n<\/tr>\n<tr>\n<td>BJCDE540<\/td>\n<td>28 ho\u1eb7c 40k ho\u1eb7c kh\u00e1c<\/td>\n<td>108<\/td>\n<td>540<\/td>\n<td>5400<\/td>\n<td>1000*900*600<\/td>\n<td>18000<\/td>\n<td>1~99\uff08h\uff09<\/td>\n<td>C\u00d3<\/td>\n<td> C\u00d3<\/td>\n<\/tr>\n<tr>\n<td>BJCDE960<\/td>\n<td>28 ho\u1eb7c 40k ho\u1eb7c kh\u00e1c<\/td>\n<td>144<\/td>\n<td>960<\/td>\n<td>7200<\/td>\n<td>1200*1000*800<\/td>\n<td>27000<\/td>\n<td>1~99\uff08h\uff09<\/td>\n<td>C\u00d3<\/td>\n<td> C\u00d3<\/td>\n<\/tr>\n<\/tbody>\n<\/table>\n<p>S\u1eed d\u1ee5ng keo epoxy ch\u1ea5t l\u01b0\u1ee3ng cao. Kh\u00f4ng d\u1ec5 b\u1ecb bong tr\u00f3c.<br \/>\nG\u1eafn b\u1ed9 chuy\u1ec3n \u0111\u1ed5i si\u00eau \u00e2m b\u1eb1ng ph\u01b0\u01a1ng ph\u00e1p d\u1eadp. Phun c\u00e1t. R\u1eeda v\u00e0 s\u1ea5y kh\u00f4. Qu\u00e1 tr\u00ecnh t\u1ea1o ren<\/p>\n<p><img loading=\"lazy\" decoding=\"async\" class=\"alignnone size-full wp-image-23706\" src=\"https:\/\/www.bjultrasonic.com\/wp-content\/uploads\/2021\/03\/Bond-ultrasonic-transducer-by-using-stamping.jpg\" alt=\"G\u1eafn b\u1ed9 chuy\u1ec3n \u0111\u1ed5i si\u00eau \u00e2m b\u1eb1ng ph\u01b0\u01a1ng ph\u00e1p d\u1eadp\" width=\"700\" height=\"398\" \/><\/p>\n","protected":false},"excerpt":{"rendered":"<h3>L\u00e0m s\u1ea1ch + S\u1ea5y b\u1eb1ng Si\u00eau \u00e2m<\/h3>\n<ol>\n<li>V\u1eadt li\u1ec7u B\u1ec3: B\u1ec3 b\u1eb1ng th\u00e9p kh\u00f4ng g\u1ec9 304SS. \u0110\u00fac d\u1eadp khu\u00f4n m\u1edf kh\u00f4ng c\u00f3 m\u1ed1i h\u00e0n.<\/li>\n<li>\u0110\u1ed9 d\u00e0y B\u1ec3: 3mm Tu\u1ed5i th\u1ecd cao<\/li>\n<li>Th\u1eddi gian L\u00e0m vi\u1ec7c: \u0110i\u1ec1u ch\u1ec9nh t\u1eeb 0-90 ph\u00fat<\/li>\n<li>\u0110i\u1ec1u khi\u1ec3n Nhi\u1ec7t \u0111\u1ed9: 0-80 \u0110\u1ed9<\/li>\n<li>C\u00f4ng su\u1ea5t: \u0110i\u1ec1u ch\u1ec9nh<\/li>\n<li>T\u1ea7n s\u1ed1: Theo y\u00eau c\u1ea7u C\u00e1p<\/li>\n<li>Ti\u00eau chu\u1ea9n c\u00f4ng nghi\u1ec7p, d\u00e2y \u0111i\u1ec7n c\u00f4ng su\u1ea5t d\u00e0y ch\u1ecbu nhi\u1ec7t, ch\u1ed1ng m\u1ec1m<\/li>\n<li>\u0110\u1ed9 ch\u00ednh x\u00e1c cao: V\u00ec n\u0103ng l\u01b0\u1ee3ng si\u00eau \u00e2m c\u00f3 th\u1ec3 xuy\u00ean qua c\u00e1c v\u1ebft n\u1ee9t v\u00e0 l\u1ed7 nh\u1ecf, n\u00ean c\u00f3 th\u1ec3 \u00e1p d\u1ee5ng \u0111\u1ec3 l\u00e0m s\u1ea1ch b\u1ea5t k\u1ef3 b\u1ed9 ph\u1eadn ho\u1eb7c b\u1ed9 ph\u1eadn l\u1eafp r\u00e1p n\u00e0o. \u0110\u1ed1i v\u1edbi c\u00e1c b\u1ed9 ph\u1eadn ch\u00ednh x\u00e1c ho\u1eb7c b\u1ed9 ph\u1eadn l\u1eafp r\u00e1p c\u1ea7n \u0111\u01b0\u1ee3c l\u00e0m s\u1ea1ch, l\u00e0m s\u1ea1ch b\u1eb1ng si\u00eau \u00e2m th\u01b0\u1eddng tr\u1edf th\u00e0nh ph\u01b0\u01a1ng ph\u00e1p l\u00e0m s\u1ea1ch duy nh\u1ea5t c\u00f3 th\u1ec3 \u0111\u00e1p \u1ee9ng c\u00e1c y\u00eau c\u1ea7u k\u1ef9 thu\u1eadt \u0111\u1eb7c bi\u1ec7t;<\/li>\n<li>Nhanh ch\u00f3ng: L\u00e0m s\u1ea1ch b\u1eb1ng si\u00eau \u00e2m t\u01b0\u01a1ng \u0111\u1ed1i nhanh h\u01a1n nhi\u1ec1u so v\u1edbi ph\u01b0\u01a1ng ph\u00e1p l\u00e0m s\u1ea1ch th\u00f4ng th\u01b0\u1eddng v\u1ec1 vi\u1ec7c l\u00e0m s\u1ea1ch b\u1ee5i v\u00e0 c\u1eb7n b\u00e1m tr\u00ean chi ti\u1ebft. Kh\u00f4ng c\u1ea7n th\u00e1o r\u1eddi b\u1ed9 ph\u1eadn l\u1eafp r\u00e1p v\u1eabn c\u00f3 th\u1ec3 l\u00e0m s\u1ea1ch. \u01afu \u0111i\u1ec3m c\u1ee7a vi\u1ec7c l\u00e0m s\u1ea1ch b\u1eb1ng si\u00eau \u00e2m c\u00f3 th\u1ec3 ti\u1ebft ki\u1ec7m nh\u00e2n c\u00f4ng, khi\u1ebfn n\u00f3 tr\u1edf th\u00e0nh c\u00e1ch l\u00e0m s\u1ea1ch kinh t\u1ebf nh\u1ea5t;<\/li>\n<li>T\u00ednh \u0111\u1ed3ng nh\u1ea5t: D\u00f9 chi ti\u1ebft c\u1ea7n l\u00e0m s\u1ea1ch l\u1edbn hay nh\u1ecf, \u0111\u01a1n gi\u1ea3n hay ph\u1ee9c t\u1ea1p, \u0111\u01a1n l\u1ebb hay h\u00e0ng lo\u1ea1t ho\u1eb7c tr\u00ean d\u00e2y chuy\u1ec1n l\u1eafp r\u00e1p t\u1ef1 \u0111\u1ed9ng, vi\u1ec7c s\u1eed d\u1ee5ng l\u00e0m s\u1ea1ch b\u1eb1ng si\u00eau \u00e2m c\u00f3 th\u1ec3 \u0111\u1ea1t \u0111\u01b0\u1ee3c \u0111\u1ed9 s\u1ea1ch \u0111\u1ed3ng nh\u1ea5t m\u00e0 l\u00e0m s\u1ea1ch th\u1ee7 c\u00f4ng kh\u00f4ng th\u1ec3 so s\u00e1nh \u0111\u01b0\u1ee3c.<\/li>\n<li>Thi\u1ebft k\u1ebf: Thi\u1ebft k\u1ebf s\u1ea3n ph\u1ea9m \u0111\u1eb9p v\u00e0 d\u1ec5 d\u00e0ng, v\u1ecf \u0111\u01b0\u1ee3c l\u00e0m b\u1eb1ng th\u00e9p kh\u00f4ng g\u1ec9 ch\u1ea5t l\u01b0\u1ee3ng cao d\u1eadp n\u1ed5i. Kh\u1ea3 n\u0103ng ch\u1ed1ng g\u1ec9 t\u1ed1t; B\u1ec3 l\u00e0m s\u1ea1ch \u0111\u01b0\u1ee3c l\u00e0m b\u1eb1ng th\u00e9p kh\u00f4ng g\u1ec9 SUS304 ch\u1ea5t l\u01b0\u1ee3ng cao d\u1eadp, kh\u00f4ng h\u00e0n, kh\u1ea3 n\u0103ng ch\u1ed1ng th\u1ea5m n\u01b0\u1edbc t\u1ed1t.<\/li>\n<li>M\u1ea1ch \u0111i\u1ec7n: M\u1ea1ch \u0111i\u1ec7n s\u1eed d\u1ee5ng b\u1ed9 dao \u0111\u1ed9ng OS m\u1edbi, \u0111i\u1ec1u khi\u1ec3n ch\u00ednh x\u00e1c t\u1ea7n s\u1ed1 rung v\u00e0 c\u00f3 ch\u1ee9c n\u0103ng thu th\u1eadp ph\u1ea3n h\u1ed3i, \u0111\u1ea7u ra si\u00eau \u00e2m \u1ed5n \u0111\u1ecbnh v\u00e0 \u0111\u00e1ng tin c\u1eady h\u01a1n.<\/li>\n<li>B\u1ed9 chuy\u1ec3n \u0111\u1ed5i Si\u00eau \u00e2m: B\u1ed9 chuy\u1ec3n \u0111\u1ed5i si\u00eau \u00e2m s\u1eed d\u1ee5ng c\u1ea5u tr\u00fac nh\u00f4m nguy\u00ean kh\u1ed1i c\u00f3 tu\u1ed5i th\u1ecd cao h\u01a1n, gi\u1ea3m nhi\u1ec7t, \u0111\u1ea7u ra \u1ed5n \u0111\u1ecbnh.<\/li>\n<\/ol>\n","protected":false},"featured_media":23711,"comment_status":"closed","ping_status":"closed","template":"","meta":[],"product_brand":[],"product_cat":[5972],"product_tag":[],"class_list":{"0":"post-67317","1":"product","2":"type-product","3":"status-publish","4":"has-post-thumbnail","6":"product_cat-big-ultrasonic-cleaning-machine-vi","8":"first","9":"instock","10":"shipping-taxable","11":"product-type-external","12":"prodpage-classic"},"aioseo_notices":[],"_links":{"self":[{"href":"https:\/\/www.bjultrasonic.com\/vi\/wp-json\/wp\/v2\/product\/67317","targetHints":{"allow":["GET"]}}],"collection":[{"href":"https:\/\/www.bjultrasonic.com\/vi\/wp-json\/wp\/v2\/product"}],"about":[{"href":"https:\/\/www.bjultrasonic.com\/vi\/wp-json\/wp\/v2\/types\/product"}],"replies":[{"embeddable":true,"href":"https:\/\/www.bjultrasonic.com\/vi\/wp-json\/wp\/v2\/comments?post=67317"}],"wp:featuredmedia":[{"embeddable":true,"href":"https:\/\/www.bjultrasonic.com\/vi\/wp-json\/wp\/v2\/media\/23711"}],"wp:attachment":[{"href":"https:\/\/www.bjultrasonic.com\/vi\/wp-json\/wp\/v2\/media?parent=67317"}],"wp:term":[{"taxonomy":"product_brand","embeddable":true,"href":"https:\/\/www.bjultrasonic.com\/vi\/wp-json\/wp\/v2\/product_brand?post=67317"},{"taxonomy":"product_cat","embeddable":true,"href":"https:\/\/www.bjultrasonic.com\/vi\/wp-json\/wp\/v2\/product_cat?post=67317"},{"taxonomy":"product_tag","embeddable":true,"href":"https:\/\/www.bjultrasonic.com\/vi\/wp-json\/wp\/v2\/product_tag?post=67317"}],"curies":[{"name":"wp","href":"https:\/\/api.w.org\/{rel}","templated":true}]}}