{"id":67379,"date":"2018-12-17T04:11:37","date_gmt":"2018-12-17T09:11:37","guid":{"rendered":"https:\/\/www.bjultrasonic.com\/shop\/1-3l-40khz-ultrasonic-cleaner\/"},"modified":"2026-03-28T20:39:10","modified_gmt":"2026-03-29T01:39:10","slug":"1-3l-40khz-ultrasonic-cleaner","status":"publish","type":"product","link":"https:\/\/www.bjultrasonic.com\/vi\/shop\/1-3l-40khz-ultrasonic-cleaner\/","title":{"rendered":"M\u00e1y l\u00e0m s\u1ea1ch si\u00eau \u00e2m k\u1ef9 thu\u1eadt s\u1ed1 1.3L 40kHz v\u1edbi \u0111i\u1ec1u khi\u1ec3n th\u1eddi gian v\u00e0 nhi\u1ec7t \u0111\u1ed9"},"content":{"rendered":"<table class=\"table table-striped table-bordered\">\n<tbody>\n<tr>\n<td width=\"293\">Lo\u1ea1i<\/td>\n<td width=\"356\">BJUCDTH1.3<\/td>\n<\/tr>\n<tr>\n<td width=\"293\">Dung t\u00edch b\u1ec3<\/td>\n<td width=\"356\">1.3L<\/td>\n<\/tr>\n<tr>\n<td width=\"293\">C\u00f4ng su\u1ea5t si\u00eau \u00e2m<\/td>\n<td width=\"356\">60W<\/td>\n<\/tr>\n<tr>\n<td width=\"293\">T\u1ea7n s\u1ed1<\/td>\n<td width=\"356\">40KHz<\/td>\n<\/tr>\n<tr>\n<td width=\"293\">C\u00f4ng su\u1ea5t gia nhi\u1ec7t<\/td>\n<td width=\"356\">50w<\/td>\n<\/tr>\n<tr>\n<td width=\"293\">K\u00edch th\u01b0\u1edbc b\u1ec3 (mm)<\/td>\n<td width=\"356\">150*140*65(D*R*C)<\/td>\n<\/tr>\n<tr>\n<td width=\"293\">K\u00edch th\u01b0\u1edbc m\u00e1y (mm)<\/td>\n<td width=\"356\">180*170*140(D*R*C)<\/td>\n<\/tr>\n<tr>\n<td width=\"293\">\u0110i\u1ec7n \u00e1p<\/td>\n<td width=\"356\">110VAC\u2014240VAC<\/td>\n<\/tr>\n<tr>\n<td width=\"293\">H\u1eb9n gi\u1edd<\/td>\n<td width=\"356\">0-30 ph\u00fat<\/td>\n<\/tr>\n<tr>\n<td width=\"293\">Nhi\u1ec7t \u0111\u1ed9<\/td>\n<td width=\"356\">&lt; 80 \u0111\u1ed9 C<\/td>\n<\/tr>\n<tr>\n<td width=\"293\">N\u1eafp \u0111\u1eady<\/td>\n<td width=\"356\">C\u00f3<\/td>\n<\/tr>\n<tr>\n<td width=\"293\">Tho\u00e1t n\u01b0\u1edbc<\/td>\n<td width=\"356\">KH\u00d4NG<\/td>\n<\/tr>\n<tr>\n<td width=\"293\">Tr\u1ecdng l\u01b0\u1ee3ng \u0111\u01a1n v\u1ecb<\/td>\n<td width=\"356\">2.5kg<\/td>\n<\/tr>\n<\/tbody>\n<\/table>\n<h3>Ch\u1ee9c n\u0103ng<\/h3>\n<ul>\n<li>H\u1eb9n gi\u1edd: C\u00f3 th\u1ec3 \u0111i\u1ec1u ch\u1ec9nh t\u1eeb 1-30 ph\u00fat.<\/li>\n<li>Nhi\u1ec7t \u0111\u1ed9: C\u00f3 th\u1ec3 \u0111i\u1ec1u ch\u1ec9nh t\u1eeb 20-80\u2103\uff1b<\/li>\n<li>B\u1ea3ng hi\u1ec3n th\u1ecb: Hi\u1ec3n th\u1ecb th\u1eddi gian l\u00e0m vi\u1ec7c v\u00e0 nhi\u1ec7t \u0111\u1ed9.<\/li>\n<li>Ch\u1ea5t li\u1ec7u: B\u1ec3 v\u00e0 m\u00e1y l\u00e0m b\u1eb1ng th\u00e9p kh\u00f4ng g\u1ec9.<\/li>\n<li>\u01afu \u0111i\u1ec3m s\u1ea3n ph\u1ea9m: B\u1ec3 l\u00e0m s\u1ea1ch b\u1eb1ng ph\u01b0\u01a1ng ph\u00e1p d\u1eadp, m\u1ed1i h\u00e0n ho\u00e0n h\u1ea3o.<\/li>\n<li>Ch\u1ea5t l\u01b0\u1ee3ng linh ki\u1ec7n: S\u1eed d\u1ee5ng <a href=\"https:\/\/www.bjultrasonic.com\/vi\/category\/ultrasonic-transducer-vi\/\">\u0111\u1ea7u d\u00f2 si\u00eau \u00e2m<\/a> ch\u1ea5t l\u01b0\u1ee3ng cao, c\u00f4ng su\u1ea5t m\u1ea1nh.<\/li>\n<li>Ch\u1ea5t l\u01b0\u1ee3ng quy tr\u00ecnh k\u1ebft d\u00ednh cao. D\u00e1n \u0111\u1ea7u d\u00f2 si\u00eau \u00e2m b\u1eb1ng keo epoxy.<\/li>\n<li>H\u1ec7 th\u1ed1ng tho\u00e1t n\u01b0\u1edbc: C\u00e1c m\u1eabu t\u1eeb 6L tr\u1edf l\u00ean \u0111\u01b0\u1ee3c l\u1eafp van bi tho\u00e1t n\u01b0\u1edbc.<\/li>\n<li>H\u1ec7 th\u1ed1ng l\u00e0m m\u00e1t: C\u00e1c m\u1eabu 10L tr\u1edf l\u00ean \u0111\u01b0\u1ee3c l\u1eafp qu\u1ea1t l\u00e0m m\u00e1t hi\u1ec7u su\u1ea5t cao.<\/li>\n<\/ul>\n<p><img loading=\"lazy\" decoding=\"async\" src=\"https:\/\/www.bjultrasonic.com\/wp-content\/uploads\/2018\/12\/40kHz-Digital-Ultrasonic-Cleaner-Package-2.jpg\" alt=\"40kHz Digital Ultrasonic Cleaner Package\" width=\"742\" height=\"315\" \/><\/p>\n","protected":false},"excerpt":{"rendered":"<p><a href=\"https:\/\/www.bjultrasonic.com\/vi\/category\/ultrasonic-cleaning-system-vi\/digital-ultrasonic-cleaner-vi\/\">M\u00e1y l\u00e0m s\u1ea1ch si\u00eau \u00e2m k\u1ef9 thu\u1eadt s\u1ed1 40 kHz<\/a> c\u00f3 \u0111i\u1ec1u khi\u1ec3n th\u1eddi gian &amp; nhi\u1ec7t \u0111\u1ed9.<\/p>\n","protected":false},"featured_media":19946,"comment_status":"open","ping_status":"closed","template":"","meta":[],"product_brand":[],"product_cat":[5837],"product_tag":[],"class_list":{"0":"post-67379","1":"product","2":"type-product","3":"status-publish","4":"has-post-thumbnail","6":"product_cat-digital-ultrasonic-cleaner-vi","8":"first","9":"instock","10":"shipping-taxable","11":"purchasable","12":"product-type-simple","13":"prodpage-classic"},"aioseo_notices":[],"_links":{"self":[{"href":"https:\/\/www.bjultrasonic.com\/vi\/wp-json\/wp\/v2\/product\/67379","targetHints":{"allow":["GET"]}}],"collection":[{"href":"https:\/\/www.bjultrasonic.com\/vi\/wp-json\/wp\/v2\/product"}],"about":[{"href":"https:\/\/www.bjultrasonic.com\/vi\/wp-json\/wp\/v2\/types\/product"}],"replies":[{"embeddable":true,"href":"https:\/\/www.bjultrasonic.com\/vi\/wp-json\/wp\/v2\/comments?post=67379"}],"wp:featuredmedia":[{"embeddable":true,"href":"https:\/\/www.bjultrasonic.com\/vi\/wp-json\/wp\/v2\/media\/19946"}],"wp:attachment":[{"href":"https:\/\/www.bjultrasonic.com\/vi\/wp-json\/wp\/v2\/media?parent=67379"}],"wp:term":[{"taxonomy":"product_brand","embeddable":true,"href":"https:\/\/www.bjultrasonic.com\/vi\/wp-json\/wp\/v2\/product_brand?post=67379"},{"taxonomy":"product_cat","embeddable":true,"href":"https:\/\/www.bjultrasonic.com\/vi\/wp-json\/wp\/v2\/product_cat?post=67379"},{"taxonomy":"product_tag","embeddable":true,"href":"https:\/\/www.bjultrasonic.com\/vi\/wp-json\/wp\/v2\/product_tag?post=67379"}],"curies":[{"name":"wp","href":"https:\/\/api.w.org\/{rel}","templated":true}]}}