{"id":67383,"date":"2018-12-17T02:20:02","date_gmt":"2018-12-17T07:20:02","guid":{"rendered":"https:\/\/www.bjultrasonic.com\/shop\/power-adjustable-ultrasonic-cleaner-78l\/"},"modified":"2026-03-28T20:39:10","modified_gmt":"2026-03-29T01:39:10","slug":"power-adjustable-ultrasonic-cleaner-78l","status":"publish","type":"product","link":"https:\/\/www.bjultrasonic.com\/vi\/shop\/power-adjustable-ultrasonic-cleaner-78l\/","title":{"rendered":"78L B\u1ed9 L\u00e0m S\u1ea1ch Si\u00eau \u00c2m K\u1ef9 Thu\u1eadt S\u1ed1 C\u00f3 Th\u1ec3 \u0110i\u1ec1u Ch\u1ec9nh C\u00f4ng Su\u1ea5t"},"content":{"rendered":"<table class=\"table table-striped table-bordered\">\n<tbody>\n<tr>\n<td width=\"284\">\n<p>Lo\u1ea1i<\/p>\n<\/td>\n<td width=\"284\">\n<p>BJUCDPTH78<\/p>\n<\/td>\n<\/tr>\n<tr>\n<td width=\"284\">\n<p>Dung t\u00edch b\u1ec3<\/p>\n<\/td>\n<td width=\"284\">\n<p>78L<\/p>\n<\/td>\n<\/tr>\n<tr>\n<td width=\"284\">\n<p>C\u00f4ng su\u1ea5t si\u00eau \u00e2m<\/p>\n<\/td>\n<td width=\"284\">\n<p>1440W<\/p>\n<\/td>\n<\/tr>\n<tr>\n<td width=\"284\">\n<p>C\u00f4ng su\u1ea5t gia nhi\u1ec7t<\/p>\n<\/td>\n<td width=\"284\">\n<p>2000W<\/p>\n<\/td>\n<\/tr>\n<tr>\n<td width=\"284\">\n<p>T\u1ea7n s\u1ed1<\/p>\n<\/td>\n<td width=\"284\">\n<p>40KHZ\/28KHZ<\/p>\n<\/td>\n<\/tr>\n<tr>\n<td width=\"284\">\n<p>B\u1ed9 h\u1eb9n gi\u1edd<\/p>\n<\/td>\n<td width=\"284\">\n<p>0-30 ph\u00fat<\/p>\n<\/td>\n<\/tr>\n<tr>\n<td width=\"284\">\n<p>Nhi\u1ec7t \u0111\u1ed9<\/p>\n<\/td>\n<td width=\"284\">\n<p>&lt; 80 \u0110\u1ed9 C<\/p>\n<\/td>\n<\/tr>\n<tr>\n<td width=\"284\">\n<p>K\u00edch th\u01b0\u1edbc b\u1ec3<\/p>\n<\/td>\n<td width=\"284\">\n<p>550*400*350 mm D*R*C<\/p>\n<\/td>\n<\/tr>\n<tr>\n<td width=\"284\">\n<p>K\u00edch th\u01b0\u1edbc m\u00e1y<\/p>\n<\/td>\n<td width=\"284\">\n<p>650*450*620 mm D*R*C<\/p>\n<\/td>\n<\/tr>\n<tr>\n<td width=\"284\">\n<p>Tho\u00e1t n\u01b0\u1edbc<\/p>\n<\/td>\n<td width=\"284\">\n<p>C\u00f3<\/p>\n<\/td>\n<\/tr>\n<tr>\n<td width=\"284\">\n<p>N\u1eafp \u0111\u1eady<\/p>\n<\/td>\n<td width=\"284\">\n<p>C\u00f3<\/p>\n<\/td>\n<\/tr>\n<tr>\n<td width=\"284\">\n<p>Tr\u1ecdng l\u01b0\u1ee3ng \u0111\u01a1n v\u1ecb<\/p>\n<\/td>\n<td width=\"284\">\n<p>55kg<\/p>\n<\/td>\n<\/tr>\n<\/tbody>\n<\/table>\n<h3>Ch\u1ee9c n\u0103ng<\/h3>\n<ul>\n<li>B\u1ed9 h\u1eb9n gi\u1edd: \u0110i\u1ec1u ch\u1ec9nh t\u1eeb 1-30 ph\u00fat.<\/li>\n<li>Nhi\u1ec7t \u0111\u1ed9: \u0110i\u1ec1u ch\u1ec9nh \u0111\u01b0\u1ee3c t\u1eeb 20-80\u2103\uff1b<\/li>\n<li>Th\u1eddi gian: C\u00f3 th\u1ec3 \u0111i\u1ec1u ch\u1ec9nh nhi\u1ec7t \u0111\u1ed9 v\u00e0 c\u00f4ng su\u1ea5t<\/li>\n<li>B\u1ea3ng hi\u1ec3n th\u1ecb: Hi\u1ec3n th\u1ecb th\u1eddi gian l\u00e0m vi\u1ec7c v\u00e0 nhi\u1ec7t \u0111\u1ed9.<\/li>\n<li>Ch\u1ea5t li\u1ec7u: B\u1ec3 v\u00e0 m\u00e1y \u0111\u1ec1u b\u1eb1ng th\u00e9p kh\u00f4ng g\u1ec9.<\/li>\n<li>\u01afu \u0111i\u1ec3m s\u1ea3n ph\u1ea9m: B\u1ec3 l\u00e0m s\u1ea1ch b\u1eb1ng ph\u01b0\u01a1ng ph\u00e1p d\u1eadp, m\u1ed1i h\u00e0n ho\u00e0n h\u1ea3o.<\/li>\n<li>Ch\u1ea5t l\u01b0\u1ee3ng linh ki\u1ec7n: S\u1eed d\u1ee5ng <a href=\"https:\/\/www.bjultrasonic.com\/vi\/category\/ultrasonic-transducer-vi\/\">\u0111\u1ea7u d\u00f2 si\u00eau \u00e2m<\/a> ch\u1ea5t l\u01b0\u1ee3ng cao, c\u00f4ng su\u1ea5t m\u1ea1nh.<\/li>\n<li>Quy tr\u00ecnh k\u1ebft d\u00ednh ch\u1ea5t l\u01b0\u1ee3ng cao. D\u00e1n \u0111\u1ea7u d\u00f2 si\u00eau \u00e2m b\u1eb1ng keo epoxy.<\/li>\n<li>H\u1ec7 th\u1ed1ng tho\u00e1t n\u01b0\u1edbc: C\u00e1c m\u1eabu 6 l\u00edt tr\u1edf l\u00ean \u0111\u01b0\u1ee3c trang b\u1ecb van bi tho\u00e1t n\u01b0\u1edbc.<\/li>\n<li>H\u1ec7 th\u1ed1ng l\u00e0m m\u00e1t: C\u00e1c m\u1eabu 10L tr\u1edf l\u00ean \u0111\u01b0\u1ee3c trang b\u1ecb qu\u1ea1t l\u00e0m m\u00e1t hi\u1ec7u su\u1ea5t cao.<\/li>\n<\/ul>\n<p><img loading=\"lazy\" decoding=\"async\" class=\"alignnone size-full wp-image-19933\" src=\"https:\/\/www.bjultrasonic.com\/wp-content\/uploads\/2013\/01\/Power-Adjustable-Ultrasonic-Cleaner-Package-1.jpg\" alt=\"Power Adjustable Ultrasonic Cleaner Package\" width=\"742\" height=\"318\" \/><\/p>\n","protected":false},"excerpt":{"rendered":"<p><a href=\"https:\/\/www.bjultrasonic.com\/vi\/category\/ultrasonic-cleaning-system-vi\/power-adjustable-ultrasonic-cleaner-vi\/\">M\u00e1y l\u00e0m s\u1ea1ch si\u00eau \u00e2m c\u00f4ng su\u1ea5t \u0111i\u1ec1u ch\u1ec9nh<\/a> v\u1edbi c\u00f4ng su\u1ea5t, h\u1eb9n gi\u1edd v\u00e0 nhi\u1ec7t \u0111\u1ed9 c\u00f3 th\u1ec3 \u0111i\u1ec1u ch\u1ec9nh t\u1eeb nh\u00e0 s\u1ea3n xu\u1ea5t v\u00e0 nh\u00e0 cung c\u1ea5p <a href=\"https:\/\/www.bjultrasonic.com\/vi\/category\/ultrasonic-cleaning-system-vi\/\">m\u00e1y l\u00e0m s\u1ea1ch si\u00eau \u00e2m<\/a> Beijing Ultrasonic.<\/p>\n","protected":false},"featured_media":19921,"comment_status":"open","ping_status":"closed","template":"","meta":[],"product_brand":[],"product_cat":[6002],"product_tag":[],"class_list":{"0":"post-67383","1":"product","2":"type-product","3":"status-publish","4":"has-post-thumbnail","6":"product_cat-power-adjustable-ultrasonic-cleaner-vi","8":"first","9":"instock","10":"shipping-taxable","11":"purchasable","12":"product-type-simple","13":"prodpage-classic"},"aioseo_notices":[],"_links":{"self":[{"href":"https:\/\/www.bjultrasonic.com\/vi\/wp-json\/wp\/v2\/product\/67383","targetHints":{"allow":["GET"]}}],"collection":[{"href":"https:\/\/www.bjultrasonic.com\/vi\/wp-json\/wp\/v2\/product"}],"about":[{"href":"https:\/\/www.bjultrasonic.com\/vi\/wp-json\/wp\/v2\/types\/product"}],"replies":[{"embeddable":true,"href":"https:\/\/www.bjultrasonic.com\/vi\/wp-json\/wp\/v2\/comments?post=67383"}],"wp:featuredmedia":[{"embeddable":true,"href":"https:\/\/www.bjultrasonic.com\/vi\/wp-json\/wp\/v2\/media\/19921"}],"wp:attachment":[{"href":"https:\/\/www.bjultrasonic.com\/vi\/wp-json\/wp\/v2\/media?parent=67383"}],"wp:term":[{"taxonomy":"product_brand","embeddable":true,"href":"https:\/\/www.bjultrasonic.com\/vi\/wp-json\/wp\/v2\/product_brand?post=67383"},{"taxonomy":"product_cat","embeddable":true,"href":"https:\/\/www.bjultrasonic.com\/vi\/wp-json\/wp\/v2\/product_cat?post=67383"},{"taxonomy":"product_tag","embeddable":true,"href":"https:\/\/www.bjultrasonic.com\/vi\/wp-json\/wp\/v2\/product_tag?post=67383"}],"curies":[{"name":"wp","href":"https:\/\/api.w.org\/{rel}","templated":true}]}}