{"id":67409,"date":"2018-12-11T02:38:54","date_gmt":"2018-12-11T07:38:54","guid":{"rendered":"https:\/\/www.bjultrasonic.com\/shop\/38l-120khz-ultrasonic-cleaner\/"},"modified":"2026-03-28T20:39:08","modified_gmt":"2026-03-29T01:39:08","slug":"38l-120khz-ultrasonic-cleaner","status":"publish","type":"product","link":"https:\/\/www.bjultrasonic.com\/vi\/shop\/38l-120khz-ultrasonic-cleaner\/","title":{"rendered":"38L M\u00e1y L\u00e0m S\u1ea1ch Si\u00eau \u00c2m K\u1ef9 Thu\u1eadt S\u1ed1 120kHz C\u00f3 \u0110i\u1ec1u Khi\u1ec3n Th\u1eddi Gian, Nhi\u1ec7t \u0110\u1ed9 &#038; C\u00f4ng Su\u1ea5t"},"content":{"rendered":"<table class=\"table table-striped table-bordered\">\n<tbody>\n<tr>\n<td width=\"284\">Lo\u1ea1i<\/td>\n<td width=\"284\">BJUCDPTH238<\/td>\n<\/tr>\n<tr>\n<td width=\"284\">Dung t\u00edch b\u1ec3<\/td>\n<td width=\"284\">38L<\/td>\n<\/tr>\n<tr>\n<td width=\"284\">C\u00f4ng su\u1ea5t si\u00eau \u00e2m<\/td>\n<td width=\"284\">720W<\/td>\n<\/tr>\n<tr>\n<td width=\"284\">C\u00f4ng su\u1ea5t gia nhi\u1ec7t<\/td>\n<td width=\"284\">1000W<\/td>\n<\/tr>\n<tr>\n<td width=\"284\">T\u1ea7n s\u1ed1<\/td>\n<td width=\"284\">120KHZ<\/td>\n<\/tr>\n<tr>\n<td width=\"284\">B\u1ed9 h\u1eb9n gi\u1edd<\/td>\n<td width=\"284\">0-30 ph\u00fat<\/td>\n<\/tr>\n<tr>\n<td width=\"284\">Nhi\u1ec7t \u0111\u1ed9<\/td>\n<td width=\"284\">&lt; 80 \u0110\u1ed9 C<\/td>\n<\/tr>\n<tr>\n<td width=\"284\">K\u00edch th\u01b0\u1edbc b\u1ec3<\/td>\n<td width=\"284\">500*300*250 mm D*R*C<\/td>\n<\/tr>\n<tr>\n<td width=\"284\">K\u00edch th\u01b0\u1edbc m\u00e1y<\/td>\n<td width=\"284\">600*350*480 mm D*R*C<\/td>\n<\/tr>\n<tr>\n<td width=\"284\">\u0110\u01b0\u1eddng x\u1ea3<\/td>\n<td width=\"284\">C\u00f3<\/td>\n<\/tr>\n<tr>\n<td width=\"284\">N\u1eafp \u0111\u1eady<\/td>\n<td width=\"284\">C\u00f3<\/td>\n<\/tr>\n<tr>\n<td width=\"284\">Tr\u1ecdng l\u01b0\u1ee3ng \u0111\u01a1n v\u1ecb<\/td>\n<td width=\"284\">45kg<\/td>\n<\/tr>\n<\/tbody>\n<\/table>\n<h3>Ch\u1ee9c N\u0103ng Ch\u00ednh<\/h3>\n<ul>\n<li>B\u1ed9 h\u1eb9n gi\u1edd: \u0110i\u1ec1u ch\u1ec9nh 1-30 ph\u00fat.<\/li>\n<li>Nhi\u1ec7t \u0111\u1ed9: \u0110i\u1ec1u ch\u1ec9nh 20-80\u2103.<\/li>\n<li>Th\u1eddi gian: \u0110i\u1ec1u ch\u1ec9nh nhi\u1ec7t \u0111\u1ed9 v\u00e0 c\u00f4ng su\u1ea5t.<\/li>\n<li>B\u1ea3ng hi\u1ec3n th\u1ecb: Hi\u1ec3n th\u1ecb th\u1eddi gian l\u00e0m vi\u1ec7c v\u00e0 nhi\u1ec7t \u0111\u1ed9.<\/li>\n<li>Ch\u1ea5t li\u1ec7u: B\u1ec3 v\u00e0 m\u00e1y \u0111\u1ec1u l\u00e0m b\u1eb1ng th\u00e9p kh\u00f4ng g\u1ec9.<\/li>\n<li>\u01afu \u0111i\u1ec3m s\u1ea3n ph\u1ea9m: B\u1ec3 l\u00e0m s\u1ea1ch b\u1eb1ng ph\u01b0\u01a1ng ph\u00e1p d\u1eadp, m\u1ed1i h\u00e0n ho\u00e0n h\u1ea3o.<\/li>\n<li>Ch\u1ea5t l\u01b0\u1ee3ng linh ki\u1ec7n: S\u1eed d\u1ee5ng b\u1ed9 chuy\u1ec3n \u0111\u1ed5i si\u00eau \u00e2m ch\u1ea5t l\u01b0\u1ee3ng cao, c\u00f4ng su\u1ea5t m\u1ea1nh.<\/li>\n<li>Quy tr\u00ecnh k\u1ebft d\u00ednh ch\u1ea5t l\u01b0\u1ee3ng cao. D\u00e1n b\u1ed9 chuy\u1ec3n \u0111\u1ed5i si\u00eau \u00e2m b\u1eb1ng keo epoxy.<\/li>\n<li>H\u1ec7 th\u1ed1ng l\u00e0m m\u00e1t: T\u1eeb 10L tr\u1edf l\u00ean \u0111\u01b0\u1ee3c trang b\u1ecb qu\u1ea1t l\u00e0m m\u00e1t hi\u1ec7u su\u1ea5t cao.<\/li>\n<\/ul>\n<p><img loading=\"lazy\" decoding=\"async\" src=\"https:\/\/www.bjultrasonic.com\/wp-content\/uploads\/2018\/12\/120kHz-Ultrasonic-Cleaner-Package.jpg\" alt=\"B\u1ed9 \u0111\u00f3ng g\u00f3i M\u00e1y l\u00e0m s\u1ea1ch Si\u00eau \u00e2m 120kHz\" width=\"600\" height=\"863\" \/><\/p>\n","protected":false},"excerpt":{"rendered":"<p><a href=\"https:\/\/www.bjultrasonic.com\/vi\/category\/ultrasonic-cleaning-system-vi\/120khz-ultrasonic-cleaner-vi\/\">M\u00e1y l\u00e0m s\u1ea1ch si\u00eau \u00e2m k\u1ef9 thu\u1eadt s\u1ed1 120kHz<\/a> v\u1edbi \u0111i\u1ec1u khi\u1ec3n th\u1eddi gian, nhi\u1ec7t \u0111\u1ed9 v\u00e0 c\u00f4ng su\u1ea5t.<\/p>\n","protected":false},"featured_media":19763,"comment_status":"open","ping_status":"closed","template":"","meta":[],"product_brand":[],"product_cat":[5899],"product_tag":[],"class_list":{"0":"post-67409","1":"product","2":"type-product","3":"status-publish","4":"has-post-thumbnail","6":"product_cat-120khz-ultrasonic-cleaner-vi","8":"first","9":"instock","10":"shipping-taxable","11":"purchasable","12":"product-type-simple","13":"prodpage-classic"},"aioseo_notices":[],"_links":{"self":[{"href":"https:\/\/www.bjultrasonic.com\/vi\/wp-json\/wp\/v2\/product\/67409","targetHints":{"allow":["GET"]}}],"collection":[{"href":"https:\/\/www.bjultrasonic.com\/vi\/wp-json\/wp\/v2\/product"}],"about":[{"href":"https:\/\/www.bjultrasonic.com\/vi\/wp-json\/wp\/v2\/types\/product"}],"replies":[{"embeddable":true,"href":"https:\/\/www.bjultrasonic.com\/vi\/wp-json\/wp\/v2\/comments?post=67409"}],"wp:featuredmedia":[{"embeddable":true,"href":"https:\/\/www.bjultrasonic.com\/vi\/wp-json\/wp\/v2\/media\/19763"}],"wp:attachment":[{"href":"https:\/\/www.bjultrasonic.com\/vi\/wp-json\/wp\/v2\/media?parent=67409"}],"wp:term":[{"taxonomy":"product_brand","embeddable":true,"href":"https:\/\/www.bjultrasonic.com\/vi\/wp-json\/wp\/v2\/product_brand?post=67409"},{"taxonomy":"product_cat","embeddable":true,"href":"https:\/\/www.bjultrasonic.com\/vi\/wp-json\/wp\/v2\/product_cat?post=67409"},{"taxonomy":"product_tag","embeddable":true,"href":"https:\/\/www.bjultrasonic.com\/vi\/wp-json\/wp\/v2\/product_tag?post=67409"}],"curies":[{"name":"wp","href":"https:\/\/api.w.org\/{rel}","templated":true}]}}