{"id":67439,"date":"2018-08-16T05:43:28","date_gmt":"2018-08-16T10:43:28","guid":{"rendered":"https:\/\/www.bjultrasonic.com\/shop\/ultrasonic-atomizing-transducer-bja-900\/"},"modified":"2026-03-28T20:38:39","modified_gmt":"2026-03-29T01:38:39","slug":"ultrasonic-atomizing-transducer-bja-900","status":"publish","type":"product","link":"https:\/\/www.bjultrasonic.com\/vi\/shop\/ultrasonic-atomizing-transducer-bja-900\/","title":{"rendered":"900ML \u0110\u1ea7u 3 M\u00e1y T\u1ea1o S\u01b0\u01a1ng Si\u00eau \u00c2m M\u00e1y T\u1ea1o S\u01b0\u01a1ng \u0110\u00e0i Phun N\u01b0\u1edbc"},"content":{"rendered":"<table class=\"table table-striped table-bordered\">\n<tbody>\n<tr>\n<td width=\"284\">Lo\u1ea1i<\/td>\n<td width=\"284\">BJA900<\/td>\n<\/tr>\n<tr>\n<td width=\"284\">L\u01b0\u1ee3ng phun s\u01b0\u01a1ng<\/td>\n<td width=\"284\">&gt;900ML<\/td>\n<\/tr>\n<tr>\n<td width=\"284\">K\u00edch th\u01b0\u1edbc<\/td>\n<td width=\"284\">\u0110\u01b0\u1eddng k\u00ednh 68mm   Chi\u1ec1u cao 27mm<\/td>\n<\/tr>\n<tr>\n<td width=\"284\">T\u1ea7n s\u1ed1 ho\u1ea1t \u0111\u1ed9ng<\/td>\n<td width=\"284\">1700\u00b150(KHZ)<\/td>\n<\/tr>\n<tr>\n<td width=\"284\">\u0110\u01b0\u1eddng k\u00ednh g\u1ed1m \u00e1p \u0111i\u1ec7n<\/td>\n<td width=\"284\">20mm<\/td>\n<\/tr>\n<tr>\n<td width=\"284\">Nhi\u1ec7t \u0111\u1ed9 ho\u1ea1t \u0111\u1ed9ng<\/td>\n<td width=\"284\">1\uff5e45\u2103<\/td>\n<\/tr>\n<tr>\n<td width=\"284\">M\u1ef1c n\u01b0\u1edbc<\/td>\n<td width=\"284\">40mm-80mm<\/td>\n<\/tr>\n<tr>\n<td width=\"284\">\u0110i\u1ec7n \u00e1p l\u00e0m vi\u1ec7c<\/td>\n<td width=\"284\">36V AC<\/td>\n<\/tr>\n<tr>\n<td width=\"284\">D\u00f2ng \u0111i\u1ec7n l\u00e0m vi\u1ec7c<\/td>\n<td width=\"284\">2.2A<\/td>\n<\/tr>\n<tr>\n<td width=\"284\">C\u00f4ng su\u1ea5t:<\/td>\n<td width=\"284\">60W<\/td>\n<\/tr>\n<tr>\n<td width=\"284\">Ch\u1ea5t li\u1ec7u<\/td>\n<td width=\"284\">\u0110\u1ed3ng v\u00e0 th\u00e9p kh\u00f4ng g\u1ec9<\/td>\n<\/tr>\n<tr>\n<td width=\"284\">LED<\/td>\n<td width=\"284\">M\u1ed9t \u0111\u00e8n<\/td>\n<\/tr>\n<tr>\n<td width=\"284\">C\u1ea3m bi\u1ebfn m\u1ef1c n\u01b0\u1edbc<\/td>\n<td width=\"284\">Cao 12mm<\/td>\n<\/tr>\n<tr>\n<td width=\"284\">D\u00e2y c\u00e1p<\/td>\n<td width=\"284\">D\u00e0i 5m<\/td>\n<\/tr>\n<tr>\n<td width=\"284\">\u0110i\u1ec7n \u00e1p \u0111\u1ea7u v\u00e0o<\/td>\n<td width=\"284\">AC 220V\/50HZ<\/p>\n<p>120V\/60HZ<\/td>\n<\/tr>\n<\/tbody>\n<\/table>\n<h3>Ch\u1ee9c n\u0103ng ch\u00ednh<\/h3>\n<ul>\n<li>V\u1ecf \u0111\u1ed3ng, m\u1ea1 niken v\u00e0 cadimi, t\u1ea3n nhi\u1ec7t t\u1ed1t.<\/li>\n<li>Ch\u1ee9c n\u0103ng b\u1ea3o v\u1ec7 thi\u1ebfu n\u01b0\u1edbc v\u00e0 n\u1ed5i tr\u00ean m\u1eb7t n\u01b0\u1edbc, t\u1ef1 \u0111\u1ed9ng n\u1ed5i tr\u00ean m\u1eb7t n\u01b0\u1edbc.<\/li>\n<li>\u00c1p d\u1ee5ng cho c\u00f4ng nghi\u1ec7p, n\u00f4ng nghi\u1ec7p, t\u1ea1o s\u01b0\u01a1ng c\u1ea3nh quan, v.v.<\/li>\n<li>C\u00f3 \u0111\u00e8n m\u00e0u v\u00e0 \u0111\u00e8n \u0111\u01a1n.<\/li>\n<li>L\u01b0\u1ee3ng phun s\u01b0\u01a1ng l\u1edbn; Hi\u1ec7u su\u1ea5t \u1ed5n \u0111\u1ecbnh; Tu\u1ed5i th\u1ecd cao;<\/li>\n<\/ul>\n<h3>Video<\/h3>\n<p><iframe loading=\"lazy\" title=\"900ml 3 Head Ultrasonic Mist Maker Fogger Water Fountain\" width=\"500\" height=\"281\" src=\"https:\/\/www.youtube.com\/embed\/Zc07JpAh8ic?feature=oembed\" frameborder=\"0\" allow=\"accelerometer; autoplay; clipboard-write; encrypted-media; gyroscope; picture-in-picture; web-share\" referrerpolicy=\"strict-origin-when-cross-origin\" allowfullscreen><\/iframe><\/p>\n<p><iframe loading=\"lazy\" title=\"Ultrasonic Humidifier\" width=\"500\" height=\"281\" src=\"https:\/\/www.youtube.com\/embed\/videoseries?list=PLLrjMYkO0_NEpofnqW3MnsGQ-KMwpBJul\" frameborder=\"0\" allow=\"accelerometer; autoplay; clipboard-write; encrypted-media; gyroscope; picture-in-picture; web-share\" referrerpolicy=\"strict-origin-when-cross-origin\" allowfullscreen><\/iframe><\/p>\n<h3>C\u00e2u h\u1ecfi th\u01b0\u1eddng g\u1eb7p<\/h3>\n<p><strong>1. Ch\u00fang ta c\u00f3 th\u1ec3 \u0111i\u1ec1u ch\u1ec9nh l\u01b0\u1ee3ng phun s\u01b0\u01a1ng kh\u00f4ng?<\/strong><\/p>\n<p>Kh\u00f4ng, ch\u1ec9 c\u00f3 th\u1ec3 thay \u0111\u1ed5i b\u1eb1ng m\u1ef1c n\u01b0\u1edbc.<\/p>\n<p><strong>2. Ch\u00fang ta c\u00f3 th\u1ec3 t\u1eaft \u0111\u00e8n LED kh\u00f4ng (n\u1ebfu c\u00f3)?<\/strong><\/p>\n<p>Kh\u00f4ng. T\u1ed1t h\u01a1n n\u00ean ch\u1ecdn m\u00e1y phun s\u01b0\u01a1ng si\u00eau \u00e2m kh\u00f4ng c\u00f3 \u0111\u00e8n LED khi s\u1eed d\u1ee5ng trong nh\u00e0.<\/p>\n<p><strong>3. N\u00f3 c\u00f3 g\u00e2y ti\u1ebfng \u1ed3n kh\u00f4ng?<\/strong><\/p>\n<p>Kh\u00f4ng. H\u1ea7u h\u1ebft <a href=\"https:\/\/www.bjultrasonic.com\/vi\/category\/ultrasonic-atomizer-vi\/\">m\u00e1y t\u1ea1o \u0111\u1ed9 \u1ea9m si\u00eau \u00e2m<\/a> c\u00f3 xu h\u01b0\u1edbng ho\u1ea1t \u0111\u1ed9ng \u00eam h\u01a1n so v\u1edbi c\u00e1c m\u1eabu kh\u00e1c. \u0110\u00f3 l\u00e0 v\u00ec ch\u00fang kh\u00f4ng c\u00f3 qu\u1ea1t, nh\u01b0 m\u00e1y t\u1ea1o \u0111\u1ed9 \u1ea9m bay h\u01a1i th\u01b0\u1eddng c\u00f3. \u0110i\u1ec1u n\u00e0y gi\u00fap gi\u1ea3m m\u1ee9c \u0111\u1ed9 ti\u1ebfng \u1ed3n.<\/p>\n<p><strong>4. N\u00f3 c\u00f3 b\u1ecb r\u00f2 r\u1ec9 \u0111i\u1ec7n kh\u00f4ng?<\/strong><\/p>\n<p>Nguy\u00ean l\u00fd c\u1ee7a m\u00e1y phun s\u01b0\u01a1ng si\u00eau \u00e2m l\u00e0 rung \u0111\u1ed9ng si\u00eau \u00e2m t\u1ea1o ra s\u01b0\u01a1ng m\u00f9, kh\u00f4ng ch\u1ea1m tay v\u00e0o m\u00e1y phun s\u01b0\u01a1ng khi \u0111ang ho\u1ea1t \u0111\u1ed9ng, c\u00f3 th\u1ec3 c\u00f3 c\u1ea3m gi\u00e1c ch\u00e2m ch\u00edch, nh\u01b0ng \u0111\u00f3 kh\u00f4ng ph\u1ea3i l\u00e0 \u0111i\u1ec7n.<\/p>\n<h3>L\u01b0u \u00fd chung<\/h3>\n<ol>\n<li>Vui l\u00f2ng kh\u00f4ng l\u1eadt ng\u01b0\u1ee3c m\u00e1y phun s\u01b0\u01a1ng sau khi b\u1eadt ngu\u1ed3n, \u0111i\u1ec1u n\u00e0y s\u1ebd l\u00e0m h\u1ecfng m\u00e1y phun s\u01b0\u01a1ng.<\/li>\n<li>Vui l\u00f2ng kh\u00f4ng s\u1eed d\u1ee5ng trong th\u1eddi gian d\u00e0i ho\u1eb7c h\u01a1n 10 gi\u1edd.<\/li>\n<li>Kh\u00f4ng ch\u1ea1m v\u00e0o t\u1ea5m phun s\u01b0\u01a1ng khi m\u00e1y phun s\u01b0\u01a1ng \u0111ang ch\u1ea1y.<\/li>\n<li>\u0110\u1ea3m b\u1ea3o ch\u1ea5t l\u01b0\u1ee3ng n\u01b0\u1edbc. Vui l\u00f2ng s\u1eed d\u1ee5ng n\u01b0\u1edbc m\u00e1y s\u1ea1ch. (ch\u1ea5t l\u01b0\u1ee3ng n\u01b0\u1edbc k\u00e9m s\u1ebd \u1ea3nh h\u01b0\u1edfng \u0111\u1ebfn tu\u1ed5i th\u1ecd)<\/li>\n<li>Vui l\u00f2ng ng\u1eaft ngu\u1ed3n \u0111i\u1ec7n tr\u01b0\u1edbc khi di chuy\u1ec3n ho\u1eb7c s\u1eeda ch\u1eefa.<\/li>\n<li><a href=\"https:\/\/www.bjultrasonic.com\/vi\/category\/piezoelectric-ceramic-vi\/\">G\u1ed1m \u00e1p \u0111i\u1ec7n<\/a> phun s\u01b0\u01a1ng thu\u1ed9c lo\u1ea1i v\u1eadt t\u01b0 ti\u00eau hao c\u00f3 tu\u1ed5i th\u1ecd h\u01a1n 3600 gi\u1edd. N\u1ebfu kh\u1ea3 n\u0103ng t\u1ea1o s\u01b0\u01a1ng c\u1ee7a m\u00e1y phun s\u01b0\u01a1ng gi\u1ea3m \u0111\u00e1ng k\u1ec3, vui l\u00f2ng l\u00e0m s\u1ea1ch g\u1ed1m \u00e1p \u0111i\u1ec7n phun s\u01b0\u01a1ng (kh\u00f4ng s\u1eed d\u1ee5ng b\u1ea5t k\u1ef3 ch\u1ea5t t\u1ea9y r\u1eeda n\u00e0o) b\u1eb1ng t\u0103m b\u00f4ng \u0111\u1ec3 gi\u1eef ch\u00fang s\u1ea1ch s\u1ebd. N\u1ebfu l\u01b0\u1ee3ng phun s\u01b0\u01a1ng v\u1eabn \u00edt sau khi l\u00e0m s\u1ea1ch, vui l\u00f2ng thay th\u1ebf m\u1ed9t t\u1ea5m g\u1ed1m \u00e1p \u0111i\u1ec7n phun s\u01b0\u01a1ng. (khuy\u1ebfn ngh\u1ecb mua k\u00e8m theo t\u1ea5m g\u1ed1m \u00e1p \u0111i\u1ec7n phun s\u01b0\u01a1ng)<\/li>\n<\/ol>\n<p><img loading=\"lazy\" decoding=\"async\" src=\"https:\/\/www.bjultrasonic.com\/wp-content\/uploads\/2018\/08\/Ultrasonic-Humidifier-with-LED.jpg\" alt=\"Ultrasonic-Humidifier-with-LED\" width=\"670\" height=\"925\" \/><\/p>\n","protected":false},"excerpt":{"rendered":"<p><a href=\"https:\/\/www.bjultrasonic.com\/vi\/category\/ultrasonic-atomizer-vi\/\">M\u00e1y t\u1ea1o \u0111\u1ed9 \u1ea9m si\u00eau \u00e2m<\/a> s\u1eed d\u1ee5ng n\u0103ng l\u01b0\u1ee3ng si\u00eau \u00e2m \u0111\u1ec3 bi\u1ebfn ch\u1ea5t l\u1ecfng th\u00e0nh c\u00e1c h\u1ea1t gi\u1ed1ng nh\u01b0 m\u00e2y. M\u00e1y t\u1ea1o \u0111\u1ed9 \u1ea9m si\u00eau \u00e2m c\u00f2n \u0111\u01b0\u1ee3c g\u1ecdi l\u00e0 <a href=\"https:\/\/www.bjultrasonic.com\/vi\/shop\/ultrasonic-atomizing-transducer\/\">m\u00e1y phun s\u01b0\u01a1ng si\u00eau \u00e2m<\/a>, m\u00e1y t\u1ea1o s\u01b0\u01a1ng si\u00eau \u00e2m, m\u00e1y t\u1ea1o s\u01b0\u01a1ng m\u00f9 si\u00eau \u00e2m.<\/p>\n","protected":false},"featured_media":19512,"comment_status":"open","ping_status":"closed","template":"","meta":[],"product_brand":[],"product_cat":[6197],"product_tag":[],"class_list":{"0":"post-67439","1":"product","2":"type-product","3":"status-publish","4":"has-post-thumbnail","6":"product_cat-ultrasonic-atomizer-vi","8":"first","9":"instock","10":"shipping-taxable","11":"purchasable","12":"product-type-simple","13":"prodpage-classic"},"aioseo_notices":[],"_links":{"self":[{"href":"https:\/\/www.bjultrasonic.com\/vi\/wp-json\/wp\/v2\/product\/67439","targetHints":{"allow":["GET"]}}],"collection":[{"href":"https:\/\/www.bjultrasonic.com\/vi\/wp-json\/wp\/v2\/product"}],"about":[{"href":"https:\/\/www.bjultrasonic.com\/vi\/wp-json\/wp\/v2\/types\/product"}],"replies":[{"embeddable":true,"href":"https:\/\/www.bjultrasonic.com\/vi\/wp-json\/wp\/v2\/comments?post=67439"}],"wp:featuredmedia":[{"embeddable":true,"href":"https:\/\/www.bjultrasonic.com\/vi\/wp-json\/wp\/v2\/media\/19512"}],"wp:attachment":[{"href":"https:\/\/www.bjultrasonic.com\/vi\/wp-json\/wp\/v2\/media?parent=67439"}],"wp:term":[{"taxonomy":"product_brand","embeddable":true,"href":"https:\/\/www.bjultrasonic.com\/vi\/wp-json\/wp\/v2\/product_brand?post=67439"},{"taxonomy":"product_cat","embeddable":true,"href":"https:\/\/www.bjultrasonic.com\/vi\/wp-json\/wp\/v2\/product_cat?post=67439"},{"taxonomy":"product_tag","embeddable":true,"href":"https:\/\/www.bjultrasonic.com\/vi\/wp-json\/wp\/v2\/product_tag?post=67439"}],"curies":[{"name":"wp","href":"https:\/\/api.w.org\/{rel}","templated":true}]}}