{"id":67445,"date":"2018-08-16T05:29:09","date_gmt":"2018-08-16T10:29:09","guid":{"rendered":"https:\/\/www.bjultrasonic.com\/shop\/ultrasonic-atomizing-transducer-bja-350-1\/"},"modified":"2026-03-28T20:38:39","modified_gmt":"2026-03-29T01:38:39","slug":"ultrasonic-atomizing-transducer-bja-350-1","status":"publish","type":"product","link":"https:\/\/www.bjultrasonic.com\/vi\/shop\/ultrasonic-atomizing-transducer-bja-350-1\/","title":{"rendered":"350ML M\u00e1y T\u1ea1o S\u01b0\u01a1ng N\u01b0\u1edbc M\u00e1y Phun S\u01b0\u01a1ng 1PCs LED"},"content":{"rendered":"<p><iframe loading=\"lazy\" title=\"350ml Ultrasonic Water Mist Maker Fogger 1PCs LED\" width=\"500\" height=\"281\" src=\"https:\/\/www.youtube.com\/embed\/jOEv0dcR458?feature=oembed\" frameborder=\"0\" allow=\"accelerometer; autoplay; clipboard-write; encrypted-media; gyroscope; picture-in-picture; web-share\" referrerpolicy=\"strict-origin-when-cross-origin\" allowfullscreen><\/iframe><\/p>\n<table class=\"table table-striped table-bordered\">\n<tbody>\n<tr>\n<td width=\"273\">Lo\u1ea1i<\/td>\n<td width=\"273\">BJA350-1<\/td>\n<\/tr>\n<tr>\n<td width=\"273\">L\u01b0\u1ee3ng Phun S\u01b0\u01a1ng<\/td>\n<td width=\"273\">&gt;350ML<\/td>\n<\/tr>\n<tr>\n<td width=\"273\">K\u00edch Th\u01b0\u1edbc<\/td>\n<td width=\"273\">\u0110\u01b0\u1eddng k\u00ednh 45mm   Chi\u1ec1u cao 35mm<\/td>\n<\/tr>\n<tr>\n<td width=\"273\">T\u1ea7n S\u1ed1 Ho\u1ea1t \u0110\u1ed9ng<\/td>\n<td width=\"273\">1700\u00b150(KHZ)<\/td>\n<\/tr>\n<tr>\n<td width=\"273\">Nhi\u1ec7t \u0110\u1ed9 Ho\u1ea1t \u0110\u1ed9ng<\/td>\n<td width=\"273\">5\uff5e45\u2103<\/td>\n<\/tr>\n<tr>\n<td width=\"273\">M\u1ef1c N\u01b0\u1edbc<\/td>\n<td width=\"273\">40mm&#8211;90mm<\/td>\n<\/tr>\n<tr>\n<td width=\"273\">C\u00f4ng Su\u1ea5t:<\/td>\n<td width=\"273\">20W<\/td>\n<\/tr>\n<tr>\n<td width=\"273\">\u0110\u00e8n LED<\/td>\n<td width=\"273\">1 LED<\/td>\n<\/tr>\n<tr>\n<td width=\"273\">C\u1ea3m Bi\u1ebfn M\u1ef1c N\u01b0\u1edbc<\/td>\n<td width=\"273\">Chi\u1ec1u cao 12mm<\/td>\n<\/tr>\n<tr>\n<td width=\"273\">D\u00e2y C\u00e1p<\/td>\n<td width=\"273\">PVC \u0111en 3.8mm  Chi\u1ec1u d\u00e0i 1400\u00b120mm<\/td>\n<\/tr>\n<tr>\n<td width=\"273\">\u0110\u01b0\u1eddng k\u00ednh g\u1ed1m \u00e1p \u0111i\u1ec7n<\/td>\n<td width=\"273\">20MM<\/td>\n<\/tr>\n<tr>\n<td width=\"273\">\u0110i\u1ec7n \u00c1p Ho\u1ea1t \u0110\u1ed9ng<\/td>\n<td width=\"273\">24V AC\/DC 700MA<\/td>\n<\/tr>\n<tr>\n<td width=\"273\">Ph\u00edch C\u1eafm<\/td>\n<td width=\"273\">\u1ed4 c\u1eafm 5.5*2.5mm<\/td>\n<\/tr>\n<\/tbody>\n<\/table>\n<h3>Video<\/h3>\n<p><iframe loading=\"lazy\" title=\"350ml Water Mist Maker Fogger 1PCs LED\" width=\"500\" height=\"281\" src=\"https:\/\/www.youtube.com\/embed\/fShDVgGv04k?feature=oembed\" frameborder=\"0\" allow=\"accelerometer; autoplay; clipboard-write; encrypted-media; gyroscope; picture-in-picture; web-share\" referrerpolicy=\"strict-origin-when-cross-origin\" allowfullscreen><\/iframe><\/p>\n<p><iframe loading=\"lazy\" title=\"Ultrasonic Humidifier\" width=\"500\" height=\"281\" src=\"https:\/\/www.youtube.com\/embed\/videoseries?list=PLLrjMYkO0_NEpofnqW3MnsGQ-KMwpBJul\" frameborder=\"0\" allow=\"accelerometer; autoplay; clipboard-write; encrypted-media; gyroscope; picture-in-picture; web-share\" referrerpolicy=\"strict-origin-when-cross-origin\" allowfullscreen><\/iframe><\/p>\n<h3>C\u00e2u h\u1ecfi th\u01b0\u1eddng g\u1eb7p<\/h3>\n<p><strong>1. Ch\u00fang t\u00f4i c\u00f3 th\u1ec3 \u0111i\u1ec1u ch\u1ec9nh l\u01b0\u1ee3ng phun s\u01b0\u01a1ng kh\u00f4ng?<\/strong><\/p>\n<p>Kh\u00f4ng, ch\u1ec9 c\u00f3 th\u1ec3 thay \u0111\u1ed5i b\u1eb1ng m\u1ef1c n\u01b0\u1edbc.<\/p>\n<p><strong>2. Ch\u00fang t\u00f4i c\u00f3 th\u1ec3 t\u1eaft \u0111\u00e8n LED (n\u1ebfu c\u00f3) kh\u00f4ng?<\/strong><\/p>\n<p>Kh\u00f4ng. T\u1ed1t h\u01a1n n\u00ean ch\u1ecdn m\u00e1y phun s\u01b0\u01a1ng si\u00eau \u00e2m kh\u00f4ng c\u00f3 \u0111\u00e8n LED khi s\u1eed d\u1ee5ng trong nh\u00e0.<\/p>\n<p><strong>3. N\u00f3 c\u00f3 ti\u1ebfng \u1ed3n kh\u00f4ng?<\/strong><\/p>\n<p>Kh\u00f4ng. H\u1ea7u h\u1ebft <a href=\"https:\/\/www.bjultrasonic.com\/vi\/category\/ultrasonic-atomizer-vi\/\">m\u00e1y t\u1ea1o \u0111\u1ed9 \u1ea9m si\u00eau \u00e2m<\/a> c\u00f3 xu h\u01b0\u1edbng ho\u1ea1t \u0111\u1ed9ng \u00eam h\u01a1n c\u00e1c m\u1eabu kh\u00e1c. \u0110\u00f3 l\u00e0 v\u00ec ch\u00fang kh\u00f4ng c\u00f3 qu\u1ea1t, nh\u01b0 c\u00e1c m\u00e1y t\u1ea1o \u1ea9m d\u1ea1ng bay h\u01a1i th\u01b0\u1eddng c\u00f3. \u0110i\u1ec1u n\u00e0y gi\u00fap gi\u1ea3m m\u1ee9c \u0111\u1ed9 ti\u1ebfng \u1ed3n.<\/p>\n<p><strong>4. N\u00f3 c\u00f3 b\u1ecb r\u00f2 \u0111i\u1ec7n kh\u00f4ng?<\/strong><\/p>\n<p>Nguy\u00ean l\u00fd c\u1ee7a m\u00e1y phun s\u01b0\u01a1ng si\u00eau \u00e2m l\u00e0 rung \u0111\u1ed9ng si\u00eau \u00e2m t\u1ea1o ra s\u01b0\u01a1ng m\u00f9, kh\u00f4ng ch\u1ea1m tay v\u00e0o m\u00e1y phun s\u01b0\u01a1ng khi \u0111ang ho\u1ea1t \u0111\u1ed9ng, c\u00f3 th\u1ec3 c\u00f3 c\u1ea3m gi\u00e1c ch\u00e2m ch\u00edch, nh\u01b0ng \u0111\u00f3 kh\u00f4ng ph\u1ea3i l\u00e0 \u0111i\u1ec7n.<\/p>\n<h3>C\u00e1c L\u01b0u \u00fd Chung<\/h3>\n<ol>\n<li>Vui l\u00f2ng kh\u00f4ng l\u1eadt ng\u01b0\u1ee3c m\u00e1y phun s\u01b0\u01a1ng sau khi b\u1eadt ngu\u1ed3n, \u0111i\u1ec1u n\u00e0y s\u1ebd l\u00e0m h\u1ecfng m\u00e1y phun s\u01b0\u01a1ng.<\/li>\n<li>Vui l\u00f2ng kh\u00f4ng s\u1eed d\u1ee5ng l\u00e2u d\u00e0i ho\u1eb7c qu\u00e1 10 gi\u1edd.<\/li>\n<li>Kh\u00f4ng ch\u1ea1m v\u00e0o t\u1ea5m phun s\u01b0\u01a1ng khi m\u00e1y phun s\u01b0\u01a1ng \u0111ang ch\u1ea1y.<\/li>\n<li>\u0110\u1ea3m b\u1ea3o ch\u1ea5t l\u01b0\u1ee3ng n\u01b0\u1edbc. Vui l\u00f2ng s\u1eed d\u1ee5ng n\u01b0\u1edbc m\u00e1y s\u1ea1ch. (ch\u1ea5t l\u01b0\u1ee3ng n\u01b0\u1edbc k\u00e9m s\u1ebd \u1ea3nh h\u01b0\u1edfng \u0111\u1ebfn tu\u1ed5i th\u1ecd)<\/li>\n<li>Vui l\u00f2ng ng\u1eaft ngu\u1ed3n \u0111i\u1ec7n tr\u01b0\u1edbc khi di chuy\u1ec3n ho\u1eb7c s\u1eeda ch\u1eefa.<\/li>\n<li><a href=\"https:\/\/www.bjultrasonic.com\/vi\/category\/piezoelectric-ceramic-vi\/\">G\u1ed1m \u00e1p \u0111i\u1ec7n<\/a> phun s\u01b0\u01a1ng thu\u1ed9c lo\u1ea1i v\u1eadt t\u01b0 ti\u00eau hao c\u00f3 tu\u1ed5i th\u1ecd tr\u00ean 3600 gi\u1edd. N\u1ebfu kh\u1ea3 n\u0103ng t\u1ea1o s\u01b0\u01a1ng c\u1ee7a m\u00e1y phun s\u01b0\u01a1ng gi\u1ea3m \u0111\u00e1ng k\u1ec3, vui l\u00f2ng l\u00e0m s\u1ea1ch g\u1ed1m \u00e1p \u0111i\u1ec7n phun s\u01b0\u01a1ng (kh\u00f4ng d\u00f9ng b\u1ea5t k\u1ef3 ch\u1ea5t t\u1ea9y r\u1eeda n\u00e0o) b\u1eb1ng t\u0103m b\u00f4ng \u0111\u1ec3 gi\u1eef ch\u00fang s\u1ea1ch s\u1ebd. N\u1ebfu l\u01b0\u1ee3ng phun s\u01b0\u01a1ng v\u1eabn \u00edt sau khi l\u00e0m s\u1ea1ch, vui l\u00f2ng thay th\u1ebf m\u1ed9t t\u1ea5m g\u1ed1m \u00e1p \u0111i\u1ec7n phun s\u01b0\u01a1ng. (\u0111\u1ec1 ngh\u1ecb mua k\u00e8m theo g\u1ed1m \u00e1p \u0111i\u1ec7n phun s\u01b0\u01a1ng)<\/li>\n<\/ol>\n<p><img loading=\"lazy\" decoding=\"async\" src=\"https:\/\/www.bjultrasonic.com\/wp-content\/uploads\/2018\/08\/Ultrasonic-Humidifier-with-LED.jpg\" alt=\"Ultrasonic-Humidifier-with-LED\" width=\"670\" height=\"925\" \/><\/p>\n","protected":false},"excerpt":{"rendered":"<p><a href=\"https:\/\/www.bjultrasonic.com\/vi\/category\/ultrasonic-atomizer-vi\/\">M\u00e1y t\u1ea1o \u0111\u1ed9 \u1ea9m si\u00eau \u00e2m<\/a> s\u1eed d\u1ee5ng n\u0103ng l\u01b0\u1ee3ng si\u00eau \u00e2m \u0111\u1ec3 bi\u1ebfn ch\u1ea5t l\u1ecfng th\u00e0nh c\u00e1c h\u1ea1t gi\u1ed1ng nh\u01b0 m\u00e2y. M\u00e1y t\u1ea1o \u0111\u1ed9 \u1ea9m si\u00eau \u00e2m c\u00f2n \u0111\u01b0\u1ee3c g\u1ecdi l\u00e0 <a href=\"https:\/\/www.bjultrasonic.com\/vi\/shop\/ultrasonic-atomizing-transducer\/\">m\u00e1y phun s\u01b0\u01a1ng si\u00eau \u00e2m<\/a>, m\u00e1y t\u1ea1o s\u01b0\u01a1ng si\u00eau \u00e2m, m\u00e1y t\u1ea1o s\u01b0\u01a1ng m\u00f9 si\u00eau \u00e2m.<\/p>\n","protected":false},"featured_media":19498,"comment_status":"open","ping_status":"closed","template":"","meta":[],"product_brand":[],"product_cat":[6197],"product_tag":[],"class_list":{"0":"post-67445","1":"product","2":"type-product","3":"status-publish","4":"has-post-thumbnail","6":"product_cat-ultrasonic-atomizer-vi","8":"first","9":"instock","10":"shipping-taxable","11":"purchasable","12":"product-type-simple","13":"prodpage-classic"},"aioseo_notices":[],"_links":{"self":[{"href":"https:\/\/www.bjultrasonic.com\/vi\/wp-json\/wp\/v2\/product\/67445","targetHints":{"allow":["GET"]}}],"collection":[{"href":"https:\/\/www.bjultrasonic.com\/vi\/wp-json\/wp\/v2\/product"}],"about":[{"href":"https:\/\/www.bjultrasonic.com\/vi\/wp-json\/wp\/v2\/types\/product"}],"replies":[{"embeddable":true,"href":"https:\/\/www.bjultrasonic.com\/vi\/wp-json\/wp\/v2\/comments?post=67445"}],"wp:featuredmedia":[{"embeddable":true,"href":"https:\/\/www.bjultrasonic.com\/vi\/wp-json\/wp\/v2\/media\/19498"}],"wp:attachment":[{"href":"https:\/\/www.bjultrasonic.com\/vi\/wp-json\/wp\/v2\/media?parent=67445"}],"wp:term":[{"taxonomy":"product_brand","embeddable":true,"href":"https:\/\/www.bjultrasonic.com\/vi\/wp-json\/wp\/v2\/product_brand?post=67445"},{"taxonomy":"product_cat","embeddable":true,"href":"https:\/\/www.bjultrasonic.com\/vi\/wp-json\/wp\/v2\/product_cat?post=67445"},{"taxonomy":"product_tag","embeddable":true,"href":"https:\/\/www.bjultrasonic.com\/vi\/wp-json\/wp\/v2\/product_tag?post=67445"}],"curies":[{"name":"wp","href":"https:\/\/api.w.org\/{rel}","templated":true}]}}