{"id":67453,"date":"2018-08-16T01:54:45","date_gmt":"2018-08-16T06:54:45","guid":{"rendered":"https:\/\/www.bjultrasonic.com\/shop\/2000w-ultrasonic-immersible-transducer\/"},"modified":"2026-03-28T20:38:38","modified_gmt":"2026-03-29T01:38:38","slug":"2000w-ultrasonic-immersible-transducer","status":"publish","type":"product","link":"https:\/\/www.bjultrasonic.com\/vi\/shop\/2000w-ultrasonic-immersible-transducer\/","title":{"rendered":"2000W M\u00e1y ph\u00e1t si\u00eau \u00e2m d\u01b0\u1edbi n\u01b0\u1edbc d\u00f9ng \u0111\u1ec3 l\u00e0m s\u1ea1ch"},"content":{"rendered":"<ul>\n<li><strong>C\u00f4ng su\u1ea5t<\/strong>: 2000w (bao g\u1ed3m 25 chi\u1ebfc <a href=\"https:\/\/www.bjultrasonic.com\/vi\/category\/ultrasonic-transducer-vi\/\">\u0111\u1ea7u d\u00f2 si\u00eau \u00e2m l\u00e0m s\u1ea1ch<\/a> 60w)<\/li>\n<li><strong>K\u00edch th\u01b0\u1edbc<\/strong>: 700*400*100mm D*R*C<\/li>\n<li><strong>Ch\u1ea5t li\u1ec7u<\/strong>: Th\u00e9p kh\u00f4ng g\u1ec9 304.<\/li>\n<li>M\u1ea1 crom c\u1ee9ng tr\u00ean b\u1ec1 m\u1eb7t rung.<\/li>\n<li><strong>T\u1ea7n s\u1ed1<\/strong>: 25khz, 28khz ho\u1eb7c 40khz, n\u1ebfu c\u1ea7n t\u1ea7n s\u1ed1 kh\u00e1c, vui l\u00f2ng li\u00ean h\u1ec7 v\u1edbi ch\u00fang t\u00f4i.<\/li>\n<\/ul>\n<p><img loading=\"lazy\" decoding=\"async\" src=\"https:\/\/www.bjultrasonic.com\/wp-content\/uploads\/2018\/08\/Waterproof-ultrasonic-immersible-transducers.jpg\" alt=\"\" width=\"600\" height=\"600\" \/><\/p>\n<h3>L\u01b0u \u00fd<\/h3>\n<ul>\n<li>\u0110\u1ea7u d\u00f2 si\u00eau \u00e2m ch\u00ecm l\u00e0 s\u1ea3n ph\u1ea9m t\u00f9y ch\u1ec9nh. V\u00ec v\u1eady v\u1ec1 gi\u00e1 c\u1ea3, vui l\u00f2ng li\u00ean h\u1ec7 v\u1edbi \u0110\u1ea1i di\u1ec7n B\u00e1n h\u00e0ng c\u1ee7a ch\u00fang t\u00f4i (<a href=\"https:\/\/www.bjultrasonic.com\/contact\/\" target=\"_blank\" rel=\"noopener\">Bi\u1ec3u m\u1eabu Li\u00ean h\u1ec7<\/a>). Ch\u00fang t\u00f4i s\u1ebd ph\u1ea3n h\u1ed3i s\u1edbm cho b\u1ea1n.<\/li>\n<li>Ch\u00fang t\u00f4i c\u00f3 th\u1ec3 thi\u1ebft k\u1ebf v\u00e0 t\u00f9y ch\u1ec9nh nhi\u1ec1u lo\u1ea1i \u0111\u1ea7u d\u00f2 si\u00eau \u00e2m ch\u00ecm kh\u00e1c nhau d\u1ef1a tr\u00ean y\u00eau c\u1ea7u.<\/li>\n<\/ul>\n<h3>Video v\u1ec1 \u0110\u1ea7u d\u00f2 Si\u00eau \u00e2m Ch\u00ecm<\/h3>\n<p><iframe loading=\"lazy\" title=\"Immersible Ultrasonic Transducers - Beijing Ultrasonic\" width=\"500\" height=\"281\" src=\"https:\/\/www.youtube.com\/embed\/KFyC5dbLC7Y?feature=oembed\" frameborder=\"0\" allow=\"accelerometer; autoplay; clipboard-write; encrypted-media; gyroscope; picture-in-picture; web-share\" referrerpolicy=\"strict-origin-when-cross-origin\" allowfullscreen><\/iframe><\/p>\n<h3>\u0110\u1eb7c \u0111i\u1ec3m c\u1ee7a \u0110\u1ea7u d\u00f2 Si\u00eau \u00e2m Ch\u00ecm<\/h3>\n<ul>\n<li>C\u1ea5u tr\u00fac ho\u00e0n to\u00e0n b\u1eb1ng th\u00e9p kh\u00f4ng g\u1ec9: ch\u1ed1ng axit v\u00e0 ch\u1ecbu ki\u1ec1m, th\u1ea9m m\u1ef9 v\u00e0 b\u1ec1n b\u1ec9.<\/li>\n<li>\u00c1p d\u1ee5ng c\u1ea5u tr\u00fac ki\u1ec3u ph\u00e2n t\u00e1ch: k\u1ebft n\u1ed1i t\u1ea7n s\u1ed1 cao v\u1edbi jack c\u1eafm \u0111\u01b0\u1ee3c s\u1eed d\u1ee5ng gi\u1eefa \u0111\u1ea7u d\u00f2 si\u00eau \u00e2m ch\u00ecm v\u00e0 m\u00e1y ph\u00e1t si\u00eau \u00e2m, h\u1eefu \u00edch v\u00e0 b\u1ea3o tr\u00ec thu\u1eadn ti\u1ec7n.<\/li>\n<li>C\u00f3 nhi\u1ec1u c\u00e1ch l\u1eafp \u0111\u1eb7t \u0111\u1ea7u d\u00f2 si\u00eau \u00e2m ch\u00ecm: \u0111\u1eb7t \u1edf <strong>\u0111\u00e1y<\/strong>, <strong>b\u1ec1 m\u1eb7t<\/strong>, <strong>m\u1eb7t b\u00ean<\/strong> ho\u1eb7c <strong>\u0111\u1ec9nh<\/strong> c\u1ee7a b\u1ec3 l\u00e0m s\u1ea1ch theo nhu c\u1ea7u.\n<div id=\"attachment_853\" style=\"width: 252px\" class=\"wp-caption alignnone\"><img loading=\"lazy\" decoding=\"async\" aria-describedby=\"caption-attachment-853\" class=\"size-full wp-image-853\" title=\"the Type of Ultrasonic Immersible Transducer Installation\" src=\"\/\/www.bjultrasonic.com\/wp-content\/uploads\/2012\/04\/20124274.jpg\" alt=\"the type of ultrasonic immersible transducer installation\" width=\"242\" height=\"155\" \/><p id=\"caption-attachment-853\" class=\"wp-caption-text\">Lo\u1ea1i h\u00ecnh L\u1eafp \u0111\u1eb7t \u0110\u1ea7u d\u00f2 Si\u00eau \u00e2m Ch\u00ecm<\/p><\/div><\/li>\n<\/ul>\n<h3>\u1ee8ng d\u1ee5ng c\u1ee7a \u0110\u1ea7u d\u00f2 Si\u00eau \u00e2m Ch\u00ecm<\/h3>\n<ul>\n<li>L\u00e0m s\u1ea1ch tr\u01b0\u1edbc khi m\u1ea1 cho c\u00e1c chi ti\u1ebft c\u1ea7n m\u1ea1, lo\u1ea1i b\u1ecf d\u1ea7u m\u1ee1 v\u00e0 b\u1ee5i b\u1ea9n cho c\u00e1c chi ti\u1ebft c\u01a1 kh\u00ed kim lo\u1ea1i, l\u00e0m s\u1ea1ch t\u1ea5m Si b\u00e1n d\u1eabn, g\u1ecdng k\u00ednh v\u00e0 d\u1ee5ng c\u1ee5 th\u1ee7y tinh.<\/li>\n<li>\u1ed0ng k\u00ednh, k\u00ednh r\u00e2m, k\u00ednh c\u1eadn v\u00e0 l\u0103ng k\u00ednh, k\u00ednh hi\u1ec3n vi, m\u00e1y \u1ea3nh, thi\u1ebft b\u1ecb th\u1ee7y tinh, v.v.<\/li>\n<\/ul>\n<h3>Th\u00eam h\u00ecnh \u1ea3nh v\u1ec1 \u0110\u1ea7u d\u00f2 Si\u00eau \u00e2m Ch\u00ecm<\/h3>\n<div id=\"attachment_856\" style=\"width: 460px\" class=\"wp-caption alignnone\"><a href=\"https:\/\/www.bjultrasonic.com\/wp-content\/uploads\/2012\/04\/20124272.jpg\" data-lightbox=\"image\"><img loading=\"lazy\" decoding=\"async\" aria-describedby=\"caption-attachment-856\" class=\"size-full wp-image-856 \" title=\"vibration effects of ultrasonic immersible transducer\" src=\"\/\/www.bjultrasonic.com\/wp-content\/uploads\/2012\/04\/20124272.jpg\" alt=\"vibration effects of ultrasonic immersible transducer\" width=\"450\" height=\"337\" srcset=\"https:\/\/www.bjultrasonic.com\/wp-content\/uploads\/2012\/04\/20124272.jpg 1500w, https:\/\/www.bjultrasonic.com\/wp-content\/uploads\/2012\/04\/20124272-1170x878.jpg 1170w\" sizes=\"auto, (max-width: 450px) 100vw, 450px\" \/><\/a><p id=\"caption-attachment-856\" class=\"wp-caption-text\">Hi\u1ec7u \u1ee9ng rung c\u1ee7a \u0110\u1ea7u d\u00f2 Si\u00eau \u00e2m Ch\u00ecm<\/p><\/div>\n<hr \/>\n<div id=\"attachment_857\" style=\"width: 460px\" class=\"wp-caption alignnone\"><a href=\"https:\/\/www.bjultrasonic.com\/wp-content\/uploads\/2012\/04\/20124273.jpg\" data-lightbox=\"image\"><img loading=\"lazy\" decoding=\"async\" aria-describedby=\"caption-attachment-857\" class=\"size-full wp-image-857 \" title=\"Inside of Ultrasonic Immersible Transducer\" src=\"\/\/www.bjultrasonic.com\/wp-content\/uploads\/2012\/04\/20124273.jpg\" alt=\"Inside of Ultrasonic Immersible Transducer\" width=\"450\" height=\"350\" \/><\/a><p id=\"caption-attachment-857\" class=\"wp-caption-text\">B\u00ean trong \u0110\u1ea7u d\u00f2 Si\u00eau \u00e2m Ch\u00ecm<\/p><\/div>\n<h3>Thanh to\u00e1n<\/h3>\n<p>Hi\u1ec7n ch\u00fang t\u00f4i ch\u1ea5p nh\u1eadn paypal, chuy\u1ec3n kho\u1ea3n ng\u00e2n h\u00e0ng (T\/T) &amp; Western Union.<\/p>\n<h3 class=\"shipping-methods\">V\u1eadn chuy\u1ec3n<\/h3>\n<p>H\u00e0ng h\u00f3a s\u1ebd \u0111\u01b0\u1ee3c v\u1eadn chuy\u1ec3n trong v\u00f2ng 48 gi\u1edd sau khi nh\u1eadn \u0111\u01b0\u1ee3c thanh to\u00e1n \u0111\u1ea7y \u0111\u1ee7.<\/p>\n<ul>\n<li>Ch\u00fang t\u00f4i v\u1eadn chuy\u1ec3n h\u00e0ng h\u00f3a \u0111\u1ebfn \u0111\u1ecba ch\u1ec9 \u0111\u01b0\u1ee3c cung c\u1ea5p trong thanh to\u00e1n PayPal. Vui l\u00f2ng \u0111\u1ea3m b\u1ea3o r\u1eb1ng \u0111\u1ecba ch\u1ec9 trong PayPal l\u00e0 ch\u00ednh x\u00e1c.<\/li>\n<li>Ch\u00fang t\u00f4i s\u1ebd cung c\u1ea5p cho b\u1ea1n s\u1ed1 theo d\u00f5i sau khi ch\u00fang t\u00f4i g\u1eedi h\u00e0ng, n\u00f3i chung, b\u1ea1n s\u1ebd nh\u1eadn \u0111\u01b0\u1ee3c h\u00e0ng trong v\u00f2ng n\u0103m ng\u00e0y.<\/li>\n<li>N\u1ebfu b\u1ea1n c\u00f3 b\u1ea5t k\u1ef3 c\u00e2u h\u1ecfi n\u00e0o, vui l\u00f2ng li\u00ean h\u1ec7 v\u1edbi ch\u00fang t\u00f4i qua email (\u0111\u1ecba ch\u1ec9 email c\u1ee7a ch\u00fang t\u00f4i l\u00e0 <a href=\"mailto:support@bjultrasonic.com\">support@bjultrasonic.com<\/a>)<\/li>\n<\/ul>\n<h3 align=\"left\">B\u1ea3o h\u00e0nh S\u1ea3n ph\u1ea9m<\/h3>\n<p>Th\u1eddi gian b\u1ea3o h\u00e0nh s\u1ea3n ph\u1ea9m l\u00e0 m\u1ed9t n\u0103m. Trong th\u1eddi gian b\u1ea3o h\u00e0nh, s\u1ea3n ph\u1ea9m \u0111\u00e3 mua c\u00f3 th\u1ec3 \u0111\u01b0\u1ee3c b\u1ea3o tr\u00ec ho\u1eb7c \u0111\u1ed5i mi\u1ec5n ph\u00ed.<\/p>\n","protected":false},"excerpt":{"rendered":"<ul>\n<li>M\u00e1y l\u00e0m s\u1ea1ch si\u00eau \u00e2m nh\u00fang 2000W<\/li>\n<li>B\u1ed9 chuy\u1ec3n \u0111\u1ed5i m\u1ea3ng nh\u00fang 2000W<\/li>\n<li>B\u1ed9 chuy\u1ec3n \u0111\u1ed5i l\u00e0m s\u1ea1ch si\u00eau \u00e2m c\u00f3 th\u1ec3 nh\u00fang 2000W<\/li>\n<li>H\u1ec7 th\u1ed1ng chuy\u1ec3n \u0111\u1ed5i si\u00eau \u00e2m c\u00f3 th\u1ec3 nh\u00fang 2000W<\/li>\n<li>B\u1ed9 chuy\u1ec3n \u0111\u1ed5i si\u00eau \u00e2m m\u1ea3ng pha 2000W<\/li>\n<li>M\u00e1y l\u00e0m s\u1ea1ch si\u00eau \u00e2m ch\u00ecm 2000W<\/li>\n<li>B\u1ed9 chuy\u1ec3n \u0111\u1ed5i c\u00f3 th\u1ec3 nh\u00fang si\u00eau \u00e2m 2000W<\/li>\n<li>B\u1ed9 chuy\u1ec3n \u0111\u1ed5i \u00e1p \u0111i\u1ec7n si\u00eau \u00e2m d\u01b0\u1edbi n\u01b0\u1edbc 2000W<\/li>\n<li>T\u1ea5m chuy\u1ec3n \u0111\u1ed5i nh\u00fang si\u00eau \u00e2m 2000W<\/li>\n<li>B\u1ed9 chuy\u1ec3n \u0111\u1ed5i c\u00f3 th\u1ec3 nh\u00fang si\u00eau \u00e2m ch\u1ed1ng n\u01b0\u1edbc 2000W<\/li>\n<li>B\u1ed9 chuy\u1ec3n \u0111\u1ed5i si\u00eau \u00e2m \u00e1p \u0111i\u1ec7n ch\u1ed1ng n\u01b0\u1edbc 2000W<\/li>\n<\/ul>\n","protected":false},"featured_media":19463,"comment_status":"open","ping_status":"closed","template":"","meta":[],"product_brand":[],"product_cat":[5939],"product_tag":[],"class_list":{"0":"post-67453","1":"product","2":"type-product","3":"status-publish","4":"has-post-thumbnail","6":"product_cat-ultrasonic-immersible-transducer-vi","8":"first","9":"instock","10":"shipping-taxable","11":"product-type-external","12":"prodpage-classic"},"aioseo_notices":[],"_links":{"self":[{"href":"https:\/\/www.bjultrasonic.com\/vi\/wp-json\/wp\/v2\/product\/67453","targetHints":{"allow":["GET"]}}],"collection":[{"href":"https:\/\/www.bjultrasonic.com\/vi\/wp-json\/wp\/v2\/product"}],"about":[{"href":"https:\/\/www.bjultrasonic.com\/vi\/wp-json\/wp\/v2\/types\/product"}],"replies":[{"embeddable":true,"href":"https:\/\/www.bjultrasonic.com\/vi\/wp-json\/wp\/v2\/comments?post=67453"}],"wp:featuredmedia":[{"embeddable":true,"href":"https:\/\/www.bjultrasonic.com\/vi\/wp-json\/wp\/v2\/media\/19463"}],"wp:attachment":[{"href":"https:\/\/www.bjultrasonic.com\/vi\/wp-json\/wp\/v2\/media?parent=67453"}],"wp:term":[{"taxonomy":"product_brand","embeddable":true,"href":"https:\/\/www.bjultrasonic.com\/vi\/wp-json\/wp\/v2\/product_brand?post=67453"},{"taxonomy":"product_cat","embeddable":true,"href":"https:\/\/www.bjultrasonic.com\/vi\/wp-json\/wp\/v2\/product_cat?post=67453"},{"taxonomy":"product_tag","embeddable":true,"href":"https:\/\/www.bjultrasonic.com\/vi\/wp-json\/wp\/v2\/product_tag?post=67453"}],"curies":[{"name":"wp","href":"https:\/\/api.w.org\/{rel}","templated":true}]}}