{"id":67467,"date":"2018-08-04T01:32:39","date_gmt":"2018-08-04T06:32:39","guid":{"rendered":"https:\/\/www.bjultrasonic.com\/shop\/2400w-ultrasonic-generator-pcb-below-45-khz\/"},"modified":"2026-03-28T20:38:37","modified_gmt":"2026-03-29T01:38:37","slug":"2400w-ultrasonic-generator-pcb-below-45-khz","status":"publish","type":"product","link":"https:\/\/www.bjultrasonic.com\/vi\/shop\/2400w-ultrasonic-generator-pcb-below-45-khz\/","title":{"rendered":"B\u1ed9 \u0111i\u1ec1u khi\u1ec3n \u0111\u1ea7u d\u00f2 si\u00eau \u00e2m 2400W d\u01b0\u1edbi 45 KHz"},"content":{"rendered":"<ul>\n<li>\u0110i\u1ec7n \u00e1p l\u00e0m vi\u1ec7c: AC 220V\/110V 50\/60Hz \u00b110%<\/li>\n<li>D\u00f2ng \u0111i\u1ec7n l\u00e0m vi\u1ec7c: L\u01b0u \u00fd r\u1eb1ng thi\u1ebft b\u1ecb kh\u00f4ng th\u1ec3 ho\u1ea1t \u0111\u1ed9ng l\u00e2u d\u00e0i trong tr\u1ea1ng th\u00e1i v\u1eadn h\u00e0nh khi d\u00f2ng \u0111i\u1ec7n c\u1ee7a n\u00f3 l\u1edbn h\u01a1n d\u00f2ng \u0111i\u1ec7n \u0111\u1ecbnh m\u1ee9c.<\/li>\n<li>M\u00f4i tr\u01b0\u1eddng l\u00e0m vi\u1ec7c: Nhi\u1ec7t \u0111\u1ed9 t\u1eeb 0\u2103 \u0111\u1ebfn 40\u2103<\/li>\n<li>\u0110\u1ed9 \u1ea9m l\u00e0m vi\u1ec7c: 40% &#8211; 90%<\/li>\n<li>T\u1ea7n s\u1ed1 l\u00e0m vi\u1ec7c: t\u1eeb 17kHz \u0111\u1ebfn 135kHz<\/li>\n<li>Th\u1eddi gian: 0-59 ph\u00fat v\u00e0 59 gi\u00e2y<\/li>\n<\/ul>\n<p><strong>L\u01b0u \u00fd:<\/strong><\/p>\n<ul>\n<li><a href=\"https:\/\/www.bjultrasonic.com\/vi\/category\/ultrasonic-generator-vi\/\">M\u00e1y ph\u00e1t si\u00eau \u00e2m<\/a> kh\u00f4ng th\u1ec3 b\u1eadt ngu\u1ed3n trong \u0111i\u1ec1u ki\u1ec7n kh\u00f4ng t\u1ea3i<\/li>\n<li>Sau khi l\u1eafp \u0111\u1eb7t, kh\u00f4ng th\u1ec3 b\u1eadt ngu\u1ed3n cho \u0111\u1ebfn khi \u0111\u1ed5 dung d\u1ecbch l\u00e0m s\u1ea1ch<\/li>\n<li><a href=\"https:\/\/www.bjultrasonic.com\/vi\/category\/ultrasonic-transducer-vi\/\">\u0110\u1ea7u d\u00f2 si\u00eau \u00e2m<\/a> c\u00f3 hai ch\u00e2n. Ch\u00e2n d\u01b0\u01a1ng n\u1eb1m \u1edf gi\u1eefa hai mi\u1ebfng g\u1ed1m. Ch\u00e2n \u00e2m n\u1eb1m g\u1ea7n c\u1ed9t kim lo\u1ea1i ph\u00eda d\u01b0\u1edbi. Vui l\u00f2ng kh\u00f4ng \u0111\u1ea5u d\u00e2y sai.<\/li>\n<li>M\u1eb7t l\u1edbn h\u01a1n c\u00f3 l\u1ed7 v\u00edt trong \u0111\u1ea7u d\u00f2 g\u1ed1m c\u00f3 ch\u1ee9c n\u0103ng rung, c\u00f3 th\u1ec3 \u0111\u01b0\u1ee3c g\u1eafn v\u00e0o \u0111\u00e1y m\u00e1y l\u00e0m s\u1ea1ch. V\u00e0 vui l\u00f2ng \u0111\u1ea3m b\u1ea3o m\u00e1y l\u00e0m s\u1ea1ch \u0111\u01b0\u1ee3c n\u1ed1i \u0111\u1ea5t an to\u00e0n.<\/li>\n<li>\u0110\u1ea7u d\u00f2 g\u1ed1m n\u00ean \u0111\u01b0\u1ee3c d\u00e1n v\u00e0o \u0111\u00e1y m\u00e1y l\u00e0m s\u1ea1ch b\u1eb1ng keo chuy\u00ean d\u1ee5ng cho \u0111\u1ea7u d\u00f2 ho\u1eb7c s\u1eed d\u1ee5ng keo d\u00ednh AB. nh\u01b0ng hi\u1ec7u qu\u1ea3 h\u01a1i k\u00e9m, ho\u1eb7c s\u1eed d\u1ee5ng nh\u1ef1a epoxy v\u1edbi t\u1ef7 l\u1ec7 10:4.<\/li>\n<li>\u0110i\u1ec7n \u00e1p b\u1ea3ng m\u1ea1ch l\u00e0m vi\u1ec7c l\u00e0 600V. \u0110i\u1ec7n \u00e1p \u0111\u1ea7u ra \u0111\u1ebfn \u0111\u1ea7u d\u00f2 l\u00e0 1100V. Vui l\u00f2ng \u0111\u1ea3m b\u1ea3o m\u00e1y l\u00e0m s\u1ea1ch \u0111\u01b0\u1ee3c n\u1ed1i \u0111\u1ea5t an to\u00e0n. Vui l\u00f2ng \u0111\u1ea3m b\u1ea3o c\u00f4ng t\u1eafc b\u1ea3o v\u1ec7 r\u00f2 r\u1ec9 \u0111\u01b0\u1ee3c l\u1eafp \u0111\u1eb7t tr\u00ean ngu\u1ed3n \u0111i\u1ec7n \u0111\u1ec3 \u0111\u1ea3m b\u1ea3o an to\u00e0n.<\/li>\n<\/ul>\n<h3>Danh s\u00e1ch ph\u00e1t video: B\u1ed9 \u0111i\u1ec1u khi\u1ec3n \u0111\u1ea7u d\u00f2 si\u00eau \u00e2m<\/h3>\n<p><iframe loading=\"lazy\" width=\"560\" height=\"315\" src=\"https:\/\/www.youtube.com\/embed\/videoseries?list=PLLrjMYkO0_NG56zqmQN9W9F1Xf9eev6dc\" frameborder=\"0\" allow=\"autoplay; encrypted-media\" allowfullscreen><\/iframe><\/p>\n","protected":false},"excerpt":{"rendered":"<p>M\u1ea1ch t\u1ea1o s\u00f3ng si\u00eau \u00e2m, c\u00f2n \u0111\u01b0\u1ee3c g\u1ecdi l\u00e0 <a href=\"https:\/\/www.bjultrasonic.com\/vi\/category\/ultrasonic-transducer-vi\/\">m\u1ea1ch \u0111i\u1ec1u khi\u1ec3n \u0111\u1ea7u d\u00f2 si\u00eau \u00e2m<\/a> ho\u1eb7c <a href=\"https:\/\/www.bjultrasonic.com\/vi\/category\/ultrasonic-generator-vi\/ultrasonic-generator-circuits-vi\/\">b\u1ea3ng \u0111i\u1ec1u khi\u1ec3n ngu\u1ed3n cho m\u00e1y l\u00e0m s\u1ea1ch si\u00eau \u00e2m<\/a>. N\u00f3 cung c\u1ea5p m\u1ed9t <a href=\"https:\/\/www.bjultrasonic.com\/vi\/category\/ultrasonic-generator-vi\/\">t\u1ea7n s\u1ed1 si\u00eau \u00e2m<\/a> \u0111\u1ec3 \u0111i\u1ec1u khi\u1ec3n c\u00e1c \u0111\u1ea7u d\u00f2 si\u00eau \u00e2m b\u00ean trong <a href=\"https:\/\/www.bjultrasonic.com\/vi\/category\/ultrasonic-cleaning-system-vi\/\">m\u00e1y l\u00e0m s\u1ea1ch si\u00eau \u00e2m<\/a>.<\/p>\n","protected":false},"featured_media":19351,"comment_status":"open","ping_status":"closed","template":"","meta":[],"product_brand":[],"product_cat":[6104],"product_tag":[],"class_list":{"0":"post-67467","1":"product","2":"type-product","3":"status-publish","4":"has-post-thumbnail","6":"product_cat-ultrasonic-generator-circuits-vi","8":"first","9":"instock","10":"shipping-taxable","11":"purchasable","12":"product-type-simple","13":"prodpage-classic"},"aioseo_notices":[],"_links":{"self":[{"href":"https:\/\/www.bjultrasonic.com\/vi\/wp-json\/wp\/v2\/product\/67467","targetHints":{"allow":["GET"]}}],"collection":[{"href":"https:\/\/www.bjultrasonic.com\/vi\/wp-json\/wp\/v2\/product"}],"about":[{"href":"https:\/\/www.bjultrasonic.com\/vi\/wp-json\/wp\/v2\/types\/product"}],"replies":[{"embeddable":true,"href":"https:\/\/www.bjultrasonic.com\/vi\/wp-json\/wp\/v2\/comments?post=67467"}],"wp:featuredmedia":[{"embeddable":true,"href":"https:\/\/www.bjultrasonic.com\/vi\/wp-json\/wp\/v2\/media\/19351"}],"wp:attachment":[{"href":"https:\/\/www.bjultrasonic.com\/vi\/wp-json\/wp\/v2\/media?parent=67467"}],"wp:term":[{"taxonomy":"product_brand","embeddable":true,"href":"https:\/\/www.bjultrasonic.com\/vi\/wp-json\/wp\/v2\/product_brand?post=67467"},{"taxonomy":"product_cat","embeddable":true,"href":"https:\/\/www.bjultrasonic.com\/vi\/wp-json\/wp\/v2\/product_cat?post=67467"},{"taxonomy":"product_tag","embeddable":true,"href":"https:\/\/www.bjultrasonic.com\/vi\/wp-json\/wp\/v2\/product_tag?post=67467"}],"curies":[{"name":"wp","href":"https:\/\/api.w.org\/{rel}","templated":true}]}}