{"id":67481,"date":"2018-08-04T01:06:40","date_gmt":"2018-08-04T06:06:40","guid":{"rendered":"https:\/\/www.bjultrasonic.com\/shop\/60khz-30w-ultrasonic-transducer-driver\/"},"modified":"2026-03-28T20:38:13","modified_gmt":"2026-03-29T01:38:13","slug":"60khz-30w-ultrasonic-transducer-driver","status":"publish","type":"product","link":"https:\/\/www.bjultrasonic.com\/vi\/shop\/60khz-30w-ultrasonic-transducer-driver\/","title":{"rendered":"60KHz 30W B\u1ed9 \u0110i\u1ec1u Khi\u1ec3n \u0110\u1ea7u D\u00f2 Si\u00eau \u00c2m"},"content":{"rendered":"<h3>L\u01b0u \u00dd<\/h3>\n<ul>\n<li><a href=\"https:\/\/www.bjultrasonic.com\/vi\/category\/ultrasonic-generator-vi\/\">M\u00e1y ph\u00e1t si\u00eau \u00e2m<\/a> kh\u00f4ng th\u1ec3 b\u1eadt ngu\u1ed3n trong \u0111i\u1ec1u ki\u1ec7n kh\u00f4ng t\u1ea3i.<\/li>\n<li>Sau khi l\u1eafp \u0111\u1eb7t, kh\u00f4ng \u0111\u01b0\u1ee3c b\u1eadt ngu\u1ed3n cho \u0111\u1ebfn khi \u0111\u1ed5 dung d\u1ecbch v\u1ec7 sinh v\u00e0o.<\/li>\n<li><a href=\"https:\/\/www.bjultrasonic.com\/vi\/category\/ultrasonic-transducer-vi\/\">\u0110\u1ea7u d\u00f2 si\u00eau \u00e2m<\/a> c\u00f3 hai \u0111\u1ea7u n\u1ed1i. \u0110\u1ea7u d\u01b0\u01a1ng n\u1eb1m \u1edf gi\u1eefa hai m\u1ea3nh g\u1ed1m. \u0110\u1ea7u \u00e2m n\u1eb1m g\u1ea7n c\u1ed9t kim lo\u1ea1i ph\u00eda d\u01b0\u1edbi. Vui l\u00f2ng kh\u00f4ng k\u1ebft n\u1ed1i sai d\u00e2y.<\/li>\n<li>M\u1eb7t l\u1edbn h\u01a1n c\u00f3 l\u1ed7 v\u00edt tr\u00ean \u0111\u1ea7u d\u00f2 g\u1ed1m c\u00f3 ch\u1ee9c n\u0103ng rung, c\u00f3 th\u1ec3 \u0111\u01b0\u1ee3c g\u1eafn ch\u1eb7t v\u00e0o \u0111\u00e1y m\u00e1y v\u1ec7 sinh. V\u00e0 vui l\u00f2ng \u0111\u1ea3m b\u1ea3o m\u00e1y v\u1ec7 sinh \u0111\u01b0\u1ee3c n\u1ed1i \u0111\u1ea5t an to\u00e0n.<\/li>\n<li>\u0110\u1ea7u d\u00f2 g\u1ed1m n\u00ean \u0111\u01b0\u1ee3c d\u00e1n v\u00e0o \u0111\u00e1y m\u00e1y v\u1ec7 sinh b\u1eb1ng keo chuy\u00ean d\u1ee5ng cho \u0111\u1ea7u d\u00f2 ho\u1eb7c d\u00f9ng keo d\u00ednh AB, nh\u01b0ng hi\u1ec7u qu\u1ea3 h\u01a1i k\u00e9m h\u01a1n, ho\u1eb7c d\u00f9ng nh\u1ef1a epoxy v\u1edbi t\u1ef7 l\u1ec7 10:4.<\/li>\n<li>\u0110i\u1ec7n \u00e1p l\u00e0m vi\u1ec7c c\u1ee7a bo m\u1ea1ch l\u00e0 600V. \u0110i\u1ec7n \u00e1p \u0111\u1ea7u ra \u0111\u1ebfn \u0111\u1ea7u d\u00f2 l\u00e0 1100V. Vui l\u00f2ng \u0111\u1ea3m b\u1ea3o m\u00e1y v\u1ec7 sinh \u0111\u01b0\u1ee3c n\u1ed1i \u0111\u1ea5t an to\u00e0n. Vui l\u00f2ng \u0111\u1ea3m b\u1ea3o c\u00f4ng t\u1eafc ch\u1ed1ng r\u00f2 \u0111i\u1ec7n \u0111\u01b0\u1ee3c l\u1eafp \u0111\u1eb7t tr\u00ean ngu\u1ed3n \u0111i\u1ec7n \u0111\u1ec3 \u0111\u1ea3m b\u1ea3o an to\u00e0n.<\/li>\n<\/ul>\n<h3>C\u00e1ch K\u1ebft N\u1ed1i \u0110\u1ea7u D\u00f2 Si\u00eau \u00c2m V\u1edbi M\u1ea1ch M\u00e1y Ph\u00e1t Si\u00eau \u00c2m<\/h3>\n<p><img loading=\"lazy\" decoding=\"async\" class=\"alignnone size-full wp-image-19292\" src=\"https:\/\/www.bjultrasonic.com\/wp-content\/uploads\/2012\/12\/Connect-Ultrasonic-Transducer-with-Ultrasonic-Generator-Circuit.jpg\" sizes=\"auto, (max-width: 748px) 100vw, 748px\" srcset=\"https:\/\/www.bjultrasonic.com\/wp-content\/uploads\/2012\/12\/Connect-Ultrasonic-Transducer-with-Ultrasonic-Generator-Circuit.jpg 748w, https:\/\/www.bjultrasonic.com\/wp-content\/uploads\/2012\/12\/Connect-Ultrasonic-Transducer-with-Ultrasonic-Generator-Circuit-40x80.jpg 40w, https:\/\/www.bjultrasonic.com\/wp-content\/uploads\/2012\/12\/Connect-Ultrasonic-Transducer-with-Ultrasonic-Generator-Circuit-150x300.jpg 150w, https:\/\/www.bjultrasonic.com\/wp-content\/uploads\/2012\/12\/Connect-Ultrasonic-Transducer-with-Ultrasonic-Generator-Circuit-93x187.jpg 93w\" alt=\"\" width=\"748\" height=\"1500\" \/><\/p>\n<h3>Thanh To\u00e1n<\/h3>\n<p>Hi\u1ec7n ch\u00fang t\u00f4i ch\u1ea5p nh\u1eadn PayPal, Chuy\u1ec3n kho\u1ea3n ng\u00e2n h\u00e0ng (T\/T) &amp; Western Union.<\/p>\n<h3 class=\"shipping-methods\">V\u1eadn Chuy\u1ec3n<\/h3>\n<p>H\u00e0ng h\u00f3a s\u1ebd \u0111\u01b0\u1ee3c v\u1eadn chuy\u1ec3n trong v\u00f2ng 48 gi\u1edd sau khi nh\u1eadn \u0111\u01b0\u1ee3c thanh to\u00e1n \u0111\u1ea7y \u0111\u1ee7.<\/p>\n<ul>\n<li>Ch\u00fang t\u00f4i s\u1ebd giao h\u00e0ng \u0111\u1ebfn \u0111\u1ecba ch\u1ec9 \u0111\u01b0\u1ee3c cung c\u1ea5p trong thanh to\u00e1n PayPal. Vui l\u00f2ng \u0111\u1ea3m b\u1ea3o \u0111\u1ecba ch\u1ec9 trong PayPal l\u00e0 ch\u00ednh x\u00e1c.<\/li>\n<li>Ch\u00fang t\u00f4i s\u1ebd cung c\u1ea5p s\u1ed1 theo d\u00f5i sau khi g\u1eedi h\u00e0ng, th\u00f4ng th\u01b0\u1eddng, b\u1ea1n s\u1ebd nh\u1eadn \u0111\u01b0\u1ee3c h\u00e0ng trong v\u00f2ng n\u0103m ng\u00e0y.<\/li>\n<li>N\u1ebfu b\u1ea1n c\u00f3 b\u1ea5t k\u1ef3 c\u00e2u h\u1ecfi n\u00e0o, vui l\u00f2ng li\u00ean h\u1ec7 v\u1edbi ch\u00fang t\u00f4i qua email (\u0111\u1ecba ch\u1ec9 email c\u1ee7a ch\u00fang t\u00f4i l\u00e0 <a href=\"mailto:support@bjultrasonic.com\">support@bjultrasonic.com<\/a>).<\/li>\n<\/ul>\n<h3 align=\"left\">B\u1ea3o H\u00e0nh S\u1ea3n Ph\u1ea9m<\/h3>\n<p>Th\u1eddi gian b\u1ea3o h\u00e0nh s\u1ea3n ph\u1ea9m l\u00e0 m\u1ed9t n\u0103m. Trong th\u1eddi gian b\u1ea3o h\u00e0nh, s\u1ea3n ph\u1ea9m \u0111\u00e3 mua c\u00f3 th\u1ec3 \u0111\u01b0\u1ee3c b\u1ea3o tr\u00ec ho\u1eb7c \u0111\u1ed5i mi\u1ec5n ph\u00ed.<\/p>\n<h3>Danh S\u00e1ch Ph\u00e1t Video: B\u1ed9 \u0110i\u1ec1u Khi\u1ec3n \u0110\u1ea7u D\u00f2 Si\u00eau \u00c2m<\/h3>\n<p><iframe loading=\"lazy\" width=\"560\" height=\"315\" src=\"https:\/\/www.youtube.com\/embed\/videoseries?list=PLLrjMYkO0_NG56zqmQN9W9F1Xf9eev6dc\" frameborder=\"0\" allow=\"autoplay; encrypted-media\" allowfullscreen><\/iframe><\/p>\n","protected":false},"excerpt":{"rendered":"<p>M\u1ea1ch t\u1ea1o s\u00f3ng si\u00eau \u00e2m, c\u00f2n \u0111\u01b0\u1ee3c g\u1ecdi l\u00e0 <a href=\"https:\/\/www.bjultrasonic.com\/vi\/category\/ultrasonic-transducer-vi\/\">m\u1ea1ch \u0111i\u1ec1u khi\u1ec3n \u0111\u1ea7u d\u00f2 si\u00eau \u00e2m<\/a> ho\u1eb7c <a href=\"https:\/\/www.bjultrasonic.com\/vi\/category\/ultrasonic-generator-vi\/ultrasonic-generator-circuits-vi\/\">bo m\u1ea1ch \u0111i\u1ec1u khi\u1ec3n ngu\u1ed3n cho m\u00e1y l\u00e0m s\u1ea1ch si\u00eau \u00e2m<\/a>. N\u00f3 cung c\u1ea5p m\u1ed9t <a href=\"https:\/\/www.bjultrasonic.com\/vi\/category\/ultrasonic-generator-vi\/\">t\u1ea7n s\u1ed1 si\u00eau \u00e2m<\/a> \u0111\u1ec3 \u0111i\u1ec1u khi\u1ec3n c\u00e1c \u0111\u1ea7u d\u00f2 si\u00eau \u00e2m b\u00ean trong <a href=\"https:\/\/www.bjultrasonic.com\/vi\/category\/ultrasonic-cleaning-system-vi\/\">m\u00e1y l\u00e0m s\u1ea1ch si\u00eau \u00e2m<\/a>.<\/p>\n","protected":false},"featured_media":19307,"comment_status":"open","ping_status":"closed","template":"","meta":[],"product_brand":[],"product_cat":[6104],"product_tag":[],"class_list":{"0":"post-67481","1":"product","2":"type-product","3":"status-publish","4":"has-post-thumbnail","6":"product_cat-ultrasonic-generator-circuits-vi","8":"first","9":"instock","10":"shipping-taxable","11":"purchasable","12":"product-type-simple","13":"prodpage-classic"},"aioseo_notices":[],"_links":{"self":[{"href":"https:\/\/www.bjultrasonic.com\/vi\/wp-json\/wp\/v2\/product\/67481","targetHints":{"allow":["GET"]}}],"collection":[{"href":"https:\/\/www.bjultrasonic.com\/vi\/wp-json\/wp\/v2\/product"}],"about":[{"href":"https:\/\/www.bjultrasonic.com\/vi\/wp-json\/wp\/v2\/types\/product"}],"replies":[{"embeddable":true,"href":"https:\/\/www.bjultrasonic.com\/vi\/wp-json\/wp\/v2\/comments?post=67481"}],"wp:featuredmedia":[{"embeddable":true,"href":"https:\/\/www.bjultrasonic.com\/vi\/wp-json\/wp\/v2\/media\/19307"}],"wp:attachment":[{"href":"https:\/\/www.bjultrasonic.com\/vi\/wp-json\/wp\/v2\/media?parent=67481"}],"wp:term":[{"taxonomy":"product_brand","embeddable":true,"href":"https:\/\/www.bjultrasonic.com\/vi\/wp-json\/wp\/v2\/product_brand?post=67481"},{"taxonomy":"product_cat","embeddable":true,"href":"https:\/\/www.bjultrasonic.com\/vi\/wp-json\/wp\/v2\/product_cat?post=67481"},{"taxonomy":"product_tag","embeddable":true,"href":"https:\/\/www.bjultrasonic.com\/vi\/wp-json\/wp\/v2\/product_tag?post=67481"}],"curies":[{"name":"wp","href":"https:\/\/api.w.org\/{rel}","templated":true}]}}