{"id":69489,"date":"2018-07-27T02:52:18","date_gmt":"2018-07-27T07:52:18","guid":{"rendered":"https:\/\/www.bjultrasonic.com\/shop\/double-frequency-ultrasonic-generator\/"},"modified":"2026-03-28T20:19:47","modified_gmt":"2026-03-29T01:19:47","slug":"double-frequency-ultrasonic-generator","status":"publish","type":"product","link":"https:\/\/www.bjultrasonic.com\/vi\/shop\/double-frequency-ultrasonic-generator\/","title":{"rendered":"M\u00e1y Ph\u00e1t Si\u00eau \u00c2m K\u1ef9 Thu\u1eadt S\u1ed1 T\u1ea7n S\u1ed1 K\u00e9p"},"content":{"rendered":"<p><strong>\u0110\u1ed1i v\u1edbi lo\u1ea1i m\u00e1y ph\u00e1t n\u00e0y, n\u00f3 c\u00f3 hai t\u1ea7n s\u1ed1. Vui l\u00f2ng cho ch\u00fang t\u00f4i bi\u1ebft y\u00eau c\u1ea7u c\u1ee7a b\u1ea1n. K\u1ef9 s\u01b0 c\u1ee7a ch\u00fang t\u00f4i s\u1ebd t\u00f9y ch\u1ec9nh ch\u00fang cho b\u1ea1n.<\/strong><\/p>\n<h3>\u0110\u1ec3 giao h\u00e0ng k\u1ecbp th\u1eddi:<\/h3>\n<ul>\n<li>Khi \u0111\u1eb7t h\u00e0ng, vui l\u00f2ng th\u00f4ng b\u00e1o cho ch\u00fang t\u00f4i \u0111i\u1ec7n \u00e1p (220v ho\u1eb7c 120v) v\u00e0 t\u1ea7n s\u1ed1 b\u1ea1n c\u1ea7n.<\/li>\n<li>Vui l\u00f2ng cung c\u1ea5p cho ch\u00fang t\u00f4i \u0111\u1ecba ch\u1ec9 giao h\u00e0ng chi ti\u1ebft. Bao g\u1ed3m \u0111\u1ecba ch\u1ec9, m\u00e3 b\u01b0u \u0111i\u1ec7n, s\u1ed1 \u0111i\u1ec7n tho\u1ea1i.<\/li>\n<li>N\u1ebfu \u0111\u01a1n h\u00e0ng c\u1ee7a b\u1ea1n n\u1eb7ng h\u01a1n 21kg, vui l\u00f2ng li\u00ean h\u1ec7 v\u1edbi ch\u00fang t\u00f4i \u0111\u1ec3 nh\u1eadn \u0111\u01b0\u1ee3c c\u01b0\u1edbc v\u1eadn chuy\u1ec3n kinh t\u1ebf.<\/li>\n<\/ul>\n<h3>L\u01b0u \u00fd<\/h3>\n<ul>\n<li><a href=\"https:\/\/www.bjultrasonic.com\/vi\/category\/ultrasonic-generator-vi\/\">M\u00e1y ph\u00e1t si\u00eau \u00e2m<\/a> l\u00e0 s\u1ea3n ph\u1ea9m t\u00f9y ch\u1ec9nh. V\u00ec v\u1eady, v\u1ec1 gi\u00e1 c\u1ea3, vui l\u00f2ng <a href=\"https:\/\/www.bjultrasonic.com\/contact\/\">li\u00ean h\u1ec7 v\u1edbi \u0111\u1ea1i di\u1ec7n b\u00e1n h\u00e0ng c\u1ee7a ch\u00fang t\u00f4i<\/a>. Ch\u00fang t\u00f4i s\u1ebd ph\u1ea3n h\u1ed3i b\u1ea1n s\u1edbm.<\/li>\n<li>Ch\u00fang t\u00f4i c\u00f3 th\u1ec3 thi\u1ebft k\u1ebf v\u00e0 t\u00f9y ch\u1ec9nh nhi\u1ec1u lo\u1ea1i M\u00e1y ph\u00e1t si\u00eau \u00e2m d\u1ef1a tr\u00ean <strong>t\u1ea7n s\u1ed1 <\/strong>v\u00e0\u00a0<strong>\u0111i\u1ec7n \u00e1p<\/strong><\/li>\n<\/ul>\n<p>M\u00e1y ph\u00e1t si\u00eau \u00e2m l\u00e0 m\u1ed9t ph\u1ea7n kh\u00f4ng th\u1ec3 thi\u1ebfu c\u1ee7a <a href=\"https:\/\/www.bjultrasonic.com\/vi\/category\/ultrasonic-cleaning-system-vi\/\">m\u00e1y l\u00e0m s\u1ea1ch si\u00eau \u00e2m<\/a>, ch\u1ea5t l\u01b0\u1ee3ng c\u1ee7a M\u00e1y ph\u00e1t si\u00eau \u00e2m quy\u1ebft \u0111\u1ecbnh tr\u1ef1c ti\u1ebfp \u0111\u1ebfn hi\u1ec7u qu\u1ea3 l\u00e0m s\u1ea1ch c\u1ee7a h\u1ec7 th\u1ed1ng l\u00e0m s\u1ea1ch si\u00eau \u00e2m. M\u00e1y ph\u00e1t si\u00eau \u00e2m k\u1ef9 thu\u1eadt s\u1ed1 \u0111\u01b0\u1ee3c nghi\u00ean c\u1ee9u v\u00e0 ph\u00e1t tri\u1ec3n \u0111\u1ed9c l\u1eadp b\u1edfi Beijing Ultrasonic.<br \/>\n<img loading=\"lazy\" decoding=\"async\" class=\"alignnone wp-image-5021\" title=\"M\u00e1y Ph\u00e1t T\u00edn Hi\u1ec7u Si\u00eau \u00c2m\" src=\"https:\/\/www.bjultrasonic.com\/wp-content\/uploads\/2012\/05\/Ultrasonic-Signal-Generator.jpg\" alt=\"M\u00e1y Ph\u00e1t T\u00edn Hi\u1ec7u Si\u00eau \u00c2m\" width=\"600\" height=\"450\" \/><\/p>\n<h3>C\u1ea5u Tr\u00fac B\u00ean Trong C\u1ee7a M\u00e1y Ph\u00e1t Si\u00eau \u00c2m K\u1ef9 Thu\u1eadt S\u1ed1<\/h3>\n<p><img loading=\"lazy\" decoding=\"async\" src=\"https:\/\/www.bjultrasonic.com\/wp-content\/uploads\/2018\/07\/Internal-Structure-Of-Digital-Ultrasonic-Generator.png\" alt=\"C\u1ea5u Tr\u00fac B\u00ean Trong C\u1ee7a M\u00e1y Ph\u00e1t Si\u00eau \u00c2m K\u1ef9 Thu\u1eadt S\u1ed1\" width=\"650\" height=\"578\" \/><\/p>\n<h3>\u0110\u1eb7c \u0111i\u1ec3m \u0111i\u1ec3n h\u00ecnh c\u1ee7a M\u00e1y ph\u00e1t si\u00eau \u00e2m<\/h3>\n<ul>\n<li>\u0110i\u1ec1u khi\u1ec3n l\u1eadp tr\u00ecnh b\u1eb1ng n\u00fat b\u1ea5m v\u1edbi m\u00e0n h\u00ecnh hi\u1ec3n th\u1ecb k\u1ef9 thu\u1eadt s\u1ed1 c\u00e1c c\u00e0i \u0111\u1eb7t, ch\u00fang ta c\u00f3 th\u1ec3 th\u1ea5y t\u00ecnh tr\u1ea1ng ho\u1ea1t \u0111\u1ed9ng tr\u00ean b\u1ea3ng hi\u1ec3n th\u1ecb (ch\u1eb3ng h\u1ea1n nh\u01b0 t\u1ea7n s\u1ed1 l\u00e0m vi\u1ec7c, d\u00f2ng \u0111i\u1ec7n l\u00e0m vi\u1ec7c).<\/li>\n<li>\u00c1p d\u1ee5ng c\u00f4ng ngh\u1ec7 \u0111i\u1ec1u khi\u1ec3n k\u1ef9 thu\u1eadt s\u1ed1, thi\u1ebft k\u1ebf m\u1ea1ch ho\u00e0n h\u1ea3o, \u0111\u1ed9 \u1ed5n \u0111\u1ecbnh c\u1ee7a \u0111\u1ea7u ra c\u00f4ng su\u1ea5t.<\/li>\n<li>B\u1ea3o v\u1ec7 qu\u00e1 d\u00f2ng, b\u1ea3o v\u1ec7 qu\u00e1 nhi\u1ec7t, b\u1ea3o v\u1ec7 qu\u00e1 \u00e1p.<\/li>\n<li>M\u1ea1ch \u0111i\u1ec7n cao \u00e1p v\u00e0 h\u1ea1 \u00e1p \u0111\u01b0\u1ee3c t\u00e1ch bi\u1ec7t ho\u00e0n to\u00e0n, an to\u00e0n v\u1eadn h\u00e0nh.<\/li>\n<li>C\u00f4ng su\u1ea5t si\u00eau \u00e2m, b\u1ed9 h\u1eb9n gi\u1edd v\u00e0 t\u1ea7n s\u1ed1 c\u00f3 th\u1ec3 \u0111i\u1ec1u ch\u1ec9nh theo y\u00eau c\u1ea7u \u0111\u1ec3 \u0111\u00e1p \u1ee9ng vi\u1ec7c l\u00e0m s\u1ea1ch c\u00e1c s\u1ea3n ph\u1ea9m kh\u00e1c nhau.<br \/>\n(\u0110i\u1ec1u khi\u1ec3n th\u1eddi gian: 0-59&#8217;59&#8221;)<br \/>\n(Ph\u1ea1m vi \u0111i\u1ec1u khi\u1ec3n c\u00f4ng su\u1ea5t: 0-100%)<\/li>\n<li>H\u1ec7 th\u1ed1ng l\u00e0m m\u00e1t hi\u1ec7u qu\u1ea3.<\/li>\n<li>Ch\u1ee9c n\u0103ng qu\u00e9t t\u1ea7n s\u1ed1.<\/li>\n<\/ul>\n<h3>Video M\u00e1y Ph\u00e1t T\u1ea7n S\u1ed1 Si\u00eau \u00c2m<\/h3>\n<p><iframe loading=\"lazy\" title=\"Ultrasonic Signal Generator Circuit - Beijing Ultrasonic\" width=\"500\" height=\"281\" src=\"https:\/\/www.youtube.com\/embed\/A9JdQN5e5G8?feature=oembed\" frameborder=\"0\" allow=\"accelerometer; autoplay; clipboard-write; encrypted-media; gyroscope; picture-in-picture; web-share\" referrerpolicy=\"strict-origin-when-cross-origin\" allowfullscreen><\/iframe><\/p>\n","protected":false},"excerpt":{"rendered":"<p>M\u00e1y ph\u00e1t <a href=\"https:\/\/www.bjultrasonic.com\/vi\/category\/ultrasonic-generator-vi\/\">si\u00eau \u00e2m<\/a> k\u1ef9 thu\u1eadt s\u1ed1, c\u00f2n \u0111\u01b0\u1ee3c g\u1ecdi l\u00e0 b\u1ed9 d\u1ee5ng c\u1ee5 m\u00e1y ph\u00e1t si\u00eau \u00e2m, \u00e1p d\u1ee5ng c\u00f4ng ngh\u1ec7 \u0111i\u1ec1u khi\u1ec3n vi m\u00e1y t\u00ednh ti\u00ean ti\u1ebfn v\u00e0 h\u00ecnh h\u1ecdc m\u1ea1ch m\u1edbi, b\u1ea1n c\u00f3 th\u1ec3 \u0111i\u1ec1u ch\u1ec9nh t\u1ea7n s\u1ed1 si\u00eau \u00e2m, b\u1ed9 h\u1eb9n gi\u1edd v\u00e0 c\u00f4ng su\u1ea5t theo y\u00eau c\u1ea7u c\u1ee7a m\u00ecnh.<\/p>\n","protected":false},"featured_media":19238,"comment_status":"open","ping_status":"closed","template":"","meta":[],"product_brand":[],"product_cat":[6054],"product_tag":[],"class_list":{"0":"post-69489","1":"product","2":"type-product","3":"status-publish","4":"has-post-thumbnail","6":"product_cat-ultrasonic-digital-generator-vi","8":"first","9":"instock","10":"shipping-taxable","11":"product-type-external","12":"prodpage-classic"},"aioseo_notices":[],"_links":{"self":[{"href":"https:\/\/www.bjultrasonic.com\/vi\/wp-json\/wp\/v2\/product\/69489","targetHints":{"allow":["GET"]}}],"collection":[{"href":"https:\/\/www.bjultrasonic.com\/vi\/wp-json\/wp\/v2\/product"}],"about":[{"href":"https:\/\/www.bjultrasonic.com\/vi\/wp-json\/wp\/v2\/types\/product"}],"replies":[{"embeddable":true,"href":"https:\/\/www.bjultrasonic.com\/vi\/wp-json\/wp\/v2\/comments?post=69489"}],"wp:featuredmedia":[{"embeddable":true,"href":"https:\/\/www.bjultrasonic.com\/vi\/wp-json\/wp\/v2\/media\/19238"}],"wp:attachment":[{"href":"https:\/\/www.bjultrasonic.com\/vi\/wp-json\/wp\/v2\/media?parent=69489"}],"wp:term":[{"taxonomy":"product_brand","embeddable":true,"href":"https:\/\/www.bjultrasonic.com\/vi\/wp-json\/wp\/v2\/product_brand?post=69489"},{"taxonomy":"product_cat","embeddable":true,"href":"https:\/\/www.bjultrasonic.com\/vi\/wp-json\/wp\/v2\/product_cat?post=69489"},{"taxonomy":"product_tag","embeddable":true,"href":"https:\/\/www.bjultrasonic.com\/vi\/wp-json\/wp\/v2\/product_tag?post=69489"}],"curies":[{"name":"wp","href":"https:\/\/api.w.org\/{rel}","templated":true}]}}