{"id":69511,"date":"2014-03-17T10:10:56","date_gmt":"2014-03-17T15:10:56","guid":{"rendered":"https:\/\/www.bjultrasonic.com\/shop\/25khz-60w-ultrasonic-transducer-25khz-60w-ultrasonic-generator\/"},"modified":"2026-03-28T20:19:45","modified_gmt":"2026-03-29T01:19:45","slug":"25khz-60w-ultrasonic-transducer-25khz-60w-ultrasonic-generator","status":"publish","type":"product","link":"https:\/\/www.bjultrasonic.com\/vi\/shop\/25khz-60w-ultrasonic-transducer-25khz-60w-ultrasonic-generator\/","title":{"rendered":"[100-120V] B\u1ed9 chuy\u1ec3n \u0111\u1ed5i si\u00eau \u00e2m 25kHz 60W &#038; M\u1ea1ch \u0111i\u1ec1u khi\u1ec3n b\u1ed9 chuy\u1ec3n \u0111\u1ed5i \u00e1p \u0111i\u1ec7n 25kHz 60W"},"content":{"rendered":"<h3>\u0110\u1ea7u D\u00f2 Si\u00eau \u00c2m 25kHz 60W 100V-120V &amp; B\u1ed9 T\u1ea1o PCB Si\u00eau \u00c2m 25kHz 60W<\/h3>\n<p><strong>L\u01b0u \u00fd: Khi b\u1ea1n \u0111\u1eb7t h\u00e0ng.<\/strong><\/p>\n<ol>\n<li>Vui l\u00f2ng \u0111\u1ec3 l\u1ea1i tin nh\u1eafn v\u1ec1 ti\u00eau chu\u1ea9n \u0111i\u1ec7n \u00e1p ch\u00ednh x\u00e1c<\/li>\n<li>Vui l\u00f2ng cung c\u1ea5p cho ch\u00fang t\u00f4i \u0111\u1ecba ch\u1ec9 giao h\u00e0ng ch\u00ednh x\u00e1c v\u00e0 S\u1ed1 \u0110i\u1ec7n Tho\u1ea1i Li\u00ean H\u1ec7.<\/li>\n<li>Vui l\u00f2ng cho ch\u00fang t\u00f4i bi\u1ebft n\u1ebfu b\u1ea1n mu\u1ed1n ch\u00fang t\u00f4i khai b\u00e1o gi\u00e1 tr\u1ecb th\u1ea5p cho h\u1ea3i quan.<\/li>\n<li>Vui l\u00f2ng \u0111\u1ec3 l\u1ea1i cho ch\u00fang t\u00f4i m\u1ed9t \u0111\u1ecba ch\u1ec9 email h\u1ee3p l\u1ec7. Ch\u00fang t\u00f4i s\u1ebd cung c\u1ea5p s\u1ed1 theo d\u00f5i cho b\u1ea1n qua email ngay khi ch\u00fang t\u00f4i g\u1eedi h\u00e0ng.<\/li>\n<\/ol>\n<p><strong>Th\u00f4ng s\u1ed1 k\u1ef9 thu\u1eadt:<\/strong><\/p>\n<table class=\"table table-striped table-bordered\" border=\"1\" cellspacing=\"0\" cellpadding=\"0\">\n<tbody>\n<tr>\n<td colspan=\"2\" valign=\"top\" width=\"568\">\n<p align=\"left\">M\u1ed9t B\u1ed9 T\u1ea1o PCB Si\u00eau \u00c2m 60w \u0111i\u1ec1u khi\u1ec3n 1 c\u00e1i \u0110\u1ea7u D\u00f2 Si\u00eau \u00c2m 25kHz 60w<\/p>\n<\/td>\n<\/tr>\n<tr>\n<td colspan=\"2\" valign=\"top\" width=\"568\">\n<p align=\"left\"><strong>\u0110\u1ea7u D\u00f2 Si\u00eau \u00c2m:<\/strong><\/p>\n<\/td>\n<\/tr>\n<tr>\n<td valign=\"top\" width=\"163\">\n<p align=\"left\">T\u1ea7n s\u1ed1<\/p>\n<\/td>\n<td valign=\"top\" width=\"405\">\n<p align=\"left\">25kHz\u00b11 KHz<\/p>\n<\/td>\n<\/tr>\n<tr>\n<td valign=\"top\" width=\"163\">\n<p align=\"left\">C\u00f4ng su\u1ea5t<\/p>\n<\/td>\n<td valign=\"top\" width=\"405\">\n<p align=\"left\">60w<\/p>\n<\/td>\n<\/tr>\n<tr>\n<td valign=\"top\" width=\"163\">\n<p align=\"left\">\u0110i\u1ec7n dung<\/p>\n<\/td>\n<td valign=\"top\" width=\"405\">\n<p align=\"left\">5400pf (pzt4)<\/p>\n<\/td>\n<\/tr>\n<tr>\n<td valign=\"top\" width=\"163\">\n<p align=\"left\">B\u1ec1 m\u1eb7t b\u1ee9c x\u1ea1<\/p>\n<\/td>\n<td valign=\"top\" width=\"405\">\n<p align=\"left\">59mm<\/p>\n<\/td>\n<\/tr>\n<tr>\n<td valign=\"top\" width=\"163\">\n<p align=\"left\">\u0110i\u1ec7n tr\u1edf c\u1ed9ng h\u01b0\u1edfng<\/p>\n<\/td>\n<td valign=\"top\" width=\"405\">\n<p align=\"left\">10-20\u03a9<\/p>\n<\/td>\n<\/tr>\n<tr>\n<td valign=\"top\" width=\"163\">\n<p align=\"left\">K\u00edch th\u01b0\u1edbc g\u1ed1m \u00e1p \u0111i\u1ec7n<\/p>\n<\/td>\n<td valign=\"top\" width=\"405\">\n<p align=\"left\">38*15*5mm<\/p>\n<\/td>\n<\/tr>\n<tr>\n<td valign=\"top\" width=\"163\">\n<p align=\"left\">Chi\u1ec1u d\u00e0i<\/p>\n<\/td>\n<td valign=\"top\" width=\"405\">\n<p align=\"left\">77mm<\/p>\n<\/td>\n<\/tr>\n<tr>\n<td colspan=\"2\" valign=\"top\" width=\"568\">\n<p align=\"left\"><strong>B\u1ed9 T\u1ea1o PCB Si\u00eau \u00c2m:<\/strong><\/p>\n<\/td>\n<\/tr>\n<tr>\n<td valign=\"top\" width=\"163\">\n<p align=\"left\">Ngu\u1ed3n \u0111i\u1ec7n<\/p>\n<\/td>\n<td valign=\"top\" width=\"405\">\n<p align=\"left\">\u0110\u1ea7u v\u00e0o: 100V-120V<\/p>\n<\/td>\n<\/tr>\n<tr>\n<td valign=\"top\" width=\"163\">\n<p align=\"left\">T\u1ea7n s\u1ed1<\/p>\n<\/td>\n<td valign=\"top\" width=\"405\">\n<p align=\"left\">25kHz\u00b11 KHz<\/p>\n<\/td>\n<\/tr>\n<tr>\n<td valign=\"top\" width=\"163\">\n<p align=\"left\">C\u00f4ng su\u1ea5t<\/p>\n<\/td>\n<td valign=\"top\" width=\"405\">\n<p align=\"left\">60w<\/p>\n<\/td>\n<\/tr>\n<tr>\n<td valign=\"top\" width=\"163\">\n<p align=\"left\">\u0110i\u1ec7n dung<\/p>\n<\/td>\n<td valign=\"top\" width=\"405\">\n<p align=\"left\">5400pf (pzt4)<\/p>\n<\/td>\n<\/tr>\n<tr>\n<td valign=\"top\" width=\"163\">\n<p align=\"left\">K\u00edch th\u01b0\u1edbc<\/p>\n<\/td>\n<td valign=\"top\" width=\"405\">\n<p align=\"left\">52cm*34.5cm*17cm(d\u00e0i*r\u1ed9ng*cao)<\/p>\n<\/td>\n<\/tr>\n<tr>\n<td colspan=\"2\" valign=\"top\" width=\"568\">\n<p align=\"left\">T\u1ed5ng tr\u1ecdng l\u01b0\u1ee3ng c\u1ea3 b\u00ec: 1.5kg<\/p>\n<\/td>\n<\/tr>\n<\/tbody>\n<\/table>\n<p>C\u00e1c h\u00ecnh \u1ea3nh d\u01b0\u1edbi \u0111\u00e2y minh h\u1ecda c\u00e1ch k\u1ebft n\u1ed1i ch\u00fang:<\/p>\n<p><a href=\"https:\/\/www.bjultrasonic.com\/wp-content\/uploads\/2014\/03\/25kHz-Ultrasonic-Transducer-and-25kHz-Ultrasonic-PCB-Generator-5.jpg\"><img loading=\"lazy\" decoding=\"async\" class=\"alignnone wp-image-5472\" src=\"\/\/www.bjultrasonic.com\/wp-content\/uploads\/2014\/03\/25kHz-Ultrasonic-Transducer-and-25kHz-Ultrasonic-PCB-Generator-5.jpg\" alt=\"\u0110\u1ea7u D\u00f2 Si\u00eau \u00c2m 25kHz v\u00e0 B\u1ed9 T\u1ea1o PCB Si\u00eau \u00c2m 25kHz\" width=\"630\" height=\"413\" \/><\/a><\/p>\n<p><a href=\"https:\/\/www.bjultrasonic.com\/wp-content\/uploads\/2014\/03\/25kHz-Ultrasonic-Transducer-and-25kHz-Ultrasonic-PCB-Generator-4.jpg\"><img loading=\"lazy\" decoding=\"async\" class=\"alignnone wp-image-5471\" src=\"\/\/www.bjultrasonic.com\/wp-content\/uploads\/2014\/03\/25kHz-Ultrasonic-Transducer-and-25kHz-Ultrasonic-PCB-Generator-4.jpg\" alt=\"\u0110\u1ea7u D\u00f2 Si\u00eau \u00c2m 25kHz v\u00e0 B\u1ed9 T\u1ea1o PCB Si\u00eau \u00c2m 25kHz\" width=\"630\" height=\"412\" \/><\/a><\/p>\n<p><a href=\"https:\/\/www.bjultrasonic.com\/wp-content\/uploads\/2014\/03\/25kHz-Ultrasonic-Transducer-and-25kHz-Ultrasonic-PCB-Generator-3.jpg\"><img loading=\"lazy\" decoding=\"async\" class=\"alignnone wp-image-5470\" src=\"\/\/www.bjultrasonic.com\/wp-content\/uploads\/2014\/03\/25kHz-Ultrasonic-Transducer-and-25kHz-Ultrasonic-PCB-Generator-3.jpg\" alt=\"\u0110\u1ea7u D\u00f2 Si\u00eau \u00c2m 25kHz v\u00e0 B\u1ed9 T\u1ea1o PCB Si\u00eau \u00c2m 25kHz\" width=\"630\" height=\"412\" \/><\/a><\/p>\n<p><a href=\"https:\/\/www.bjultrasonic.com\/wp-content\/uploads\/2014\/03\/25kHz-Ultrasonic-Transducer-and-25kHz-Ultrasonic-PCB-Generator-2.jpg\"><img loading=\"lazy\" decoding=\"async\" class=\"alignnone wp-image-5469\" src=\"\/\/www.bjultrasonic.com\/wp-content\/uploads\/2014\/03\/25kHz-Ultrasonic-Transducer-and-25kHz-Ultrasonic-PCB-Generator-2.jpg\" alt=\"\u0110\u1ea7u D\u00f2 Si\u00eau \u00c2m 25kHz v\u00e0 B\u1ed9 T\u1ea1o PCB Si\u00eau \u00c2m 25kHz\" width=\"630\" height=\"412\" \/><\/a><\/p>\n","protected":false},"excerpt":{"rendered":"<p>Nh\u1eefng b\u00f3 ch\u1ea5t l\u01b0\u1ee3ng cao c\u1ee7a <a href=\"https:\/\/www.bjultrasonic.com\/vi\/category\/ultrasonic-generator-vi\/ultrasonic-generator-circuits-vi\/\">b\u1ea3ng \u0111i\u1ec1u khi\u1ec3n ngu\u1ed3n m\u00e1y l\u00e0m s\u1ea1ch si\u00eau \u00e2m<\/a> 100-120V &amp; <a href=\"https:\/\/www.bjultrasonic.com\/vi\/category\/ultrasonic-transducer-vi\/\">\u0111\u1ea7u d\u00f2 l\u00e0m s\u1ea1ch si\u00eau \u00e2m<\/a>.<\/p>\n","protected":false},"featured_media":24648,"comment_status":"open","ping_status":"closed","template":"","meta":[],"product_brand":[],"product_cat":[6149],"product_tag":[],"class_list":{"0":"post-69511","1":"product","2":"type-product","3":"status-publish","4":"has-post-thumbnail","6":"product_cat-100-120v-ultrasonic-generator-transducer-vi","8":"first","9":"instock","10":"shipping-taxable","11":"purchasable","12":"product-type-simple","13":"prodpage-classic"},"aioseo_notices":[],"_links":{"self":[{"href":"https:\/\/www.bjultrasonic.com\/vi\/wp-json\/wp\/v2\/product\/69511","targetHints":{"allow":["GET"]}}],"collection":[{"href":"https:\/\/www.bjultrasonic.com\/vi\/wp-json\/wp\/v2\/product"}],"about":[{"href":"https:\/\/www.bjultrasonic.com\/vi\/wp-json\/wp\/v2\/types\/product"}],"replies":[{"embeddable":true,"href":"https:\/\/www.bjultrasonic.com\/vi\/wp-json\/wp\/v2\/comments?post=69511"}],"wp:featuredmedia":[{"embeddable":true,"href":"https:\/\/www.bjultrasonic.com\/vi\/wp-json\/wp\/v2\/media\/24648"}],"wp:attachment":[{"href":"https:\/\/www.bjultrasonic.com\/vi\/wp-json\/wp\/v2\/media?parent=69511"}],"wp:term":[{"taxonomy":"product_brand","embeddable":true,"href":"https:\/\/www.bjultrasonic.com\/vi\/wp-json\/wp\/v2\/product_brand?post=69511"},{"taxonomy":"product_cat","embeddable":true,"href":"https:\/\/www.bjultrasonic.com\/vi\/wp-json\/wp\/v2\/product_cat?post=69511"},{"taxonomy":"product_tag","embeddable":true,"href":"https:\/\/www.bjultrasonic.com\/vi\/wp-json\/wp\/v2\/product_tag?post=69511"}],"curies":[{"name":"wp","href":"https:\/\/api.w.org\/{rel}","templated":true}]}}