{"id":69531,"date":"2013-06-21T02:03:29","date_gmt":"2013-06-21T07:03:29","guid":{"rendered":"https:\/\/www.bjultrasonic.com\/shop\/130khz-50w-ultrasonic-transducer-135khz-50w-ultrasonic-pcb-generator\/"},"modified":"2026-03-28T20:19:20","modified_gmt":"2026-03-29T01:19:20","slug":"130khz-50w-ultrasonic-transducer-135khz-50w-ultrasonic-pcb-generator","status":"publish","type":"product","link":"https:\/\/www.bjultrasonic.com\/vi\/shop\/130khz-50w-ultrasonic-transducer-135khz-50w-ultrasonic-pcb-generator\/","title":{"rendered":"130kHz 50W \u0110\u1ea7u d\u00f2 si\u00eau \u00e2m &#038; B\u1ed9 \u0111i\u1ec1u khi\u1ec3n \u0111\u1ea7u d\u00f2 si\u00eau \u00e2m 135kHz 50W"},"content":{"rendered":"<p><strong>L\u01b0u \u00fd: Khi b\u1ea1n \u0111\u1eb7t h\u00e0ng.<\/strong><\/p>\n<ol>\n<li>Vui l\u00f2ng \u0111\u1ec3 l\u1ea1i tin nh\u1eafn v\u1ec1 ti\u00eau chu\u1ea9n \u0111i\u1ec7n \u00e1p ch\u00ednh x\u00e1c<\/li>\n<li>Vui l\u00f2ng cung c\u1ea5p cho ch\u00fang t\u00f4i \u0111\u1ecba ch\u1ec9 giao h\u00e0ng ch\u00ednh x\u00e1c v\u00e0 s\u1ed1 \u0111i\u1ec7n tho\u1ea1i li\u00ean h\u1ec7.<\/li>\n<li>Vui l\u00f2ng cho ch\u00fang t\u00f4i bi\u1ebft n\u1ebfu b\u1ea1n mu\u1ed1n ch\u00fang t\u00f4i khai b\u00e1o v\u1edbi h\u1ea3i quan gi\u00e1 tr\u1ecb th\u1ea5p.<\/li>\n<li>Vui l\u00f2ng \u0111\u1ec3 l\u1ea1i cho ch\u00fang t\u00f4i m\u1ed9t \u0111\u1ecba ch\u1ec9 email h\u1ee3p l\u1ec7. Ch\u00fang t\u00f4i s\u1ebd cung c\u1ea5p cho b\u1ea1n s\u1ed1 theo d\u00f5i qua email ngay khi ch\u00fang t\u00f4i g\u1eedi h\u00e0ng.<\/li>\n<\/ol>\n<p><strong>Th\u00f4ng s\u1ed1 k\u1ef9 thu\u1eadt:<\/strong><\/p>\n<table class=\"table table-striped table-bordered\">\n<tbody>\n<tr>\n<td colspan=\"2\" width=\"568\">M\u1ed9t B\u1ed9 T\u1ea1o PCB Si\u00eau \u00e2m 135kHz 50W \u0111i\u1ec1u khi\u1ec3n m\u1ed9t \u0110\u1ea7u D\u00f2 Si\u00eau \u00e2m 135kHz 50W<\/td>\n<\/tr>\n<tr>\n<td colspan=\"2\" width=\"568\"><strong>\u0110\u1ea7u D\u00f2 Si\u00eau \u00e2m:<\/strong><\/td>\n<\/tr>\n<tr>\n<td width=\"163\">T\u1ea7n s\u1ed1<\/td>\n<td width=\"405\">135kHz \u00b1 1 KHz<\/td>\n<\/tr>\n<tr>\n<td width=\"163\">C\u00f4ng su\u1ea5t<\/td>\n<td width=\"405\">50w<\/td>\n<\/tr>\n<tr>\n<td width=\"163\">\u0110i\u1ec7n dung<\/td>\n<td width=\"405\">4200pf (pzt4)<\/td>\n<\/tr>\n<tr>\n<td width=\"163\">B\u1ec1 m\u1eb7t b\u1ee9c x\u1ea1<\/td>\n<td width=\"405\">36mm<\/td>\n<\/tr>\n<tr>\n<td width=\"163\">\u0110i\u1ec7n tr\u1edf c\u1ed9ng h\u01b0\u1edfng<\/td>\n<td width=\"405\">10-20 \u03a9<\/td>\n<\/tr>\n<tr>\n<td width=\"163\">K\u00edch th\u01b0\u1edbc G\u1ed1m \u00c1p \u0111i\u1ec7n<\/td>\n<td width=\"405\">35*15*5 mm<\/td>\n<\/tr>\n<tr>\n<td width=\"163\">Chi\u1ec1u d\u00e0i<\/td>\n<td width=\"405\">54mm<\/td>\n<\/tr>\n<tr>\n<td colspan=\"2\" width=\"568\"><strong>B\u1ed9 T\u1ea1o PCB Si\u00eau \u00e2m<\/strong><\/td>\n<\/tr>\n<tr>\n<td width=\"163\">Ngu\u1ed3n \u0111i\u1ec7n<\/td>\n<td width=\"405\">\u0110\u1ea7u v\u00e0o: 200v-240v\/ 100v-120v<\/td>\n<\/tr>\n<tr>\n<td width=\"163\">T\u1ea7n s\u1ed1<\/td>\n<td width=\"405\">135kHz \u00b1 1 KHz<\/td>\n<\/tr>\n<tr>\n<td width=\"163\">C\u00f4ng su\u1ea5t<\/td>\n<td width=\"405\">50w<\/td>\n<\/tr>\n<tr>\n<td width=\"163\">\u0110i\u1ec7n dung<\/td>\n<td width=\"405\">4200pf<\/td>\n<\/tr>\n<tr>\n<td width=\"163\">K\u00edch th\u01b0\u1edbc<\/td>\n<td width=\"405\">18cm*13cm*6cm (d\u00e0i*r\u1ed9ng*cao)<\/td>\n<\/tr>\n<tr>\n<td colspan=\"2\" width=\"568\">T\u1ed5ng tr\u1ecdng l\u01b0\u1ee3ng c\u1ea3 b\u00ec: 4kg<\/td>\n<\/tr>\n<\/tbody>\n<\/table>\n<p>C\u00e1c h\u00ecnh \u1ea3nh sau \u0111\u00e2y cho th\u1ea5y c\u00e1ch k\u1ebft n\u1ed1i ch\u00fang:<\/p>\n<p><a href=\"https:\/\/www.bjultrasonic.com\/wp-content\/uploads\/2013\/06\/130kHz-50W-Ultrasonic-Transducer-135kHz-50W-Ultrasonic-PCB-Generator-1.jpg\"><img loading=\"lazy\" decoding=\"async\" class=\"alignnone  wp-image-5623\" src=\"\/\/www.bjultrasonic.com\/wp-content\/uploads\/2013\/06\/130kHz-50W-Ultrasonic-Transducer-135kHz-50W-Ultrasonic-PCB-Generator-1.jpg\" alt=\"130kHz 50W Ultrasonic Transducer &amp; 135kHz 50W Ultrasonic PCB Generator (1)\" width=\"591\" height=\"298\" \/><\/a> <a href=\"https:\/\/www.bjultrasonic.com\/wp-content\/uploads\/2013\/06\/130kHz-50W-Ultrasonic-Transducer-135kHz-50W-Ultrasonic-PCB-Generator-2.jpg\"><img loading=\"lazy\" decoding=\"async\" class=\"alignnone  wp-image-5624\" src=\"\/\/www.bjultrasonic.com\/wp-content\/uploads\/2013\/06\/130kHz-50W-Ultrasonic-Transducer-135kHz-50W-Ultrasonic-PCB-Generator-2.jpg\" alt=\"130kHz 50W Ultrasonic Transducer &amp; 135kHz 50W Ultrasonic PCB Generator (2)\" width=\"593\" height=\"328\" \/><\/a> <a href=\"https:\/\/www.bjultrasonic.com\/wp-content\/uploads\/2013\/06\/130kHz-50W-Ultrasonic-Transducer-135kHz-50W-Ultrasonic-PCB-Generator-3.jpg\"><img loading=\"lazy\" decoding=\"async\" class=\"alignnone  wp-image-5625\" src=\"\/\/www.bjultrasonic.com\/wp-content\/uploads\/2013\/06\/130kHz-50W-Ultrasonic-Transducer-135kHz-50W-Ultrasonic-PCB-Generator-3.jpg\" alt=\"130kHz 50W Ultrasonic Transducer &amp; 135kHz 50W Ultrasonic PCB Generator (3)\" width=\"596\" height=\"330\" \/><\/a> <a href=\"https:\/\/www.bjultrasonic.com\/wp-content\/uploads\/2013\/06\/130kHz-50W-Ultrasonic-Transducer-135kHz-50W-Ultrasonic-PCB-Generator-4.jpg\"><img loading=\"lazy\" decoding=\"async\" class=\"alignnone  wp-image-5626\" src=\"\/\/www.bjultrasonic.com\/wp-content\/uploads\/2013\/06\/130kHz-50W-Ultrasonic-Transducer-135kHz-50W-Ultrasonic-PCB-Generator-4.jpg\" alt=\"130kHz 50W Ultrasonic Transducer &amp; 135kHz 50W Ultrasonic PCB Generator (4)\" width=\"597\" height=\"441\" \/><\/a> <a href=\"https:\/\/www.bjultrasonic.com\/wp-content\/uploads\/2013\/06\/130kHz-50W-Ultrasonic-Transducer-135kHz-50W-Ultrasonic-PCB-Generator-5.jpg\"><img loading=\"lazy\" decoding=\"async\" class=\"alignnone  wp-image-5627\" src=\"\/\/www.bjultrasonic.com\/wp-content\/uploads\/2013\/06\/130kHz-50W-Ultrasonic-Transducer-135kHz-50W-Ultrasonic-PCB-Generator-5.jpg\" alt=\"130kHz 50W Ultrasonic Transducer &amp; 135kHz 50W Ultrasonic PCB Generator (5)\" width=\"596\" height=\"539\" \/><\/a><\/p>\n","protected":false},"excerpt":{"rendered":"<p>C\u00e1c b\u1ed9 g\u1ed3m [100-120V\/200-240V] <a href=\"https:\/\/www.bjultrasonic.com\/vi\/category\/ultrasonic-generator-vi\/ultrasonic-generator-circuits-vi\/\">bo m\u1ea1ch \u0111i\u1ec1u khi\u1ec3n ngu\u1ed3n si\u00eau \u00e2m ch\u1ea5t l\u01b0\u1ee3ng cao<\/a> &amp; <a href=\"https:\/\/www.bjultrasonic.com\/vi\/category\/ultrasonic-transducer-vi\/\">\u0111\u1ea7u d\u00f2 si\u00eau \u00e2m l\u00e0m s\u1ea1ch<\/a>.<\/p>\n","protected":false},"featured_media":42293,"comment_status":"open","ping_status":"closed","template":"","meta":[],"product_brand":[],"product_cat":[6130],"product_tag":[],"class_list":{"0":"post-69531","1":"product","2":"type-product","3":"status-publish","4":"has-post-thumbnail","6":"product_cat-100-120v-200-240v-ultrasonic-generator-transducer-vi","8":"first","9":"instock","10":"shipping-taxable","11":"purchasable","12":"product-type-simple","13":"prodpage-classic"},"aioseo_notices":[],"_links":{"self":[{"href":"https:\/\/www.bjultrasonic.com\/vi\/wp-json\/wp\/v2\/product\/69531","targetHints":{"allow":["GET"]}}],"collection":[{"href":"https:\/\/www.bjultrasonic.com\/vi\/wp-json\/wp\/v2\/product"}],"about":[{"href":"https:\/\/www.bjultrasonic.com\/vi\/wp-json\/wp\/v2\/types\/product"}],"replies":[{"embeddable":true,"href":"https:\/\/www.bjultrasonic.com\/vi\/wp-json\/wp\/v2\/comments?post=69531"}],"wp:featuredmedia":[{"embeddable":true,"href":"https:\/\/www.bjultrasonic.com\/vi\/wp-json\/wp\/v2\/media\/42293"}],"wp:attachment":[{"href":"https:\/\/www.bjultrasonic.com\/vi\/wp-json\/wp\/v2\/media?parent=69531"}],"wp:term":[{"taxonomy":"product_brand","embeddable":true,"href":"https:\/\/www.bjultrasonic.com\/vi\/wp-json\/wp\/v2\/product_brand?post=69531"},{"taxonomy":"product_cat","embeddable":true,"href":"https:\/\/www.bjultrasonic.com\/vi\/wp-json\/wp\/v2\/product_cat?post=69531"},{"taxonomy":"product_tag","embeddable":true,"href":"https:\/\/www.bjultrasonic.com\/vi\/wp-json\/wp\/v2\/product_tag?post=69531"}],"curies":[{"name":"wp","href":"https:\/\/api.w.org\/{rel}","templated":true}]}}