{"id":69571,"date":"2013-05-14T17:09:47","date_gmt":"2013-05-14T22:09:47","guid":{"rendered":"https:\/\/www.bjultrasonic.com\/shop\/ultrasonic-horn\/"},"modified":"2026-03-28T20:18:54","modified_gmt":"2026-03-29T01:18:54","slug":"ultrasonic-horn","status":"publish","type":"product","link":"https:\/\/www.bjultrasonic.com\/vi\/shop\/ultrasonic-horn\/","title":{"rendered":"B\u1ed9 ph\u1eadn t\u1ea1o s\u00f3ng si\u00eau \u00e2m (Horn)"},"content":{"rendered":"<p>\u0110\u1ea7u h\u00e0n si\u00eau \u00e2m \/ \u0110\u1ea7u h\u00e0n si\u00eau \u00e2m Sonotrode \/ Khu\u00f4n h\u00e0n si\u00eau \u00e2m \u0111\u01b0\u1ee3c s\u1eed d\u1ee5ng r\u1ed9ng r\u00e3i trong <a href=\"https:\/\/www.bjultrasonic.com\/vi\/shop\/ultrasonic-welding-machine\/\">m\u00e1y h\u00e0n si\u00eau \u00e2m<\/a>. \u0110\u00e2y l\u00e0 th\u00e0nh ph\u1ea7n ch\u1ee7 ch\u1ed1t \u0111\u1ec3 h\u00e0n c\u00e1c s\u1ea3n ph\u1ea9m nh\u1ef1a, kim lo\u1ea1i ho\u1eb7c v\u1ea3i kh\u00e1c nhau. \u0110\u1ed3ng th\u1eddi, M\u00e1y H\u00e0n Si\u00eau \u00c2m l\u00e0 m\u1ed9t thi\u1ebft b\u1ecb h\u00e0n si\u00eau \u00e2m \u0111\u01b0\u1ee3c thi\u1ebft k\u1ebf \u0111\u1ec3 h\u00e0n c\u00e1c lo\u1ea1i nh\u1ef1a kh\u00e1c nhau (ABS, PVC, PP, PE, PC, PS, HDPE, LDPE, PET, PMMA, Acetal, v.v.) v\u00e0 v\u1ea3i (Polyester, kh\u00f4ng d\u1ec7t, Nylon, v.v.). Ch\u00fang t\u00f4i c\u00f3 th\u1ec3 s\u1ea3n xu\u1ea5t \u0111\u1ea7u h\u00e0n v\u00e0 \u0111\u1ea7u tip b\u1eb1ng th\u00e9p v\u00e0 titan \u1edf m\u1ecdi t\u1ea7n s\u1ed1, v\u00e0 c\u00f3 th\u1ec3 ph\u00f9 h\u1ee3p v\u1edbi s\u1ea3n ph\u1ea9m c\u1ee7a c\u00e1c c\u00f4ng ty kh\u00e1c. Ch\u00fang t\u00f4i c\u00f3 th\u1ec3 cung c\u1ea5p khu\u00f4n t\u00f9y ch\u1ec9nh theo y\u00eau c\u1ea7u c\u1ee7a b\u1ea1n.<\/p>\n<p><img loading=\"lazy\" decoding=\"async\" class=\"alignnone size-full wp-image-24647\" src=\"https:\/\/www.bjultrasonic.com\/wp-content\/uploads\/2013\/05\/Ultrasonic-Welding-Horn-4.jpg\" alt=\"\u0110\u1ea7u h\u00e0n si\u00eau \u00e2m (4)\" width=\"559\" height=\"578\" \/><\/p>\n<h3>\u01afu \u0111i\u1ec3m c\u1ee7a ch\u00fang t\u00f4i<\/h3>\n<ul>\n<li>\u0110a d\u1ea1ng quy c\u00e1ch cho c\u00e1c lo\u1ea1i thi\u1ebft b\u1ecb h\u00e0n si\u00eau \u00e2m kh\u00e1c nhau.<\/li>\n<li>\u0110\u1ed9 ch\u00ednh x\u00e1c h\u00e0n cao h\u01a1n<\/li>\n<li>Tr\u1ea3i nghi\u1ec7m ng\u01b0\u1eddi d\u00f9ng t\u1ed1t h\u01a1n<\/li>\n<li>Hi\u1ec7u su\u1ea5t \u1ed5n \u0111\u1ecbnh<\/li>\n<li>N\u0103ng l\u1ef1c s\u1ea3n xu\u1ea5t cao h\u01a1n<\/li>\n<li>Hi\u1ec7u qu\u1ea3 v\u00e0 \u1ed5n \u0111\u1ecbnh, b\u1ea3o h\u00e0nh d\u00e0i v\u00e0 giao h\u00e0ng nhanh<\/li>\n<\/ul>\n<p>&nbsp;<\/p>\n<p><iframe loading=\"lazy\" title=\"Ultrasonic Welding Machine for Face Mask Manufacturing\" width=\"500\" height=\"375\" src=\"https:\/\/www.youtube.com\/embed\/6luA2gpAZdU?feature=oembed\" frameborder=\"0\" allow=\"accelerometer; autoplay; clipboard-write; encrypted-media; gyroscope; picture-in-picture; web-share\" referrerpolicy=\"strict-origin-when-cross-origin\" allowfullscreen><\/iframe><\/p>\n<p><iframe loading=\"lazy\" title=\"Ultrasonic Plastic Welder | Ultrasonic Plastic Welding\" width=\"500\" height=\"281\" src=\"https:\/\/www.youtube.com\/embed\/3H2GRdGeOGM?feature=oembed\" frameborder=\"0\" allow=\"accelerometer; autoplay; clipboard-write; encrypted-media; gyroscope; picture-in-picture; web-share\" referrerpolicy=\"strict-origin-when-cross-origin\" allowfullscreen><\/iframe><\/p>\n<h3>Nguy\u00ean l\u00fd Gia c\u00f4ng Si\u00eau \u00e2m<\/h3>\n<p>Gia c\u00f4ng si\u00eau \u00e2m l\u00e0 m\u1ed9t k\u1ef9 thu\u1eadt gia c\u00f4ng s\u1eed d\u1ee5ng h\u1ed7n h\u1ee3p m\u00e0i m\u00f2n cung c\u1ea5p v\u00e0o kho\u1ea3ng tr\u1ed1ng gi\u1eefa ph\u00f4i v\u00e0 m\u1ed9t d\u1ee5ng c\u1ee5 rung \u1edf t\u1ea7n s\u1ed1 si\u00eau \u00e2m. Thi\u1ebft b\u1ecb gia c\u00f4ng si\u00eau \u00e2m bao g\u1ed3m <a href=\"https:\/\/www.bjultrasonic.com\/vi\/shop\/ultrasonic-welding-generator\/\" target=\"_blank\" rel=\"noopener noreferrer\">B\u1ed9 ph\u00e1t h\u00e0n si\u00eau \u00e2m<\/a>, <a href=\"https:\/\/www.bjultrasonic.com\/vi\/category\/ultrasonic-transducer-vi\/\" target=\"_blank\" rel=\"noopener noreferrer\">B\u1ed9 chuy\u1ec3n \u0111\u1ed5i si\u00eau \u00e2m<\/a> &amp; <strong>\u0110\u1ea7u si\u00eau \u00e2m<\/strong>.<\/p>\n<p><img loading=\"lazy\" decoding=\"async\" class=\"size-full wp-image-1577 alignnone\" title=\"Nguy\u00ean l\u00fd Gia c\u00f4ng Si\u00eau \u00e2m\" src=\"\/\/www.bjultrasonic.com\/wp-content\/uploads\/2013\/05\/Principles-of-Ultrasonic-Machining.jpg\" alt=\"Nguy\u00ean l\u00fd Gia c\u00f4ng Si\u00eau \u00e2m\" width=\"650\" height=\"371\" \/><\/p>\n<h3>Thanh to\u00e1n<\/h3>\n<p>Ch\u00fang t\u00f4i hi\u1ec7n ch\u1ea5p nh\u1eadn Paypal, T\/T &amp; Western Union.<\/p>\n<h3 class=\"shipping-methods\">V\u1eadn chuy\u1ec3n<\/h3>\n<p>H\u00e0ng h\u00f3a s\u1ebd \u0111\u01b0\u1ee3c v\u1eadn chuy\u1ec3n trong v\u00f2ng 48 gi\u1edd sau khi nh\u1eadn \u0111\u01b0\u1ee3c thanh to\u00e1n \u0111\u1ea7y \u0111\u1ee7.<\/p>\n<ul>\n<li>Ch\u00fang t\u00f4i giao h\u00e0ng \u0111\u1ebfn \u0111\u1ecba ch\u1ec9 \u0111\u01b0\u1ee3c cung c\u1ea5p trong thanh to\u00e1n PayPal. Vui l\u00f2ng \u0111\u1ea3m b\u1ea3o \u0111\u1ecba ch\u1ec9 trong PayPal l\u00e0 ch\u00ednh x\u00e1c.<\/li>\n<li>Ch\u00fang t\u00f4i s\u1ebd cung c\u1ea5p s\u1ed1 theo d\u00f5i sau khi g\u1eedi h\u00e0ng, th\u00f4ng th\u01b0\u1eddng, b\u1ea1n s\u1ebd nh\u1eadn \u0111\u01b0\u1ee3c h\u00e0ng trong v\u00f2ng n\u0103m ng\u00e0y.<\/li>\n<li>N\u1ebfu b\u1ea1n c\u00f3 b\u1ea5t k\u1ef3 c\u00e2u h\u1ecfi n\u00e0o, vui l\u00f2ng li\u00ean h\u1ec7 v\u1edbi ch\u00fang t\u00f4i qua email (\u0111\u1ecba ch\u1ec9 email c\u1ee7a ch\u00fang t\u00f4i l\u00e0 <a href=\"mailto:support@bjultrasonic.com\">support@bjultrasonic.com<\/a>)<\/li>\n<\/ul>\n<h3 align=\"left\">B\u1ea3o h\u00e0nh S\u1ea3n ph\u1ea9m<\/h3>\n<p>Th\u1eddi gian b\u1ea3o h\u00e0nh s\u1ea3n ph\u1ea9m l\u00e0 m\u1ed9t n\u0103m, Trong th\u1eddi gian b\u1ea3o h\u00e0nh, s\u1ea3n ph\u1ea9m \u0111\u00e3 mua c\u00f3 th\u1ec3 \u0111\u01b0\u1ee3c b\u1ea3o tr\u00ec ho\u1eb7c \u0111\u1ed5i mi\u1ec5n ph\u00ed.<\/p>\n","protected":false},"excerpt":{"rendered":"<p>M\u1ed9t m\u0169i h\u00e0n si\u00eau \u00e2m (c\u00f2n \u0111\u01b0\u1ee3c g\u1ecdi l\u00e0 s\u1eebng \u00e2m thanh, sonotrode, \u1ed1ng d\u1eabn s\u00f3ng \u00e2m thanh, \u0111\u1ea7u d\u00f2 si\u00eau \u00e2m) l\u00e0 m\u1ed9t thanh kim lo\u1ea1i c\u00f3 k\u00edch th\u01b0\u1edbc gi\u1ea3m d\u1ea7n, th\u01b0\u1eddng \u0111\u01b0\u1ee3c s\u1eed d\u1ee5ng \u0111\u1ec3 <strong>khu\u1ebfch \u0111\u1ea1i bi\u00ean \u0111\u1ed9 dao \u0111\u1ed9ng<\/strong> trong <strong>h\u00e0n si\u00eau \u00e2m<\/strong> v\u00e0 <strong>gia c\u00f4ng si\u00eau \u00e2m<\/strong>.<\/p>\n<p>Ch\u00fang t\u00f4i c\u00f3 th\u1ec3 t\u00f9y ch\u1ec9nh m\u0169i h\u00e0n si\u00eau \u00e2m v\u1edbi k\u00edch th\u01b0\u1edbc v\u00e0 t\u1ea7n s\u1ed1 kh\u00e1c nhau theo y\u00eau c\u1ea7u.<\/p>\n","protected":false},"featured_media":42269,"comment_status":"open","ping_status":"closed","template":"","meta":[],"product_brand":[],"product_cat":[5636],"product_tag":[],"class_list":{"0":"post-69571","1":"product","2":"type-product","3":"status-publish","4":"has-post-thumbnail","6":"product_cat-ultrasonic-welding-equipment-vi","8":"first","9":"instock","10":"shipping-taxable","11":"product-type-external","12":"prodpage-classic"},"aioseo_notices":[],"_links":{"self":[{"href":"https:\/\/www.bjultrasonic.com\/vi\/wp-json\/wp\/v2\/product\/69571","targetHints":{"allow":["GET"]}}],"collection":[{"href":"https:\/\/www.bjultrasonic.com\/vi\/wp-json\/wp\/v2\/product"}],"about":[{"href":"https:\/\/www.bjultrasonic.com\/vi\/wp-json\/wp\/v2\/types\/product"}],"replies":[{"embeddable":true,"href":"https:\/\/www.bjultrasonic.com\/vi\/wp-json\/wp\/v2\/comments?post=69571"}],"wp:featuredmedia":[{"embeddable":true,"href":"https:\/\/www.bjultrasonic.com\/vi\/wp-json\/wp\/v2\/media\/42269"}],"wp:attachment":[{"href":"https:\/\/www.bjultrasonic.com\/vi\/wp-json\/wp\/v2\/media?parent=69571"}],"wp:term":[{"taxonomy":"product_brand","embeddable":true,"href":"https:\/\/www.bjultrasonic.com\/vi\/wp-json\/wp\/v2\/product_brand?post=69571"},{"taxonomy":"product_cat","embeddable":true,"href":"https:\/\/www.bjultrasonic.com\/vi\/wp-json\/wp\/v2\/product_cat?post=69571"},{"taxonomy":"product_tag","embeddable":true,"href":"https:\/\/www.bjultrasonic.com\/vi\/wp-json\/wp\/v2\/product_tag?post=69571"}],"curies":[{"name":"wp","href":"https:\/\/api.w.org\/{rel}","templated":true}]}}