{"id":69621,"date":"2013-02-18T00:25:16","date_gmt":"2013-02-18T05:25:16","guid":{"rendered":"https:\/\/www.bjultrasonic.com\/shop\/ultrasonic-atomizing-transducer-bja-5000\/"},"modified":"2026-03-28T20:18:26","modified_gmt":"2026-03-29T01:18:26","slug":"ultrasonic-atomizing-transducer-bja-5000","status":"publish","type":"product","link":"https:\/\/www.bjultrasonic.com\/vi\/shop\/ultrasonic-atomizing-transducer-bja-5000\/","title":{"rendered":"5000ML M\u00e1y Phun S\u01b0\u01a1ng T\u1ea1o S\u01b0\u01a1ng M\u00f9 L\u1ea1nh Si\u00eau \u00c2m \u0110\u00e0i Phun N\u01b0\u1edbc"},"content":{"rendered":"<h3>Video<\/h3>\n<p><iframe loading=\"lazy\" title=\"Ultrasonic Humidifier Atomizer Mist Maker Fogger - Beijing Ultrasonic\" width=\"500\" height=\"281\" src=\"https:\/\/www.youtube.com\/embed\/TJi9qvlk9cs?start=12&#038;feature=oembed\" frameborder=\"0\" allow=\"accelerometer; autoplay; clipboard-write; encrypted-media; gyroscope; picture-in-picture; web-share\" referrerpolicy=\"strict-origin-when-cross-origin\" allowfullscreen><\/iframe><\/p>\n<p><iframe loading=\"lazy\" title=\"5000ML Fog Water Fountain Ultrasonic Cool Mist Humidifier\" width=\"500\" height=\"281\" src=\"https:\/\/www.youtube.com\/embed\/qY8wP05nnpc?feature=oembed\" frameborder=\"0\" allow=\"accelerometer; autoplay; clipboard-write; encrypted-media; gyroscope; picture-in-picture; web-share\" referrerpolicy=\"strict-origin-when-cross-origin\" allowfullscreen><\/iframe><\/p>\n<table class=\"table table-striped table-bordered\">\n<tbody>\n<tr>\n<td width=\"284\">Lo\u1ea1i<\/td>\n<td width=\"284\">BJA5000<\/td>\n<\/tr>\n<tr>\n<td width=\"284\">L\u01b0\u1ee3ng phun s\u01b0\u01a1ng<\/td>\n<td width=\"284\">&gt;5000ML<\/td>\n<\/tr>\n<tr>\n<td width=\"284\">K\u00edch th\u01b0\u1edbc<\/td>\n<td width=\"284\">252*92*67mm(d\u00e0i*r\u1ed9ng*cao)<\/td>\n<\/tr>\n<tr>\n<td width=\"284\">T\u1ea7n s\u1ed1 ho\u1ea1t \u0111\u1ed9ng<\/td>\n<td width=\"284\">1700\u00b150(KHZ)<\/td>\n<\/tr>\n<tr>\n<td width=\"284\">\u0110\u01b0\u1eddng k\u00ednh g\u1ed1m \u00e1p \u0111i\u1ec7n<\/td>\n<td width=\"284\">20mm<\/td>\n<\/tr>\n<tr>\n<td width=\"284\">Nhi\u1ec7t \u0111\u1ed9 ho\u1ea1t \u0111\u1ed9ng<\/td>\n<td width=\"284\">5\uff5e45\u2103<\/td>\n<\/tr>\n<tr>\n<td width=\"284\">B\u1ea3o v\u1ec7 qu\u00e1 nhi\u1ec7t<\/td>\n<td width=\"284\">50\u2103<\/td>\n<\/tr>\n<tr>\n<td width=\"284\">M\u1ef1c n\u01b0\u1edbc<\/td>\n<td width=\"284\">40mm-80mm<\/p>\n<p>M\u1ee9c t\u1ed1t nh\u1ea5t: 65mm<\/td>\n<\/tr>\n<tr>\n<td width=\"284\">\u0110i\u1ec7n \u00e1p l\u00e0m vi\u1ec7c<\/td>\n<td width=\"284\">48V DC<\/td>\n<\/tr>\n<tr>\n<td width=\"284\">C\u00f4ng su\u1ea5t:<\/td>\n<td width=\"284\">350W<\/td>\n<\/tr>\n<tr>\n<td width=\"284\">D\u00f2ng \u0111i\u1ec7n<\/td>\n<td width=\"284\">4.6-5A<\/td>\n<\/tr>\n<tr>\n<td width=\"284\">Ch\u1ea5t li\u1ec7u<\/td>\n<td width=\"284\">Th\u00e9p kh\u00f4ng g\u1ec9<\/td>\n<\/tr>\n<tr>\n<td width=\"284\">D\u00e2y c\u00e1p<\/td>\n<td width=\"284\">D\u00e0i 1.4m<\/td>\n<\/tr>\n<tr>\n<td width=\"284\">\u0110i\u1ec7n \u00e1p<\/td>\n<td width=\"284\">220v\/50hz\u00a0 230v\/50hz<\/p>\n<p>120v\/60hz\u00a0\u00a0 110v\/60hz<\/td>\n<\/tr>\n<\/tbody>\n<\/table>\n<h3>C\u00e1c Ch\u1ee9c N\u0103ng Ch\u00ednh<\/h3>\n<ul>\n<li>\u0110\u1ea7u phun c\u1ee7a m\u00e1y t\u1ea1o s\u01b0\u01a1ng k\u00edn kh\u00ed v\u00e0 c\u00f3 hi\u1ec7u su\u1ea5t t\u1ea3n nhi\u1ec7t t\u1ed1t<\/li>\n<li>M\u1ea1ch \u0111i\u1ec7n c\u00f3 d\u00f2ng v\u00e0 \u00e1p \u1ed5n \u0111\u1ecbnh, b\u1ea3o v\u1ec7 qu\u00e1 nhi\u1ec7t, b\u1ea3o v\u1ec7 thi\u1ebfu n\u01b0\u1edbc, x\u1eed l\u00fd gi\u1ea3m ti\u1ebfng \u1ed3n,<\/li>\n<li>Thi\u1ebft k\u1ebf im l\u1eb7ng c\u1ee7a s\u1ea3n ph\u1ea9m, \u0111\u1ed9 \u1ea9m s\u01b0\u01a1ng cao, hi\u1ec7u su\u1ea5t cao.<\/li>\n<li>Thi\u1ebft k\u1ebf ho\u00e0n to\u00e0n k\u00edn v\u1edbi ch\u1ee9c n\u0103ng ch\u1ed1ng n\u01b0\u1edbc v\u00e0 ch\u1ed1ng b\u1ee5i cao, r\u1ea5t thu\u1eadn ti\u1ec7n \u0111\u1ec3 ki\u1ec3m tra tr\u01b0\u1edbc khi s\u1ea3n xu\u1ea5t m\u00e1y t\u1ea1o \u0111\u1ed9 \u1ea9m.<\/li>\n<li>C\u00f4ng t\u1eafc c\u1ea3m \u1ee9ng b\u1ea3o v\u1ec7 nhi\u1ec7t \u0111\u1ed9 t\u00edch h\u1ee3p \u0111\u01b0\u1ee3c thi\u1ebft l\u1eadp \u0111\u1ec3 ho\u1ea1t \u0111\u1ed9ng an to\u00e0n v\u00e0 \u0111\u00e1ng tin c\u1eady. C\u1ea5u tr\u00fac b\u1ec1n v\u1eefng v\u00e0 l\u1eafp \u0111\u1eb7t thu\u1eadn ti\u1ec7n.<\/li>\n<li>Thi\u1ebft k\u1ebf ch\u1ed1ng c\u1eb7n, ng\u01b0\u1eddi d\u00f9ng c\u00f3 th\u1ec3 d\u1ec5 d\u00e0ng thay th\u1ebf g\u1ed1m \u00e1p \u0111i\u1ec7n t\u1ea1o s\u01b0\u01a1ng,<\/li>\n<li>V\u1ecf ho\u00e0n to\u00e0n b\u1eb1ng th\u00e9p kh\u00f4ng g\u1ec9, m\u1ea1 niken-cadmi, t\u1ea3n nhi\u1ec7t t\u1ed1t.<\/li>\n<li>T\u00edch h\u1ee3p ch\u1ee9c n\u0103ng b\u1ea3o v\u1ec7 thi\u1ebfu n\u01b0\u1edbc.<\/li>\n<li>Th\u00edch h\u1ee3p cho vi\u1ec7c t\u1ea1o \u1ea9m c\u00f4ng nghi\u1ec7p, n\u00f4ng nghi\u1ec7p, s\u01b0\u01a1ng c\u1ea3nh quan, v.v.<\/li>\n<\/ul>\n<h3>C\u00e2u H\u1ecfi Th\u01b0\u1eddng G\u1eb7p<\/h3>\n<p><strong>1. Ch\u00fang t\u00f4i c\u00f3 th\u1ec3 \u0111i\u1ec1u ch\u1ec9nh l\u01b0\u1ee3ng phun s\u01b0\u01a1ng kh\u00f4ng?<\/strong><\/p>\n<p>Kh\u00f4ng, ch\u1ec9 c\u00f3 th\u1ec3 thay \u0111\u1ed5i b\u1eb1ng m\u1ef1c n\u01b0\u1edbc.<\/p>\n<p><strong>2. Ch\u00fang t\u00f4i c\u00f3 th\u1ec3 t\u1eaft \u0111\u00e8n LED (n\u1ebfu c\u00f3) kh\u00f4ng?<\/strong><\/p>\n<p>Kh\u00f4ng. T\u1ed1t h\u01a1n n\u00ean ch\u1ecdn m\u00e1y t\u1ea1o s\u01b0\u01a1ng si\u00eau \u00e2m kh\u00f4ng c\u00f3 \u0111\u00e8n LED khi s\u1eed d\u1ee5ng trong nh\u00e0.<\/p>\n<p><strong>3. N\u00f3 c\u00f3 ti\u1ebfng \u1ed3n kh\u00f4ng?<\/strong><\/p>\n<p>Kh\u00f4ng. H\u1ea7u h\u1ebft <a href=\"https:\/\/www.bjultrasonic.com\/vi\/category\/ultrasonic-atomizer-vi\/\">m\u00e1y t\u1ea1o \u1ea9m si\u00eau \u00e2m<\/a> c\u00f3 xu h\u01b0\u1edbng ho\u1ea1t \u0111\u1ed9ng y\u00ean t\u0129nh h\u01a1n c\u00e1c m\u1eabu kh\u00e1c. \u0110\u00f3 l\u00e0 v\u00ec ch\u00fang kh\u00f4ng c\u00f3 qu\u1ea1t, nh\u01b0 m\u00e1y t\u1ea1o \u1ea9m d\u1ea1ng bay h\u01a1i th\u01b0\u1eddng c\u00f3. \u0110i\u1ec1u n\u00e0y gi\u1eef m\u1ee9c \u0111\u1ed9 ti\u1ebfng \u1ed3n \u1edf m\u1ee9c th\u1ea5p.<\/p>\n<p><strong>4. N\u00f3 c\u00f3 b\u1ecb r\u00f2 \u0111i\u1ec7n kh\u00f4ng?<\/strong><\/p>\n<p>Nguy\u00ean l\u00fd c\u1ee7a m\u00e1y t\u1ea1o s\u01b0\u01a1ng si\u00eau \u00e2m l\u00e0 rung \u0111\u1ed9ng si\u00eau \u00e2m t\u1ea1o ra s\u01b0\u01a1ng m\u00f9, kh\u00f4ng ch\u1ea1m tay v\u00e0o m\u00e1y t\u1ea1o s\u01b0\u01a1ng khi n\u00f3 \u0111ang ho\u1ea1t \u0111\u1ed9ng, c\u00f3 th\u1ec3 c\u00f3 c\u1ea3m gi\u00e1c ch\u00e2m ch\u00edch, nh\u01b0ng \u0111\u00f3 kh\u00f4ng ph\u1ea3i l\u00e0 \u0111i\u1ec7n.<\/p>\n<h3>Nh\u1eefng \u0110i\u1ec1u C\u1ea7n L\u01b0u \u00dd Chung<\/h3>\n<ol>\n<li>Vui l\u00f2ng kh\u00f4ng l\u1eadt ng\u01b0\u1ee3c m\u00e1y t\u1ea1o s\u01b0\u01a1ng sau khi b\u1eadt ngu\u1ed3n, \u0111i\u1ec1u n\u00e0y s\u1ebd l\u00e0m h\u1ecfng m\u00e1y t\u1ea1o s\u01b0\u01a1ng.<\/li>\n<li>Vui l\u00f2ng kh\u00f4ng s\u1eed d\u1ee5ng trong th\u1eddi gian d\u00e0i ho\u1eb7c h\u01a1n 10 gi\u1edd.<\/li>\n<li>Kh\u00f4ng ch\u1ea1m v\u00e0o t\u1ea5m t\u1ea1o s\u01b0\u01a1ng khi m\u00e1y t\u1ea1o s\u01b0\u01a1ng \u0111ang ch\u1ea1y.<\/li>\n<li>\u0110\u1ea3m b\u1ea3o ch\u1ea5t l\u01b0\u1ee3ng n\u01b0\u1edbc. Vui l\u00f2ng s\u1eed d\u1ee5ng n\u01b0\u1edbc m\u00e1y s\u1ea1ch. (Ch\u1ea5t l\u01b0\u1ee3ng n\u01b0\u1edbc k\u00e9m s\u1ebd \u1ea3nh h\u01b0\u1edfng \u0111\u1ebfn tu\u1ed5i th\u1ecd)<\/li>\n<li>Vui l\u00f2ng ng\u1eaft ngu\u1ed3n \u0111i\u1ec7n tr\u01b0\u1edbc khi di chuy\u1ec3n ho\u1eb7c s\u1eeda ch\u1eefa.<\/li>\n<li><a href=\"https:\/\/www.bjultrasonic.com\/vi\/category\/piezoelectric-ceramic-vi\/\">G\u1ed1m \u00e1p \u0111i\u1ec7n<\/a> \u0111\u01b0\u1ee3c t\u1ea1o s\u01b0\u01a1ng thu\u1ed9c lo\u1ea1i v\u1eadt t\u01b0 ti\u00eau hao c\u00f3 tu\u1ed5i th\u1ecd h\u01a1n 3600 gi\u1edd. N\u1ebfu kh\u1ea3 n\u0103ng t\u1ea1o s\u01b0\u01a1ng c\u1ee7a m\u00e1y gi\u1ea3m \u0111\u00e1ng k\u1ec3, vui l\u00f2ng l\u00e0m s\u1ea1ch g\u1ed1m \u00e1p \u0111i\u1ec7n t\u1ea1o s\u01b0\u01a1ng (kh\u00f4ng d\u00f9ng b\u1ea5t k\u1ef3 ch\u1ea5t t\u1ea9y r\u1eeda n\u00e0o) b\u1eb1ng t\u0103m b\u00f4ng \u0111\u1ec3 gi\u1eef ch\u00fang s\u1ea1ch s\u1ebd. N\u1ebfu l\u01b0\u1ee3ng phun s\u01b0\u01a1ng v\u1eabn \u00edt sau khi l\u00e0m s\u1ea1ch, vui l\u00f2ng thay th\u1ebf m\u1ed9t g\u1ed1m \u00e1p \u0111i\u1ec7n t\u1ea1o s\u01b0\u01a1ng. (\u0111\u1ec1 ngh\u1ecb mua k\u00e8m g\u1ed1m \u00e1p \u0111i\u1ec7n t\u1ea1o s\u01b0\u01a1ng)<\/li>\n<\/ol>\n<p><img loading=\"lazy\" decoding=\"async\" src=\"https:\/\/www.bjultrasonic.com\/wp-content\/uploads\/2018\/08\/Ultrasonic-Humidifier-with-LED.jpg\" alt=\"Ultrasonic-Humidifier-with-LED\" width=\"670\" height=\"925\" \/><\/p>\n","protected":false},"excerpt":{"rendered":"<p><a href=\"https:\/\/www.bjultrasonic.com\/vi\/category\/ultrasonic-atomizer-vi\/\">M\u00e1y t\u1ea1o \u0111\u1ed9 \u1ea9m si\u00eau \u00e2m<\/a> s\u1eed d\u1ee5ng n\u0103ng l\u01b0\u1ee3ng si\u00eau \u00e2m \u0111\u1ec3 chuy\u1ec3n \u0111\u1ed5i ch\u1ea5t l\u1ecfng th\u00e0nh c\u00e1c h\u1ea1t d\u1ea1ng m\u00e2y. M\u00e1y t\u1ea1o \u0111\u1ed9 \u1ea9m si\u00eau \u00e2m c\u00f2n \u0111\u01b0\u1ee3c g\u1ecdi l\u00e0 <a href=\"https:\/\/www.bjultrasonic.com\/vi\/shop\/ultrasonic-atomizing-transducer\/\">m\u00e1y phun s\u01b0\u01a1ng si\u00eau \u00e2m<\/a>, m\u00e1y t\u1ea1o s\u01b0\u01a1ng si\u00eau \u00e2m, m\u00e1y t\u1ea1o s\u01b0\u01a1ng m\u00f9 si\u00eau \u00e2m.<\/p>\n","protected":false},"featured_media":19530,"comment_status":"open","ping_status":"closed","template":"","meta":[],"product_brand":[],"product_cat":[6197],"product_tag":[],"class_list":{"0":"post-69621","1":"product","2":"type-product","3":"status-publish","4":"has-post-thumbnail","6":"product_cat-ultrasonic-atomizer-vi","8":"first","9":"instock","10":"shipping-taxable","11":"purchasable","12":"product-type-simple","13":"prodpage-classic"},"aioseo_notices":[],"_links":{"self":[{"href":"https:\/\/www.bjultrasonic.com\/vi\/wp-json\/wp\/v2\/product\/69621","targetHints":{"allow":["GET"]}}],"collection":[{"href":"https:\/\/www.bjultrasonic.com\/vi\/wp-json\/wp\/v2\/product"}],"about":[{"href":"https:\/\/www.bjultrasonic.com\/vi\/wp-json\/wp\/v2\/types\/product"}],"replies":[{"embeddable":true,"href":"https:\/\/www.bjultrasonic.com\/vi\/wp-json\/wp\/v2\/comments?post=69621"}],"wp:featuredmedia":[{"embeddable":true,"href":"https:\/\/www.bjultrasonic.com\/vi\/wp-json\/wp\/v2\/media\/19530"}],"wp:attachment":[{"href":"https:\/\/www.bjultrasonic.com\/vi\/wp-json\/wp\/v2\/media?parent=69621"}],"wp:term":[{"taxonomy":"product_brand","embeddable":true,"href":"https:\/\/www.bjultrasonic.com\/vi\/wp-json\/wp\/v2\/product_brand?post=69621"},{"taxonomy":"product_cat","embeddable":true,"href":"https:\/\/www.bjultrasonic.com\/vi\/wp-json\/wp\/v2\/product_cat?post=69621"},{"taxonomy":"product_tag","embeddable":true,"href":"https:\/\/www.bjultrasonic.com\/vi\/wp-json\/wp\/v2\/product_tag?post=69621"}],"curies":[{"name":"wp","href":"https:\/\/api.w.org\/{rel}","templated":true}]}}