{"id":69629,"date":"2013-02-17T23:03:11","date_gmt":"2013-02-18T04:03:11","guid":{"rendered":"https:\/\/www.bjultrasonic.com\/shop\/biologics-ultrasonic-homogenizer-bjed-201200\/"},"modified":"2026-03-28T20:18:26","modified_gmt":"2026-03-29T01:18:26","slug":"biologics-ultrasonic-homogenizer-bjed-201200","status":"publish","type":"product","link":"https:\/\/www.bjultrasonic.com\/vi\/shop\/biologics-ultrasonic-homogenizer-bjed-201200\/","title":{"rendered":"M\u00e1y \u0111\u1ed3ng h\u00f3a ph\u00e1 v\u1ee1 t\u1ebf b\u00e0o si\u00eau \u00e2m BJED-201200"},"content":{"rendered":"<table class=\"table table-striped table-bordered\" border=\"0\" cellspacing=\"0\" cellpadding=\"0\">\n<tbody>\n<tr>\n<td valign=\"top\" width=\"158\">LO\u1ea0I<\/td>\n<td valign=\"top\" width=\"145\">T\u1ea7n s\u1ed1 (Khz)<\/td>\n<td valign=\"top\" width=\"136\">C\u00f4ng su\u1ea5t (W)<\/td>\n<td valign=\"top\" width=\"130\">Gi\u00e1 b\u00e1n l\u1ebb (USD)<\/td>\n<\/tr>\n<tr>\n<td valign=\"top\" width=\"158\">BJED-201200<\/td>\n<td valign=\"top\" width=\"145\">20<\/td>\n<td valign=\"top\" width=\"136\">1200<\/td>\n<td valign=\"top\" width=\"130\">$3000<\/td>\n<\/tr>\n<\/tbody>\n<\/table>\n<p>\u0110\u1ec3 t\u00f9y ch\u1ec9nh v\u00e0 s\u1ea3n xu\u1ea5t OEM M\u00e1y \u0110\u1ed3ng H\u00f3a Si\u00eau \u00c2m Sinh H\u1ecdc, truy c\u1eadp<\/p>\n<blockquote class=\"wp-embedded-content\" data-secret=\"6AYjB0Qxec\"><p><a href=\"https:\/\/www.bjultrasonic.com\/shop\/ultrasonic-cell-disruptor\/\">Ultrasonic Cell Disruptors &#038; Homogenizers<\/a><\/p><\/blockquote>\n<p><iframe loading=\"lazy\" class=\"wp-embedded-content\" sandbox=\"allow-scripts\" security=\"restricted\" style=\"position: absolute; visibility: hidden;\" title=\"&#8220;Ultrasonic Cell Disruptors &#038; Homogenizers&#8221; &#8212; Beijing Ultrasonic\" src=\"https:\/\/www.bjultrasonic.com\/shop\/ultrasonic-cell-disruptor\/embed\/#?secret=4UY6R6iA5U#?secret=6AYjB0Qxec\" data-secret=\"6AYjB0Qxec\" width=\"500\" height=\"282\" frameborder=\"0\" marginwidth=\"0\" marginheight=\"0\" scrolling=\"no\"><\/iframe><\/p>\n<p><strong>\u1ee8ng d\u1ee5ng \u0111i\u1ec3n h\u00ecnh c\u1ee7a M\u00e1y \u0110\u1ed3ng H\u00f3a Si\u00eau \u00c2m Sinh H\u1ecdc<\/strong><\/p>\n<ul>\n<li>\u0110\u01b0\u1ee3c s\u1eed d\u1ee5ng trong vi\u1ec7c ph\u00e1 v\u1ee1 nhi\u1ec1u lo\u1ea1i t\u1ebf b\u00e0o \u0111\u1ed9ng v\u1eadt v\u00e0 th\u1ef1c v\u1eadt, t\u1ebf b\u00e0o virus.<\/li>\n<li>Nh\u0169 h\u00f3a, ph\u00e2n t\u00e1ch, l\u00e0m tan, k\u00e9o, gi\u1ea3m ng\u00e2m, r\u1eeda v\u00e0 t\u0103ng t\u1ed1c ph\u1ea3n \u1ee9ng h\u00f3a h\u1ecdc, v.v.<\/li>\n<li>\u0110\u01b0\u1ee3c s\u1eed d\u1ee5ng r\u1ed9ng r\u00e3i trong c\u00e1c l\u0129nh v\u1ef1c nh\u01b0 h\u00f3a sinh, vi sinh v\u1eadt, h\u00f3a h\u1ecdc y h\u1ecdc, h\u00f3a h\u1ecdc b\u1ec1 m\u1eb7t, v\u1eadt l\u00fd, \u0111\u1ed9ng v\u1eadt h\u1ecdc, v.v.<\/li>\n<\/ul>\n<p><iframe loading=\"lazy\" title=\"Ultrasonic Liquid Processor Systems Manufacturers &amp; Suppliers\" width=\"500\" height=\"281\" src=\"https:\/\/www.youtube.com\/embed\/D4drd2L5wrk?feature=oembed\" frameborder=\"0\" allow=\"accelerometer; autoplay; clipboard-write; encrypted-media; gyroscope; picture-in-picture; web-share\" referrerpolicy=\"strict-origin-when-cross-origin\" allowfullscreen><\/iframe><\/p>\n<p><iframe loading=\"lazy\" title=\"Ultrasonic Processor | Biologics Ultrasonic Homogenizer\" width=\"500\" height=\"375\" src=\"https:\/\/www.youtube.com\/embed\/T0snVNfFYIs?feature=oembed\" frameborder=\"0\" allow=\"accelerometer; autoplay; clipboard-write; encrypted-media; gyroscope; picture-in-picture; web-share\" referrerpolicy=\"strict-origin-when-cross-origin\" allowfullscreen><\/iframe><\/p>\n","protected":false},"excerpt":{"rendered":"<p>C\u00e1c <a href=\"https:\/\/www.bjultrasonic.com\/vi\/category\/ultrasonic-processors-vi\/cell-vi\/\">thi\u1ebft b\u1ecb ph\u00e1 v\u1ee1 t\u1ebf b\u00e0o si\u00eau \u00e2m<\/a> c\u1ea3i thi\u1ec7n \u0111\u1ed9 \u0111\u1ed3ng \u0111\u1ec1u v\u00e0 t\u00ednh \u1ed5n \u0111\u1ecbnh t\u1ed5ng th\u1ec3 c\u1ee7a h\u1ed7n h\u1ee3p b\u1eb1ng c\u00e1ch gi\u1ea3m k\u00edch th\u01b0\u1edbc h\u1ea1t trong ch\u1ea5t l\u1ecfng. C\u00e1c thi\u1ebft b\u1ecb ph\u00e1 v\u1ee1 t\u1ebf b\u00e0o si\u00eau \u00e2m c\u00f3 hi\u1ec7u qu\u1ea3 trong vi\u1ec7c c\u1eaft DNA\/RNA, \u0111\u1ed3ng nh\u1ea5t h\u00f3a, ph\u00e1 v\u1ee1 t\u1ebf b\u00e0o, ph\u00e2n t\u00e1n h\u1ea1t nano, chi\u1ebft xu\u1ea5t protein v\u00e0 chu\u1ea9n b\u1ecb m\u1eabu t\u1ed5ng qu\u00e1t.<\/p>\n","protected":false},"featured_media":5355,"comment_status":"open","ping_status":"closed","template":"","meta":[],"product_brand":[],"product_cat":[6253,6299],"product_tag":[],"class_list":{"0":"post-69629","1":"product","2":"type-product","3":"status-publish","4":"has-post-thumbnail","6":"product_cat-ultrasonic-processors-vi","7":"product_cat-cell-vi","9":"first","10":"instock","11":"shipping-taxable","12":"purchasable","13":"product-type-simple","14":"prodpage-classic"},"aioseo_notices":[],"_links":{"self":[{"href":"https:\/\/www.bjultrasonic.com\/vi\/wp-json\/wp\/v2\/product\/69629","targetHints":{"allow":["GET"]}}],"collection":[{"href":"https:\/\/www.bjultrasonic.com\/vi\/wp-json\/wp\/v2\/product"}],"about":[{"href":"https:\/\/www.bjultrasonic.com\/vi\/wp-json\/wp\/v2\/types\/product"}],"replies":[{"embeddable":true,"href":"https:\/\/www.bjultrasonic.com\/vi\/wp-json\/wp\/v2\/comments?post=69629"}],"wp:featuredmedia":[{"embeddable":true,"href":"https:\/\/www.bjultrasonic.com\/vi\/wp-json\/wp\/v2\/media\/5355"}],"wp:attachment":[{"href":"https:\/\/www.bjultrasonic.com\/vi\/wp-json\/wp\/v2\/media?parent=69629"}],"wp:term":[{"taxonomy":"product_brand","embeddable":true,"href":"https:\/\/www.bjultrasonic.com\/vi\/wp-json\/wp\/v2\/product_brand?post=69629"},{"taxonomy":"product_cat","embeddable":true,"href":"https:\/\/www.bjultrasonic.com\/vi\/wp-json\/wp\/v2\/product_cat?post=69629"},{"taxonomy":"product_tag","embeddable":true,"href":"https:\/\/www.bjultrasonic.com\/vi\/wp-json\/wp\/v2\/product_tag?post=69629"}],"curies":[{"name":"wp","href":"https:\/\/api.w.org\/{rel}","templated":true}]}}