{"id":69647,"date":"2013-02-16T03:03:50","date_gmt":"2013-02-16T08:03:50","guid":{"rendered":"https:\/\/www.bjultrasonic.com\/shop\/ultrasonic-biodiesel-reactor-bjr-1300\/"},"modified":"2026-03-28T20:18:24","modified_gmt":"2026-03-29T01:18:24","slug":"ultrasonic-biodiesel-reactor-bjr-1300","status":"publish","type":"product","link":"https:\/\/www.bjultrasonic.com\/vi\/shop\/ultrasonic-biodiesel-reactor-bjr-1300\/","title":{"rendered":"M\u00e1y Ph\u1ea3n \u1ee8ng Biodiesel Si\u00eau \u00c2m BJR-1300"},"content":{"rendered":"<p>\u0110\u1ec3 t\u00f9y ch\u1ec9nh l\u00f2 ph\u1ea3n \u1ee9ng si\u00eau \u00e2m v\u00e0 s\u1ea3n xu\u1ea5t OEM, h\u00e3y truy c\u1eadp<\/p>\n<blockquote class=\"wp-embedded-content\" data-secret=\"O1fnVjqtKn\"><p><a href=\"https:\/\/www.bjultrasonic.com\/shop\/ultrasonic-biodiesel-reactor\/\">Ultrasonic Biodiesel Reactor<\/a><\/p><\/blockquote>\n<p><iframe loading=\"lazy\" class=\"wp-embedded-content\" sandbox=\"allow-scripts\" security=\"restricted\" style=\"position: absolute; visibility: hidden;\" title=\"&#8220;Ultrasonic Biodiesel Reactor&#8221; &#8212; Beijing Ultrasonic\" src=\"https:\/\/www.bjultrasonic.com\/shop\/ultrasonic-biodiesel-reactor\/embed\/#?secret=xZObdk0261#?secret=O1fnVjqtKn\" data-secret=\"O1fnVjqtKn\" width=\"500\" height=\"282\" frameborder=\"0\" marginwidth=\"0\" marginheight=\"0\" scrolling=\"no\"><\/iframe><\/p>\n<p>Gi\u00e1 b\u00e1n l\u1ebb cho <strong>L\u00f2 Ph\u1ea3n \u1ee8ng Diesel Sinh H\u1ecdc Si\u00eau \u00c2m BJR-1300<\/strong> bao g\u1ed3m <strong>L\u00f2 Ph\u1ea3n \u1ee8ng Si\u00eau \u00c2m<\/strong> v\u00e0 <strong>M\u00e1y Ph\u00e1t Si\u00eau \u00c2m K\u1ef9 Thu\u1eadt S\u1ed1.<\/strong><\/p>\n<table class=\"table table-striped table-bordered\" border=\"0\" cellspacing=\"0\" cellpadding=\"0\">\n<tbody>\n<tr>\n<td valign=\"top\" width=\"82\">Lo\u1ea1i<\/td>\n<td valign=\"top\" width=\"81\">T\u1ea7n s\u1ed1<br \/>\n(KHz)<\/td>\n<td valign=\"top\" width=\"60\">C\u00f4ng su\u1ea5t<\/td>\n<td valign=\"top\" width=\"60\">\u0110\u01b0\u1eddng k\u00ednh<br \/>\n(mm)<\/td>\n<td valign=\"top\" width=\"63\">Chi\u1ec1u d\u00e0i<br \/>\n(mm)<\/td>\n<td valign=\"top\" width=\"90\">\u0110i\u1ec7n dung T\u0129nh (pF\u00b110%)<\/td>\n<\/tr>\n<tr>\n<td valign=\"top\" width=\"82\">BJR-1300<\/td>\n<td valign=\"top\" width=\"81\">27<\/td>\n<td valign=\"top\" width=\"68\">1300<\/td>\n<td valign=\"top\" width=\"90\">\u03a673<\/td>\n<td valign=\"top\" width=\"63\">957<\/td>\n<td valign=\"top\" width=\"80\">68000<\/td>\n<\/tr>\n<\/tbody>\n<\/table>\n<p><img loading=\"lazy\" decoding=\"async\" class=\"alignnone size-full wp-image-5340\" alt=\"L\u00f2 Ph\u1ea3n \u1ee8ng Si\u00eau \u00c2m v\u00e0 M\u00e1y Ph\u00e1t Si\u00eau \u00c2m K\u1ef9 Thu\u1eadt S\u1ed1\" src=\"\/\/www.bjultrasonic.com\/wp-content\/uploads\/2013\/02\/Ultrasonic-Reactor-and-Digital-Ultrasonic-Generator.jpg\" width=\"600\" height=\"400\" \/><\/p>\n<p>L\u00f2 ph\u1ea3n \u1ee9ng diesel sinh h\u1ecdc si\u00eau \u00e2m s\u1ea3n xu\u1ea5t diesel sinh h\u1ecdc trong th\u1eddi gian nhanh nh\u1ea5t c\u00f3 th\u1ec3 v\u00e0 theo c\u00e1ch hi\u1ec7u qu\u1ea3 nh\u1ea5t. S\u00f3ng si\u00eau \u00e2m t\u00e1c \u0111\u1ed9ng l\u00ean c\u00e1c th\u00e0nh ph\u1ea7n h\u1ed7n h\u1ee3p, g\u00e2y ra s\u1ef1 h\u00ecnh th\u00e0nh v\u00e0 n\u1ed5 c\u1ee7a nhi\u1ec1u bong b\u00f3ng nh\u1ecf. \u0110\u00e2y \u0111\u01b0\u1ee3c g\u1ecdi l\u00e0 hi\u1ec7n t\u01b0\u1ee3ng x\u00e2m th\u1ef1c. Hi\u1ec7n t\u01b0\u1ee3ng x\u00e2m th\u1ef1c tr\u1ed9n v\u00e0 l\u00e0m n\u00f3ng h\u1ed7n h\u1ee3p c\u00f9ng m\u1ed9t l\u00fac. Hai qu\u00e1 tr\u00ecnh n\u00e0y g\u00e2y ra ph\u1ea3n \u1ee9ng chuy\u1ec3n h\u00f3a este. V\u00ec m\u1ed9t l\u00f2 ph\u1ea3n \u1ee9ng diesel sinh h\u1ecdc si\u00eau \u00e2m tr\u1ed9n v\u00e0 l\u00e0m n\u00f3ng h\u1ed7n h\u1ee3p \u0111\u1ed3ng th\u1eddi, th\u1eddi gian c\u1ea7n thi\u1ebft \u0111\u1ec3 s\u1ea3n xu\u1ea5t diesel sinh h\u1ecdc \u0111\u01b0\u1ee3c gi\u1ea3m \u0111\u00e1ng k\u1ec3. V\u00e0 v\u00ec v\u1eady, thay v\u00ec x\u1eed l\u00fd h\u1ed7n h\u1ee3p theo t\u1eebng m\u1ebb, t\u1ed1n nhi\u1ec1u th\u1eddi gian, h\u1ed7n h\u1ee3p \u0111\u01b0\u1ee3c x\u1eed l\u00fd th\u00f4ng qua ph\u1ea3n \u1ee9ng chuy\u1ec3n h\u00f3a este n\u1ed9i tuy\u1ebfn.<\/p>\n<p><iframe loading=\"lazy\" title=\"Biodiesel Reactor and Processor - Beijing Ultrasonic\" width=\"500\" height=\"375\" src=\"https:\/\/www.youtube.com\/embed\/kEZ8xnum-c4?feature=oembed\" frameborder=\"0\" allow=\"accelerometer; autoplay; clipboard-write; encrypted-media; gyroscope; picture-in-picture; web-share\" referrerpolicy=\"strict-origin-when-cross-origin\" allowfullscreen><\/iframe><\/p>\n<p>&nbsp;<\/p>\n","protected":false},"excerpt":{"rendered":"<p><a href=\"https:\/\/www.bjultrasonic.com\/vi\/category\/ultrasonic-processors-vi\/\">B\u1ed9 x\u1eed l\u00fd si\u00eau \u00e2m<\/a> \u0111\u1ec3 s\u1ea3n xu\u1ea5t biodiesel. <a href=\"https:\/\/www.bjultrasonic.com\/vi\/category\/ultrasonic-processors-vi\/biodiesel-vi\/\">L\u00f2 ph\u1ea3n \u1ee9ng biodiesel si\u00eau \u00e2m<\/a> s\u1ea3n xu\u1ea5t biodiesel trong th\u1eddi gian nhanh nh\u1ea5t c\u00f3 th\u1ec3 v\u00e0 theo c\u00e1ch hi\u1ec7u qu\u1ea3 nh\u1ea5t.<\/p>\n","protected":false},"featured_media":5341,"comment_status":"open","ping_status":"closed","template":"","meta":[],"product_brand":[],"product_cat":[6253,6268],"product_tag":[],"class_list":{"0":"post-69647","1":"product","2":"type-product","3":"status-publish","4":"has-post-thumbnail","6":"product_cat-ultrasonic-processors-vi","7":"product_cat-biodiesel-vi","9":"first","10":"instock","11":"shipping-taxable","12":"purchasable","13":"product-type-simple","14":"prodpage-classic"},"aioseo_notices":[],"_links":{"self":[{"href":"https:\/\/www.bjultrasonic.com\/vi\/wp-json\/wp\/v2\/product\/69647","targetHints":{"allow":["GET"]}}],"collection":[{"href":"https:\/\/www.bjultrasonic.com\/vi\/wp-json\/wp\/v2\/product"}],"about":[{"href":"https:\/\/www.bjultrasonic.com\/vi\/wp-json\/wp\/v2\/types\/product"}],"replies":[{"embeddable":true,"href":"https:\/\/www.bjultrasonic.com\/vi\/wp-json\/wp\/v2\/comments?post=69647"}],"wp:featuredmedia":[{"embeddable":true,"href":"https:\/\/www.bjultrasonic.com\/vi\/wp-json\/wp\/v2\/media\/5341"}],"wp:attachment":[{"href":"https:\/\/www.bjultrasonic.com\/vi\/wp-json\/wp\/v2\/media?parent=69647"}],"wp:term":[{"taxonomy":"product_brand","embeddable":true,"href":"https:\/\/www.bjultrasonic.com\/vi\/wp-json\/wp\/v2\/product_brand?post=69647"},{"taxonomy":"product_cat","embeddable":true,"href":"https:\/\/www.bjultrasonic.com\/vi\/wp-json\/wp\/v2\/product_cat?post=69647"},{"taxonomy":"product_tag","embeddable":true,"href":"https:\/\/www.bjultrasonic.com\/vi\/wp-json\/wp\/v2\/product_tag?post=69647"}],"curies":[{"name":"wp","href":"https:\/\/api.w.org\/{rel}","templated":true}]}}