{"id":69679,"date":"2012-12-06T06:47:22","date_gmt":"2012-12-06T11:47:22","guid":{"rendered":"https:\/\/www.bjultrasonic.com\/shop\/30khz-100w-110v220v-ultrasonic-generator-pcb-circuit\/"},"modified":"2026-03-28T20:17:59","modified_gmt":"2026-03-29T01:17:59","slug":"30khz-100w-110v220v-ultrasonic-generator-pcb-circuit","status":"publish","type":"product","link":"https:\/\/www.bjultrasonic.com\/vi\/shop\/30khz-100w-110v220v-ultrasonic-generator-pcb-circuit\/","title":{"rendered":"M\u00e1y ph\u00e1t m\u1ea1ch si\u00eau \u00e2m 30KHZ 100W"},"content":{"rendered":"<h2>Th\u00f4ng s\u1ed1 k\u1ef9 thu\u1eadt c\u1ee7a M\u1ea1ch T\u1ea1o S\u00f3ng Si\u00eau \u00e2m 30KHz 100W 110V\/220V<\/h2>\n<table id=\"wp-table-reloaded-id-132-no-1\" class=\"table table-striped table-bordered\">\n<tbody>\n<tr>\n<td>T\u1ea7n s\u1ed1<\/td>\n<td>30khz<\/td>\n<\/tr>\n<tr>\n<td>C\u00f4ng su\u1ea5t<\/td>\n<td>100w<\/td>\n<\/tr>\n<tr>\n<td>\u0110\u1ea7u d\u1eabn \u0111\u1ed9ng<\/td>\n<td>\u0110\u1ea7u d\u00f2 si\u00eau \u00e2m 30khz<\/td>\n<\/tr>\n<tr>\n<td>Ngu\u1ed3n c\u1ea5p<\/td>\n<td>\u0110\u1ea7u v\u00e0o: 110V AC ho\u1eb7c 220V AC<\/td>\n<\/tr>\n<tr>\n<td>Tr\u1ecdng l\u01b0\u1ee3ng<\/td>\n<td>300g\/c\u00e1i<\/td>\n<\/tr>\n<\/tbody>\n<\/table>\n<h3>L\u01b0u \u00fd<\/h3>\n<ul>\n<li><a href=\"https:\/\/www.bjultrasonic.com\/vi\/category\/ultrasonic-generator-vi\/\">M\u00e1y ph\u00e1t si\u00eau \u00e2m<\/a> kh\u00f4ng th\u1ec3 kh\u1edfi \u0111\u1ed9ng trong \u0111i\u1ec1u ki\u1ec7n kh\u00f4ng t\u1ea3i<\/li>\n<li>Sau khi l\u1eafp \u0111\u1eb7t, ch\u1ec9 \u0111\u01b0\u1ee3c ph\u00e9p kh\u1edfi \u0111\u1ed9ng sau khi \u0111\u00e3 \u0111\u1ed5 dung d\u1ecbch l\u00e0m s\u1ea1ch<\/li>\n<li><a href=\"https:\/\/www.bjultrasonic.com\/vi\/category\/ultrasonic-transducer-vi\/\">\u0110\u1ea7u d\u00f2 si\u00eau \u00e2m<\/a> c\u00f3 hai \u0111\u1ea7u n\u1ed1i. C\u1ef1c d\u01b0\u01a1ng n\u1eb1m \u1edf gi\u1eefa hai m\u1ea3nh g\u1ed1m. C\u1ef1c \u00e2m n\u1eb1m g\u1ea7n c\u1ed9t kim lo\u1ea1i ph\u00eda d\u01b0\u1edbi. Vui l\u00f2ng kh\u00f4ng k\u1ebft n\u1ed1i sai d\u00e2y.<\/li>\n<li>M\u1eb7t l\u1edbn h\u01a1n c\u00f3 l\u1ed7 v\u00edt tr\u00ean \u0111\u1ea7u d\u00f2 g\u1ed1m c\u00f3 ch\u1ee9c n\u0103ng rung \u0111\u1ed9ng, c\u00f3 th\u1ec3 \u0111\u01b0\u1ee3c g\u1eafn v\u00e0o \u0111\u00e1y m\u00e1y l\u00e0m s\u1ea1ch. V\u00e0 vui l\u00f2ng \u0111\u1ea3m b\u1ea3o m\u00e1y l\u00e0m s\u1ea1ch \u0111\u01b0\u1ee3c n\u1ed1i \u0111\u1ea5t an to\u00e0n.<\/li>\n<li>\u0110\u1ea7u d\u00f2 g\u1ed1m n\u00ean \u0111\u01b0\u1ee3c d\u00e1n v\u00e0o \u0111\u00e1y m\u00e1y l\u00e0m s\u1ea1ch b\u1eb1ng keo chuy\u00ean d\u1ee5ng cho \u0111\u1ea7u d\u00f2 ho\u1eb7c d\u00f9ng keo d\u00ednh AB. Tuy nhi\u00ean, hi\u1ec7u qu\u1ea3 h\u01a1i k\u00e9m h\u01a1n, ho\u1eb7c s\u1eed d\u1ee5ng nh\u1ef1a epoxy v\u1edbi t\u1ef7 l\u1ec7 10:4.<\/li>\n<li>\u0110i\u1ec7n \u00e1p tr\u00ean bo m\u1ea1ch l\u00e0m vi\u1ec7c l\u00e0 600V. \u0110i\u1ec7n \u00e1p \u0111\u1ea7u ra \u0111\u1ebfn \u0111\u1ea7u d\u00f2 l\u00e0 1100 V. Vui l\u00f2ng \u0111\u1ea3m b\u1ea3o m\u00e1y l\u00e0m s\u1ea1ch \u0111\u01b0\u1ee3c n\u1ed1i \u0111\u1ea5t an to\u00e0n. Vui l\u00f2ng \u0111\u1ea3m b\u1ea3o c\u00f4ng t\u1eafc b\u1ea3o v\u1ec7 r\u00f2 r\u1ec9 \u0111\u01b0\u1ee3c l\u1eafp \u0111\u1eb7t tr\u00ean ngu\u1ed3n c\u1ea5p \u0111\u1ec3 \u0111\u1ea3m b\u1ea3o an to\u00e0n.<\/li>\n<\/ul>\n<h3>C\u00e1ch K\u1ebft n\u1ed1i \u0110\u1ea7u d\u00f2 Si\u00eau \u00e2m v\u1edbi M\u1ea1ch T\u1ea1o S\u00f3ng Si\u00eau \u00e2m<\/h3>\n<p><img loading=\"lazy\" decoding=\"async\" class=\"alignnone size-full wp-image-19292\" src=\"https:\/\/www.bjultrasonic.com\/wp-content\/uploads\/2012\/12\/Connect-Ultrasonic-Transducer-with-Ultrasonic-Generator-Circuit.jpg\" sizes=\"auto, (max-width: 748px) 100vw, 748px\" srcset=\"https:\/\/www.bjultrasonic.com\/wp-content\/uploads\/2012\/12\/Connect-Ultrasonic-Transducer-with-Ultrasonic-Generator-Circuit.jpg 748w, https:\/\/www.bjultrasonic.com\/wp-content\/uploads\/2012\/12\/Connect-Ultrasonic-Transducer-with-Ultrasonic-Generator-Circuit-40x80.jpg 40w, https:\/\/www.bjultrasonic.com\/wp-content\/uploads\/2012\/12\/Connect-Ultrasonic-Transducer-with-Ultrasonic-Generator-Circuit-150x300.jpg 150w, https:\/\/www.bjultrasonic.com\/wp-content\/uploads\/2012\/12\/Connect-Ultrasonic-Transducer-with-Ultrasonic-Generator-Circuit-93x187.jpg 93w\" alt=\"\" width=\"748\" height=\"1500\" \/><\/p>\n<h3>Thanh to\u00e1n<\/h3>\n<p>Hi\u1ec7n t\u1ea1i ch\u00fang t\u00f4i ch\u1ea5p nh\u1eadn Paypal, T\/T &amp; Western Union.<\/p>\n<p><iframe loading=\"lazy\" title=\"Ultrasonic Signal Generator Circuit - Beijing Ultrasonic\" width=\"500\" height=\"281\" src=\"https:\/\/www.youtube.com\/embed\/A9JdQN5e5G8?feature=oembed\" frameborder=\"0\" allow=\"accelerometer; autoplay; clipboard-write; encrypted-media; gyroscope; picture-in-picture; web-share\" referrerpolicy=\"strict-origin-when-cross-origin\" allowfullscreen><\/iframe><\/p>\n<h3 class=\"shipping-methods\">V\u1eadn chuy\u1ec3n<\/h3>\n<p>H\u00e0ng h\u00f3a s\u1ebd \u0111\u01b0\u1ee3c v\u1eadn chuy\u1ec3n trong v\u00f2ng 48 gi\u1edd sau khi nh\u1eadn \u0111\u01b0\u1ee3c thanh to\u00e1n \u0111\u1ea7y \u0111\u1ee7.<\/p>\n<ul>\n<li>Ch\u00fang t\u00f4i giao h\u00e0ng \u0111\u1ebfn \u0111\u1ecba ch\u1ec9 \u0111\u01b0\u1ee3c cung c\u1ea5p trong thanh to\u00e1n PayPal. Vui l\u00f2ng \u0111\u1ea3m b\u1ea3o \u0111\u1ecba ch\u1ec9 trong PayPal l\u00e0 ch\u00ednh x\u00e1c.<\/li>\n<li>Ch\u00fang t\u00f4i s\u1ebd cung c\u1ea5p s\u1ed1 theo d\u00f5i sau khi g\u1eedi h\u00e0ng, th\u00f4ng th\u01b0\u1eddng, b\u1ea1n s\u1ebd nh\u1eadn \u0111\u01b0\u1ee3c h\u00e0ng trong v\u00f2ng n\u0103m ng\u00e0y.<\/li>\n<li>N\u1ebfu b\u1ea1n c\u00f3 b\u1ea5t k\u1ef3 c\u00e2u h\u1ecfi n\u00e0o, vui l\u00f2ng li\u00ean h\u1ec7 v\u1edbi ch\u00fang t\u00f4i qua email (\u0111\u1ecba ch\u1ec9 email c\u1ee7a ch\u00fang t\u00f4i l\u00e0 <a href=\"mailto:support@bjultrasonic.com\">support@bjultrasonic.com<\/a>)<\/li>\n<\/ul>\n<h3 align=\"left\">B\u1ea3o h\u00e0nh S\u1ea3n ph\u1ea9m<\/h3>\n<p>Th\u1eddi gian b\u1ea3o h\u00e0nh s\u1ea3n ph\u1ea9m l\u00e0 m\u1ed9t n\u0103m. Trong th\u1eddi gian b\u1ea3o h\u00e0nh, s\u1ea3n ph\u1ea9m \u0111\u00e3 mua c\u00f3 th\u1ec3 \u0111\u01b0\u1ee3c b\u1ea3o tr\u00ec ho\u1eb7c \u0111\u1ed5i mi\u1ec5n ph\u00ed.<\/p>\n<h3>Danh s\u00e1ch Ph\u00e1t Video: B\u1ed9 \u0111i\u1ec1u khi\u1ec3n \u0110\u1ea7u d\u00f2 Si\u00eau \u00e2m<\/h3>\n<p><iframe loading=\"lazy\" width=\"560\" height=\"315\" src=\"https:\/\/www.youtube.com\/embed\/videoseries?list=PLLrjMYkO0_NG56zqmQN9W9F1Xf9eev6dc\" frameborder=\"0\" allow=\"autoplay; encrypted-media\" allowfullscreen><\/iframe><\/p>\n","protected":false},"excerpt":{"rendered":"<p>M\u1ea1ch t\u1ea1o s\u00f3ng si\u00eau \u00e2m, c\u00f2n \u0111\u01b0\u1ee3c g\u1ecdi l\u00e0 m\u1ea1ch \u0111i\u1ec1u khi\u1ec3n <a href=\"https:\/\/www.bjultrasonic.com\/vi\/category\/ultrasonic-transducer-vi\/\">b\u1ed9 chuy\u1ec3n \u0111\u1ed5i si\u00eau \u00e2m<\/a> ho\u1eb7c <a href=\"https:\/\/www.bjultrasonic.com\/vi\/category\/ultrasonic-generator-vi\/ultrasonic-generator-circuits-vi\/\">b\u1ea3ng \u0111i\u1ec1u khi\u1ec3n ngu\u1ed3n cho m\u00e1y l\u00e0m s\u1ea1ch si\u00eau \u00e2m<\/a>. N\u00f3 cung c\u1ea5p m\u1ed9t <a href=\"https:\/\/www.bjultrasonic.com\/vi\/category\/ultrasonic-generator-vi\/\">t\u1ea7n s\u1ed1 si\u00eau \u00e2m<\/a> \u0111\u1ec3 \u0111i\u1ec1u khi\u1ec3n c\u00e1c b\u1ed9 chuy\u1ec3n \u0111\u1ed5i si\u00eau \u00e2m b\u00ean trong <a href=\"https:\/\/www.bjultrasonic.com\/vi\/category\/ultrasonic-cleaning-system-vi\/\">m\u00e1y l\u00e0m s\u1ea1ch si\u00eau \u00e2m<\/a>.<\/p>\n","protected":false},"featured_media":19296,"comment_status":"open","ping_status":"closed","template":"","meta":[],"product_brand":[],"product_cat":[6104],"product_tag":[],"class_list":{"0":"post-69679","1":"product","2":"type-product","3":"status-publish","4":"has-post-thumbnail","6":"product_cat-ultrasonic-generator-circuits-vi","8":"first","9":"instock","10":"shipping-taxable","11":"purchasable","12":"product-type-simple","13":"prodpage-classic"},"aioseo_notices":[],"_links":{"self":[{"href":"https:\/\/www.bjultrasonic.com\/vi\/wp-json\/wp\/v2\/product\/69679","targetHints":{"allow":["GET"]}}],"collection":[{"href":"https:\/\/www.bjultrasonic.com\/vi\/wp-json\/wp\/v2\/product"}],"about":[{"href":"https:\/\/www.bjultrasonic.com\/vi\/wp-json\/wp\/v2\/types\/product"}],"replies":[{"embeddable":true,"href":"https:\/\/www.bjultrasonic.com\/vi\/wp-json\/wp\/v2\/comments?post=69679"}],"wp:featuredmedia":[{"embeddable":true,"href":"https:\/\/www.bjultrasonic.com\/vi\/wp-json\/wp\/v2\/media\/19296"}],"wp:attachment":[{"href":"https:\/\/www.bjultrasonic.com\/vi\/wp-json\/wp\/v2\/media?parent=69679"}],"wp:term":[{"taxonomy":"product_brand","embeddable":true,"href":"https:\/\/www.bjultrasonic.com\/vi\/wp-json\/wp\/v2\/product_brand?post=69679"},{"taxonomy":"product_cat","embeddable":true,"href":"https:\/\/www.bjultrasonic.com\/vi\/wp-json\/wp\/v2\/product_cat?post=69679"},{"taxonomy":"product_tag","embeddable":true,"href":"https:\/\/www.bjultrasonic.com\/vi\/wp-json\/wp\/v2\/product_tag?post=69679"}],"curies":[{"name":"wp","href":"https:\/\/api.w.org\/{rel}","templated":true}]}}