{"id":71689,"date":"2012-08-08T03:46:30","date_gmt":"2012-08-08T08:46:30","guid":{"rendered":"https:\/\/www.bjultrasonic.com\/shop\/ultrasonic-welding-transducer\/"},"modified":"2026-03-28T19:59:26","modified_gmt":"2026-03-29T00:59:26","slug":"ultrasonic-welding-transducer","status":"publish","type":"product","link":"https:\/\/www.bjultrasonic.com\/vi\/shop\/ultrasonic-welding-transducer\/","title":{"rendered":"\u0110\u1ea7u D\u00f2 H\u00e0n Si\u00eau \u00c2m"},"content":{"rendered":"<p><strong>\u0110\u1ea7u d\u00f2 h\u00e0n si\u00eau \u00e2m<\/strong> \u0111\u01b0\u1ee3c thi\u1ebft k\u1ebf \u0111\u1ec3 ho\u1ea1t \u0111\u1ed9ng \u1edf m\u1ed9t t\u1ea7n s\u1ed1 c\u1ee5 th\u1ec3 t\u1eeb 15 \u0111\u1ebfn 300 kHz cho c\u00e1c h\u1ec7 th\u1ed1ng v\u00e0 \u1ee9ng d\u1ee5ng kh\u00e1c nhau. H\u1ea7u h\u1ebft c\u00e1c h\u1ec7 th\u1ed1ng h\u00e0n kim lo\u1ea1i ho\u1ea1t \u0111\u1ed9ng \u1edf t\u1ea7n s\u1ed1 20 \u0111\u1ebfn 70 kHz, v\u1edbi 20 kHz l\u00e0 t\u1ea7n s\u1ed1 ph\u1ed5 bi\u1ebfn nh\u1ea5t.<br \/>\n<img loading=\"lazy\" decoding=\"async\" class=\"alignnone size-full wp-image-5273\" src=\"\/\/www.bjultrasonic.com\/wp-content\/uploads\/2012\/08\/Ultrasonic-Welding-Transducer.jpg\" alt=\"\u0110\u1ea7u d\u00f2 h\u00e0n si\u00eau \u00e2m\" width=\"700\" height=\"419\" \/><\/p>\n<h3>H\u00e0n si\u00eau \u00e2m l\u00e0 g\u00ec?<\/h3>\n<p>H\u00e0n si\u00eau \u00e2m l\u00e0 m\u1ed9t k\u1ef9 thu\u1eadt c\u00f4ng nghi\u1ec7p trong \u0111\u00f3 c\u00e1c rung \u0111\u1ed9ng \u00e2m thanh si\u00eau \u00e2m t\u1ea7n s\u1ed1 cao \u0111\u01b0\u1ee3c \u00e1p d\u1ee5ng c\u1ee5c b\u1ed9 cho c\u00e1c ph\u00f4i \u0111\u01b0\u1ee3c gi\u1eef c\u00f9ng nhau d\u01b0\u1edbi \u00e1p l\u1ef1c \u0111\u1ec3 t\u1ea1o ra m\u1ed9t m\u1ed1i h\u00e0n tr\u1ea1ng th\u00e1i r\u1eafn. N\u00f3 th\u01b0\u1eddng \u0111\u01b0\u1ee3c s\u1eed d\u1ee5ng cho nh\u1ef1a, v\u00e0 \u0111\u1eb7c bi\u1ec7t \u0111\u1ec3 gh\u00e9p n\u1ed1i c\u00e1c v\u1eadt li\u1ec7u kh\u00e1c nhau. Trong h\u00e0n si\u00eau \u00e2m, kh\u00f4ng c\u1ea7n c\u00e1c bu-l\u00f4ng k\u1ebft n\u1ed1i, \u0111inh, v\u1eadt li\u1ec7u h\u00e0n ho\u1eb7c ch\u1ea5t k\u1ebft d\u00ednh \u0111\u1ec3 li\u00ean k\u1ebft c\u00e1c v\u1eadt li\u1ec7u v\u1edbi nhau.<\/p>\n<p><img loading=\"lazy\" decoding=\"async\" class=\"size-full wp-image-1578 alignnone\" title=\"Thi\u1ebft b\u1ecb h\u00e0n si\u00eau \u00e2m\" src=\"\/\/www.bjultrasonic.com\/wp-content\/uploads\/2012\/08\/Principles-of-Ultrasonic-Welding.jpg\" alt=\"Thi\u1ebft b\u1ecb h\u00e0n si\u00eau \u00e2m\" width=\"573\" height=\"266\" \/><\/p>\n<p><strong>Thi\u1ebft b\u1ecb h\u00e0n si\u00eau \u00e2m<\/strong> bao g\u1ed3m m\u1ed9t m\u00e1y \u00e9p, <a href=\"https:\/\/www.bjultrasonic.com\/vi\/shop\/ultrasonic-welding-generator\/\" target=\"_blank\" rel=\"noopener\">M\u00e1y ph\u00e1t h\u00e0n si\u00eau \u00e2m<\/a> , <strong>\u0110\u1ea7u d\u00f2 h\u00e0n si\u00eau \u00e2m<\/strong>, <a href=\"https:\/\/www.bjultrasonic.com\/vi\/shop\/ultrasonic-horn\/\" target=\"_blank\" rel=\"noopener\">\u0110\u1ea7u h\u00e0n si\u00eau \u00e2m<\/a>, c\u00f9ng v\u1edbi \u0111\u1ed3 g\u00e1 h\u1ed7 tr\u1ee3 linh ki\u1ec7n v\u00e0 b\u1ed9 khu\u1ebfch \u0111\u1ea1i.<\/p>\n<h2>Th\u00f4ng s\u1ed1 k\u1ef9 thu\u1eadt c\u1ee7a \u0110\u1ea7u d\u00f2 h\u00e0n si\u00eau \u00e2m<\/h2>\n<table id=\"wp-table-reloaded-id-126-no-1\" class=\"table table-striped table-bordered\">\n<tbody>\n<tr>\n<td>Lo\u1ea1i<\/td>\n<td>Dung l\u01b0\u1ee3ng<br \/>\n\uff08pF\uff09<\/td>\n<td>Tr\u1edf kh\u00e1ng<br \/>\nC\u1ed9ng h\u01b0\u1edfng<br \/>\n\uff08\u03a9\uff09<\/td>\n<td>Chi\u1ec1u d\u00e0i to\u00e0n b\u1ed9<br \/>\n\uff08mm\uff09<\/td>\n<td>Bu-l\u00f4ng n\u1ed1i<br \/>\n\uff08mm\uff09<\/td>\n<td>T\u1ea7n s\u1ed1<br \/>\n\uff08KHz\uff09<\/td>\n<td>C\u00f4ng su\u1ea5t \u0111\u1ea7u v\u00e0o\uff08W\uff09<\/td>\n<\/tr>\n<tr>\n<td>BJW-152500F-70S PZT8<\/td>\n<td>13000<\/td>\n<td>15<\/td>\n<td>153<\/td>\n<td>M20\u00d71.5<\/td>\n<td>15<\/td>\n<td>2500<\/td>\n<\/tr>\n<tr>\n<td>BJW-152000F-60S PZT8<\/td>\n<td>9500<\/td>\n<td>10<\/td>\n<td>167<\/td>\n<td>M20\u00d71.5<\/td>\n<td>15<\/td>\n<td>2000<\/td>\n<\/tr>\n<tr>\n<td>BJW-151500F-50S PZT8<\/td>\n<td>12500<\/td>\n<td>12<\/td>\n<td>171<\/td>\n<td>M18\u00d71.5<\/td>\n<td>15<\/td>\n<td>1500<\/td>\n<\/tr>\n<tr>\n<td>BJW-201800F-60S PZT4<\/td>\n<td>15000<\/td>\n<td>15<\/td>\n<td>118<\/td>\n<td>M20\u00d71.5<\/td>\n<td>20<\/td>\n<td>1800<\/td>\n<\/tr>\n<tr>\n<td>BJW-202000F-55SPZT8<\/td>\n<td>11000<\/td>\n<td>10<\/td>\n<td>128<\/td>\n<td>M18\u00d71<\/td>\n<td>20<\/td>\n<td>2000<\/td>\n<\/tr>\n<tr>\n<td>BJW-201500F-50SPZT8<\/td>\n<td>10000<\/td>\n<td>12<\/td>\n<td>124<\/td>\n<td>M18\u00d71.5<\/td>\n<td>20<\/td>\n<td>1500<\/td>\n<\/tr>\n<tr>\n<td>BJW-20700F-40SHPZT8<\/td>\n<td>9000<\/td>\n<td>15<\/td>\n<td>112<\/td>\n<td>1\/2-20 UNF<\/td>\n<td>20<\/td>\n<td>700<\/td>\n<\/tr>\n<tr>\n<td>BJW-20900F-40SH PZT8<\/td>\n<td>10000<\/td>\n<td>15<\/td>\n<td>133<\/td>\n<td>1\/2-20 UNF<\/td>\n<td>20<\/td>\n<td>900<\/td>\n<\/tr>\n<tr>\n<td>BJW-20600D-50D PZT8<\/td>\n<td>6000<\/td>\n<td>15<\/td>\n<td>121<\/td>\n<td>M18\u00d71.5<\/td>\n<td>20<\/td>\n<td>600<\/td>\n<\/tr>\n<tr>\n<td>BJW-30500F-30S PZT8<\/td>\n<td>5500<\/td>\n<td>5<\/td>\n<td>77<\/td>\n<td>M10\u00d71.5<\/td>\n<td>30<\/td>\n<td>500<\/td>\n<\/tr>\n<tr>\n<td>BJW-28200D-30S PZT4<\/td>\n<td>3000<\/td>\n<td>20<\/td>\n<td>92.1<\/td>\n<td>M10\u00d71<\/td>\n<td>28<\/td>\n<td>200<\/td>\n<\/tr>\n<tr>\n<td>BJW-28100D-25S PZT8<\/td>\n<td>2200<\/td>\n<td>25<\/td>\n<td>91<\/td>\n<td>M8\u00d71<\/td>\n<td>28<\/td>\n<td>100<\/td>\n<\/tr>\n<tr>\n<td>BJW-28250D-38SPZT8<\/td>\n<td>4000<\/td>\n<td>20<\/td>\n<td>94<\/td>\n<td>1\/2-20 UNF<\/td>\n<td>28<\/td>\n<td>250<\/td>\n<\/tr>\n<tr>\n<td>BJW-202000L-50HPZT8<\/td>\n<td>20000<\/td>\n<td>10<\/td>\n<td>128<\/td>\n<td>1\/2-20 UNF<\/td>\n<td>20<\/td>\n<td>2000<\/td>\n<\/tr>\n<tr>\n<td>BJW-201500L-40HPZT8<\/td>\n<td>16000<\/td>\n<td>10<\/td>\n<td>124<\/td>\n<td>1\/2-20 UNF<\/td>\n<td>20<\/td>\n<td>1500<\/td>\n<\/tr>\n<tr>\n<td>BJW-201300F-50HPZT8<\/td>\n<td>12500<\/td>\n<td>10<\/td>\n<td>128<\/td>\n<td>1\/2-20 UNF<\/td>\n<td>20<\/td>\n<td>1300<\/td>\n<\/tr>\n<tr>\n<td>BJW-201500F-50HPZT8<\/td>\n<td>11000<\/td>\n<td>10<\/td>\n<td>132<\/td>\n<td>1\/2-20 UNF<\/td>\n<td>20<\/td>\n<td>1500<\/td>\n<\/tr>\n<tr>\n<td>BJW-209000F2040HPZT8<\/td>\n<td>9500<\/td>\n<td>10<\/td>\n<td>123<\/td>\n<td>1\/2-20 UNF<\/td>\n<td>20<\/td>\n<td>900<\/td>\n<\/tr>\n<tr>\n<td>BJW-152000F-60HPZT4<\/td>\n<td>10000<\/td>\n<td>12<\/td>\n<td>171<\/td>\n<td>M18\u00d71.5<\/td>\n<td>15<\/td>\n<td>2000<\/td>\n<\/tr>\n<tr>\n<td>BJW-35100D-25SHPZT8<\/td>\n<td>2200<\/td>\n<td>25<\/td>\n<td>71<\/td>\n<td>M8\u00d71<\/td>\n<td>35<\/td>\n<td>100<\/td>\n<\/tr>\n<tr>\n<td>BJW-38100D-20SHPZT8<\/td>\n<td>1200<\/td>\n<td>40<\/td>\n<td>66<\/td>\n<td>M8\u00d71.25<\/td>\n<td>38<\/td>\n<td>100<\/td>\n<\/tr>\n<tr>\n<td>BJW-38200D-30H PZT4<\/td>\n<td>3300<\/td>\n<td>14<\/td>\n<td>65<\/td>\n<td>M8\u00d71<\/td>\n<td>38<\/td>\n<td><\/td>\n<\/tr>\n<\/tbody>\n<\/table>\n<h3>Video M\u00e1y h\u00e0n si\u00eau \u00e2m<\/h3>\n<p><iframe loading=\"lazy\" title=\"Ultrasonic Welding Machine Wholesale - Beijing Ultrasonic\" width=\"500\" height=\"281\" src=\"https:\/\/www.youtube.com\/embed\/v8iNkjdDut4?feature=oembed\" frameborder=\"0\" allow=\"accelerometer; autoplay; clipboard-write; encrypted-media; gyroscope; picture-in-picture; web-share\" referrerpolicy=\"strict-origin-when-cross-origin\" allowfullscreen><\/iframe><\/p>\n<h3>Thanh to\u00e1n<\/h3>\n<p>Hi\u1ec7n ch\u00fang t\u00f4i ch\u1ea5p nh\u1eadn thanh to\u00e1n qua paypal, chuy\u1ec3n kho\u1ea3n ng\u00e2n h\u00e0ng (T\/T) &amp; Western Union.<\/p>\n<h3 class=\"shipping-methods\">V\u1eadn chuy\u1ec3n<\/h3>\n<p>H\u00e0ng h\u00f3a s\u1ebd \u0111\u01b0\u1ee3c v\u1eadn chuy\u1ec3n trong v\u00f2ng 48 gi\u1edd sau khi nh\u1eadn \u0111\u01b0\u1ee3c thanh to\u00e1n \u0111\u1ea7y \u0111\u1ee7.<\/p>\n<ul>\n<li>Ch\u00fang t\u00f4i s\u1ebd giao h\u00e0ng \u0111\u1ebfn \u0111\u1ecba ch\u1ec9 \u0111\u01b0\u1ee3c cung c\u1ea5p trong thanh to\u00e1n PayPal. Vui l\u00f2ng \u0111\u1ea3m b\u1ea3o r\u1eb1ng \u0111\u1ecba ch\u1ec9 trong PayPal l\u00e0 ch\u00ednh x\u00e1c.<\/li>\n<li>Ch\u00fang t\u00f4i s\u1ebd cung c\u1ea5p s\u1ed1 theo d\u00f5i sau khi ch\u00fang t\u00f4i g\u1eedi h\u00e0ng, th\u00f4ng th\u01b0\u1eddng, b\u1ea1n s\u1ebd nh\u1eadn \u0111\u01b0\u1ee3c h\u00e0ng trong v\u00f2ng n\u0103m ng\u00e0y.<\/li>\n<li>N\u1ebfu b\u1ea1n c\u00f3 b\u1ea5t k\u1ef3 c\u00e2u h\u1ecfi n\u00e0o, vui l\u00f2ng li\u00ean h\u1ec7 v\u1edbi ch\u00fang t\u00f4i qua email (\u0111\u1ecba ch\u1ec9 email c\u1ee7a ch\u00fang t\u00f4i l\u00e0 <a href=\"mailto:support@bjultrasonic.com\">support@bjultrasonic.com<\/a>)<\/li>\n<\/ul>\n<h3>B\u1ea3o h\u00e0nh s\u1ea3n ph\u1ea9m<\/h3>\n<p>Th\u1eddi gian b\u1ea3o h\u00e0nh s\u1ea3n ph\u1ea9m l\u00e0 m\u1ed9t n\u0103m, trong th\u1eddi gian b\u1ea3o h\u00e0nh, c\u00e1c s\u1ea3n ph\u1ea9m \u0111\u00e3 mua c\u00f3 th\u1ec3 \u0111\u01b0\u1ee3c b\u1ea3o tr\u00ec ho\u1eb7c \u0111\u1ed5i mi\u1ec5n ph\u00ed.<\/p>\n","protected":false},"excerpt":{"rendered":"<p>\u0110\u1ea7u d\u00f2 h\u00e0n si\u00eau \u00e2m \u0111\u01b0\u1ee3c thi\u1ebft k\u1ebf \u0111\u1ec3 ho\u1ea1t \u0111\u1ed9ng \u1edf m\u1ed9t t\u1ea7n s\u1ed1 c\u1ee5 th\u1ec3 t\u1eeb 15 \u0111\u1ebfn 300 kHz cho c\u00e1c h\u1ec7 th\u1ed1ng v\u00e0 \u1ee9ng d\u1ee5ng kh\u00e1c nhau. H\u1ea7u h\u1ebft c\u00e1c h\u1ec7 th\u1ed1ng h\u00e0n kim lo\u1ea1i ho\u1ea1t \u0111\u1ed9ng \u1edf t\u1ea7n s\u1ed1 20 \u0111\u1ebfn 70 kHz, v\u1edbi 20 kHz l\u00e0 t\u1ea7n s\u1ed1 ph\u1ed5<\/p>\n","protected":false},"featured_media":42268,"comment_status":"open","ping_status":"closed","template":"","meta":[],"product_brand":[],"product_cat":[5636],"product_tag":[],"class_list":{"0":"post-71689","1":"product","2":"type-product","3":"status-publish","4":"has-post-thumbnail","6":"product_cat-ultrasonic-welding-equipment-vi","8":"first","9":"instock","10":"shipping-taxable","11":"product-type-external","12":"prodpage-classic"},"aioseo_notices":[],"_links":{"self":[{"href":"https:\/\/www.bjultrasonic.com\/vi\/wp-json\/wp\/v2\/product\/71689","targetHints":{"allow":["GET"]}}],"collection":[{"href":"https:\/\/www.bjultrasonic.com\/vi\/wp-json\/wp\/v2\/product"}],"about":[{"href":"https:\/\/www.bjultrasonic.com\/vi\/wp-json\/wp\/v2\/types\/product"}],"replies":[{"embeddable":true,"href":"https:\/\/www.bjultrasonic.com\/vi\/wp-json\/wp\/v2\/comments?post=71689"}],"wp:featuredmedia":[{"embeddable":true,"href":"https:\/\/www.bjultrasonic.com\/vi\/wp-json\/wp\/v2\/media\/42268"}],"wp:attachment":[{"href":"https:\/\/www.bjultrasonic.com\/vi\/wp-json\/wp\/v2\/media?parent=71689"}],"wp:term":[{"taxonomy":"product_brand","embeddable":true,"href":"https:\/\/www.bjultrasonic.com\/vi\/wp-json\/wp\/v2\/product_brand?post=71689"},{"taxonomy":"product_cat","embeddable":true,"href":"https:\/\/www.bjultrasonic.com\/vi\/wp-json\/wp\/v2\/product_cat?post=71689"},{"taxonomy":"product_tag","embeddable":true,"href":"https:\/\/www.bjultrasonic.com\/vi\/wp-json\/wp\/v2\/product_tag?post=71689"}],"curies":[{"name":"wp","href":"https:\/\/api.w.org\/{rel}","templated":true}]}}