{"id":71691,"date":"2012-08-07T22:44:18","date_gmt":"2012-08-08T03:44:18","guid":{"rendered":"https:\/\/www.bjultrasonic.com\/shop\/ultrasonic-beauty-transducer\/"},"modified":"2026-03-28T19:59:26","modified_gmt":"2026-03-29T00:59:26","slug":"ultrasonic-beauty-transducer","status":"publish","type":"product","link":"https:\/\/www.bjultrasonic.com\/vi\/shop\/ultrasonic-beauty-transducer\/","title":{"rendered":"\u0110\u1ea7u D\u00f2 Si\u00eau \u00c2m L\u00e0m \u0110\u1eb9p"},"content":{"rendered":"<h2>Th\u00f4ng s\u1ed1 k\u1ef9 thu\u1eadt c\u1ee7a \u0110\u1ea7u d\u00f2 Si\u00eau \u00e2m Th\u1ea9m m\u1ef9<\/h2>\n<table class=\"table table-striped table-bordered\" border=\"0\" cellspacing=\"0\" cellpadding=\"0\">\n<tbody>\n<tr>\n<td valign=\"top\" width=\"85\"><strong>Lo\u1ea1i<\/strong><\/td>\n<td valign=\"top\" width=\"112\"><strong>\u0110i\u1ec7n dung (pF)<\/strong><\/td>\n<td valign=\"top\" width=\"113\"><strong>T\u1ea7n s\u1ed1 (MHz)<\/strong><\/td>\n<td valign=\"top\" width=\"96\"><strong>\u0110i\u1ec7n tr\u1edf (\u03a9)<\/strong><\/td>\n<\/tr>\n<tr>\n<td valign=\"top\" width=\"85\">BJB-1 P4<\/td>\n<td valign=\"top\" width=\"112\">3300<\/td>\n<td valign=\"top\" width=\"113\">1MHZ<\/td>\n<td valign=\"top\" width=\"96\">10<\/td>\n<\/tr>\n<tr>\n<td valign=\"top\" width=\"85\">BJB-3 P4<\/td>\n<td valign=\"top\" width=\"112\">8000<\/td>\n<td valign=\"top\" width=\"113\">3MHZ<\/td>\n<td valign=\"top\" width=\"96\">4<\/td>\n<\/tr>\n<tr>\n<td valign=\"top\" width=\"85\">BJB-5 P4<\/td>\n<td valign=\"top\" width=\"112\">2100<\/td>\n<td valign=\"top\" width=\"113\">5MHZ<\/td>\n<td valign=\"top\" width=\"96\">4<\/td>\n<\/tr>\n<tr>\n<td valign=\"top\" width=\"85\">BJB-33 P4<\/td>\n<td valign=\"top\" width=\"112\">3200<\/td>\n<td valign=\"top\" width=\"113\">33KHZ<\/td>\n<td valign=\"top\" width=\"96\">15<\/td>\n<\/tr>\n<tr>\n<td valign=\"top\" width=\"85\">BJB-40 P4<\/td>\n<td valign=\"top\" width=\"112\">5400<\/td>\n<td valign=\"top\" width=\"113\">40KHZ<\/td>\n<td valign=\"top\" width=\"96\">16<\/td>\n<\/tr>\n<tr>\n<td valign=\"top\" width=\"85\">BJB-80 P4<\/td>\n<td valign=\"top\" width=\"112\">3800<\/td>\n<td valign=\"top\" width=\"113\">80KHZ<\/td>\n<td valign=\"top\" width=\"96\">15<\/td>\n<\/tr>\n<tr>\n<td valign=\"top\" width=\"85\">BJB-28 P4<\/td>\n<td valign=\"top\" width=\"112\">3800<\/td>\n<td valign=\"top\" width=\"113\">28KHZ<\/td>\n<td valign=\"top\" width=\"96\">15<\/td>\n<\/tr>\n<\/tbody>\n<\/table>\n<p><strong>\u0110\u1ea7u d\u00f2 Si\u00eau \u00e2m Th\u1ea9m m\u1ef9<\/strong> \u0111\u01b0\u1ee3c s\u1eed d\u1ee5ng cho m\u1ee5c \u0111\u00edch l\u00e0m \u0111\u1eb9p, th\u1ec3 d\u1ee5c th\u1ea9m m\u1ef9 v\u00e0 gi\u1ea3m c\u00e2n. N\u00f3 c\u00f3 th\u1ec3 ki\u1ec3m so\u00e1t h\u00ecnh d\u1ea1ng v\u00e0 k\u00edch th\u01b0\u1edbc t\u01b0\u01a1ng t\u1ef1 nh\u01b0 d\u00f2ng s\u1ea3n ph\u1ea9m l\u00e0m s\u1ea1ch th\u00f4ng th\u01b0\u1eddng \u0111\u1ec3 g\u1eafn n\u1eafp th\u00e9p kh\u00f4ng g\u1ec9.<\/p>\n<p><img loading=\"lazy\" decoding=\"async\" class=\" alignnone\" title=\"\u0110\u1ea7u d\u00f2 Si\u00eau \u00e2m Th\u1ea9m m\u1ef9\" src=\"\/\/www.bjultrasonic.com\/wp-content\/uploads\/2012\/08\/Ultrasonic-Beauty-Transducer.jpg\" alt=\"\u0110\u1ea7u d\u00f2 Si\u00eau \u00e2m Th\u1ea9m m\u1ef9\" width=\"600\" height=\"359\" \/><\/p>\n<h3>M\u00e1y ph\u00e1t si\u00eau \u00e2m 1MHZ <a href=\"https:\/\/www.bjultrasonic.com\/vi\/category\/ultrasonic-generator-vi\/\">m\u00e1y ph\u00e1t si\u00eau \u00e2m<\/a> k\u1ebft n\u1ed1i v\u1edbi \u0111\u1ea7u d\u00f2 si\u00eau \u00e2m th\u1ea9m m\u1ef9<\/h3>\n<p><img loading=\"lazy\" decoding=\"async\" class=\"size-full wp-image-1274 alignnone\" title=\"M\u00e1y ph\u00e1t si\u00eau \u00e2m 1MHZ\" src=\"\/\/www.bjultrasonic.com\/wp-content\/uploads\/2012\/08\/1MHz-ultrasonic-generator.jpg\" alt=\"M\u00e1y ph\u00e1t si\u00eau \u00e2m 1MHZ\" width=\"360\" height=\"270\" \/><\/p>\n<ul>\n<li>\u0110i\u1ec7n \u00e1p l\u00e0m vi\u1ec7c: 15V<\/li>\n<li>D\u00f2ng \u0111i\u1ec7n l\u00e0m vi\u1ec7c: 80MA<\/li>\n<li>T\u1ea7n s\u1ed1 l\u00e0m vi\u1ec7c: 1MHZ<\/li>\n<li>Hi\u1ec7u \u1ee9ng si\u00eau \u00e2m m\u1ea1nh v\u00e0 t\u1ecfa nhi\u1ec7t th\u1ea5p.<\/li>\n<\/ul>\n<h3>M\u00e1y ph\u00e1t si\u00eau \u00e2m 3Mhz k\u1ebft n\u1ed1i v\u1edbi \u0111\u1ea7u d\u00f2 si\u00eau \u00e2m th\u1ea9m m\u1ef9<\/h3>\n<p><img loading=\"lazy\" decoding=\"async\" class=\"alignnone size-full wp-image-1275\" title=\"M\u00e1y ph\u00e1t si\u00eau \u00e2m 3Mhz\" src=\"\/\/www.bjultrasonic.com\/wp-content\/uploads\/2012\/08\/3Mhz-ultrasonic-generator.jpg\" alt=\"M\u00e1y ph\u00e1t si\u00eau \u00e2m 3Mhz\" width=\"360\" height=\"270\" \/><\/p>\n<ul>\n<li>\u0110i\u1ec7n \u00e1p l\u00e0m vi\u1ec7c: 12V<\/li>\n<li>D\u00f2ng \u0111i\u1ec7n l\u00e0m vi\u1ec7c: 80MA<\/li>\n<li>T\u1ea7n s\u1ed1 l\u00e0m vi\u1ec7c: 3MHZ<\/li>\n<li>Hi\u1ec7u \u1ee9ng si\u00eau \u00e2m m\u1ea1nh v\u00e0 t\u1ecfa nhi\u1ec7t th\u1ea5p<\/li>\n<\/ul>\n<h3>M\u00e1y ph\u00e1t si\u00eau \u00e2m 5MHZ k\u1ebft n\u1ed1i v\u1edbi \u0111\u1ea7u d\u00f2 si\u00eau \u00e2m th\u1ea9m m\u1ef9<\/h3>\n<p><img loading=\"lazy\" decoding=\"async\" class=\"alignnone size-full wp-image-1276\" title=\"M\u00e1y ph\u00e1t si\u00eau \u00e2m 5MHZ\" src=\"\/\/www.bjultrasonic.com\/wp-content\/uploads\/2012\/08\/5MHZ-ultrasonic-generator.jpg\" alt=\"M\u00e1y ph\u00e1t si\u00eau \u00e2m 5MHZ\" width=\"360\" height=\"270\" \/><\/p>\n<ul>\n<li>\u0110i\u1ec7n \u00e1p l\u00e0m vi\u1ec7c: 220V<\/li>\n<li>D\u00f2ng \u0111i\u1ec7n l\u00e0m vi\u1ec7c: 200MA<\/li>\n<li>T\u1ea7n s\u1ed1 l\u00e0m vi\u1ec7c: 5MHZ<\/li>\n<li>Hi\u1ec7u \u1ee9ng si\u00eau \u00e2m m\u1ea1nh v\u00e0 t\u1ecfa nhi\u1ec7t th\u1ea5p.<\/li>\n<\/ul>\n<p><iframe loading=\"lazy\" title=\"Ultrasonic Beauty Transducer Manufacturer &amp; Supplier\" width=\"500\" height=\"375\" src=\"https:\/\/www.youtube.com\/embed\/SC3o3baxfvU?feature=oembed\" frameborder=\"0\" allow=\"accelerometer; autoplay; clipboard-write; encrypted-media; gyroscope; picture-in-picture; web-share\" referrerpolicy=\"strict-origin-when-cross-origin\" allowfullscreen><\/iframe><\/p>\n<h3>Thanh to\u00e1n<\/h3>\n<p>Hi\u1ec7n ch\u00fang t\u00f4i ch\u1ea5p nh\u1eadn thanh to\u00e1n qua paypal, chuy\u1ec3n kho\u1ea3n ng\u00e2n h\u00e0ng (T\/T) &amp; Western Union.<\/p>\n<h3 class=\"shipping-methods\">V\u1eadn chuy\u1ec3n<\/h3>\n<p>H\u00e0ng h\u00f3a s\u1ebd \u0111\u01b0\u1ee3c v\u1eadn chuy\u1ec3n trong v\u00f2ng 48 gi\u1edd sau khi nh\u1eadn \u0111\u01b0\u1ee3c thanh to\u00e1n \u0111\u1ea7y \u0111\u1ee7.<\/p>\n<ul>\n<li>Ch\u00fang t\u00f4i s\u1ebd giao h\u00e0ng \u0111\u1ebfn \u0111\u1ecba ch\u1ec9 \u0111\u01b0\u1ee3c cung c\u1ea5p trong thanh to\u00e1n PayPal. Vui l\u00f2ng \u0111\u1ea3m b\u1ea3o \u0111\u1ecba ch\u1ec9 trong PayPal l\u00e0 ch\u00ednh x\u00e1c.<\/li>\n<li>Ch\u00fang t\u00f4i s\u1ebd cung c\u1ea5p s\u1ed1 theo d\u00f5i \u0111\u01a1n h\u00e0ng sau khi g\u1eedi h\u00e0ng, th\u00f4ng th\u01b0\u1eddng, b\u1ea1n s\u1ebd nh\u1eadn \u0111\u01b0\u1ee3c h\u00e0ng trong v\u00f2ng n\u0103m ng\u00e0y.<\/li>\n<li>N\u1ebfu b\u1ea1n c\u00f3 b\u1ea5t k\u1ef3 c\u00e2u h\u1ecfi n\u00e0o, vui l\u00f2ng li\u00ean h\u1ec7 v\u1edbi ch\u00fang t\u00f4i qua email (\u0111\u1ecba ch\u1ec9 email c\u1ee7a ch\u00fang t\u00f4i l\u00e0 <a href=\"mailto:support@bjultrasonic.com\">support@bjultrasonic.com<\/a>)<\/li>\n<\/ul>\n<h3>B\u1ea3o h\u00e0nh S\u1ea3n ph\u1ea9m<\/h3>\n<p>Th\u1eddi gian b\u1ea3o h\u00e0nh s\u1ea3n ph\u1ea9m l\u00e0 m\u1ed9t n\u0103m. Trong th\u1eddi gian b\u1ea3o h\u00e0nh, s\u1ea3n ph\u1ea9m \u0111\u00e3 mua c\u00f3 th\u1ec3 \u0111\u01b0\u1ee3c b\u1ea3o tr\u00ec ho\u1eb7c \u0111\u1ed5i mi\u1ec5n ph\u00ed.<\/p>\n","protected":false},"excerpt":{"rendered":"<p>\u0110\u1ea7u d\u00f2 si\u00eau \u00e2m th\u1ea9m m\u1ef9 \u0111\u01b0\u1ee3c s\u1eed d\u1ee5ng cho l\u00e0m \u0111\u1eb9p v\u00e0 th\u1ec3 d\u1ee5c, gi\u1ea3m c\u00e2n. N\u00f3 c\u00f3 th\u1ec3 ki\u1ec3m so\u00e1t h\u00ecnh d\u1ea1ng v\u00e0 k\u00edch th\u01b0\u1edbc t\u01b0\u01a1ng t\u1ef1 nh\u01b0 d\u00f2ng s\u1ea3n ph\u1ea9m l\u00e0m s\u1ea1ch th\u00f4ng th\u01b0\u1eddng \u0111\u1ec3 g\u1eafn n\u1eafp th\u00e9p kh\u00f4ng g\u1ec9.<\/p>\n","protected":false},"featured_media":42434,"comment_status":"open","ping_status":"closed","template":"","meta":[],"product_brand":[],"product_cat":[6332],"product_tag":[],"class_list":{"0":"post-71691","1":"product","2":"type-product","3":"status-publish","4":"has-post-thumbnail","6":"product_cat-ultrasonic-transducer-vi","8":"first","9":"instock","10":"shipping-taxable","11":"product-type-external","12":"prodpage-classic"},"aioseo_notices":[],"_links":{"self":[{"href":"https:\/\/www.bjultrasonic.com\/vi\/wp-json\/wp\/v2\/product\/71691","targetHints":{"allow":["GET"]}}],"collection":[{"href":"https:\/\/www.bjultrasonic.com\/vi\/wp-json\/wp\/v2\/product"}],"about":[{"href":"https:\/\/www.bjultrasonic.com\/vi\/wp-json\/wp\/v2\/types\/product"}],"replies":[{"embeddable":true,"href":"https:\/\/www.bjultrasonic.com\/vi\/wp-json\/wp\/v2\/comments?post=71691"}],"wp:featuredmedia":[{"embeddable":true,"href":"https:\/\/www.bjultrasonic.com\/vi\/wp-json\/wp\/v2\/media\/42434"}],"wp:attachment":[{"href":"https:\/\/www.bjultrasonic.com\/vi\/wp-json\/wp\/v2\/media?parent=71691"}],"wp:term":[{"taxonomy":"product_brand","embeddable":true,"href":"https:\/\/www.bjultrasonic.com\/vi\/wp-json\/wp\/v2\/product_brand?post=71691"},{"taxonomy":"product_cat","embeddable":true,"href":"https:\/\/www.bjultrasonic.com\/vi\/wp-json\/wp\/v2\/product_cat?post=71691"},{"taxonomy":"product_tag","embeddable":true,"href":"https:\/\/www.bjultrasonic.com\/vi\/wp-json\/wp\/v2\/product_tag?post=71691"}],"curies":[{"name":"wp","href":"https:\/\/api.w.org\/{rel}","templated":true}]}}