{"id":71693,"date":"2012-08-06T10:57:33","date_gmt":"2012-08-06T15:57:33","guid":{"rendered":"https:\/\/www.bjultrasonic.com\/shop\/ultrasonic-cell-disruptor-transducer\/"},"modified":"2026-03-28T19:59:26","modified_gmt":"2026-03-29T00:59:26","slug":"ultrasonic-cell-disruptor-transducer","status":"publish","type":"product","link":"https:\/\/www.bjultrasonic.com\/vi\/shop\/ultrasonic-cell-disruptor-transducer\/","title":{"rendered":"M\u00e1y ph\u00e2n t\u00e1ch t\u1ebf b\u00e0o si\u00eau \u00e2m \u0110\u1ed3ng nh\u1ea5t h\u00f3a B\u1ed9 chuy\u1ec3n \u0111\u1ed5i"},"content":{"rendered":"<p>B\u1ed9 chuy\u1ec3n \u0111\u1ed5i m\u00e1y ph\u00e1 t\u1ebf b\u00e0o si\u00eau \u00e2m l\u00e0 b\u1ed9 ph\u1eadn ch\u00ednh c\u1ee7a <a href=\"https:\/\/www.bjultrasonic.com\/vi\/shop\/ultrasonic-cell-disruptor\/\" target=\"_blank\" rel=\"noopener\">m\u00e1y ph\u00e1 t\u1ebf b\u00e0o si\u00eau \u00e2m<\/a>, n\u00f3 c\u00f3 th\u1ec3 \u0111\u1ea9y nhanh c\u00e1c ph\u1ea3n \u1ee9ng h\u00f3a sinh v\u00e0 v\u1eadt l\u00fd c\u0169ng nh\u01b0 t\u00e1ch ch\u1ea5t l\u1ecfng kh\u1ecfi kh\u00ed. N\u00f3 \u0111\u01b0\u1ee3c s\u1eed d\u1ee5ng r\u1ed9ng r\u00e3i trong h\u00f3a sinh, vi sinh, d\u01b0\u1ee3c h\u00f3a, v\u1eadt l\u00fd, h\u00f3a h\u1ecdc v\u00e0 nhi\u1ec1u l\u0129nh v\u1ef1c kh\u00e1c.<\/p>\n<p><img loading=\"lazy\" decoding=\"async\" class=\"alignnone size-full wp-image-42278\" src=\"https:\/\/www.bjultrasonic.com\/wp-content\/uploads\/2012\/08\/Ultrasonic-Cell-Disruptor-Homogenizer-Transducer-1.png\" alt=\"\" width=\"750\" height=\"455\" \/><\/p>\n<h3>Video v\u1ec1 M\u00e1y Ph\u00e1 T\u1ebf B\u00e0o Si\u00eau \u00c2m<\/h3>\n<p><iframe loading=\"lazy\" title=\"Lab Ultrasonic Homogenizer Ultrasonic Herbal Extraction\" width=\"500\" height=\"281\" src=\"https:\/\/www.youtube.com\/embed\/dOtgf6eTl9w?feature=oembed\" frameborder=\"0\" allow=\"accelerometer; autoplay; clipboard-write; encrypted-media; gyroscope; picture-in-picture; web-share\" referrerpolicy=\"strict-origin-when-cross-origin\" allowfullscreen><\/iframe><\/p>\n<p><iframe loading=\"lazy\" title=\"Ultrasonic Processor | Biologics Ultrasonic Homogenizer\" width=\"500\" height=\"375\" src=\"https:\/\/www.youtube.com\/embed\/T0snVNfFYIs?feature=oembed\" frameborder=\"0\" allow=\"accelerometer; autoplay; clipboard-write; encrypted-media; gyroscope; picture-in-picture; web-share\" referrerpolicy=\"strict-origin-when-cross-origin\" allowfullscreen><\/iframe><\/p>\n<h2>Th\u00f4ng s\u1ed1 k\u1ef9 thu\u1eadt c\u1ee7a B\u1ed9 chuy\u1ec3n \u0111\u1ed5i M\u00e1y ph\u00e1 t\u1ebf b\u00e0o si\u00eau \u00e2m<\/h2>\n<table id=\"wp-table-reloaded-id-123-no-1\" class=\"table table-striped table-bordered\">\n<tbody>\n<tr>\n<td>LO\u1ea0I<\/td>\n<td>Chi\u1ec1u d\u00e0i(mm)<\/td>\n<td>T\u1ea7n s\u1ed1<\/td>\n<td>C\u00f4ng su\u1ea5t<\/td>\n<\/tr>\n<tr>\n<td>Mod\u00e8le<\/td>\n<td>Longueur(mm)<\/td>\n<td>Fr\u00e9quence(KHZ)<\/td>\n<td>Puissance(W)<\/td>\n<\/tr>\n<tr>\n<td>BJ-20100<\/td>\n<td>310<\/td>\n<td>20<\/td>\n<td>100<\/td>\n<\/tr>\n<tr>\n<td>BJ-20150<\/td>\n<td>310<\/td>\n<td>20<\/td>\n<td>150<\/td>\n<\/tr>\n<tr>\n<td>BJ-20250<\/td>\n<td>310<\/td>\n<td>20<\/td>\n<td>250<\/td>\n<\/tr>\n<tr>\n<td>BJ-20500<\/td>\n<td>310<\/td>\n<td>20<\/td>\n<td>500<\/td>\n<\/tr>\n<tr>\n<td>BJ-20800<\/td>\n<td>310<\/td>\n<td>20<\/td>\n<td>800<\/td>\n<\/tr>\n<\/tbody>\n<\/table>\n<h3>Thanh to\u00e1n<\/h3>\n<p>Ch\u00fang t\u00f4i hi\u1ec7n ch\u1ea5p nh\u1eadn thanh to\u00e1n qua paypal, T\/T &#038; Western Union.<\/p>\n<h3 class=\"shipping-methods\">V\u1eadn chuy\u1ec3n<\/h3>\n<p>H\u00e0ng h\u00f3a s\u1ebd \u0111\u01b0\u1ee3c v\u1eadn chuy\u1ec3n trong v\u00f2ng 48 gi\u1edd sau khi nh\u1eadn \u0111\u01b0\u1ee3c thanh to\u00e1n \u0111\u1ea7y \u0111\u1ee7.<\/p>\n<ul>\n<li>Ch\u00fang t\u00f4i giao h\u00e0ng \u0111\u1ebfn \u0111\u1ecba ch\u1ec9 \u0111\u01b0\u1ee3c cung c\u1ea5p trong thanh to\u00e1n PayPal. Vui l\u00f2ng \u0111\u1ea3m b\u1ea3o \u0111\u1ecba ch\u1ec9 trong PayPal l\u00e0 ch\u00ednh x\u00e1c.<\/li>\n<li>Ch\u00fang t\u00f4i s\u1ebd cung c\u1ea5p s\u1ed1 theo d\u00f5i sau khi g\u1eedi h\u00e0ng, th\u00f4ng th\u01b0\u1eddng, b\u1ea1n s\u1ebd nh\u1eadn \u0111\u01b0\u1ee3c h\u00e0ng trong v\u00f2ng n\u0103m ng\u00e0y.<\/li>\n<li>N\u1ebfu b\u1ea1n c\u00f3 b\u1ea5t k\u1ef3 c\u00e2u h\u1ecfi n\u00e0o, vui l\u00f2ng li\u00ean h\u1ec7 v\u1edbi ch\u00fang t\u00f4i qua email (\u0111\u1ecba ch\u1ec9 email c\u1ee7a ch\u00fang t\u00f4i l\u00e0 <a href=\"mailto:support@bjultrasonic.com\">support@bjultrasonic.com<\/a>)<\/li>\n<\/ul>\n<h3>B\u1ea3o h\u00e0nh S\u1ea3n ph\u1ea9m<\/h3>\n<p>Th\u1eddi gian b\u1ea3o h\u00e0nh s\u1ea3n ph\u1ea9m l\u00e0 m\u1ed9t n\u0103m. Trong th\u1eddi h\u1ea1n b\u1ea3o h\u00e0nh, s\u1ea3n ph\u1ea9m \u0111\u00e3 mua c\u00f3 th\u1ec3 \u0111\u01b0\u1ee3c b\u1ea3o tr\u00ec ho\u1eb7c \u0111\u1ed5i mi\u1ec5n ph\u00ed.<\/p>\n","protected":false},"excerpt":{"rendered":"<p><a href=\"https:\/\/www.bjultrasonic.com\/vi\/category\/ultrasonic-processors-vi\/cell-vi\/\">M\u00e1y ph\u00e1 v\u1ee1 t\u1ebf b\u00e0o si\u00eau \u00e2m<\/a> c\u1ea3i thi\u1ec7n t\u00ednh \u0111\u1ed3ng nh\u1ea5t v\u00e0 \u1ed5n \u0111\u1ecbnh t\u1ed5ng th\u1ec3 c\u1ee7a h\u1ed7n h\u1ee3p b\u1eb1ng c\u00e1ch gi\u1ea3m k\u00edch th\u01b0\u1edbc h\u1ea1t trong ch\u1ea5t l\u1ecfng. M\u00e1y ph\u00e1 v\u1ee1 t\u1ebf b\u00e0o si\u00eau \u00e2m hi\u1ec7u qu\u1ea3 cho vi\u1ec7c c\u1eaft DNA\/RNA, \u0111\u1ed3ng nh\u1ea5t h\u00f3a, ly gi\u1ea3i t\u1ebf b\u00e0o, ph\u00e2n t\u00e1n h\u1ea1t nano, chi\u1ebft xu\u1ea5t protein v\u00e0 chu\u1ea9n b\u1ecb m\u1eabu t\u1ed5ng qu\u00e1t.<\/p>\n","protected":false},"featured_media":1224,"comment_status":"open","ping_status":"closed","template":"","meta":[],"product_brand":[],"product_cat":[6253,6299],"product_tag":[],"class_list":{"0":"post-71693","1":"product","2":"type-product","3":"status-publish","4":"has-post-thumbnail","6":"product_cat-ultrasonic-processors-vi","7":"product_cat-cell-vi","9":"first","10":"instock","11":"shipping-taxable","12":"product-type-external","13":"prodpage-classic"},"aioseo_notices":[],"_links":{"self":[{"href":"https:\/\/www.bjultrasonic.com\/vi\/wp-json\/wp\/v2\/product\/71693","targetHints":{"allow":["GET"]}}],"collection":[{"href":"https:\/\/www.bjultrasonic.com\/vi\/wp-json\/wp\/v2\/product"}],"about":[{"href":"https:\/\/www.bjultrasonic.com\/vi\/wp-json\/wp\/v2\/types\/product"}],"replies":[{"embeddable":true,"href":"https:\/\/www.bjultrasonic.com\/vi\/wp-json\/wp\/v2\/comments?post=71693"}],"wp:featuredmedia":[{"embeddable":true,"href":"https:\/\/www.bjultrasonic.com\/vi\/wp-json\/wp\/v2\/media\/1224"}],"wp:attachment":[{"href":"https:\/\/www.bjultrasonic.com\/vi\/wp-json\/wp\/v2\/media?parent=71693"}],"wp:term":[{"taxonomy":"product_brand","embeddable":true,"href":"https:\/\/www.bjultrasonic.com\/vi\/wp-json\/wp\/v2\/product_brand?post=71693"},{"taxonomy":"product_cat","embeddable":true,"href":"https:\/\/www.bjultrasonic.com\/vi\/wp-json\/wp\/v2\/product_cat?post=71693"},{"taxonomy":"product_tag","embeddable":true,"href":"https:\/\/www.bjultrasonic.com\/vi\/wp-json\/wp\/v2\/product_tag?post=71693"}],"curies":[{"name":"wp","href":"https:\/\/api.w.org\/{rel}","templated":true}]}}