{"id":71695,"date":"2012-08-06T10:13:16","date_gmt":"2012-08-06T15:13:16","guid":{"rendered":"https:\/\/www.bjultrasonic.com\/shop\/ultrasonic-biodiesel-reactor\/"},"modified":"2026-03-28T19:59:25","modified_gmt":"2026-03-29T00:59:25","slug":"ultrasonic-biodiesel-reactor","status":"publish","type":"product","link":"https:\/\/www.bjultrasonic.com\/vi\/shop\/ultrasonic-biodiesel-reactor\/","title":{"rendered":"L\u00f2 ph\u1ea3n \u1ee9ng Biodiesel si\u00eau \u00e2m"},"content":{"rendered":"<table class=\"table table-striped table-bordered\" border=\"0\" cellspacing=\"0\" cellpadding=\"0\">\n<tbody>\n<tr>\n<td valign=\"top\" width=\"82\">Lo\u1ea1i<\/td>\n<td valign=\"top\" width=\"81\">T\u1ea7n s\u1ed1<br \/>\n(KHz)<\/td>\n<td valign=\"top\" width=\"60\">C\u00f4ng su\u1ea5t<\/td>\n<td valign=\"top\" width=\"60\">\u0110\u01b0\u1eddng k\u00ednh<br \/>\n(mm)<\/td>\n<td valign=\"top\" width=\"63\">Chi\u1ec1u d\u00e0i<br \/>\n(mm)<\/td>\n<td valign=\"top\" width=\"90\">\u0110i\u1ec7n dung t\u0129nh (pF\u00b110%)<\/td>\n<\/tr>\n<tr>\n<td valign=\"top\" width=\"82\"><a href=\"https:\/\/www.bjultrasonic.com\/vi\/shop\/ultrasonic-biodiesel-reactor-bjr-500\/\">BJR-500<\/a><\/td>\n<td valign=\"top\" width=\"81\">27<\/td>\n<td valign=\"top\" width=\"68\">500<\/td>\n<td valign=\"top\" width=\"90\">\u03a673<\/td>\n<td valign=\"top\" width=\"63\">323<\/td>\n<td valign=\"top\" width=\"80\">68000<\/td>\n<\/tr>\n<tr>\n<td valign=\"top\" width=\"82\"><a href=\"https:\/\/www.bjultrasonic.com\/vi\/shop\/ultrasonic-biodiesel-reactor-bjr-1000\/\">BJR-1000<\/a><\/td>\n<td valign=\"top\" width=\"81\">27<\/td>\n<td valign=\"top\" width=\"68\">1000<\/td>\n<td valign=\"top\" width=\"90\">\u03a673<\/td>\n<td valign=\"top\" width=\"63\">458<\/td>\n<td valign=\"top\" width=\"80\">68000<\/td>\n<\/tr>\n<tr>\n<td valign=\"top\" width=\"82\"><a href=\"https:\/\/www.bjultrasonic.com\/vi\/shop\/ultrasonic-biodiesel-reactor-bjr-1100\/\">BJR-1100<\/a><\/td>\n<td valign=\"top\" width=\"81\">27<\/td>\n<td valign=\"top\" width=\"68\">1100<\/td>\n<td valign=\"top\" width=\"90\">\u03a673<\/td>\n<td valign=\"top\" width=\"63\">624<\/td>\n<td valign=\"top\" width=\"80\">68000<\/td>\n<\/tr>\n<tr>\n<td valign=\"top\" width=\"82\"><a href=\"https:\/\/www.bjultrasonic.com\/vi\/shop\/ultrasonic-biodiesel-reactor-bjr-1200\/\">BJR-1200<\/a><\/td>\n<td valign=\"top\" width=\"81\">27<\/td>\n<td valign=\"top\" width=\"68\">1200<\/td>\n<td valign=\"top\" width=\"90\">\u03a673<\/td>\n<td valign=\"top\" width=\"63\">790<\/td>\n<td valign=\"top\" width=\"80\">68000<\/td>\n<\/tr>\n<tr>\n<td valign=\"top\" width=\"82\"><a href=\"https:\/\/www.bjultrasonic.com\/vi\/shop\/ultrasonic-biodiesel-reactor-bjr-1300\/\">BJR-1300<\/a><\/td>\n<td valign=\"top\" width=\"81\">27<\/td>\n<td valign=\"top\" width=\"68\">1300<\/td>\n<td valign=\"top\" width=\"90\">\u03a673<\/td>\n<td valign=\"top\" width=\"63\">957<\/td>\n<td valign=\"top\" width=\"80\">68000<\/td>\n<\/tr>\n<tr>\n<td valign=\"top\" width=\"82\"><a href=\"https:\/\/www.bjultrasonic.com\/vi\/shop\/ultrasonic-biodiesel-reactor-bjr-1500\/\">BJR-1500<\/a><\/td>\n<td valign=\"top\" width=\"81\">27<\/td>\n<td valign=\"top\" width=\"68\">1500<\/td>\n<td valign=\"top\" width=\"90\">\u03a673<\/td>\n<td valign=\"top\" width=\"63\">1123<\/td>\n<td valign=\"top\" width=\"80\">68000<\/td>\n<\/tr>\n<tr>\n<td valign=\"top\" width=\"82\"><a href=\"https:\/\/www.bjultrasonic.com\/vi\/shop\/ultrasonic-biodiesel-reactor-bjr-2000\/\">BJR-2000<\/a><\/td>\n<td valign=\"top\" width=\"81\">27<\/td>\n<td valign=\"top\" width=\"68\">2000<\/td>\n<td valign=\"top\" width=\"90\">\u03a673<\/td>\n<td valign=\"top\" width=\"63\">910<\/td>\n<td valign=\"top\" width=\"80\">132000<\/td>\n<\/tr>\n<\/tbody>\n<\/table>\n<h3>T\u1ea1i Sao B\u1ed9 X\u1eed L\u00fd Biodiesel T\u1ed1t Nh\u1ea5t S\u1eed D\u1ee5ng L\u00f2 Ph\u1ea3n \u1ee8ng Biodiesel Si\u00eau \u00c2m<\/h3>\n<p>S\u1ef1 quan t\u00e2m \u0111\u1ebfn c\u00e1c b\u1ed9 d\u1ee5ng c\u1ee5 ch\u1ebf bi\u1ebfn biodiesel \u0111\u00e3 t\u0103ng l\u00ean \u0111\u00e1ng k\u1ec3 trong nh\u1eefng n\u0103m g\u1ea7n \u0111\u00e2y. Vi\u1ec7c c\u00f3 th\u1ec3 t\u1ef1 s\u1ea3n xu\u1ea5t biodiesel c\u1ee7a ri\u00eang b\u1ea1n l\u00e0 m\u1ed9t l\u1ee3i th\u1ebf l\u1edbn, \u0111\u1eb7c bi\u1ec7t l\u00e0 trong th\u1eddi \u0111i\u1ec3m hi\u1ec7n nay khi gi\u00e1 nhi\u00ean li\u1ec7u d\u1ea7u m\u1ecf r\u1ea5t cao. Biodiesel \u0111\u01b0\u1ee3c coi l\u00e0 l\u1ef1a ch\u1ecdn thay th\u1ebf t\u1ed1t nh\u1ea5t cho nhi\u00ean li\u1ec7u d\u1ea7u m\u1ecf kh\u00f4ng ch\u1ec9 v\u00ec gi\u00e1 th\u00e0nh t\u01b0\u01a1ng \u0111\u1ed1i th\u1ea5p h\u01a1n. Biodiesel th\u00e2n thi\u1ec7n v\u1edbi m\u00f4i tr\u01b0\u1eddng. N\u00f3 kh\u00f4ng \u0111\u1ed9c h\u1ea1i. N\u00f3 c\u0169ng c\u00f3 th\u1ec3 ph\u00e2n h\u1ee7y sinh h\u1ecdc.<\/p>\n<p>B\u1eb1ng c\u00e1ch s\u1eed d\u1ee5ng c\u00e1c b\u1ed9 d\u1ee5ng c\u1ee5 ch\u1ebf bi\u1ebfn biodiesel, nhi\u00ean li\u1ec7u c\u00f3 th\u1ec3 s\u1eed d\u1ee5ng trong h\u1ea7u h\u1ebft c\u00e1c \u0111\u1ed9ng c\u01a1 diesel c\u00f3 th\u1ec3 d\u1ec5 d\u00e0ng \u0111\u01b0\u1ee3c t\u1ea1o ra t\u1ea1i nh\u00e0. C\u00e1c th\u00e0nh ph\u1ea7n \u0111\u1ec3 s\u1ea3n xu\u1ea5t biodiesel r\u1ea5t d\u1ec5 ki\u1ebfm v\u00e0 th\u00e0nh ph\u1ea7n ch\u00ednh r\u1ea5t c\u00f3 th\u1ec3 \u0111\u00e3 c\u00f3 s\u1eb5n trong nh\u00e0 b\u1ea1n. Th\u00e0nh ph\u1ea7n ch\u00ednh c\u1ee7a biodiesel l\u00e0 d\u1ea7u th\u1ef1c v\u1eadt. D\u00f9 d\u1ea7u th\u1ef1c v\u1eadt trong nh\u00e0 b\u1ebfp c\u1ee7a b\u1ea1n l\u00e0 m\u1edbi hay \u0111\u00e3 qua s\u1eed d\u1ee5ng, n\u00f3 \u0111\u1ec1u c\u00f3 th\u1ec3 \u0111\u01b0\u1ee3c chuy\u1ec3n \u0111\u1ed5i th\u00e0nh biodiesel.<\/p>\n<p>C\u00e1c th\u00e0nh ph\u1ea7n tr\u1ea3i qua m\u1ed9t s\u1ed1 quy tr\u00ecnh. Ch\u00fang \u0111\u01b0\u1ee3c tr\u1ed9n v\u1edbi nhau, t\u00e1ch ra, l\u00e0m n\u00f3ng, r\u1eeda, s\u1ea5y kh\u00f4 v\u00e0 l\u1ecdc. T\u1ea5t c\u1ea3 c\u00e1c quy tr\u00ecnh n\u00e0y \u0111\u1ec1u \u0111\u01b0\u1ee3c th\u1ef1c hi\u1ec7n b\u1edfi m\u00e1y ch\u1ebf bi\u1ebfn biodiesel. B\u1ea1n ch\u1ec9 c\u1ea7n \u0111\u1ed5 c\u00e1c th\u00e0nh ph\u1ea7n v\u00e0o m\u00e1y ch\u1ebf bi\u1ebfn v\u00e0 ch\u1ea1y m\u00e1y. Khi biodiesel \u0111\u00e3 s\u1eb5n s\u00e0ng, b\u1ea1n c\u00f3 th\u1ec3 l\u1ea5y ra n\u1ebfu b\u1ea1n \u0111\u00e3 c\u1ea7n d\u00f9ng ho\u1eb7c \u0111\u1ec3 n\u00f3 trong m\u00e1y ch\u1ebf bi\u1ebfn cho \u0111\u1ebfn khi b\u1ea1n c\u00f3 nhu c\u1ea7u s\u1eed d\u1ee5ng. Gi\u1eef biodiesel trong m\u00e1y ch\u1ebf bi\u1ebfn biodiesel l\u00e0 m\u1ed9t c\u00e1ch t\u1ed1t \u0111\u1ec3 l\u01b0u tr\u1eef nhi\u00ean li\u1ec7u. M\u00e1y ch\u1ebf bi\u1ebfn c\u00f3 kh\u1ea3 n\u0103ng duy tr\u00ec ch\u1ea5t l\u01b0\u1ee3ng c\u1ee7a biodiesel \u0111\u01b0\u1ee3c s\u1ea3n xu\u1ea5t.<\/p>\n<p><img loading=\"lazy\" decoding=\"async\" title=\"B\u1ed9 D\u1ee5ng C\u1ee5 Ch\u1ebf Bi\u1ebfn Biodiesel\" src=\"\/\/www.bjultrasonic.com\/wp-content\/uploads\/2012\/08\/Biodiesel-Processor-Kits.jpg\" alt=\"B\u1ed9 D\u1ee5ng C\u1ee5 Ch\u1ebf Bi\u1ebfn Biodiesel\" width=\"628\" height=\"295\" \/><\/p>\n<p>Vi\u1ec7c s\u1ea3n xu\u1ea5t biodiesel kh\u00f4ng c\u00f3 g\u00ec ph\u1ea3i s\u1ee3 h\u00e3i. N\u00f3 d\u1ec5 d\u00e0ng v\u00e0 an to\u00e0n. T\u1ea5t c\u1ea3 c\u00e1c th\u00e0nh ph\u1ea7n \u0111\u1ec1u kh\u00f4ng \u0111\u1ed9c h\u1ea1i v\u00e0 t\u1ea5t c\u1ea3 c\u00e1c quy tr\u00ecnh \u0111\u1ec1u \u0111\u01b0\u1ee3c m\u00e1y ch\u1ebf bi\u1ebfn biodiesel th\u1ef1c hi\u1ec7n m\u1ed9t c\u00e1ch an to\u00e0n v\u00e0 hi\u1ec7u qu\u1ea3. Mi\u1ec5n l\u00e0 b\u1ea1n kh\u00f4ng th\u00e1o n\u1eafp m\u00e1y ch\u1ebf bi\u1ebfn trong khi qu\u00e1 tr\u00ecnh s\u1ea3n xu\u1ea5t biodiesel \u0111ang di\u1ec5n ra, s\u1ebd kh\u00f4ng c\u00f3 s\u1ef1 c\u1ed1 b\u1ea5t th\u01b0\u1eddng n\u00e0o x\u1ea3y ra. Trong qu\u00e1 tr\u00ecnh gia nhi\u1ec7t, nhi\u1ec7t \u0111\u1ed9 b\u00ean trong m\u00e1y ch\u1ebf bi\u1ebfn c\u1ef1c k\u1ef3 cao. N\u1ebfu d\u1ea7u tr\u00e0n ra ho\u1eb7c ch\u1ea1m v\u00e0o da c\u1ee7a b\u1ea1n, da c\u1ee7a b\u1ea1n s\u1ebd b\u1ecb b\u1ecfng.<\/p>\n<p>C\u00e1c b\u1ed9 d\u1ee5ng c\u1ee5 ch\u1ebf bi\u1ebfn biodiesel kh\u00f4ng \u0111\u1eaft ti\u1ec1n. Ch\u00fang c\u00f3 gi\u00e1 d\u01b0\u1edbi m\u1ed9t ngh\u00ecn \u0111\u00f4 la. Nhi\u1ec1u b\u1ed9 th\u1eadm ch\u00ed ch\u1ec9 c\u00f3 gi\u00e1 v\u00e0i tr\u0103m \u0111\u00f4 la. Gi\u00e1 c\u1ee7a m\u1ed9t m\u00e1y ch\u1ebf bi\u1ebfn biodiesel kh\u00f4ng l\u00e0 g\u00ec so v\u1edbi s\u1ed1 ti\u1ec1n b\u1ea1n s\u1ebd ti\u1ebft ki\u1ec7m \u0111\u01b0\u1ee3c. Gi\u00e1 nhi\u00ean li\u1ec7u d\u1ea7u m\u1ecf cao v\u00e0 s\u1ebd ch\u1ec9 ng\u00e0y c\u00e0ng cao h\u01a1n. M\u1eb7t kh\u00e1c, c\u00e1c th\u00e0nh ph\u1ea7n \u0111\u1ec3 s\u1ea3n xu\u1ea5t biodiesel r\u1ebb ti\u1ec1n. N\u1ebfu d\u1ea7u th\u1ef1c v\u1eadt b\u1ea1n s\u1eed d\u1ee5ng kh\u00f4ng ph\u1ea3i l\u00e0 m\u1edbi, kho\u1ea3n ti\u1ebft ki\u1ec7m c\u1ee7a b\u1ea1n s\u1ebd c\u00f2n l\u1edbn h\u01a1n n\u1eefa. Gi\u00e1 biodiesel b\u1ea1n s\u1ea3n xu\u1ea5t ch\u1ec9 l\u00e0 v\u00e0i xu m\u1ed7i l\u00edt. \u0110i\u1ec1u \u0111\u00f3 th\u1ea5p h\u01a1n nhi\u1ec1u so v\u1edbi gi\u00e1 nhi\u00ean li\u1ec7u d\u1ea7u m\u1ecf.<\/p>\n<p>M\u1ed7i m\u00e1y ch\u1ebf bi\u1ebfn biodiesel \u0111\u1ec1u ch\u1ee9a m\u1ed9t l\u00f2 ph\u1ea3n \u1ee9ng biodiesel. Ch\u00ednh l\u00f2 ph\u1ea3n \u1ee9ng biodiesel l\u00e0m t\u0103ng t\u1ed1c qu\u00e1 tr\u00ecnh s\u1ea3n xu\u1ea5t biodiesel. N\u00f3 g\u00e2y ra ph\u1ea3n \u1ee9ng este h\u00f3a v\u00e0 chuy\u1ec3n h\u00f3a este, c\u00e1c ph\u1ea3n \u1ee9ng h\u00f3a h\u1ecdc bi\u1ebfn \u0111\u1ed5i c\u00e1c th\u00e0nh ph\u1ea7n th\u00e0nh biodiesel. C\u00f3 hai lo\u1ea1i l\u00f2 ph\u1ea3n \u1ee9ng biodiesel. \u0110\u00f3 l\u00e0 l\u00f2 ph\u1ea3n \u1ee9ng biodiesel si\u00eau \u00e2m v\u00e0 l\u00f2 ph\u1ea3n \u1ee9ng biodiesel c\u1eaft. Gi\u1eefa hai lo\u1ea1i l\u00f2 ph\u1ea3n \u1ee9ng biodiesel n\u00e0y, l\u00f2 ph\u1ea3n \u1ee9ng biodiesel si\u00eau \u00e2m l\u00e0 t\u1ed1t h\u01a1n.<\/p>\n<p>L\u00f2 ph\u1ea3n \u1ee9ng biodiesel si\u00eau \u00e2m s\u1ea3n xu\u1ea5t biodiesel trong th\u1eddi gian nhanh nh\u1ea5t c\u00f3 th\u1ec3 v\u00e0 theo c\u00e1ch hi\u1ec7u qu\u1ea3 nh\u1ea5t. S\u00f3ng si\u00eau \u00e2m t\u00e1c \u0111\u1ed9ng l\u00ean c\u00e1c th\u00e0nh ph\u1ea7n \u0111\u00e3 tr\u1ed9n, g\u00e2y ra s\u1ef1 h\u00ecnh th\u00e0nh v\u00e0 n\u1ed5 v\u1ee1 c\u1ee7a nhi\u1ec1u bong b\u00f3ng nh\u1ecf. \u0110\u00e2y \u0111\u01b0\u1ee3c g\u1ecdi l\u00e0 hi\u1ec7n t\u01b0\u1ee3ng x\u00e2m th\u1ef1c. X\u00e2m th\u1ef1c tr\u1ed9n v\u00e0 l\u00e0m n\u00f3ng h\u1ed7n h\u1ee3p \u0111\u1ed3ng th\u1eddi. Hai qu\u00e1 tr\u00ecnh n\u00e0y g\u00e2y ra ph\u1ea3n \u1ee9ng chuy\u1ec3n h\u00f3a este. V\u00ec l\u00f2 ph\u1ea3n \u1ee9ng biodiesel si\u00eau \u00e2m tr\u1ed9n v\u00e0 l\u00e0m n\u00f3ng h\u1ed7n h\u1ee3p \u0111\u1ed3ng th\u1eddi, th\u1eddi gian c\u1ea7n thi\u1ebft \u0111\u1ec3 s\u1ea3n xu\u1ea5t biodiesel \u0111\u01b0\u1ee3c gi\u1ea3m \u0111\u00e1ng k\u1ec3. V\u00e0 v\u00ec v\u1eady, thay v\u00ec x\u1eed l\u00fd h\u1ed7n h\u1ee3p theo t\u1eebng m\u1ebb, v\u1ed1n t\u1ed1n nhi\u1ec1u th\u1eddi gian, c\u00e1c h\u1ed7n h\u1ee3p \u0111\u01b0\u1ee3c x\u1eed l\u00fd th\u00f4ng qua chuy\u1ec3n h\u00f3a este n\u1ed9i tuy\u1ebfn.<\/p>\n<p>S\u00f3ng si\u00eau \u00e2m \u0111\u00f3ng m\u1ed9t vai tr\u00f2 r\u1ea5t quan tr\u1ecdng trong qu\u00e1 tr\u00ecnh s\u1ea3n xu\u1ea5t biodiesel. Ch\u00fang r\u1ea5t hi\u1ec7u qu\u1ea3 trong vi\u1ec7c tr\u1ed9n c\u00e1c th\u00e0nh ph\u1ea7n kh\u00f3 k\u1ebft h\u1ee3p. \u0110\u1ec3 s\u1ea3n xu\u1ea5t biodiesel, c\u00e1c th\u00e0nh ph\u1ea7n ph\u1ea3i \u0111\u01b0\u1ee3c tr\u1ed9n k\u1ef9 l\u01b0\u1ee1ng. N\u1ebfu c\u00e1c th\u00e0nh ph\u1ea7n kh\u00f4ng \u0111\u01b0\u1ee3c tr\u1ed9n \u0111\u1ec1u v\u1edbi nhau, ho\u1eb7c l\u00e0 biodiesel s\u1ebd kh\u00f4ng \u0111\u01b0\u1ee3c s\u1ea3n xu\u1ea5t ho\u1eb7c biodiesel \u0111\u01b0\u1ee3c s\u1ea3n xu\u1ea5t s\u1ebd c\u00f3 ch\u1ea5t l\u01b0\u1ee3ng th\u1ea5p.<\/p>\n<p>S\u00f3ng si\u00eau \u00e2m tr\u1ed9n v\u00e0 l\u00e0m n\u00f3ng c\u00e1c th\u00e0nh ph\u1ea7n. Khi s\u00f3ng ti\u1ebfp x\u00fac v\u1edbi c\u00e1c th\u00e0nh ph\u1ea7n, ch\u00fang l\u00e0m cho c\u00e1c th\u00e0nh ph\u1ea7n rung \u0111\u1ed9ng d\u1eef d\u1ed9i. Nh\u1eefng rung \u0111\u1ed9ng n\u00e0y g\u00e2y ra s\u1ef1 h\u00ecnh th\u00e0nh c\u00e1c bong b\u00f3ng x\u00e2m th\u1ef1c. Khi c\u00e1c bong b\u00f3ng n\u1ed5 v\u1ee1, c\u00e1c th\u00e0nh ph\u1ea7n co l\u1ea1i v\u00e0 ch\u00fang \u0111\u01b0\u1ee3c tr\u1ed9n v\u1edbi nhau. Ho\u1ea1t \u0111\u1ed9ng n\u00e0y l\u00e0m t\u0103ng nhi\u1ec7t \u0111\u1ed9 c\u1ee7a h\u1ed7n h\u1ee3p. M\u1eb7c d\u00f9 s\u1ef1 gia t\u0103ng nhi\u1ec7t \u0111\u1ed9 kh\u00f4ng nhi\u1ec1u, nh\u01b0ng n\u00f3 \u0111\u1ee7 \u0111\u1ec3 l\u00e0m cho h\u1ed7n h\u1ee3p ph\u1ea3n \u1ee9ng v\u00e0 l\u00e0m cho th\u1eddi gian ph\u1ea3n \u1ee9ng ng\u1eafn h\u01a1n b\u00ecnh th\u01b0\u1eddng. V\u1edbi s\u1ef1 h\u1ed7 tr\u1ee3 c\u1ee7a s\u00f3ng si\u00eau \u00e2m, n\u0103ng l\u01b0\u1ee3ng \u0111\u01b0\u1ee3c ti\u1ebft ki\u1ec7m v\u00ec kh\u00f4ng c\u1ea7n ph\u1ea3i t\u0103ng nhi\u1ec7t \u0111\u1ed9.<\/p>\n<p>M\u1ed9t m\u00e1y ch\u1ebf bi\u1ebfn biodiesel v\u1edbi l\u00f2 ph\u1ea3n \u1ee9ng biodiesel si\u00eau \u00e2m l\u00e0 ho\u00e0n h\u1ea3o cho b\u1ea5t k\u1ef3 ai kh\u00f4ng c\u1ea7n s\u1ea3n xu\u1ea5t h\u00e0ng tri\u1ec7u gallon biodiesel. \u0110\u00f3 l\u00e0 m\u00e1y ch\u1ebf bi\u1ebfn ho\u00e0n h\u1ea3o cho b\u1ea1n n\u1ebfu b\u1ea1n ch\u1ec9 c\u1ea7n s\u1ea3n xu\u1ea5t v\u00e0i gallon biodiesel m\u1ed7i l\u1ea7n.<\/p>\n<h3>L\u1ee3i th\u1ebf<\/h3>\n<p><b>1. Th\u1eddi Gian Ph\u1ea3n \u1ee8ng \u0110\u01b0\u1ee3c R\u00fat Ng\u1eafn<\/b><\/p>\n<p>M\u1ed9t l\u00f2 ph\u1ea3n \u1ee9ng biodiesel si\u00eau \u00e2m l\u00e0m gi\u1ea3m \u0111\u00e1ng k\u1ec3 th\u1eddi gian ph\u1ea3n \u1ee9ng c\u1ee7a c\u00e1c th\u00e0nh ph\u1ea7n. N\u00f3 th\u1ef1c hi\u1ec7n \u0111i\u1ec1u n\u00e0y b\u1eb1ng c\u00e1ch khu\u1ea5y tr\u1ed9n c\u00e1c th\u00e0nh ph\u1ea7n. Khi c\u00e1c th\u00e0nh ph\u1ea7n \u0111\u01b0\u1ee3c khu\u1ea5y tr\u1ed9n, methanol s\u1ebd b\u1ecb gi\u1ea3m \u0111i. \u0110i\u1ec1u n\u00e0y khi\u1ebfn c\u00e1c th\u00e0nh ph\u1ea7n k\u1ebft d\u00ednh v\u1edbi nhau v\u00e0 \u0111\u01b0\u1ee3c tr\u1ed9n \u0111\u1ec1u \u0111\u00fang c\u00e1ch. Th\u00f4ng th\u01b0\u1eddng, c\u1ea7n m\u1ed9t gi\u1edd \u0111\u1ec3 tr\u1ed9n k\u1ef9 c\u00e1c th\u00e0nh ph\u1ea7n. V\u1edbi s\u1ef1 h\u1ed7 tr\u1ee3 c\u1ee7a s\u00f3ng si\u00eau \u00e2m, th\u1eddi gian c\u1ea7n thi\u1ebft \u0111\u01b0\u1ee3c r\u00fat ng\u1eafn xu\u1ed1ng d\u01b0\u1edbi m\u1ed9t ph\u00fat. Khi vi\u1ec7c tr\u1ed9n \u0111\u00fang c\u00e1ch \u0111\u01b0\u1ee3c th\u1ef1c hi\u1ec7n, ph\u1ea3n \u1ee9ng s\u1ebd x\u1ea3y ra. Vi\u1ec7c khu\u1ea5y tr\u1ed9n do s\u00f3ng si\u00eau \u00e2m c\u0169ng l\u00e0m t\u0103ng ch\u1ea5t l\u01b0\u1ee3ng v\u00e0 s\u1ea3n l\u01b0\u1ee3ng biodiesel s\u1ea3n xu\u1ea5t ra.<\/p>\n<p>M\u1ecdi l\u00f2 ph\u1ea3n \u1ee9ng biodiesel si\u00eau \u00e2m m\u00e0 ch\u00fang t\u00f4i c\u00f3 t\u1ea1i Beijing Ultrasonic \u0111\u1ec1u c\u00f3 kh\u1ea3 n\u0103ng th\u1ef1c hi\u1ec7n ph\u1ea3n \u1ee9ng ester h\u00f3a v\u00e0 transester h\u00f3a. C\u00e1c l\u00f2 ph\u1ea3n \u1ee9ng si\u00eau \u00e2m c\u1ee7a ch\u00fang t\u00f4i g\u00e2y ra hi\u1ec7n t\u01b0\u1ee3ng x\u00e2m th\u1ef1c ph\u00e2n t\u1eed. \u0110i\u1ec1u n\u00e0y tr\u1ed9n k\u1ef9 c\u00e1c th\u00e0nh ph\u1ea7n v\u00e0 d\u1eabn \u0111\u1ebfn m\u1ed9t ph\u1ea3n \u1ee9ng ho\u00e0n ch\u1ec9nh. Vi\u1ec7c tr\u1ed9n v\u00e0 ph\u1ea3n \u1ee9ng \u0111\u00fang c\u00e1ch mang l\u1ea1i s\u1ea3n l\u01b0\u1ee3ng biodiesel s\u1ea3n xu\u1ea5t nhi\u1ec1u h\u01a1n.<\/p>\n<p><b>2. L\u00f2 Ph\u1ea3n \u1ee8ng D\u1ea1ng D\u00e2y Chuy\u1ec1n C\u00f3 Th\u1ec3 \u0110i\u1ec1u Ch\u1ec9nh<\/b><\/p>\n<p>M\u1ed9t l\u00f2 ph\u1ea3n \u1ee9ng biodiesel si\u00eau \u00e2m d\u1ea1ng d\u00e2y chuy\u1ec1n l\u00e0m t\u0103ng s\u1ea3n l\u01b0\u1ee3ng biodiesel s\u1ea3n xu\u1ea5t b\u1eb1ng c\u00e1ch s\u1eed d\u1ee5ng quy tr\u00ecnh x\u1eed l\u00fd d\u00f2ng li\u00ean t\u1ee5c thay v\u00ec quy tr\u00ecnh x\u1eed l\u00fd theo m\u1ebb t\u1ed1n th\u1eddi gian. Quy tr\u00ecnh x\u1eed l\u00fd d\u00f2ng li\u00ean t\u1ee5c hi\u1ec7u qu\u1ea3 h\u01a1n. N\u00f3 y\u00eau c\u1ea7u chi ph\u00ed v\u1eadn h\u00e0nh th\u1ea5p h\u01a1n.<\/p>\n<p>\u0110\u1ec3 ph\u00f9 h\u1ee3p v\u1edbi nhu c\u1ea7u c\u1ee7a b\u1ea1n, k\u00edch th\u01b0\u1edbc v\u00e0 c\u00f4ng su\u1ea5t c\u1ee7a c\u00e1c l\u00f2 ph\u1ea3n \u1ee9ng biodiesel si\u00eau \u00e2m d\u1ea1ng d\u00e2y chuy\u1ec1n c\u1ee7a ch\u00fang t\u00f4i c\u00f3 th\u1ec3 \u0111\u01b0\u1ee3c \u0111i\u1ec1u ch\u1ec9nh. S\u1ed1 l\u01b0\u1ee3ng l\u00f2 ph\u1ea3n \u1ee9ng s\u1ebd \u0111\u01b0\u1ee3c g\u1eafn v\u00e0o s\u1ebd ph\u1ee5 thu\u1ed9c v\u00e0o l\u01b0\u1ee3ng biodiesel s\u1ebd \u0111\u01b0\u1ee3c s\u1ea3n xu\u1ea5t. N\u1ebfu c\u1ea7n nhi\u1ec1u h\u01a1n m\u1ed9t l\u00f2 ph\u1ea3n \u1ee9ng si\u00eau \u00e2m, c\u00e1c l\u00f2 ph\u1ea3n \u1ee9ng s\u1ebd \u0111\u01b0\u1ee3c g\u1eafn n\u1ed1i ti\u1ebfp.<\/p>\n<h3>\u1ee8ng D\u1ee5ng<\/h3>\n<p>M\u1ed9t l\u00f2 ph\u1ea3n \u1ee9ng biodiesel si\u00eau \u00e2m c\u00f3 nhi\u1ec1u c\u00f4ng d\u1ee5ng. Ba c\u00f4ng d\u1ee5ng ch\u00ednh c\u1ee7a n\u00f3 nh\u01b0 sau:<\/p>\n<ul>\n<li>X\u1eed l\u00fd d\u1ea7u th\u1ef1c v\u1eadt, r\u01b0\u1ee3u v\u00e0 ch\u1ea5t x\u00fac t\u00e1c \u0111\u1ec3 s\u1ea3n xu\u1ea5t biodiesel<\/li>\n<li>L\u00e0m s\u1ea1ch b\u1ed3n ch\u1ee9a v\u00e0 \u0111\u01b0\u1eddng \u1ed1ng<\/li>\n<li>T\u1ea1o ra c\u00e1c ph\u1ea3n \u1ee9ng h\u00f3a h\u1ecdc nh\u01b0 t\u1ed5ng h\u1ee3p v\u00e0 t\u00e1ch chi\u1ebft<\/li>\n<\/ul>\n<h3>Video<\/h3>\n<p><iframe loading=\"lazy\" title=\"Ultrasonic Reactors for Biodiesel Production\" width=\"500\" height=\"281\" src=\"https:\/\/www.youtube.com\/embed\/oe1tAvpuUjw?feature=oembed\" frameborder=\"0\" allow=\"accelerometer; autoplay; clipboard-write; encrypted-media; gyroscope; picture-in-picture; web-share\" referrerpolicy=\"strict-origin-when-cross-origin\" allowfullscreen><\/iframe><\/p>\n<p><iframe loading=\"lazy\" title=\"Biodiesel Processor Kits - Beijing Ultrasonic\" width=\"500\" height=\"281\" src=\"https:\/\/www.youtube.com\/embed\/OpgcM3CcI90?feature=oembed\" frameborder=\"0\" allow=\"accelerometer; autoplay; clipboard-write; encrypted-media; gyroscope; picture-in-picture; web-share\" referrerpolicy=\"strict-origin-when-cross-origin\" allowfullscreen><\/iframe><\/p>\n<h3>B\u00e0i Vi\u1ebft Li\u00ean Quan<\/h3>\n<ul>\n<li><a href=\"https:\/\/www.bjultrasonic.com\/vi\/learn-to-design-a-packed-bed-tubular-reactor\/\" target=\"_blank\" rel=\"noopener\">T\u00ecm hi\u1ec3u c\u00e1ch thi\u1ebft k\u1ebf l\u00f2 ph\u1ea3n \u1ee9ng \u1ed1ng t\u1ea7ng c\u1ed1 \u0111\u1ecbnh<\/a><\/li>\n<li><a href=\"https:\/\/www.bjultrasonic.com\/vi\/how-to-grow-algae-cheap-biodiesel-fuel\/\" target=\"_blank\" rel=\"noopener\">C\u00e1ch nu\u00f4i t\u1ea3o \u2013 Nhi\u00ean li\u1ec7u Biodiesel gi\u00e1 r\u1ebb<\/a><\/li>\n<li><a href=\"https:\/\/www.bjultrasonic.com\/vi\/what-is-the-difference-between-diesel-and-biodiesel\/\" target=\"_blank\" rel=\"noopener\">S\u1ef1 kh\u00e1c bi\u1ec7t gi\u1eefa Diesel v\u00e0 Biodiesel <\/a><\/li>\n<li><a href=\"https:\/\/www.bjultrasonic.com\/vi\/what-is-a-biodiesel-reactor\/\" target=\"_blank\" rel=\"noopener\">L\u00f2 ph\u1ea3n \u1ee9ng Biodiesel l\u00e0 g\u00ec <\/a><\/li>\n<li><a href=\"https:\/\/www.bjultrasonic.com\/vi\/15-easy-steps-to-make-your-own-biodiesel-processor\/\" target=\"_blank\" rel=\"noopener\">15 b\u01b0\u1edbc \u0111\u01a1n gi\u1ea3n \u0111\u1ec3 t\u1ef1 l\u00e0m m\u00e1y x\u1eed l\u00fd Biodiesel<\/a><\/li>\n<\/ul>\n<h3>Thanh To\u00e1n<\/h3>\n<p>Hi\u1ec7n ch\u00fang t\u00f4i ch\u1ea5p nh\u1eadn paypal, chuy\u1ec3n kho\u1ea3n ng\u00e2n h\u00e0ng (T\/T) &amp; Western Union.<\/p>\n<h3 class=\"shipping-methods\">V\u1eadn Chuy\u1ec3n<\/h3>\n<p>H\u00e0ng h\u00f3a s\u1ebd \u0111\u01b0\u1ee3c v\u1eadn chuy\u1ec3n trong v\u00f2ng 48 gi\u1edd sau khi nh\u1eadn \u0111\u01b0\u1ee3c thanh to\u00e1n \u0111\u1ea7y \u0111\u1ee7.<\/p>\n<ul>\n<li>Ch\u00fang t\u00f4i v\u1eadn chuy\u1ec3n h\u00e0ng \u0111\u1ebfn \u0111\u1ecba ch\u1ec9 \u0111\u01b0\u1ee3c cung c\u1ea5p trong thanh to\u00e1n PayPal. Vui l\u00f2ng \u0111\u1ea3m b\u1ea3o \u0111\u1ecba ch\u1ec9 trong PayPal l\u00e0 ch\u00ednh x\u00e1c.<\/li>\n<li>Ch\u00fang t\u00f4i s\u1ebd cung c\u1ea5p s\u1ed1 theo d\u00f5i \u0111\u01a1n h\u00e0ng sau khi g\u1eedi h\u00e0ng, th\u00f4ng th\u01b0\u1eddng, b\u1ea1n s\u1ebd nh\u1eadn \u0111\u01b0\u1ee3c h\u00e0ng trong v\u00f2ng n\u0103m ng\u00e0y.<\/li>\n<li>N\u1ebfu b\u1ea1n c\u00f3 b\u1ea5t k\u1ef3 c\u00e2u h\u1ecfi n\u00e0o, vui l\u00f2ng li\u00ean h\u1ec7 v\u1edbi ch\u00fang t\u00f4i qua email (\u0111\u1ecba ch\u1ec9 email c\u1ee7a ch\u00fang t\u00f4i l\u00e0 <a href=\"mailto:support@bjultrasonic.com\">support@bjultrasonic.com<\/a>)<\/li>\n<\/ul>\n<h3>B\u1ea3o H\u00e0nh S\u1ea3n Ph\u1ea9m<\/h3>\n<p>Th\u1eddi gian b\u1ea3o h\u00e0nh s\u1ea3n ph\u1ea9m l\u00e0 m\u1ed9t n\u0103m. Trong th\u1eddi h\u1ea1n b\u1ea3o h\u00e0nh, s\u1ea3n ph\u1ea9m \u0111\u00e3 mua c\u00f3 th\u1ec3 \u0111\u01b0\u1ee3c b\u1ea3o tr\u00ec ho\u1eb7c \u0111\u1ed5i mi\u1ec5n ph\u00ed.<\/p>\n","protected":false},"excerpt":{"rendered":"<p>M\u00e1y x\u1eed l\u00fd si\u00eau \u00e2m \u0111\u1ec3 s\u1ea3n xu\u1ea5t biodiesel. L\u00f2 ph\u1ea3n \u1ee9ng biodiesel si\u00eau \u00e2m s\u1ea3n xu\u1ea5t biodiesel trong th\u1eddi gian nhanh nh\u1ea5t c\u00f3 th\u1ec3 v\u00e0 theo c\u00e1ch hi\u1ec7u qu\u1ea3 nh\u1ea5t.<\/p>\n","protected":false},"featured_media":42435,"comment_status":"open","ping_status":"closed","template":"","meta":[],"product_brand":[],"product_cat":[6253,6268],"product_tag":[],"class_list":{"0":"post-71695","1":"product","2":"type-product","3":"status-publish","4":"has-post-thumbnail","6":"product_cat-ultrasonic-processors-vi","7":"product_cat-biodiesel-vi","9":"first","10":"instock","11":"shipping-taxable","12":"product-type-external","13":"prodpage-classic"},"aioseo_notices":[],"_links":{"self":[{"href":"https:\/\/www.bjultrasonic.com\/vi\/wp-json\/wp\/v2\/product\/71695","targetHints":{"allow":["GET"]}}],"collection":[{"href":"https:\/\/www.bjultrasonic.com\/vi\/wp-json\/wp\/v2\/product"}],"about":[{"href":"https:\/\/www.bjultrasonic.com\/vi\/wp-json\/wp\/v2\/types\/product"}],"replies":[{"embeddable":true,"href":"https:\/\/www.bjultrasonic.com\/vi\/wp-json\/wp\/v2\/comments?post=71695"}],"wp:featuredmedia":[{"embeddable":true,"href":"https:\/\/www.bjultrasonic.com\/vi\/wp-json\/wp\/v2\/media\/42435"}],"wp:attachment":[{"href":"https:\/\/www.bjultrasonic.com\/vi\/wp-json\/wp\/v2\/media?parent=71695"}],"wp:term":[{"taxonomy":"product_brand","embeddable":true,"href":"https:\/\/www.bjultrasonic.com\/vi\/wp-json\/wp\/v2\/product_brand?post=71695"},{"taxonomy":"product_cat","embeddable":true,"href":"https:\/\/www.bjultrasonic.com\/vi\/wp-json\/wp\/v2\/product_cat?post=71695"},{"taxonomy":"product_tag","embeddable":true,"href":"https:\/\/www.bjultrasonic.com\/vi\/wp-json\/wp\/v2\/product_tag?post=71695"}],"curies":[{"name":"wp","href":"https:\/\/api.w.org\/{rel}","templated":true}]}}