{"id":71699,"date":"2012-07-12T23:52:11","date_gmt":"2012-07-13T04:52:11","guid":{"rendered":"https:\/\/www.bjultrasonic.com\/shop\/cylinder-piezoelectric-ceramics\/"},"modified":"2026-03-28T19:59:25","modified_gmt":"2026-03-29T00:59:25","slug":"cylinder-piezoelectric-ceramics","status":"publish","type":"product","link":"https:\/\/www.bjultrasonic.com\/vi\/shop\/cylinder-piezoelectric-ceramics\/","title":{"rendered":"Xi lanh g\u1ed1m \u00e1p \u0111i\u1ec7n"},"content":{"rendered":"<p><iframe loading=\"lazy\" title=\"Piezoelectric Ceramics | Piezoceramics\" width=\"500\" height=\"281\" src=\"https:\/\/www.youtube.com\/embed\/1Z8-9WdJKhQ?feature=oembed\" frameborder=\"0\" allow=\"accelerometer; autoplay; clipboard-write; encrypted-media; gyroscope; picture-in-picture; web-share\" referrerpolicy=\"strict-origin-when-cross-origin\" allowfullscreen><\/iframe><\/p>\n<h3>Ch\u00fang t\u00f4i c\u00f3 th\u1ec3 t\u00f9y ch\u1ec9nh nhi\u1ec1u lo\u1ea1i g\u1ed1m \u00e1p \u0111i\u1ec7n theo y\u00eau c\u1ea7u.<\/h3>\n<p>V\u1eadt li\u1ec7u c\u1ee7a Xi lanh G\u1ed1m \u00c1p \u0111i\u1ec7n: PZT4, PZT5, PZT8 ho\u1eb7c v\u1eadt li\u1ec7u \u00e1p \u0111i\u1ec7n kh\u00e1c theo y\u00eau c\u1ea7u.<\/p>\n<p><img loading=\"lazy\" decoding=\"async\" class=\"alignnone size-full wp-image-23760\" src=\"https:\/\/www.bjultrasonic.com\/wp-content\/uploads\/2012\/07\/Piezoceramic-Cylinder.jpg\" alt=\"Piezoceramic Cylinder\" width=\"700\" height=\"700\" srcset=\"https:\/\/www.bjultrasonic.com\/wp-content\/uploads\/2012\/07\/Piezoceramic-Cylinder.jpg 700w, https:\/\/www.bjultrasonic.com\/wp-content\/uploads\/2012\/07\/Piezoceramic-Cylinder-600x600.jpg 600w, https:\/\/www.bjultrasonic.com\/wp-content\/uploads\/2012\/07\/Piezoceramic-Cylinder-100x100.jpg 100w\" sizes=\"auto, (max-width: 700px) 100vw, 700px\" \/><\/p>\n<h2>\u1ee8ng d\u1ee5ng c\u1ee7a Xi lanh G\u1ed1m \u00c1p \u0111i\u1ec7n<\/h2>\n<table id=\"wp-table-reloaded-id-117-no-1\" class=\"table table-striped table-bordered\">\n<tbody>\n<tr>\n<td>Hydrophone<\/td>\n<td>C\u1ea3m bi\u1ebfn si\u00eau \u00e2m<\/td>\n<td>C\u1ea3m bi\u1ebfn n\u00e9n<\/td>\n<\/tr>\n<tr>\n<td>sonar y sinh,<\/td>\n<td>C\u1ea3m bi\u1ebfn rung<\/td>\n<td>B\u1ed9 truy\u1ec1n \u0111\u1ed9ng<\/td>\n<\/tr>\n<tr>\n<td>Ph\u00e2n t\u00e1n v\u1eadt ch\u1ea5t<\/td>\n<td>C\u1ea3m bi\u1ebfn \u00e1p su\u1ea5t<\/td>\n<td>Tr\u1ed9n si\u00eau \u00e2m<\/td>\n<\/tr>\n<tr>\n<td>C\u1ea3m bi\u1ebfn \u00e9p si\u00eau \u00e2m<\/td>\n<td>B\u1ed9 truy\u1ec1n \u0111\u1ed9ng c\u00f4ng su\u1ea5t cao<\/td>\n<td>v\u00e0 nhi\u1ec1u \u1ee9ng d\u1ee5ng kh\u00e1c<\/td>\n<\/tr>\n<\/tbody>\n<\/table>\n<p>K\u00edch th\u01b0\u1edbc c\u1ee7a Xi lanh G\u1ed1m \u00c1p \u0111i\u1ec7n:<\/p>\n<ul>\n<li>Ph\u1ea1m vi \u0110\u01b0\u1eddng k\u00ednh: 2mm&#8212;20mm<\/li>\n<li>Ph\u1ea1m vi Chi\u1ec1u cao: 3mm\u201440mm<\/li>\n<\/ul>\n<h3>Thanh to\u00e1n<\/h3>\n<p>Ch\u00fang t\u00f4i hi\u1ec7n ch\u1ea5p nh\u1eadn paypal, T\/T &#038; Western Union.<\/p>\n<h3 class=\"shipping-methods\">V\u1eadn chuy\u1ec3n<\/h3>\n<p>H\u00e0ng h\u00f3a s\u1ebd \u0111\u01b0\u1ee3c v\u1eadn chuy\u1ec3n trong v\u00f2ng 48 gi\u1edd sau khi nh\u1eadn \u0111\u01b0\u1ee3c thanh to\u00e1n \u0111\u1ea7y \u0111\u1ee7.<\/p>\n<ul>\n<li>Ch\u00fang t\u00f4i giao h\u00e0ng \u0111\u1ebfn \u0111\u1ecba ch\u1ec9 \u0111\u01b0\u1ee3c cung c\u1ea5p trong thanh to\u00e1n PayPal. Vui l\u00f2ng \u0111\u1ea3m b\u1ea3o \u0111\u1ecba ch\u1ec9 trong PayPal l\u00e0 ch\u00ednh x\u00e1c.<\/li>\n<li>Ch\u00fang t\u00f4i s\u1ebd cung c\u1ea5p s\u1ed1 theo d\u00f5i sau khi g\u1eedi h\u00e0ng, th\u00f4ng th\u01b0\u1eddng, b\u1ea1n s\u1ebd nh\u1eadn \u0111\u01b0\u1ee3c h\u00e0ng trong v\u00f2ng n\u0103m ng\u00e0y.<\/li>\n<li>N\u1ebfu b\u1ea1n c\u00f3 b\u1ea5t k\u1ef3 c\u00e2u h\u1ecfi n\u00e0o, vui l\u00f2ng li\u00ean h\u1ec7 v\u1edbi ch\u00fang t\u00f4i qua email (\u0111\u1ecba ch\u1ec9 email c\u1ee7a ch\u00fang t\u00f4i l\u00e0 <a href=\"mailto:support@bjultrasonic.com\">support@bjultrasonic.com<\/a>)<\/li>\n<\/ul>\n<h3>B\u1ea3o h\u00e0nh S\u1ea3n ph\u1ea9m<\/h3>\n<p>Th\u1eddi gian b\u1ea3o h\u00e0nh s\u1ea3n ph\u1ea9m l\u00e0 m\u1ed9t n\u0103m. Trong th\u1eddi gian b\u1ea3o h\u00e0nh, s\u1ea3n ph\u1ea9m \u0111\u00e3 mua c\u00f3 th\u1ec3 \u0111\u01b0\u1ee3c b\u1ea3o tr\u00ec ho\u1eb7c \u0111\u1ed5i mi\u1ec5n ph\u00ed.<\/p>\n","protected":false},"excerpt":{"rendered":"<p>Ch\u00fang t\u00f4i c\u00f3 th\u1ec3 t\u00f9y ch\u1ec9nh nhi\u1ec1u lo\u1ea1i g\u1ed1m \u00e1p \u0111i\u1ec7n theo y\u00eau c\u1ea7u. V\u1eadt li\u1ec7u c\u1ee7a Xi lanh G\u1ed1m \u00c1p \u0111i\u1ec7n: PZT4, PZT5, PZT8 ho\u1eb7c v\u1eadt li\u1ec7u \u00e1p \u0111i\u1ec7n kh\u00e1c theo y\u00eau c\u1ea7u. \u1ee8ng d\u1ee5ng c\u1ee7a Xi lanh G\u1ed1m \u00c1p \u0111i\u1ec7n Hydrophone C\u1ea3m bi\u1ebfn si\u00eau \u00e2m C\u1ea3m bi\u1ebfn n\u00e9n sonar y sinh, C\u1ea3m bi\u1ebfn<\/p>\n","protected":false},"featured_media":23760,"comment_status":"open","ping_status":"closed","template":"","meta":[],"product_brand":[],"product_cat":[5653,5694],"product_tag":[],"class_list":{"0":"post-71699","1":"product","2":"type-product","3":"status-publish","4":"has-post-thumbnail","6":"product_cat-piezoelectric-ceramic-vi","7":"product_cat-cylinder-piezoelectric-ceramics-vi","9":"first","10":"instock","11":"shipping-taxable","12":"product-type-external","13":"prodpage-classic"},"aioseo_notices":[],"_links":{"self":[{"href":"https:\/\/www.bjultrasonic.com\/vi\/wp-json\/wp\/v2\/product\/71699","targetHints":{"allow":["GET"]}}],"collection":[{"href":"https:\/\/www.bjultrasonic.com\/vi\/wp-json\/wp\/v2\/product"}],"about":[{"href":"https:\/\/www.bjultrasonic.com\/vi\/wp-json\/wp\/v2\/types\/product"}],"replies":[{"embeddable":true,"href":"https:\/\/www.bjultrasonic.com\/vi\/wp-json\/wp\/v2\/comments?post=71699"}],"wp:featuredmedia":[{"embeddable":true,"href":"https:\/\/www.bjultrasonic.com\/vi\/wp-json\/wp\/v2\/media\/23760"}],"wp:attachment":[{"href":"https:\/\/www.bjultrasonic.com\/vi\/wp-json\/wp\/v2\/media?parent=71699"}],"wp:term":[{"taxonomy":"product_brand","embeddable":true,"href":"https:\/\/www.bjultrasonic.com\/vi\/wp-json\/wp\/v2\/product_brand?post=71699"},{"taxonomy":"product_cat","embeddable":true,"href":"https:\/\/www.bjultrasonic.com\/vi\/wp-json\/wp\/v2\/product_cat?post=71699"},{"taxonomy":"product_tag","embeddable":true,"href":"https:\/\/www.bjultrasonic.com\/vi\/wp-json\/wp\/v2\/product_tag?post=71699"}],"curies":[{"name":"wp","href":"https:\/\/api.w.org\/{rel}","templated":true}]}}