{"id":71701,"date":"2012-07-12T22:49:31","date_gmt":"2012-07-13T03:49:31","guid":{"rendered":"https:\/\/www.bjultrasonic.com\/shop\/disc-piezoelectric-ceramics\/"},"modified":"2026-03-28T19:59:25","modified_gmt":"2026-03-29T00:59:25","slug":"disc-piezoelectric-ceramics","status":"publish","type":"product","link":"https:\/\/www.bjultrasonic.com\/vi\/shop\/disc-piezoelectric-ceramics\/","title":{"rendered":"\u0110\u0129a G\u1ed1m \u00c1p \u0110i\u1ec7n"},"content":{"rendered":"<p><iframe loading=\"lazy\" title=\"Piezoelectric Ceramics | Piezoceramics\" width=\"500\" height=\"281\" src=\"https:\/\/www.youtube.com\/embed\/1Z8-9WdJKhQ?feature=oembed\" frameborder=\"0\" allow=\"accelerometer; autoplay; clipboard-write; encrypted-media; gyroscope; picture-in-picture; web-share\" referrerpolicy=\"strict-origin-when-cross-origin\" allowfullscreen><\/iframe><\/p>\n<h3>Ch\u00fang t\u00f4i c\u00f3 th\u1ec3 t\u00f9y ch\u1ec9nh nhi\u1ec1u lo\u1ea1i \u0110\u0129a G\u1ed1m \u00c1p \u0110i\u1ec7n theo y\u00eau c\u1ea7u.<\/h3>\n<p>V\u1eadt li\u1ec7u c\u1ee7a \u0110\u0129a G\u1ed1m \u00c1p \u0110i\u1ec7n 8&#215;2: <strong>PZT5<\/strong><\/p>\n<p><img loading=\"lazy\" decoding=\"async\" class=\"alignnone wp-image-23759 size-full\" src=\"https:\/\/www.bjultrasonic.com\/wp-content\/uploads\/2012\/07\/Piezoceramic-Disc-2.jpg\" alt=\"Piezoceramic-Disc 2\" width=\"700\" height=\"525\" \/><\/p>\n<p><img loading=\"lazy\" decoding=\"async\" class=\"alignnone size-full wp-image-5007\" src=\"\/\/www.bjultrasonic.com\/wp-content\/uploads\/2012\/07\/Piezoelectric-Ceramic-Disc-4.jpg\" alt=\"Piezoelectric Ceramic Disc (4)\" width=\"600\" height=\"359\" \/><\/p>\n<h2>\u1ee8ng D\u1ee5ng c\u1ee7a \u0110\u0129a G\u1ed1m \u00c1p \u0110i\u1ec7n<\/h2>\n<table id=\"wp-table-reloaded-id-115-no-1\" class=\"table table-striped table-bordered\">\n<tbody>\n<tr>\n<td>Rung \u0111\u1ea7u d\u00f2 \u00e1p \u0111i\u1ec7n<\/td>\n<td>\u0110\u1ea7u d\u00f2 m\u00e1y phun s\u01b0\u01a1ng<\/td>\n<td>Ph\u00e2n t\u00e1n v\u1eadt ch\u1ea5t<\/td>\n<\/tr>\n<tr>\n<td>\u0110\u1ea7u d\u00f2 sonar<\/td>\n<td>C\u1ea3m bi\u1ebfn Si\u00eau \u00e2m<\/td>\n<td>C\u1ea3m bi\u1ebfn \u0111\u1ed9 d\u00e0y th\u00e0nh<\/td>\n<\/tr>\n<tr>\n<td>C\u1ea3m bi\u1ebfn \u1ee9ng su\u1ea5t v\u1eadt li\u1ec7u<\/td>\n<td>C\u1ea3m bi\u1ebfn \u00e1p su\u1ea5t,<\/td>\n<td>\u0110\u1ea7u d\u00f2 y sinh<\/td>\n<\/tr>\n<tr>\n<td>Thu n\u0103ng l\u01b0\u1ee3ng \u00e1p \u0111i\u1ec7n<\/td>\n<td>\u0110\u1ea7u d\u00f2 m\u00e1y d\u00f2 c\u00e1<\/td>\n<td>C\u1ea3m bi\u1ebfn n\u00e9n<\/td>\n<\/tr>\n<tr>\n<td>C\u1ea3m bi\u1ebfn gi\u00e3n n\u1edf \u00e1p \u0111i\u1ec7n<\/td>\n<td>\u0110\u1ea7u d\u00f2 l\u00e0m \u0111\u1eb9p<\/td>\n<td>Tr\u1ed9n Si\u00eau \u00e2m<\/td>\n<\/tr>\n<tr>\n<td>Y t\u1ebf si\u00eau \u00e2m<\/td>\n<td>L\u00e0m s\u1ea1ch Si\u00eau \u00e2m<\/td>\n<td>Nhi\u1ec1u \u1ee9ng d\u1ee5ng kh\u00e1c<\/td>\n<\/tr>\n<\/tbody>\n<\/table>\n<h2>Th\u00f4ng S\u1ed1 K\u1ef9 Thu\u1eadt Ti\u00eau Chu\u1ea9n c\u1ee7a \u0110\u0129a G\u1ed1m \u00c1p \u0110i\u1ec7n<\/h2>\n<table id=\"wp-table-reloaded-id-116-no-1\" class=\"table table-striped table-bordered\">\n<tbody>\n<tr>\n<td>K\u00edch th\u01b0\u1edbc<br \/>\n(mm)<\/td>\n<td>T\u1ea7n s\u1ed1 \u0110\u1ed9 d\u00e0y<br \/>\nft(MHz)(\u00b15%)<\/td>\n<td>\u0110i\u1ec7n dungC<br \/>\n(pf)(\u00b115%)<\/td>\n<td>Tr\u1edf kh\u00e1ngZt<br \/>\n(\u03a9)<\/td>\n<td>H\u1ec7 s\u1ed1 Gh\u00e9p<br \/>\nC\u01a1 \u0110i\u1ec7nKt (%)<\/td>\n<td>V\u1eadt li\u1ec7u \u00c1p \u0111i\u1ec7n<\/td>\n<\/tr>\n<tr>\n<td>8\u00d71<\/td>\n<td>2.0<\/td>\n<td>530<\/td>\n<td><\/td>\n<td>\u226543<\/td>\n<td>PZT5<\/td>\n<\/tr>\n<tr>\n<td>8\u00d72<\/td>\n<td>1.0<\/td>\n<td>263<\/td>\n<td><\/td>\n<td>\u226543<\/td>\n<td>PZT5<\/td>\n<\/tr>\n<tr>\n<td>10\u00d71<\/td>\n<td>2.0<\/td>\n<td>840<\/td>\n<td><\/td>\n<td>\u226544<\/td>\n<td>PZT5<\/td>\n<\/tr>\n<tr>\n<td>10\u00d72<\/td>\n<td>1.0<\/td>\n<td>420<\/td>\n<td><\/td>\n<td>\u226544<\/td>\n<td>PZT5<\/td>\n<\/tr>\n<tr>\n<td>15\u00d71<\/td>\n<td>2.0<\/td>\n<td>1970<\/td>\n<td><\/td>\n<td>\u226543<\/td>\n<td>PZT5<\/td>\n<\/tr>\n<tr>\n<td>15\u00d72<\/td>\n<td>1.0<\/td>\n<td>980<\/td>\n<td><\/td>\n<td>\u226543<\/td>\n<td>PZT5<\/td>\n<\/tr>\n<tr>\n<td>16\u00d71<\/td>\n<td>2.0<\/td>\n<td>2200<\/td>\n<td><\/td>\n<td>\u226545<\/td>\n<td>PZT5<\/td>\n<\/tr>\n<tr>\n<td>16\u00d72<\/td>\n<td>1.0<\/td>\n<td>1100<\/td>\n<td><\/td>\n<td>\u226545<\/td>\n<td>PZT5<\/td>\n<\/tr>\n<tr>\n<td>20\u00d71<\/td>\n<td>2.0<\/td>\n<td>3560<\/td>\n<td><\/td>\n<td>\u226543<\/td>\n<td>PZT5<\/td>\n<\/tr>\n<tr>\n<td>20\u00d72<\/td>\n<td>1.0<\/td>\n<td>1780<\/td>\n<td><\/td>\n<td>\u226543<\/td>\n<td>PZT5<\/td>\n<\/tr>\n<tr>\n<td>25\u00d71<\/td>\n<td>2.0<\/td>\n<td>4600<\/td>\n<td><\/td>\n<td>\u226543<\/td>\n<td>PZT5<\/td>\n<\/tr>\n<tr>\n<td>25\u00d72<\/td>\n<td>1.0<\/td>\n<td>2300<\/td>\n<td><\/td>\n<td>\u226543<\/td>\n<td>PZT5<\/td>\n<\/tr>\n<tr>\n<td>16\u00d70.4<\/td>\n<td>5.0<\/td>\n<td>5400<\/td>\n<td>\u22645<\/td>\n<td>\u226545<\/td>\n<td>PZT4<\/td>\n<\/tr>\n<tr>\n<td>16\u00d72.1<\/td>\n<td>1.0<\/td>\n<td>1000<\/td>\n<td>\u22644<\/td>\n<td>\u226545<\/td>\n<td>PZT4<\/td>\n<\/tr>\n<tr>\n<td>20\u00d72.0<\/td>\n<td>1.0<\/td>\n<td>1650<\/td>\n<td>\u22644<\/td>\n<td>\u226545<\/td>\n<td>PZT4<\/td>\n<\/tr>\n<tr>\n<td>25\u00d70.4<\/td>\n<td>5.0<\/td>\n<td>12800<\/td>\n<td>\u22644<\/td>\n<td>\u226545<\/td>\n<td>PZT4<\/td>\n<\/tr>\n<tr>\n<td>25\u00d71.0<\/td>\n<td>2.0<\/td>\n<td>5800<\/td>\n<td>\u22644<\/td>\n<td>\u226545<\/td>\n<td>PZT4<\/td>\n<\/tr>\n<tr>\n<td>25\u00d72.0<\/td>\n<td>1.0<\/td>\n<td>2700<\/td>\n<td>\u22644<\/td>\n<td>\u226545<\/td>\n<td>PZT4<\/td>\n<\/tr>\n<tr>\n<td>28\u00d71.0<\/td>\n<td>1.0<\/td>\n<td>6940<\/td>\n<td>\u22644<\/td>\n<td>\u226545<\/td>\n<td>PZT4<\/td>\n<\/tr>\n<tr>\n<td>28\u00d71.7<\/td>\n<td>1.2<\/td>\n<td>3880<\/td>\n<td>\u22643<\/td>\n<td>\u226545<\/td>\n<td>PZT4<\/td>\n<\/tr>\n<tr>\n<td>28\u00d72.0<\/td>\n<td>1.0<\/td>\n<td>3300<\/td>\n<td>\u22643<\/td>\n<td>\u226545<\/td>\n<td>PZT4<\/td>\n<\/tr>\n<tr>\n<td>50\u00d72.0<\/td>\n<td>1.0<\/td>\n<td>10000<\/td>\n<td>\u22643<\/td>\n<td>\u226545<\/td>\n<td>PZT4<\/td>\n<\/tr>\n<tr>\n<td>60\u00d72.0<\/td>\n<td>1.0<\/td>\n<td>14500<\/td>\n<td>\u22643<\/td>\n<td>\u226545<\/td>\n<td>PZT4<\/td>\n<\/tr>\n<tr>\n<td>Ph\u1ea1m vi \u0111\u01b0\u1eddng k\u00ednh ngo\u00e0i: 3mm&#8212;80mm<br \/>\nPh\u1ea1m vi \u0111\u1ed9 d\u00e0y: 0.1mm&#8212;20mmL\u01b0u \u00fd:<br \/>\nCh\u00fang t\u00f4i c\u00f3 th\u1ec3 thi\u1ebft k\u1ebf v\u00e0 t\u00f9y ch\u1ec9nh nhi\u1ec1u k\u00edch th\u01b0\u1edbc \u0110\u0129a G\u1ed1m \u00c1p \u0110i\u1ec7n theo y\u00eau c\u1ea7u.<\/td>\n<td><\/td>\n<td><\/td>\n<td><\/td>\n<td><\/td>\n<td><\/td>\n<\/tr>\n<\/tbody>\n<\/table>\n<p><iframe loading=\"lazy\" title=\"Piezoelectric Ceramic Discs | Piezoceramic Disk\" width=\"500\" height=\"281\" src=\"https:\/\/www.youtube.com\/embed\/jV2Q1wB3p-k?feature=oembed\" frameborder=\"0\" allow=\"accelerometer; autoplay; clipboard-write; encrypted-media; gyroscope; picture-in-picture; web-share\" referrerpolicy=\"strict-origin-when-cross-origin\" allowfullscreen><\/iframe><\/p>\n<h3>Thanh To\u00e1n<\/h3>\n<p>Hi\u1ec7n t\u1ea1i ch\u00fang t\u00f4i ch\u1ea5p nh\u1eadn paypal, T\/T &#038; Western Union.<\/p>\n<h3 class=\"shipping-methods\">V\u1eadn Chuy\u1ec3n<\/h3>\n<p>H\u00e0ng h\u00f3a s\u1ebd \u0111\u01b0\u1ee3c v\u1eadn chuy\u1ec3n trong v\u00f2ng 48 gi\u1edd sau khi nh\u1eadn \u0111\u01b0\u1ee3c thanh to\u00e1n \u0111\u1ea7y \u0111\u1ee7.<\/p>\n<ul>\n<li>Ch\u00fang t\u00f4i v\u1eadn chuy\u1ec3n h\u00e0ng \u0111\u1ebfn \u0111\u1ecba ch\u1ec9 \u0111\u01b0\u1ee3c cung c\u1ea5p trong thanh to\u00e1n PayPal. Vui l\u00f2ng \u0111\u1ea3m b\u1ea3o \u0111\u1ecba ch\u1ec9 trong PayPal l\u00e0 ch\u00ednh x\u00e1c.<\/li>\n<li>Ch\u00fang t\u00f4i s\u1ebd cung c\u1ea5p s\u1ed1 theo d\u00f5i sau khi g\u1eedi h\u00e0ng, th\u00f4ng th\u01b0\u1eddng, b\u1ea1n s\u1ebd nh\u1eadn \u0111\u01b0\u1ee3c h\u00e0ng trong v\u00f2ng n\u0103m ng\u00e0y.<\/li>\n<li>N\u1ebfu b\u1ea1n c\u00f3 b\u1ea5t k\u1ef3 c\u00e2u h\u1ecfi n\u00e0o, vui l\u00f2ng li\u00ean h\u1ec7 v\u1edbi ch\u00fang t\u00f4i qua email (\u0111\u1ecba ch\u1ec9 email c\u1ee7a ch\u00fang t\u00f4i l\u00e0 <a href=\"mailto:support@bjultrasonic.com\">support@bjultrasonic.com<\/a>)<\/li>\n<\/ul>\n<h3>B\u1ea3o H\u00e0nh S\u1ea3n Ph\u1ea9m<\/h3>\n<p>Th\u1eddi gian b\u1ea3o h\u00e0nh s\u1ea3n ph\u1ea9m l\u00e0 m\u1ed9t n\u0103m, trong th\u1eddi gian b\u1ea3o h\u00e0nh, s\u1ea3n ph\u1ea9m \u0111\u00e3 mua c\u00f3 th\u1ec3 \u0111\u01b0\u1ee3c b\u1ea3o tr\u00ec ho\u1eb7c \u0111\u1ed5i mi\u1ec5n ph\u00ed.<\/p>\n","protected":false},"excerpt":{"rendered":"<p><a href=\"https:\/\/www.bjultrasonic.com\/vi\/category\/piezoelectric-ceramic-vi\/piezoceramic-discs-vi\/\">\u0110\u0129a g\u1ed1m \u00e1p \u0111i\u1ec7n<\/a> cho <a href=\"https:\/\/www.bjultrasonic.com\/vi\/shop\/ultrasonic-beauty-transducer\/\">\u0111\u1ea7u d\u00f2 l\u00e0m \u0111\u1eb9p<\/a>, <a href=\"https:\/\/www.bjultrasonic.com\/vi\/category\/ultrasonic-atomizer-vi\/\">m\u00e1y phun s\u01b0\u01a1ng si\u00eau \u00e2m<\/a>, <a href=\"https:\/\/www.bjultrasonic.com\/vi\/category\/ultrasonic-cleaning-system-vi\/\">m\u00e1y l\u00e0m s\u1ea1ch si\u00eau \u00e2m<\/a> v\u00e0 c\u00e1c \u1ee9ng d\u1ee5ng kh\u00e1c.<\/p>\n","protected":false},"featured_media":23764,"comment_status":"open","ping_status":"closed","template":"","meta":[],"product_brand":[],"product_cat":[5717,5653],"product_tag":[],"class_list":{"0":"post-71701","1":"product","2":"type-product","3":"status-publish","4":"has-post-thumbnail","6":"product_cat-piezoceramic-discs-vi","7":"product_cat-piezoelectric-ceramic-vi","9":"first","10":"instock","11":"shipping-taxable","12":"product-type-external","13":"prodpage-classic"},"aioseo_notices":[],"_links":{"self":[{"href":"https:\/\/www.bjultrasonic.com\/vi\/wp-json\/wp\/v2\/product\/71701","targetHints":{"allow":["GET"]}}],"collection":[{"href":"https:\/\/www.bjultrasonic.com\/vi\/wp-json\/wp\/v2\/product"}],"about":[{"href":"https:\/\/www.bjultrasonic.com\/vi\/wp-json\/wp\/v2\/types\/product"}],"replies":[{"embeddable":true,"href":"https:\/\/www.bjultrasonic.com\/vi\/wp-json\/wp\/v2\/comments?post=71701"}],"wp:featuredmedia":[{"embeddable":true,"href":"https:\/\/www.bjultrasonic.com\/vi\/wp-json\/wp\/v2\/media\/23764"}],"wp:attachment":[{"href":"https:\/\/www.bjultrasonic.com\/vi\/wp-json\/wp\/v2\/media?parent=71701"}],"wp:term":[{"taxonomy":"product_brand","embeddable":true,"href":"https:\/\/www.bjultrasonic.com\/vi\/wp-json\/wp\/v2\/product_brand?post=71701"},{"taxonomy":"product_cat","embeddable":true,"href":"https:\/\/www.bjultrasonic.com\/vi\/wp-json\/wp\/v2\/product_cat?post=71701"},{"taxonomy":"product_tag","embeddable":true,"href":"https:\/\/www.bjultrasonic.com\/vi\/wp-json\/wp\/v2\/product_tag?post=71701"}],"curies":[{"name":"wp","href":"https:\/\/api.w.org\/{rel}","templated":true}]}}