{"id":71703,"date":"2012-07-12T22:36:05","date_gmt":"2012-07-13T03:36:05","guid":{"rendered":"https:\/\/www.bjultrasonic.com\/shop\/square-rectangular-piezoelectric-ceramics\/"},"modified":"2026-03-28T19:59:25","modified_gmt":"2026-03-29T00:59:25","slug":"square-rectangular-piezoelectric-ceramics","status":"publish","type":"product","link":"https:\/\/www.bjultrasonic.com\/vi\/shop\/square-rectangular-piezoelectric-ceramics\/","title":{"rendered":"Piezoceramic Vu\u00f4ng \/ H\u00ecnh ch\u1eef nh\u1eadt"},"content":{"rendered":"<p><iframe loading=\"lazy\" title=\"Piezoelectric Ceramics | Piezoceramics\" width=\"500\" height=\"281\" src=\"https:\/\/www.youtube.com\/embed\/1Z8-9WdJKhQ?feature=oembed\" frameborder=\"0\" allow=\"accelerometer; autoplay; clipboard-write; encrypted-media; gyroscope; picture-in-picture; web-share\" referrerpolicy=\"strict-origin-when-cross-origin\" allowfullscreen><\/iframe><\/p>\n<h3>Ch\u00fang t\u00f4i c\u00f3 th\u1ec3 t\u00f9y ch\u1ec9nh nhi\u1ec1u lo\u1ea1i g\u1ed1m \u00e1p \u0111i\u1ec7n theo y\u00eau c\u1ea7u.<\/h3>\n<p>V\u1eadt li\u1ec7u c\u1ee7a G\u1ed1m \u00c1p \u0110i\u1ec7n H\u00ecnh Vu\u00f4ng\/H\u00ecnh Ch\u1eef Nh\u1eadt: PZT4, PZT5, PZT8 ho\u1eb7c v\u1eadt li\u1ec7u \u00e1p \u0111i\u1ec7n kh\u00e1c theo y\u00eau c\u1ea7u.<\/p>\n<div id=\"attachment_5014\" style=\"width: 610px\" class=\"wp-caption alignnone\"><img loading=\"lazy\" decoding=\"async\" aria-describedby=\"caption-attachment-5014\" class=\" wp-image-5014 \" title=\"G\u1ed1m \u00c1p \u0110i\u1ec7n H\u00ecnh Ch\u1eef Nh\u1eadt\" src=\"\/\/www.bjultrasonic.com\/wp-content\/uploads\/2012\/07\/Piezoelectric-Ceramic-Square-Rectangular-1.jpg\" alt=\"G\u1ed1m \u00c1p \u0110i\u1ec7n H\u00ecnh Ch\u1eef Nh\u1eadt\" width=\"600\" height=\"359\" \/><p id=\"caption-attachment-5014\" class=\"wp-caption-text\">G\u1ed1m \u00c1p \u0110i\u1ec7n H\u00ecnh Ch\u1eef Nh\u1eadt<\/p><\/div>\n<h2>\u1ee8ng D\u1ee5ng C\u1ee7a G\u1ed1m \u00c1p \u0110i\u1ec7n H\u00ecnh Vu\u00f4ng\/ H\u00ecnh Ch\u1eef Nh\u1eadt<\/h2>\n<table id=\"wp-table-reloaded-id-113-no-1\" class=\"table table-striped table-bordered\">\n<tbody>\n<tr>\n<td>thi\u1ebft b\u1ecb si\u00eau \u00e2m B y t\u1ebf<\/td>\n<td>C\u1ea3m bi\u1ebfn si\u00eau \u00e2m<\/td>\n<td>C\u1ea3m bi\u1ebfn n\u00e9n<\/td>\n<\/tr>\n<tr>\n<td>C\u1ea3m bi\u1ebfn \u1ee9ng su\u1ea5t v\u1eadt li\u1ec7u<\/td>\n<td>C\u1ea3m bi\u1ebfn rung<\/td>\n<td>Thu ho\u1ea1ch n\u0103ng l\u01b0\u1ee3ng\/\u0111i\u1ec7n<\/td>\n<\/tr>\n<tr>\n<td>B\u1ed9 chuy\u1ec3n \u0111\u1ed5i si\u00eau \u00e2m k\u1eb9p bu l\u00f4ng<\/td>\n<td>C\u1ea3m bi\u1ebfn \u00e1p su\u1ea5t<\/td>\n<td>Tr\u1ed9n si\u00eau \u00e2m<\/td>\n<\/tr>\n<tr>\n<td>C\u1ea3m bi\u1ebfn \u00e9p si\u00eau \u00e2m<\/td>\n<td>B\u1ed9 truy\u1ec1n \u0111\u1ed9ng c\u00f4ng su\u1ea5t cao<\/td>\n<td>nhi\u1ec1u \u1ee9ng d\u1ee5ng kh\u00e1c<\/td>\n<\/tr>\n<\/tbody>\n<\/table>\n<h2>Th\u00f4ng S\u1ed1 K\u1ef9 Thu\u1eadt Ti\u00eau Chu\u1ea9n C\u1ee7a G\u1ed1m \u00c1p \u0110i\u1ec7n H\u00ecnh Vu\u00f4ng\/ H\u00ecnh Ch\u1eef Nh\u1eadt<\/h2>\n<table id=\"wp-table-reloaded-id-114-no-1\" class=\"table table-striped table-bordered\">\n<tbody>\n<tr>\n<td>K\u00edch th\u01b0\u1edbc D\u00e0i*r\u1ed9ng*cao(mm)<\/td>\n<td>Fr(MHZ)<\/td>\n<td>K31<\/td>\n<td>E T 3(r)<\/td>\n<\/tr>\n<tr>\n<td>(80&#8211;130)\u00d7(13&#8211;16)\u00d70.4<\/td>\n<td>3.5<\/td>\n<td>\u22650.37<\/td>\n<td>2200-3000<\/td>\n<\/tr>\n<tr>\n<td>(60-110)\u00d7(12-15)\u00d70.3<\/td>\n<td>5.0<\/td>\n<td>\u22650.36<\/td>\n<td>2200-3000<\/td>\n<\/tr>\n<tr>\n<td>(50-100)\u00d7(10-14)\u00d70.2<\/td>\n<td>7.5<\/td>\n<td>\u22650.35<\/td>\n<td>2200-3000<\/td>\n<\/tr>\n<tr>\n<td>Ph\u1ea1m vi chi\u1ec1u d\u00e0i: 5mm&#8212;140mm<br \/>\nPh\u1ea1m vi chi\u1ec1u r\u1ed9ng: 1.5mm&#8212;80mm<br \/>\nPh\u1ea1m vi chi\u1ec1u cao: 0.2mm&#8212;20mm<br \/>\nGhi ch\u00fa:<br \/>\nCh\u00fang t\u00f4i c\u00f3 th\u1ec3 Thi\u1ebft k\u1ebf v\u00e0 t\u00f9y ch\u1ec9nh nhi\u1ec1u k\u00edch th\u01b0\u1edbc G\u1ed1m \u00c1p \u0110i\u1ec7n H\u00ecnh Vu\u00f4ng\/H\u00ecnh Ch\u1eef Nh\u1eadt theo y\u00eau c\u1ea7u<\/td>\n<td><\/td>\n<td><\/td>\n<td><\/td>\n<\/tr>\n<\/tbody>\n<\/table>\n<p><iframe loading=\"lazy\" title=\"Piezoceramic Square\/ Rectangular  - Beijing Ultrasonic\" width=\"500\" height=\"281\" src=\"https:\/\/www.youtube.com\/embed\/mZQfCd5CFV8?feature=oembed\" frameborder=\"0\" allow=\"accelerometer; autoplay; clipboard-write; encrypted-media; gyroscope; picture-in-picture; web-share\" referrerpolicy=\"strict-origin-when-cross-origin\" allowfullscreen><\/iframe><\/p>\n<h3>Thanh To\u00e1n<\/h3>\n<p>Ch\u00fang t\u00f4i hi\u1ec7n ch\u1ea5p nh\u1eadn paypal, chuy\u1ec3n kho\u1ea3n ng\u00e2n h\u00e0ng (T\/T) &amp; Western Union.<\/p>\n<h3 class=\"shipping-methods\">V\u1eadn Chuy\u1ec3n<\/h3>\n<p>H\u00e0ng h\u00f3a s\u1ebd \u0111\u01b0\u1ee3c v\u1eadn chuy\u1ec3n trong v\u00f2ng 48 gi\u1edd sau khi nh\u1eadn \u0111\u01b0\u1ee3c thanh to\u00e1n \u0111\u1ea7y \u0111\u1ee7.<\/p>\n<ul>\n<li>Ch\u00fang t\u00f4i giao h\u00e0ng \u0111\u1ebfn \u0111\u1ecba ch\u1ec9 \u0111\u01b0\u1ee3c cung c\u1ea5p trong thanh to\u00e1n PayPal. Vui l\u00f2ng \u0111\u1ea3m b\u1ea3o \u0111\u1ecba ch\u1ec9 trong PayPal l\u00e0 ch\u00ednh x\u00e1c.<\/li>\n<li>Ch\u00fang t\u00f4i s\u1ebd cung c\u1ea5p s\u1ed1 theo d\u00f5i sau khi g\u1eedi h\u00e0ng, nh\u00ecn chung, b\u1ea1n s\u1ebd nh\u1eadn \u0111\u01b0\u1ee3c h\u00e0ng trong v\u00f2ng n\u0103m ng\u00e0y.<\/li>\n<li>N\u1ebfu b\u1ea1n c\u00f3 b\u1ea5t k\u1ef3 c\u00e2u h\u1ecfi n\u00e0o, vui l\u00f2ng li\u00ean h\u1ec7 v\u1edbi ch\u00fang t\u00f4i qua email (\u0111\u1ecba ch\u1ec9 email c\u1ee7a ch\u00fang t\u00f4i l\u00e0 <a href=\"mailto:support@bjultrasonic.com\">support@bjultrasonic.com<\/a>)<\/li>\n<\/ul>\n<h3>B\u1ea3o H\u00e0nh S\u1ea3n Ph\u1ea9m<\/h3>\n<p>Th\u1eddi gian b\u1ea3o h\u00e0nh s\u1ea3n ph\u1ea9m l\u00e0 m\u1ed9t n\u0103m. Trong th\u1eddi gian b\u1ea3o h\u00e0nh, s\u1ea3n ph\u1ea9m \u0111\u00e3 mua c\u00f3 th\u1ec3 \u0111\u01b0\u1ee3c b\u1ea3o tr\u00ec ho\u1eb7c \u0111\u1ed5i mi\u1ec5n ph\u00ed.<\/p>\n","protected":false},"excerpt":{"rendered":"<p>Ch\u00fang t\u00f4i c\u00f3 th\u1ec3 t\u00f9y ch\u1ec9nh nhi\u1ec1u lo\u1ea1i g\u1ed1m \u00e1p \u0111i\u1ec7n theo y\u00eau c\u1ea7u. V\u1eadt li\u1ec7u c\u1ee7a G\u1ed1m \u00c1p \u0110i\u1ec7n H\u00ecnh Vu\u00f4ng\/H\u00ecnh Ch\u1eef Nh\u1eadt: PZT4, PZT5, PZT8 ho\u1eb7c v\u1eadt li\u1ec7u \u00e1p \u0111i\u1ec7n kh\u00e1c theo y\u00eau c\u1ea7u. \u1ee8ng D\u1ee5ng C\u1ee7a G\u1ed1m \u00c1p \u0110i\u1ec7n H\u00ecnh Vu\u00f4ng\/ H\u00ecnh Ch\u1eef Nh\u1eadt thi\u1ebft b\u1ecb si\u00eau \u00e2m B y t\u1ebf C\u1ea3m<\/p>\n","protected":false},"featured_media":23762,"comment_status":"open","ping_status":"closed","template":"","meta":[],"product_brand":[],"product_cat":[5653,5762],"product_tag":[],"class_list":{"0":"post-71703","1":"product","2":"type-product","3":"status-publish","4":"has-post-thumbnail","6":"product_cat-piezoelectric-ceramic-vi","7":"product_cat-square-rectangular-piezoelectric-ceramics-vi","9":"first","10":"instock","11":"shipping-taxable","12":"product-type-external","13":"prodpage-classic"},"aioseo_notices":[],"_links":{"self":[{"href":"https:\/\/www.bjultrasonic.com\/vi\/wp-json\/wp\/v2\/product\/71703","targetHints":{"allow":["GET"]}}],"collection":[{"href":"https:\/\/www.bjultrasonic.com\/vi\/wp-json\/wp\/v2\/product"}],"about":[{"href":"https:\/\/www.bjultrasonic.com\/vi\/wp-json\/wp\/v2\/types\/product"}],"replies":[{"embeddable":true,"href":"https:\/\/www.bjultrasonic.com\/vi\/wp-json\/wp\/v2\/comments?post=71703"}],"wp:featuredmedia":[{"embeddable":true,"href":"https:\/\/www.bjultrasonic.com\/vi\/wp-json\/wp\/v2\/media\/23762"}],"wp:attachment":[{"href":"https:\/\/www.bjultrasonic.com\/vi\/wp-json\/wp\/v2\/media?parent=71703"}],"wp:term":[{"taxonomy":"product_brand","embeddable":true,"href":"https:\/\/www.bjultrasonic.com\/vi\/wp-json\/wp\/v2\/product_brand?post=71703"},{"taxonomy":"product_cat","embeddable":true,"href":"https:\/\/www.bjultrasonic.com\/vi\/wp-json\/wp\/v2\/product_cat?post=71703"},{"taxonomy":"product_tag","embeddable":true,"href":"https:\/\/www.bjultrasonic.com\/vi\/wp-json\/wp\/v2\/product_tag?post=71703"}],"curies":[{"name":"wp","href":"https:\/\/api.w.org\/{rel}","templated":true}]}}