{"id":71707,"date":"2012-07-12T16:42:35","date_gmt":"2012-07-12T21:42:35","guid":{"rendered":"https:\/\/www.bjultrasonic.com\/shop\/ultrasonic-vibrating-screen-transducer\/"},"modified":"2026-03-28T19:59:25","modified_gmt":"2026-03-29T00:59:25","slug":"ultrasonic-vibrating-screen-transducer","status":"publish","type":"product","link":"https:\/\/www.bjultrasonic.com\/vi\/shop\/ultrasonic-vibrating-screen-transducer\/","title":{"rendered":"\u0110\u1ea7u d\u00f2 rung si\u00eau \u00e2m"},"content":{"rendered":"<p>B\u1ed9 chuy\u1ec3n \u0111\u1ed5i rung si\u00eau \u00e2m bao g\u1ed3m c\u00e1c th\u00e0nh ph\u1ea7n: b\u1ed9 ph\u1eadn k\u1eb9p, <a href=\"https:\/\/www.bjultrasonic.com\/vi\/category\/piezoelectric-ceramic-vi\/\">g\u1ed1m \u00e1p \u0111i\u1ec7n<\/a>, t\u1ea5m \u0111i\u1ec7n c\u1ef1c, \u0111\u1ea7u ph\u00e1t x\u1ea1, \u1ed1c v\u00edt \u1ee9ng su\u1ea5t tr\u01b0\u1edbc v\u00e0 v\u1ecf b\u1ecdc c\u00e1ch \u0111i\u1ec7n.<\/p>\n<h3>\u0110\u1eb7c \u0111i\u1ec3m c\u1ee7a B\u1ed9 chuy\u1ec3n \u0111\u1ed5i rung si\u00eau \u00e2m cho s\u00e0ng b\u1ed9t m\u1ecbn<\/h3>\n<ul>\n<li>\u0110\u1ea1t \u0111\u01b0\u1ee3c \u0111\u1ed9 ch\u00ednh x\u00e1c cao v\u00e0 s\u00e0ng l\u1ecdc m\u1eaft l\u01b0\u1edbi cao \u0111\u1ed3ng th\u1eddi, ki\u1ec3m so\u00e1t ph\u1ea1m vi k\u00edch th\u01b0\u1edbc h\u1ea1t h\u1eb9p.<\/li>\n<li>C\u00f3 th\u1ec3 l\u00e0 m\u1ed9t l\u1edbp ho\u1eb7c nhi\u1ec1u l\u1edbp.<\/li>\n<li>Ch\u1ee9c n\u0103ng t\u1ef1 l\u00e0m s\u1ea1ch m\u00e0n h\u00ecnh: s\u00e0ng l\u1edbn h\u01a1n 500 mesh, kh\u00f4ng t\u1eafc l\u01b0\u1edbi, kh\u00f4ng gi\u1ea3m hi\u1ec7u qu\u1ea3 s\u00e0ng l\u1ecdc.<\/li>\n<li>Gi\u1ea3i quy\u1ebft c\u00e1c v\u1ea5n \u0111\u1ec1 s\u00e0ng l\u1ecdc nh\u01b0 h\u1ea5p ph\u1ee5 m\u1ea1nh, d\u1ec5 t\u00e1i k\u1ebft h\u1ee3p, t\u0129nh \u0111i\u1ec7n, \u0111\u1ed9 ch\u00ednh x\u00e1c cao, m\u1eadt \u0111\u1ed9 cao, t\u1ef7 tr\u1ecdng nh\u1eb9 cao.<\/li>\n<li>\u0110\u1ed9 ch\u00ednh x\u00e1c s\u00e0ng l\u1ecdc c\u00f3 th\u1ec3 \u0111\u01b0\u1ee3c c\u1ea3i thi\u1ec7n 1-70%, n\u0103ng su\u1ea5t c\u00f3 th\u1ec3 t\u0103ng t\u1eeb 0.5 \u0111\u1ebfn 10 l\u1ea7n.<\/li>\n<\/ul>\n<h3>\u1ee8ng d\u1ee5ng<\/h3>\n<ul>\n<li>C\u00f4ng nghi\u1ec7p h\u00f3a ch\u1ea5t: nh\u1ef1a, s\u01a1n, c\u00f4ng nghi\u1ec7p, d\u01b0\u1ee3c ph\u1ea9m, m\u1ef9 ph\u1ea9m, s\u01a1n, b\u1ed9t, v.v.<\/li>\n<li>C\u00f4ng nghi\u1ec7p th\u1ef1c ph\u1ea9m: b\u1ed9t \u0111\u01b0\u1eddng, tinh b\u1ed9t, mu\u1ed1i, b\u1ed9t g\u1ea1o, s\u1eefa b\u1ed9t, s\u1eefa \u0111\u1eadu n\u00e0nh, b\u1ed9t tr\u1ee9ng, n\u01b0\u1edbc t\u01b0\u01a1ng, n\u01b0\u1edbc \u00e9p, v.v.<\/li>\n<li>Kim lo\u1ea1i, luy\u1ec7n kim, khai th\u00e1c m\u1ecf: b\u1ed9t nh\u00f4m, b\u1ed9t ch\u00ec, b\u1ed9t \u0111\u1ed3ng, qu\u1eb7ng, b\u1ed9t \u0111i\u1ec7n c\u1ef1c, b\u1ed9t h\u1ee3p kim, mangan dioxide, b\u1ed9t \u0111\u1ed3ng \u0111i\u1ec7n ph\u00e2n, v\u1eadt li\u1ec7u t\u1eeb \u0111i\u1ec7n, b\u1ed9t \u0111\u00e1nh b\u00f3ng, v\u1eadt li\u1ec7u ch\u1ecbu l\u1eeda, cao lanh, v\u00f4i, alumina, canxi cacbonat n\u1eb7ng, c\u00e1t th\u1ea1ch anh, v.v.<\/li>\n<li>X\u1eed l\u00fd \u00f4 nhi\u1ec5m: d\u1ea7u th\u1ea3i, n\u01b0\u1edbc th\u1ea3i, n\u01b0\u1edbc th\u1ea3i nhu\u1ed9m, ph\u1ee5 gia, than ho\u1ea1t t\u00ednh, v.v.<\/li>\n<\/ul>\n<h3>M\u00e1y s\u00e0ng rung si\u00eau \u00e2m<\/h3>\n<p><iframe loading=\"lazy\" title=\"Ultrasonic Vibrating Sieve Machine - Beijing Ultrasonic\" width=\"500\" height=\"281\" src=\"https:\/\/www.youtube.com\/embed\/PEkryRhyJXY?feature=oembed\" frameborder=\"0\" allow=\"accelerometer; autoplay; clipboard-write; encrypted-media; gyroscope; picture-in-picture; web-share\" referrerpolicy=\"strict-origin-when-cross-origin\" allowfullscreen><\/iframe><\/p>\n<h3>Thanh to\u00e1n<\/h3>\n<p>Hi\u1ec7n t\u1ea1i ch\u00fang t\u00f4i ch\u1ea5p nh\u1eadn PayPal, chuy\u1ec3n kho\u1ea3n ng\u00e2n h\u00e0ng (T\/T) &amp; Western Union.<\/p>\n<h3>V\u1eadn chuy\u1ec3n<\/h3>\n<p>H\u00e0ng h\u00f3a s\u1ebd \u0111\u01b0\u1ee3c v\u1eadn chuy\u1ec3n trong v\u00f2ng 48 gi\u1edd sau khi nh\u1eadn \u0111\u01b0\u1ee3c thanh to\u00e1n \u0111\u1ea7y \u0111\u1ee7.<\/p>\n<ul>\n<li>Ch\u00fang t\u00f4i s\u1ebd giao h\u00e0ng \u0111\u1ebfn \u0111\u1ecba ch\u1ec9 \u0111\u01b0\u1ee3c cung c\u1ea5p trong thanh to\u00e1n PayPal. Vui l\u00f2ng \u0111\u1ea3m b\u1ea3o \u0111\u1ecba ch\u1ec9 trong PayPal l\u00e0 ch\u00ednh x\u00e1c.<\/li>\n<li>Ch\u00fang t\u00f4i s\u1ebd cung c\u1ea5p s\u1ed1 theo d\u00f5i sau khi g\u1eedi h\u00e0ng, th\u00f4ng th\u01b0\u1eddng b\u1ea1n s\u1ebd nh\u1eadn \u0111\u01b0\u1ee3c h\u00e0ng trong v\u00f2ng n\u0103m ng\u00e0y.<\/li>\n<li>N\u1ebfu b\u1ea1n c\u00f3 b\u1ea5t k\u1ef3 c\u00e2u h\u1ecfi n\u00e0o, vui l\u00f2ng li\u00ean h\u1ec7 v\u1edbi ch\u00fang t\u00f4i qua email (\u0111\u1ecba ch\u1ec9 email c\u1ee7a ch\u00fang t\u00f4i l\u00e0 <a href=\"mailto:support@bjultrasonic.com\">support@bjultrasonic.com<\/a>)<\/li>\n<\/ul>\n<h3>B\u1ea3o h\u00e0nh s\u1ea3n ph\u1ea9m<\/h3>\n<p>Th\u1eddi gian b\u1ea3o h\u00e0nh s\u1ea3n ph\u1ea9m l\u00e0 m\u1ed9t n\u0103m. Trong th\u1eddi gian b\u1ea3o h\u00e0nh, s\u1ea3n ph\u1ea9m \u0111\u00e3 mua c\u00f3 th\u1ec3 \u0111\u01b0\u1ee3c b\u1ea3o tr\u00ec ho\u1eb7c \u0111\u1ed5i mi\u1ec5n ph\u00ed.<\/p>\n","protected":false},"excerpt":{"rendered":"<p>M\u00e1y ph\u00e1t si\u00eau \u00e2m bao g\u1ed3m c\u00e1c th\u00e0nh ph\u1ea7n: b\u1ed9 ph\u1eadn c\u1ed1 \u0111\u1ecbnh, g\u1ed1m \u00e1p \u0111i\u1ec7n, mi\u1ebfng \u0111i\u1ec7n c\u1ef1c, \u0111\u1ea7u ph\u00e1t x\u1ea1, \u1ed1c v\u00edt \u1ee9ng su\u1ea5t tr\u01b0\u1edbc v\u00e0 v\u1ecf c\u00e1ch \u0111i\u1ec7n.<\/p>\n","protected":false},"featured_media":4845,"comment_status":"open","ping_status":"closed","template":"","meta":[],"product_brand":[],"product_cat":[6332],"product_tag":[],"class_list":{"0":"post-71707","1":"product","2":"type-product","3":"status-publish","4":"has-post-thumbnail","6":"product_cat-ultrasonic-transducer-vi","8":"first","9":"instock","10":"shipping-taxable","11":"product-type-external","12":"prodpage-classic"},"aioseo_notices":[],"_links":{"self":[{"href":"https:\/\/www.bjultrasonic.com\/vi\/wp-json\/wp\/v2\/product\/71707","targetHints":{"allow":["GET"]}}],"collection":[{"href":"https:\/\/www.bjultrasonic.com\/vi\/wp-json\/wp\/v2\/product"}],"about":[{"href":"https:\/\/www.bjultrasonic.com\/vi\/wp-json\/wp\/v2\/types\/product"}],"replies":[{"embeddable":true,"href":"https:\/\/www.bjultrasonic.com\/vi\/wp-json\/wp\/v2\/comments?post=71707"}],"wp:featuredmedia":[{"embeddable":true,"href":"https:\/\/www.bjultrasonic.com\/vi\/wp-json\/wp\/v2\/media\/4845"}],"wp:attachment":[{"href":"https:\/\/www.bjultrasonic.com\/vi\/wp-json\/wp\/v2\/media?parent=71707"}],"wp:term":[{"taxonomy":"product_brand","embeddable":true,"href":"https:\/\/www.bjultrasonic.com\/vi\/wp-json\/wp\/v2\/product_brand?post=71707"},{"taxonomy":"product_cat","embeddable":true,"href":"https:\/\/www.bjultrasonic.com\/vi\/wp-json\/wp\/v2\/product_cat?post=71707"},{"taxonomy":"product_tag","embeddable":true,"href":"https:\/\/www.bjultrasonic.com\/vi\/wp-json\/wp\/v2\/product_tag?post=71707"}],"curies":[{"name":"wp","href":"https:\/\/api.w.org\/{rel}","templated":true}]}}