{"id":71709,"date":"2012-07-12T03:24:31","date_gmt":"2012-07-12T08:24:31","guid":{"rendered":"https:\/\/www.bjultrasonic.com\/shop\/ultrasonic-atomizing-transducer\/"},"modified":"2026-03-28T19:59:24","modified_gmt":"2026-03-29T00:59:24","slug":"ultrasonic-atomizing-transducer","status":"publish","type":"product","link":"https:\/\/www.bjultrasonic.com\/vi\/shop\/ultrasonic-atomizing-transducer\/","title":{"rendered":"\u0110\u1ea7u D\u00f2 \u00c1p \u0110i\u1ec7n Phun S\u01b0\u01a1ng Si\u00eau \u00c2m T\u00f9y Ch\u1ec9nh"},"content":{"rendered":"<h3>Ch\u00fang T\u00f4i C\u00f3 Th\u1ec3 T\u00f9y Ch\u1ec9nh M\u00e1y T\u1ea1o \u1ea8m S\u01b0\u01a1ng Phun Si\u00eau \u00c2m<\/h3>\n<table class=\"table table-striped table-bordered\">\n<tbody>\n<tr>\n<td>Lo\u1ea1i<\/td>\n<td>L\u01b0\u1ee3ng Phun S\u01b0\u01a1ng<\/td>\n<td>\u0110i\u1ec7n \u00c1p L\u00e0m Vi\u1ec7c<\/td>\n<td>C\u00f4ng Su\u1ea5t<\/td>\n<td>K\u00edch Th\u01b0\u1edbc<\/td>\n<\/tr>\n<tr>\n<td>BJA-350<\/td>\n<td>\u2265350ML\/H<\/td>\n<td>24V<\/td>\n<td>18W<\/td>\n<td>\u0110\u01b0\u1eddng k\u00ednh 45mm; Chi\u1ec1u cao 27mm.<\/td>\n<\/tr>\n<tr>\n<td>BJA-900<\/td>\n<td>\u2265900ML\/H<\/td>\n<td>36V<\/td>\n<td>1.5A<\/td>\n<td>\u0110\u01b0\u1eddng k\u00ednh 68mm; Chi\u1ec1u cao 27mm.<\/td>\n<\/tr>\n<tr>\n<td>BJA-1500<\/td>\n<td>\u22651500ML\/H<\/td>\n<td>36V<\/td>\n<td>140w,4A<\/td>\n<td>\u0110\u01b0\u1eddng k\u00ednh 100mm; Chi\u1ec1u cao 27mm<\/td>\n<\/tr>\n<tr>\n<td>BJA-2000<\/td>\n<td>\u22652000ML\/H<\/td>\n<td>36V<\/td>\n<td>150W<\/td>\n<td>D\u00e0i 154mm; R\u1ed9ng 88mm; Cao 30mm.<\/td>\n<\/tr>\n<tr>\n<td>BJA-3000<\/td>\n<td>\u22653000ML\/H<\/td>\n<td>36V<\/td>\n<td>300W<\/td>\n<td>D\u00e0i 254mm; R\u1ed9ng 88mm; Cao 28mm.<\/td>\n<\/tr>\n<tr>\n<td>BJA-5000<\/td>\n<td>\u22655000ML\/H<\/td>\n<td>48V<\/td>\n<td>250W<\/td>\n<td>D\u00e0i 254mm; R\u1ed9ng 88mm; Cao 56mm<\/td>\n<\/tr>\n<\/tbody>\n<\/table>\n<p>M\u1ea1ch m\u00e1y t\u1ea1o \u1ea9m si\u00eau \u00e2m d\u00f9ng cho m\u00e1y phun s\u01b0\u01a1ng si\u00eau \u00e2m, m\u00e1y phun s\u01b0\u01a1ng si\u00eau \u00e2m &#038; m\u00e1y t\u1ea1o s\u01b0\u01a1ng si\u00eau \u00e2m. M\u1ea1ch m\u00e1y t\u1ea1o \u1ea9m si\u00eau \u00e2m bi\u1ebfn \u0111\u1ed5i ch\u1ea5t l\u1ecfng th\u00e0nh c\u00e1c h\u1ea1t d\u1ea1ng m\u00e2y. M\u1ed9t m\u00e0ng kim lo\u1ea1i rung \u1edf t\u1ea7n s\u1ed1 si\u00eau \u00e2m t\u1ea1o ra c\u00e1c gi\u1ecdt n\u01b0\u1edbc l\u1eb7ng l\u1ebd tho\u00e1t ra kh\u1ecfi \u0110\u1ea7u D\u00f2 Phun S\u01b0\u01a1ng Si\u00eau \u00c2m d\u01b0\u1edbi d\u1ea1ng s\u01b0\u01a1ng m\u00e1t.<\/p>\n<p><img loading=\"lazy\" decoding=\"async\" class=\"alignnone size-full wp-image-5003\" src=\"\/\/www.bjultrasonic.com\/wp-content\/uploads\/2012\/07\/Ultrasonic-Humidifier-Transducer.jpg\" alt=\"\u0110\u1ea7u D\u00f2 M\u00e1y T\u1ea1o \u1ea8m Si\u00eau \u00c2m\" width=\"600\" height=\"359\" \/><\/p>\n<h3>\u0110\u1eb7c \u0111i\u1ec3m ch\u00ednh c\u1ee7a \u0110\u1ea7u D\u00f2 Phun S\u01b0\u01a1ng Si\u00eau \u00c2m<\/h3>\n<ul>\n<li>Tr\u1edf kh\u00e1ng th\u1ea5p.<\/li>\n<li>\u0110\u1eb7c t\u00ednh t\u1ed5n hao th\u1ea5p.<\/li>\n<li>V\u1ecf \u0111\u1ed3ng s\u01a1n niken.<\/li>\n<li>\u0110\u00e1ng tin c\u1eady v\u00e0 b\u1ec1n b\u1ec9.<\/li>\n<li>H\u1ec7 s\u1ed1 ch\u1ea5t l\u01b0\u1ee3ng c\u01a1 h\u1ecdc cao.<\/li>\n<li>Thi\u1ebft k\u1ebf \u0111\u1eb7c bi\u1ec7t, d\u1ec5 d\u00e0ng thay th\u1ebf g\u1ed1m \u00e1p \u0111i\u1ec7n.<\/li>\n<\/ul>\n<h3>Video M\u00e1y Phun S\u01b0\u01a1ng Si\u00eau \u00c2m<\/h3>\n<p><iframe loading=\"lazy\" title=\"Ultrasonic Humidifier\" width=\"500\" height=\"281\" src=\"https:\/\/www.youtube.com\/embed\/videoseries?list=PLLrjMYkO0_NEpofnqW3MnsGQ-KMwpBJul\" frameborder=\"0\" allow=\"accelerometer; autoplay; clipboard-write; encrypted-media; gyroscope; picture-in-picture; web-share\" referrerpolicy=\"strict-origin-when-cross-origin\" allowfullscreen><\/iframe><\/p>\n<h3>Thanh To\u00e1n<\/h3>\n<p>Hi\u1ec7n ch\u00fang t\u00f4i ch\u1ea5p nh\u1eadn paypal, chuy\u1ec3n kho\u1ea3n ng\u00e2n h\u00e0ng (T\/T) &#038; Western Union.<\/p>\n<h3 class=\"shipping-methods\">V\u1eadn Chuy\u1ec3n<\/h3>\n<p>H\u00e0ng h\u00f3a s\u1ebd \u0111\u01b0\u1ee3c v\u1eadn chuy\u1ec3n trong v\u00f2ng 48 gi\u1edd sau khi nh\u1eadn \u0111\u01b0\u1ee3c thanh to\u00e1n \u0111\u1ea7y \u0111\u1ee7.<\/p>\n<ul>\n<li>Ch\u00fang t\u00f4i s\u1ebd giao h\u00e0ng \u0111\u1ebfn \u0111\u1ecba ch\u1ec9 \u0111\u01b0\u1ee3c cung c\u1ea5p trong thanh to\u00e1n PayPal. Vui l\u00f2ng \u0111\u1ea3m b\u1ea3o \u0111\u1ecba ch\u1ec9 trong PayPal l\u00e0 ch\u00ednh x\u00e1c.<\/li>\n<li>Ch\u00fang t\u00f4i s\u1ebd cung c\u1ea5p s\u1ed1 theo d\u00f5i (tracking number) sau khi g\u1eedi h\u00e0ng, th\u00f4ng th\u01b0\u1eddng, b\u1ea1n s\u1ebd nh\u1eadn \u0111\u01b0\u1ee3c h\u00e0ng trong v\u00f2ng n\u0103m ng\u00e0y.<\/li>\n<li>N\u1ebfu b\u1ea1n c\u00f3 b\u1ea5t k\u1ef3 c\u00e2u h\u1ecfi n\u00e0o, vui l\u00f2ng li\u00ean h\u1ec7 v\u1edbi ch\u00fang t\u00f4i qua email (\u0111\u1ecba ch\u1ec9 email c\u1ee7a ch\u00fang t\u00f4i l\u00e0 <a href=\"mailto:support@bjultrasonic.com\">support@bjultrasonic.com<\/a>)<\/li>\n<\/ul>\n<h3>B\u1ea3o H\u00e0nh S\u1ea3n Ph\u1ea9m<\/h3>\n<p>Th\u1eddi gian b\u1ea3o h\u00e0nh s\u1ea3n ph\u1ea9m l\u00e0 m\u1ed9t n\u0103m. Trong th\u1eddi gian b\u1ea3o h\u00e0nh, s\u1ea3n ph\u1ea9m \u0111\u00e3 mua c\u00f3 th\u1ec3 \u0111\u01b0\u1ee3c b\u1ea3o tr\u00ec mi\u1ec5n ph\u00ed ho\u1eb7c \u0111\u1ed5i m\u1edbi.<\/p>\n","protected":false},"excerpt":{"rendered":"<p><a href=\"https:\/\/www.bjultrasonic.com\/vi\/category\/ultrasonic-atomizer-vi\/\">M\u00e1y t\u1ea1o \u0111\u1ed9 \u1ea9m si\u00eau \u00e2m<\/a> s\u1eed d\u1ee5ng n\u0103ng l\u01b0\u1ee3ng si\u00eau \u00e2m \u0111\u1ec3 chuy\u1ec3n \u0111\u1ed5i ch\u1ea5t l\u1ecfng th\u00e0nh c\u00e1c h\u1ea1t d\u1ea1ng m\u00e2y. M\u00e1y t\u1ea1o \u0111\u1ed9 \u1ea9m si\u00eau \u00e2m c\u00f2n \u0111\u01b0\u1ee3c g\u1ecdi l\u00e0 <a href=\"https:\/\/www.bjultrasonic.com\/vi\/shop\/ultrasonic-atomizing-transducer\/\">m\u00e1y phun s\u01b0\u01a1ng si\u00eau \u00e2m<\/a>, m\u00e1y t\u1ea1o s\u01b0\u01a1ng si\u00eau \u00e2m, m\u00e1y t\u1ea1o s\u01b0\u01a1ng m\u00f9 si\u00eau \u00e2m.<\/p>\n","protected":false},"featured_media":19517,"comment_status":"open","ping_status":"closed","template":"","meta":[],"product_brand":[],"product_cat":[6197],"product_tag":[],"class_list":{"0":"post-71709","1":"product","2":"type-product","3":"status-publish","4":"has-post-thumbnail","6":"product_cat-ultrasonic-atomizer-vi","8":"first","9":"instock","10":"featured","11":"shipping-taxable","12":"product-type-external","13":"prodpage-classic"},"aioseo_notices":[],"_links":{"self":[{"href":"https:\/\/www.bjultrasonic.com\/vi\/wp-json\/wp\/v2\/product\/71709","targetHints":{"allow":["GET"]}}],"collection":[{"href":"https:\/\/www.bjultrasonic.com\/vi\/wp-json\/wp\/v2\/product"}],"about":[{"href":"https:\/\/www.bjultrasonic.com\/vi\/wp-json\/wp\/v2\/types\/product"}],"replies":[{"embeddable":true,"href":"https:\/\/www.bjultrasonic.com\/vi\/wp-json\/wp\/v2\/comments?post=71709"}],"wp:featuredmedia":[{"embeddable":true,"href":"https:\/\/www.bjultrasonic.com\/vi\/wp-json\/wp\/v2\/media\/19517"}],"wp:attachment":[{"href":"https:\/\/www.bjultrasonic.com\/vi\/wp-json\/wp\/v2\/media?parent=71709"}],"wp:term":[{"taxonomy":"product_brand","embeddable":true,"href":"https:\/\/www.bjultrasonic.com\/vi\/wp-json\/wp\/v2\/product_brand?post=71709"},{"taxonomy":"product_cat","embeddable":true,"href":"https:\/\/www.bjultrasonic.com\/vi\/wp-json\/wp\/v2\/product_cat?post=71709"},{"taxonomy":"product_tag","embeddable":true,"href":"https:\/\/www.bjultrasonic.com\/vi\/wp-json\/wp\/v2\/product_tag?post=71709"}],"curies":[{"name":"wp","href":"https:\/\/api.w.org\/{rel}","templated":true}]}}