{"id":71745,"date":"2012-04-30T02:47:05","date_gmt":"2012-04-30T07:47:05","guid":{"rendered":"https:\/\/www.bjultrasonic.com\/shop\/6l-digital-ultrasonic-cleaner-with-timer-and-heating\/"},"modified":"2026-03-28T19:58:57","modified_gmt":"2026-03-29T00:58:57","slug":"6l-digital-ultrasonic-cleaner-with-timer-and-heating","status":"publish","type":"product","link":"https:\/\/www.bjultrasonic.com\/vi\/shop\/6l-digital-ultrasonic-cleaner-with-timer-and-heating\/","title":{"rendered":"M\u00e1y l\u00e0m s\u1ea1ch si\u00eau \u00e2m k\u1ef9 thu\u1eadt s\u1ed1 6L v\u1edbi b\u1ed9 h\u1eb9n gi\u1edd v\u00e0 b\u1ed9 ph\u1eadn gia nhi\u1ec7t"},"content":{"rendered":"<h2>Th\u00f4ng s\u1ed1 k\u1ef9 thu\u1eadt c\u1ee7a M\u00e1y l\u00e0m s\u1ea1ch si\u00eau \u00e2m k\u1ef9 thu\u1eadt s\u1ed1 6L c\u00f3 h\u1eb9n gi\u1edd v\u00e0 gia nhi\u1ec7t<\/h2>\n<table class=\"table table-striped table-bordered\"   id=\"wp-table-reloaded-id-91-no-1\">\n<tbody>\n<tr>\n<td>Ki\u1ec3u<\/td>\n<td>BJUCDTH6<\/td>\n<\/tr>\n<tr>\n<td>Dung t\u00edch b\u1ec3<\/td>\n<td>6L<\/td>\n<\/tr>\n<tr>\n<td>C\u00f4ng su\u1ea5t<\/td>\n<td>180W<\/td>\n<\/tr>\n<tr>\n<td>T\u1ea7n s\u1ed1<\/td>\n<td>40khz<\/td>\n<\/tr>\n<tr>\n<td>K\u00edch th\u01b0\u1edbc b\u1ec3 (mm)<\/td>\n<td>300*155*150(D*R*C)<\/td>\n<\/tr>\n<tr>\n<td>K\u00edch th\u01b0\u1edbc m\u00e1y (mm)<\/td>\n<td>330*180*310(D*R*C)<\/td>\n<\/tr>\n<tr>\n<td>\u0110i\u1ec7n \u00e1p<\/td>\n<td>110VAC\u2014240VAC<\/td>\n<\/tr>\n<tr>\n<td>T\u00ednh n\u0103ng<\/td>\n<td>H\u1eb9n gi\u1edd (1-99 ph\u00fat), Gia nhi\u1ec7t (0-80\u2103)<\/td>\n<\/tr>\n<tr>\n<td>Gi\u1ecf \u0111\u1ef1ng<\/td>\n<td>Gi\u1ecf th\u00e9p kh\u00f4ng g\u1ec9<\/td>\n<\/tr>\n<tr>\n<td>Tr\u1ecdng l\u01b0\u1ee3ng \u0111\u01a1n v\u1ecb<\/td>\n<td>7.6kg<\/td>\n<\/tr>\n<\/tbody>\n<\/table>\n<h3>M\u00f4 t\u1ea3 M\u00e1y l\u00e0m s\u1ea1ch si\u00eau \u00e2m k\u1ef9 thu\u1eadt s\u1ed1<\/h3>\n<ul>\n<li>To\u00e0n b\u1ed9 m\u00e1y l\u00e0m s\u1ea1ch si\u00eau \u00e2m c\u00f3 c\u1ea5u tr\u00fac b\u1eb1ng th\u00e9p kh\u00f4ng g\u1ec9, th\u1ea9m m\u1ef9 v\u00e0 th\u1ef1c t\u1ebf.<\/li>\n<li>S\u1eed d\u1ee5ng b\u1ed9 chuy\u1ec3n \u0111\u1ed5i si\u00eau \u00e2m High Q, c\u00f4ng su\u1ea5t m\u1ea1nh.<\/li>\n<li>Ch\u1ea5t l\u01b0\u1ee3ng cao c\u1ee7a qu\u00e1 tr\u00ecnh li\u00ean k\u1ebft. D\u00e1n b\u1ed9 chuy\u1ec3n \u0111\u1ed5i si\u00eau \u00e2m b\u1eb1ng keo epoxy.<\/li>\n<li>B\u1ed9 gia nhi\u1ec7t hi\u1ec7u qu\u1ea3 cao, thi\u1ebft l\u1eadp h\u1ec7 th\u1ed1ng ki\u1ec3m so\u00e1t nhi\u1ec7t \u0111\u1ed9 v\u00e0 hi\u1ec3n th\u1ecb k\u1ef9 thu\u1eadt s\u1ed1 \u0111\u1ed9c l\u1eadp cho m\u1ed7i m\u00e1ng v\u00e0 thi\u1ebft b\u1ecb gia nhi\u1ec7t ki\u1ec3m so\u00e1t nhi\u1ec7t \u0111\u1ed9 t\u1ef1 \u0111\u1ed9ng.<\/li>\n<li>Th\u1eddi gian v\u00e0 Gia nhi\u1ec7t c\u00f3 th\u1ec3 \u0111i\u1ec1u ch\u1ec9nh theo y\u00eau c\u1ea7u.<\/li>\n<\/ul>\n<h3>Video M\u00e1y l\u00e0m s\u1ea1ch si\u00eau \u00e2m k\u1ef9 thu\u1eadt s\u1ed1 c\u00f3 h\u1eb9n gi\u1edd v\u00e0 gia nhi\u1ec7t<\/h3>\n<p><iframe loading=\"lazy\" title=\"Digital Ultrasonic Cleaner with Timer and Heater\" width=\"500\" height=\"281\" src=\"https:\/\/www.youtube.com\/embed\/SdW_EZ2X140?feature=oembed\" frameborder=\"0\" allow=\"accelerometer; autoplay; clipboard-write; encrypted-media; gyroscope; picture-in-picture; web-share\" referrerpolicy=\"strict-origin-when-cross-origin\" allowfullscreen><\/iframe><\/p>\n<h3>\u1ee8ng d\u1ee5ng c\u1ee7a M\u00e1y l\u00e0m s\u1ea1ch si\u00eau \u00e2m<\/h3>\n<ul>\n<li><strong>Ng\u00e0nh c\u00f4ng nghi\u1ec7p m\u00e1y m\u00f3c<\/strong>: lo\u1ea1i b\u1ecf d\u1ea7u ch\u1ed1ng g\u1ec9; L\u00e0m s\u1ea1ch d\u1ee5ng c\u1ee5 \u0111o; L\u00e0m s\u1ea1ch c\u00e1c b\u1ed9 ph\u1eadn m\u00e1y m\u00f3c, \u0111\u1ed9ng c\u01a1, b\u1ed9 ch\u1ebf h\u00f2a kh\u00ed v\u00e0 c\u00e1c b\u1ed9 ph\u1eadn \u00f4 t\u00f4;<\/li>\n<li><strong>Ng\u00e0nh x\u1eed l\u00fd b\u1ec1 m\u1eb7t<\/strong>: lo\u1ea1i b\u1ecf d\u1ea7u tr\u01b0\u1edbc khi m\u1ea1, lo\u1ea1i b\u1ecf g\u1ec9; L\u00e0m s\u1ea1ch tr\u01b0\u1edbc khi m\u1ea1 ion; X\u1eed l\u00fd ph\u1ed1t pho; Lo\u1ea1i b\u1ecf cacbon; Lo\u1ea1i b\u1ecf v\u1ea3y oxy h\u00f3a; Lo\u1ea1i b\u1ecf h\u1ee3p ch\u1ea5t \u0111\u00e1nh b\u00f3ng; X\u1eed l\u00fd ho\u1ea1t h\u00f3a b\u1ec1 m\u1eb7t kim lo\u1ea1i c\u1ee7a ph\u00f4i, v.v.<\/li>\n<li><strong>Ng\u00e0nh c\u00f4ng nghi\u1ec7p d\u1ee5ng c\u1ee5<\/strong>: l\u00e0m s\u1ea1ch \u0111\u1ed9 s\u1ea1ch cao cho c\u00e1c b\u1ed9 ph\u1eadn ch\u00ednh x\u00e1c tr\u01b0\u1edbc khi l\u1eafp r\u00e1p.<\/li>\n<li><strong>Ng\u00e0nh c\u00f4ng nghi\u1ec7p \u0111i\u1ec7n t\u1eed<\/strong>: lo\u1ea1i b\u1ecf nh\u1ef1a th\u00f4ng tr\u00ean b\u1ea3ng m\u1ea1ch in, \u0111i\u1ec3m h\u00e0n; L\u00e0m s\u1ea1ch c\u00e1c ti\u1ebfp \u0111i\u1ec3m \u0111i\u1ec7n \u00e1p cao v\u00e0 c\u00e1c th\u00e0nh ph\u1ea7n m\u00e1y m\u00f3c, \u0111i\u1ec7n t\u1eed kh\u00e1c, v.v.<\/li>\n<li><strong>Ng\u00e0nh y t\u1ebf<\/strong>: l\u00e0m s\u1ea1ch v\u00e0 kh\u1eed tr\u00f9ng, ti\u1ec7t tr\u00f9ng thi\u1ebft b\u1ecb y t\u1ebf, l\u00e0m s\u1ea1ch d\u1ee5ng c\u1ee5 th\u00ed nghi\u1ec7m, v.v.<\/li>\n<li><strong>Ng\u00e0nh c\u00f4ng nghi\u1ec7p b\u00e1n d\u1eabn<\/strong>: l\u00e0m s\u1ea1ch \u0111\u1ed9 s\u1ea1ch cao cho wafer b\u00e1n d\u1eabn.<\/li>\n<li><strong>Ng\u00e0nh \u0111\u1ed3ng h\u1ed3 trang s\u1ee9c<\/strong>: lo\u1ea1i b\u1ecf d\u1ea7u, b\u1ee5i b\u1ea9n, l\u1edbp oxy h\u00f3a, h\u1ee3p ch\u1ea5t \u0111\u00e1nh b\u00f3ng, v.v.<\/li>\n<li><strong>Ng\u00e0nh c\u00f4ng nghi\u1ec7p H\u00f3a h\u1ecdc, Sinh h\u1ecdc<\/strong>: L\u00e0m s\u1ea1ch d\u1ee5ng c\u1ee5 th\u00ed nghi\u1ec7m.<\/li>\n<li><strong>Ng\u00e0nh c\u00f4ng nghi\u1ec7p quang h\u1ecdc<\/strong>: lo\u1ea1i b\u1ecf d\u1ea7u tr\u00ean thi\u1ebft b\u1ecb quang h\u1ecdc, lo\u1ea1i b\u1ecf m\u1ed3 h\u00f4i, b\u1ee5i b\u1ea9n, v.v.<\/li>\n<li><strong>Ng\u00e0nh c\u00f4ng nghi\u1ec7p d\u1ec7t nhu\u1ed9m v\u00e0 in \u1ea5n<\/strong>: l\u00e0m s\u1ea1ch tr\u1ee5c d\u1ec7t, v\u00f2i phun s\u1ee3i, v.v.<\/li>\n<li><strong>Ng\u00e0nh c\u00f4ng nghi\u1ec7p h\u00f3a d\u1ea7u<\/strong>: l\u00e0m s\u1ea1ch th\u00f4ng l\u01b0\u1edbi kim lo\u1ea1i, l\u00e0m s\u1ea1ch b\u00ecnh ch\u1ee9a h\u00f3a ch\u1ea5t, c\u00f4ng t\u1eafc, v.v.<\/li>\n<\/ul>\n<h3>Thanh to\u00e1n<\/h3>\n<p>Hi\u1ec7n ch\u00fang t\u00f4i ch\u1ea5p nh\u1eadn paypal, T\/T &amp; Western Union.<\/p>\n<h3 class=\"shipping-methods\">V\u1eadn chuy\u1ec3n<\/h3>\n<p>H\u00e0ng h\u00f3a s\u1ebd \u0111\u01b0\u1ee3c v\u1eadn chuy\u1ec3n trong v\u00f2ng 48 gi\u1edd sau khi nh\u1eadn \u0111\u01b0\u1ee3c thanh to\u00e1n \u0111\u1ea7y \u0111\u1ee7.<\/p>\n<ul>\n<li>Ch\u00fang t\u00f4i v\u1eadn chuy\u1ec3n h\u00e0ng h\u00f3a \u0111\u1ebfn \u0111\u1ecba ch\u1ec9 \u0111\u01b0\u1ee3c cung c\u1ea5p trong thanh to\u00e1n PayPal. Vui l\u00f2ng \u0111\u1ea3m b\u1ea3o \u0111\u1ecba ch\u1ec9 trong PayPal l\u00e0 ch\u00ednh x\u00e1c.<\/li>\n<li>Ch\u00fang t\u00f4i s\u1ebd cung c\u1ea5p cho b\u1ea1n s\u1ed1 theo d\u00f5i sau khi ch\u00fang t\u00f4i g\u1eedi h\u00e0ng, n\u00f3i chung, b\u1ea1n s\u1ebd nh\u1eadn \u0111\u01b0\u1ee3c h\u00e0ng trong v\u00f2ng n\u0103m ng\u00e0y.<\/li>\n<li>N\u1ebfu b\u1ea1n c\u00f3 b\u1ea5t k\u1ef3 c\u00e2u h\u1ecfi n\u00e0o, vui l\u00f2ng li\u00ean h\u1ec7 v\u1edbi ch\u00fang t\u00f4i qua email (\u0111\u1ecba ch\u1ec9 email c\u1ee7a ch\u00fang t\u00f4i l\u00e0 <a href=\"mailto:support@bjultrasonic.com\">support@bjultrasonic.com<\/a>)<\/li>\n<\/ul>\n<h3>B\u1ea3o h\u00e0nh s\u1ea3n ph\u1ea9m<\/h3>\n<p>Th\u1eddi gian b\u1ea3o h\u00e0nh s\u1ea3n ph\u1ea9m l\u00e0 m\u1ed9t n\u0103m, trong th\u1eddi gian b\u1ea3o h\u00e0nh, s\u1ea3n ph\u1ea9m \u0111\u00e3 mua c\u00f3 th\u1ec3 \u0111\u01b0\u1ee3c b\u1ea3o tr\u00ec ho\u1eb7c \u0111\u1ed5i mi\u1ec5n ph\u00ed.<\/p>\n","protected":false},"excerpt":{"rendered":"<p><a href=\"https:\/\/www.bjultrasonic.com\/vi\/category\/ultrasonic-cleaning-system-vi\/digital-ultrasonic-cleaner-vi\/\">M\u00e1y l\u00e0m s\u1ea1ch si\u00eau \u00e2m k\u1ef9 thu\u1eadt s\u1ed1<\/a> \u0111\u01b0\u1ee3c s\u1eed d\u1ee5ng r\u1ed9ng r\u00e3i \u0111\u1ec3 l\u00e0m s\u1ea1ch trang s\u1ee9c, \u0111\u1ed3ng h\u1ed3, d\u00e2y chuy\u1ec1n, hoa tai, nh\u1eabn, v\u00f2ng tay, ti\u1ec1n xu, d\u00e2y \u0111\u1ed3ng h\u1ed3, k\u00ednh, k\u00ednh r\u00e2m, ph\u1ee5 ki\u1ec7n k\u00ednh \u00e1p tr\u00f2ng, r\u0103ng gi\u1ea3, l\u01b0\u1ee3c, b\u00e0n ch\u1ea3i \u0111\u00e1nh r\u0103ng, \u0111\u1ed3 d\u00f9ng b\u00e0n \u0103n v\u00e0 nhi\u1ec1u th\u1ee9 kh\u00e1c.<\/p>\n","protected":false},"featured_media":1111,"comment_status":"open","ping_status":"closed","template":"","meta":[],"product_brand":[],"product_cat":[5837],"product_tag":[],"class_list":{"0":"post-71745","1":"product","2":"type-product","3":"status-publish","4":"has-post-thumbnail","6":"product_cat-digital-ultrasonic-cleaner-vi","8":"first","9":"outofstock","10":"shipping-taxable","11":"purchasable","12":"product-type-simple","13":"prodpage-classic"},"aioseo_notices":[],"_links":{"self":[{"href":"https:\/\/www.bjultrasonic.com\/vi\/wp-json\/wp\/v2\/product\/71745","targetHints":{"allow":["GET"]}}],"collection":[{"href":"https:\/\/www.bjultrasonic.com\/vi\/wp-json\/wp\/v2\/product"}],"about":[{"href":"https:\/\/www.bjultrasonic.com\/vi\/wp-json\/wp\/v2\/types\/product"}],"replies":[{"embeddable":true,"href":"https:\/\/www.bjultrasonic.com\/vi\/wp-json\/wp\/v2\/comments?post=71745"}],"wp:featuredmedia":[{"embeddable":true,"href":"https:\/\/www.bjultrasonic.com\/vi\/wp-json\/wp\/v2\/media\/1111"}],"wp:attachment":[{"href":"https:\/\/www.bjultrasonic.com\/vi\/wp-json\/wp\/v2\/media?parent=71745"}],"wp:term":[{"taxonomy":"product_brand","embeddable":true,"href":"https:\/\/www.bjultrasonic.com\/vi\/wp-json\/wp\/v2\/product_brand?post=71745"},{"taxonomy":"product_cat","embeddable":true,"href":"https:\/\/www.bjultrasonic.com\/vi\/wp-json\/wp\/v2\/product_cat?post=71745"},{"taxonomy":"product_tag","embeddable":true,"href":"https:\/\/www.bjultrasonic.com\/vi\/wp-json\/wp\/v2\/product_tag?post=71745"}],"curies":[{"name":"wp","href":"https:\/\/api.w.org\/{rel}","templated":true}]}}