{"id":71779,"date":"2012-04-29T00:28:04","date_gmt":"2012-04-29T05:28:04","guid":{"rendered":"https:\/\/www.bjultrasonic.com\/shop\/1200w-ultrasonic-cleaner\/"},"modified":"2026-03-28T19:58:31","modified_gmt":"2026-03-29T00:58:31","slug":"1200w-ultrasonic-cleaner","status":"publish","type":"product","link":"https:\/\/www.bjultrasonic.com\/vi\/shop\/1200w-ultrasonic-cleaner\/","title":{"rendered":"M\u00e1y l\u00e0m s\u1ea1ch si\u00eau \u00e2m c\u00f4ng nghi\u1ec7p 1200W"},"content":{"rendered":"<h2>Th\u00f4ng s\u1ed1 k\u1ef9 thu\u1eadt c\u1ee7a M\u00e1y r\u1eeda si\u00eau \u00e2m 1200W<\/h2>\n<table class=\"table table-striped table-bordered\"   id=\"wp-table-reloaded-id-74-no-1\">\n<tbody>\n<tr>\n<td>Ki\u1ec3u m\u00e1y<\/td>\n<td>BJUC1200<\/td>\n<\/tr>\n<tr>\n<td>C\u00f4ng su\u1ea5t si\u00eau \u00e2m<\/td>\n<td>1200w<\/td>\n<\/tr>\n<tr>\n<td>C\u00f4ng su\u1ea5t gia nhi\u1ec7t<\/td>\n<td>4000W<\/td>\n<\/tr>\n<tr>\n<td>T\u1ea7n s\u1ed1<\/td>\n<td>40khz\/28khz<\/td>\n<\/tr>\n<tr>\n<td>K\u00edch th\u01b0\u1edbc b\u1ec3 (mm)<\/td>\n<td>580 \u00d7 380\u00d7 350(D*R*C)<\/td>\n<\/tr>\n<tr>\n<td>K\u00edch th\u01b0\u1edbc m\u00e1y<\/td>\n<td>740 \u00d7 550 \u00d7 675(D*R*C)<\/td>\n<\/tr>\n<tr>\n<td>\u0110i\u1ec7n \u00e1p<\/td>\n<td>220V\/380V<\/td>\n<\/tr>\n<tr>\n<td>T\u00ednh n\u0103ng<\/td>\n<td>H\u1eb9n gi\u1edd, Gia nhi\u1ec7t<\/td>\n<\/tr>\n<tr>\n<td>Gi\u1ecf \u0111\u1ef1ng<\/td>\n<td>Gi\u1ecf th\u00e9p kh\u00f4ng g\u1ec9<\/td>\n<\/tr>\n<\/tbody>\n<\/table>\n<h3>L\u01b0u \u00fd<\/h3>\n<ul>\n<li>M\u00e1y r\u1eeda si\u00eau \u00e2m 1200w l\u00e0 s\u1ea3n ph\u1ea9m \u0111\u01b0\u1ee3c s\u1ea3n xu\u1ea5t theo y\u00eau c\u1ea7u. V\u00ec v\u1eady, \u0111\u1ec3 bi\u1ebft gi\u00e1, vui l\u00f2ng li\u00ean h\u1ec7 v\u1edbi \u0110\u1ea1i di\u1ec7n B\u00e1n h\u00e0ng c\u1ee7a ch\u00fang t\u00f4i ( <a href=\"https:\/\/www.bjultrasonic.com\/contact\/\" target=\"_blank\" rel=\"noopener\">M\u1eabu li\u00ean h\u1ec7<\/a>). Ch\u00fang t\u00f4i s\u1ebd ph\u1ea3n h\u1ed3i s\u1edbm cho b\u1ea1n.<\/li>\n<li>Ch\u00fang t\u00f4i c\u00f3 th\u1ec3 thi\u1ebft k\u1ebf v\u00e0 t\u00f9y ch\u1ec9nh nhi\u1ec1u lo\u1ea1i M\u00e1y r\u1eeda si\u00eau \u00e2m kh\u00e1c nhau d\u1ef1a tr\u00ean y\u00eau c\u1ea7u.<\/li>\n<\/ul>\n<h3>\u0110\u1eb7c \u0111i\u1ec3m ti\u00eau bi\u1ec3u c\u1ee7a lo\u1ea1i M\u00e1y r\u1eeda si\u00eau \u00e2m n\u00e0y<\/h3>\n<ul>\n<li>S\u1eed d\u1ee5ng t\u1ea5m th\u00e9p kh\u00f4ng g\u1ec9 v\u00e0 linh ki\u1ec7n ch\u1ea5t l\u01b0\u1ee3ng cao: to\u00e0n b\u1ed9 b\u1eb1ng th\u00e9p kh\u00f4ng g\u1ec9, ngo\u1ea1i h\u00ecnh \u0111\u1eb9p v\u00e0 b\u1ec1n b\u1ec9.<\/li>\n<li>Thi\u1ebft b\u1ecb gia nhi\u1ec7t v\u00e0 \u0111i\u1ec1u khi\u1ec3n nhi\u1ec7t \u0111\u1ed9, ph\u1ea1m vi nhi\u1ec7t \u0111\u1ed9 10 ~ 100 \u2103.<\/li>\n<li>S\u1eed d\u1ee5ng b\u1ed9 chuy\u1ec3n \u0111\u1ed5i ch\u1ea5t l\u01b0\u1ee3ng cao, c\u00f4ng su\u1ea5t si\u00eau \u00e2m \u0111\u1ea7u ra m\u1ea1nh m\u1ebd.<\/li>\n<li>B\u1ec3 r\u1eeda v\u00e0 m\u00e1y ph\u00e1t \u0111\u01b0\u1ee3c thi\u1ebft k\u1ebf ki\u1ec3u t\u00e1ch r\u1eddi, d\u1ec5 s\u1eed d\u1ee5ng.<\/li>\n<li>S\u1eed d\u1ee5ng m\u1ea1ch \u0111i\u1ec7n m\u1edbi, c\u00f4ng su\u1ea5t v\u00e0 b\u1ed9 h\u1eb9n gi\u1edd c\u1ee7a m\u00e1y ph\u00e1t c\u00f3 th\u1ec3 \u0111i\u1ec1u ch\u1ec9nh \u0111\u01b0\u1ee3c.<\/li>\n<li>Ch\u1ebf \u0111\u1ed9 rung si\u00eau \u00e2m c\u00f3 rung \u0111\u00e1y v\u00e0 rung c\u1ea1nh, ph\u00f9 h\u1ee3p v\u1edbi nhi\u1ec1u nhu c\u1ea7u kh\u00e1c nhau.<\/li>\n<\/ul>\n<h3>B\u1ec3 R\u1eeda Si\u00eau \u00e2m &#038; M\u00e1y Ph\u00e1t Si\u00eau \u00e2m cho B\u1ec3 R\u1eeda<\/h3>\n<p><iframe loading=\"lazy\" title=\"Ultrasonic Cleaning Tank for Sale\" width=\"500\" height=\"281\" src=\"https:\/\/www.youtube.com\/embed\/tMUV4LCcNvA?feature=oembed\" frameborder=\"0\" allow=\"accelerometer; autoplay; clipboard-write; encrypted-media; gyroscope; picture-in-picture; web-share\" referrerpolicy=\"strict-origin-when-cross-origin\" allowfullscreen><\/iframe><\/p>\n<h3>\u1ee8ng d\u1ee5ng c\u1ee7a M\u00e1y R\u1eeda Si\u00eau \u00e2m<\/h3>\n<ul>\n<li><strong>Ng\u00e0nh C\u01a1 kh\u00ed<\/strong>: lo\u1ea1i b\u1ecf d\u1ea7u ch\u1ed1ng g\u1ec9; L\u00e0m s\u1ea1ch d\u1ee5ng c\u1ee5 \u0111o; L\u00e0m s\u1ea1ch chi ti\u1ebft m\u00e1y m\u00f3c, \u0111\u1ed9ng c\u01a1, b\u1ed9 ch\u1ebf h\u00f2a kh\u00ed v\u00e0 ph\u1ee5 t\u00f9ng \u00f4 t\u00f4;<\/li>\n<li><strong>Ng\u00e0nh X\u1eed l\u00fd B\u1ec1 m\u1eb7t<\/strong>: lo\u1ea1i b\u1ecf d\u1ea7u ho\u1eb7c g\u1ec9 tr\u01b0\u1edbc khi m\u1ea1; L\u00e0m s\u1ea1ch tr\u01b0\u1edbc khi m\u1ea1 ion; X\u1eed l\u00fd ph\u1ed1t ph\u00e1t; Lo\u1ea1i b\u1ecf cacbon; Lo\u1ea1i b\u1ecf v\u1ea3y oxit; Lo\u1ea1i b\u1ecf h\u1ee3p ch\u1ea5t \u0111\u00e1nh b\u00f3ng; X\u1eed l\u00fd ho\u1ea1t h\u00f3a b\u1ec1 m\u1eb7t kim lo\u1ea1i c\u1ee7a chi ti\u1ebft, v.v.<\/li>\n<li><strong>Ng\u00e0nh D\u1ee5ng c\u1ee5 \u0110o l\u01b0\u1eddng<\/strong>: l\u00e0m s\u1ea1ch chi ti\u1ebft ch\u00ednh x\u00e1c v\u1edbi \u0111\u1ed9 s\u1ea1ch cao tr\u01b0\u1edbc khi l\u1eafp r\u00e1p.<\/li>\n<li><strong>Ng\u00e0nh C\u00f4ng nghi\u1ec7p \u0110i\u1ec7n t\u1eed<\/strong>: lo\u1ea1i b\u1ecf nh\u1ef1a th\u00f4ng tr\u00ean b\u1ea3ng m\u1ea1ch in, \u0111i\u1ec3m h\u00e0n; L\u00e0m s\u1ea1ch ti\u1ebfp \u0111i\u1ec3m \u0111i\u1ec7n \u00e1p cao v\u00e0 c\u00e1c linh ki\u1ec7n m\u00e1y m\u00f3c, \u0111i\u1ec7n t\u1eed kh\u00e1c, v.v.<\/li>\n<li><strong>Ng\u00e0nh Y t\u1ebf<\/strong>: l\u00e0m s\u1ea1ch v\u00e0 kh\u1eed tr\u00f9ng, ti\u1ec7t tr\u00f9ng thi\u1ebft b\u1ecb y t\u1ebf, l\u00e0m s\u1ea1ch d\u1ee5ng c\u1ee5 th\u00ed nghi\u1ec7m, v.v.<\/li>\n<li><strong>Ng\u00e0nh C\u00f4ng nghi\u1ec7p B\u00e1n d\u1eabn<\/strong>: l\u00e0m s\u1ea1ch wafer b\u00e1n d\u1eabn v\u1edbi \u0111\u1ed9 s\u1ea1ch cao.<\/li>\n<li><strong>Ng\u00e0nh \u0110\u1ed3ng h\u1ed3 Trang s\u1ee9c<\/strong>: lo\u1ea1i b\u1ecf d\u1ea7u m\u1ee1, b\u1ee5i b\u1ea9n, l\u1edbp oxy h\u00f3a, h\u1ee3p ch\u1ea5t \u0111\u00e1nh b\u00f3ng, v.v.<\/li>\n<li><strong>Ng\u00e0nh H\u00f3a h\u1ecdc, Sinh h\u1ecdc<\/strong>: L\u00e0m s\u1ea1ch d\u1ee5ng c\u1ee5 th\u00ed nghi\u1ec7m.<\/li>\n<li><strong>Ng\u00e0nh Quang h\u1ecdc<\/strong>: lo\u1ea1i b\u1ecf d\u1ea7u m\u1ee1 tr\u00ean thi\u1ebft b\u1ecb quang h\u1ecdc, lo\u1ea1i b\u1ecf m\u1ed3 h\u00f4i, b\u1ee5i than, v.v.<\/li>\n<li><strong>Ng\u00e0nh D\u1ec7t nhu\u1ed9m v\u00e0 In \u1ea5n<\/strong>: l\u00e0m s\u1ea1ch tr\u1ee5c s\u1ee3i, \u0111\u1ea7u phun s\u1ee3i, v.v.<\/li>\n<li><strong>Ng\u00e0nh H\u00f3a d\u1ea7u<\/strong>: l\u00e0m s\u1ea1ch, th\u00f4ng l\u01b0\u1edbi kim lo\u1ea1i, l\u00e0m s\u1ea1ch b\u00ecnh ch\u1ee9a h\u00f3a ch\u1ea5t, c\u00f4ng t\u1eafc, v.v.<\/li>\n<\/ul>\n<p><img loading=\"lazy\" decoding=\"async\" class=\"alignnone size-full wp-image-1011\" title=\"300W Ultrasonic Cleaner\" alt=\"300W Ultrasonic Cleaner\" src=\"\/\/www.bjultrasonic.com\/wp-content\/uploads\/2012\/04\/201242911111.jpg\" width=\"456\" height=\"269\" \/><\/p>\n<h3>Thanh to\u00e1n<\/h3>\n<p>Hi\u1ec7n t\u1ea1i ch\u00fang t\u00f4i ch\u1ec9 ch\u1ea5p nh\u1eadn thanh to\u00e1n b\u1eb1ng <strong>Paypal<\/strong> ,<strong> T\/T <\/strong>v\u00e0 <strong>Western Union<\/strong>.<\/p>\n<h3 class=\"shipping-methods\">V\u1eadn chuy\u1ec3n<\/h3>\n<p>H\u00e0ng h\u00f3a s\u1ebd \u0111\u01b0\u1ee3c v\u1eadn chuy\u1ec3n trong v\u00f2ng 48 gi\u1edd sau khi nh\u1eadn \u0111\u01b0\u1ee3c thanh to\u00e1n \u0111\u1ea7y \u0111\u1ee7.<\/p>\n<ul>\n<li>Ch\u00fang t\u00f4i v\u1eadn chuy\u1ec3n h\u00e0ng \u0111\u1ebfn \u0111\u1ecba ch\u1ec9 \u0111\u01b0\u1ee3c cung c\u1ea5p trong thanh to\u00e1n PayPal. Vui l\u00f2ng \u0111\u1ea3m b\u1ea3o \u0111\u1ecba ch\u1ec9 trong PayPal l\u00e0 ch\u00ednh x\u00e1c.<\/li>\n<li>ch\u00fang t\u00f4i s\u1ebd cung c\u1ea5p cho b\u1ea1n s\u1ed1 theo d\u00f5i sau khi ch\u00fang t\u00f4i g\u1eedi h\u00e0ng, n\u00f3i chung, b\u1ea1n s\u1ebd nh\u1eadn \u0111\u01b0\u1ee3c h\u00e0ng trong v\u00f2ng n\u0103m ng\u00e0y.<\/li>\n<li>N\u1ebfu b\u1ea1n c\u00f3 b\u1ea5t k\u1ef3 c\u00e2u h\u1ecfi n\u00e0o, vui l\u00f2ng li\u00ean h\u1ec7 v\u1edbi ch\u00fang t\u00f4i qua email (\u0111\u1ecba ch\u1ec9 email c\u1ee7a ch\u00fang t\u00f4i l\u00e0 <a href=\"mailto:support@bjultrasonic.com\">support@bjultrasonic.com<\/a>)<\/li>\n<\/ul>\n<h3 align=\"left\">B\u1ea3o h\u00e0nh S\u1ea3n ph\u1ea9m<\/h3>\n<p>Th\u1eddi gian b\u1ea3o h\u00e0nh s\u1ea3n ph\u1ea9m l\u00e0 m\u1ed9t n\u0103m, Trong th\u1eddi gian b\u1ea3o h\u00e0nh, s\u1ea3n ph\u1ea9m \u0111\u00e3 mua c\u00f3 th\u1ec3 \u0111\u01b0\u1ee3c b\u1ea3o tr\u00ec ho\u1eb7c \u0111\u1ed5i mi\u1ec5n ph\u00ed.<\/p>\n","protected":false},"excerpt":{"rendered":"<p><a href=\"https:\/\/www.bjultrasonic.com\/vi\/category\/ultrasonic-cleaning-system-vi\/big-ultrasonic-cleaning-machine-vi\/\">M\u00e1y l\u00e0m s\u1ea1ch si\u00eau \u00e2m c\u00f4ng nghi\u1ec7p<\/a> \u0111\u01b0\u1ee3c s\u1ea3n xu\u1ea5t b\u1edfi Beijing Ultrasonic. Ch\u00fang t\u00f4i c\u00f3 th\u1ec3 thi\u1ebft k\u1ebf v\u00e0 t\u00f9y ch\u1ec9nh nhi\u1ec1u lo\u1ea1i <a href=\"https:\/\/www.bjultrasonic.com\/vi\/category\/ultrasonic-cleaning-system-vi\/big-ultrasonic-cleaning-machine-vi\/\">m\u00e1y l\u00e0m s\u1ea1ch si\u00eau \u00e2m c\u00f4ng nghi\u1ec7p<\/a> theo y\u00eau c\u1ea7u.<\/p>\n","protected":false},"featured_media":23721,"comment_status":"open","ping_status":"closed","template":"","meta":[],"product_brand":[],"product_cat":[5972],"product_tag":[],"class_list":{"0":"post-71779","1":"product","2":"type-product","3":"status-publish","4":"has-post-thumbnail","6":"product_cat-big-ultrasonic-cleaning-machine-vi","8":"first","9":"instock","10":"shipping-taxable","11":"product-type-external","12":"prodpage-classic"},"aioseo_notices":[],"_links":{"self":[{"href":"https:\/\/www.bjultrasonic.com\/vi\/wp-json\/wp\/v2\/product\/71779","targetHints":{"allow":["GET"]}}],"collection":[{"href":"https:\/\/www.bjultrasonic.com\/vi\/wp-json\/wp\/v2\/product"}],"about":[{"href":"https:\/\/www.bjultrasonic.com\/vi\/wp-json\/wp\/v2\/types\/product"}],"replies":[{"embeddable":true,"href":"https:\/\/www.bjultrasonic.com\/vi\/wp-json\/wp\/v2\/comments?post=71779"}],"wp:featuredmedia":[{"embeddable":true,"href":"https:\/\/www.bjultrasonic.com\/vi\/wp-json\/wp\/v2\/media\/23721"}],"wp:attachment":[{"href":"https:\/\/www.bjultrasonic.com\/vi\/wp-json\/wp\/v2\/media?parent=71779"}],"wp:term":[{"taxonomy":"product_brand","embeddable":true,"href":"https:\/\/www.bjultrasonic.com\/vi\/wp-json\/wp\/v2\/product_brand?post=71779"},{"taxonomy":"product_cat","embeddable":true,"href":"https:\/\/www.bjultrasonic.com\/vi\/wp-json\/wp\/v2\/product_cat?post=71779"},{"taxonomy":"product_tag","embeddable":true,"href":"https:\/\/www.bjultrasonic.com\/vi\/wp-json\/wp\/v2\/product_tag?post=71779"}],"curies":[{"name":"wp","href":"https:\/\/api.w.org\/{rel}","templated":true}]}}