{"id":71875,"date":"2012-04-06T22:33:41","date_gmt":"2012-04-07T03:33:41","guid":{"rendered":"https:\/\/www.bjultrasonic.com\/shop\/5pcs-42175-ring-piezoelectric-ceramic\/"},"modified":"2026-03-28T19:57:36","modified_gmt":"2026-03-29T00:57:36","slug":"5pcs-42175-ring-piezoelectric-ceramic","status":"publish","type":"product","link":"https:\/\/www.bjultrasonic.com\/vi\/shop\/5pcs-42175-ring-piezoelectric-ceramic\/","title":{"rendered":"5 Chi\u1ebfc V\u00f2ng G\u1ed1m \u00c1p \u0110i\u1ec7n 42*17*5"},"content":{"rendered":"<p><iframe loading=\"lazy\" title=\"Piezoelectric Ceramics | Piezoceramics\" width=\"500\" height=\"281\" src=\"https:\/\/www.youtube.com\/embed\/1Z8-9WdJKhQ?feature=oembed\" frameborder=\"0\" allow=\"accelerometer; autoplay; clipboard-write; encrypted-media; gyroscope; picture-in-picture; web-share\" referrerpolicy=\"strict-origin-when-cross-origin\" allowfullscreen><\/iframe><\/p>\n<h3>Ch\u00fang t\u00f4i c\u00f3 th\u1ec3 t\u00f9y ch\u1ec9nh nhi\u1ec1u lo\u1ea1i g\u1ed1m \u00e1p \u0111i\u1ec7n theo y\u00eau c\u1ea7u.<\/h3>\n<p>V\u1eadt li\u1ec7u G\u1ed1m \u00c1p \u0110i\u1ec7n: PZT4, PZT5, PZT8 ho\u1eb7c c\u00e1c v\u1eadt li\u1ec7u \u00e1p \u0111i\u1ec7n kh\u00e1c theo y\u00eau c\u1ea7u.<\/p>\n<h2>Th\u00f4ng s\u1ed1 k\u1ef9 thu\u1eadt c\u1ee7a 5 Chi\u1ebfc V\u00f2ng G\u1ed1m \u00c1p \u0110i\u1ec7n 42*17*5<\/h2>\n<table id=\"wp-table-reloaded-id-37-no-1\" class=\"table table-striped table-bordered\">\n<tbody>\n<tr>\n<td>K\u00edch th\u01b0\u1edbc (OD*ID*T)<\/td>\n<td>42*17*5<\/td>\n<\/tr>\n<tr>\n<td>\u0110i\u1ec7n dung (pf)<\/td>\n<td>2110\u00b110%<\/td>\n<\/tr>\n<tr>\n<td>T\u1ea7n s\u1ed1 h\u01b0\u1edbng k\u00ednh fr(khz)<\/td>\n<td>39\u00b15%<\/td>\n<\/tr>\n<tr>\n<td>Tr\u1edf kh\u00e1ng c\u1ed9ng h\u01b0\u1edfng zm<\/td>\n<td>\u226415<\/td>\n<\/tr>\n<tr>\n<td>T\u1ea7n s\u1ed1 d\u00e0y Ft(khz)<\/td>\n<td>410<\/td>\n<\/tr>\n<tr>\n<td>H\u1ec7 s\u1ed1 gh\u00e9p Kr(%)<\/td>\n<td>\u226545<\/td>\n<\/tr>\n<tr>\n<td>H\u1ec7 s\u1ed1 ch\u1ea5t l\u01b0\u1ee3ng (Qm)<\/td>\n<td>\u2265800<\/td>\n<\/tr>\n<tr>\n<td>Tr\u1ecdng l\u01b0\u1ee3ng c\u1ee7a 5 chi\u1ebfc<\/td>\n<td>1kg<\/td>\n<\/tr>\n<\/tbody>\n<\/table>\n<h3>\u1ee8ng d\u1ee5ng c\u1ee7a G\u1ed1m \u00c1p \u0110i\u1ec7n:<\/h3>\n<ul>\n<li>C\u1ea3m bi\u1ebfn si\u00eau \u00e2m<\/li>\n<li>B\u1ed9 chuy\u1ec3n \u0111\u1ed5i si\u00eau \u00e2m<\/li>\n<li>C\u1ea3m bi\u1ebfn y t\u1ebf<\/li>\n<li>C\u1ea3m bi\u1ebfn rung<\/li>\n<li>C\u1ea3m bi\u1ebfn \u00e1p su\u1ea5t<\/li>\n<li>C\u1ea3m bi\u1ebfn n\u00e9n v\u00e0 c\u00e1c lo\u1ea1i kh\u00e1c<\/li>\n<\/ul>\n<p><strong>L\u01b0u \u00fd: G\u1eedi email cho ch\u00fang t\u00f4i \u0111\u1ec3 \u0111\u01b0\u1ee3c t\u01b0 v\u1ea5n n\u1ebfu b\u1ea1n kh\u00f4ng t\u00ecm th\u1ea5y k\u00edch th\u01b0\u1edbc ph\u00f9 h\u1ee3p theo y\u00eau c\u1ea7u c\u1ee7a b\u1ea1n<\/strong><\/p>\n<h3>Thanh to\u00e1n<\/h3>\n<p>Hi\u1ec7n t\u1ea1i ch\u00fang t\u00f4i ch\u1ea5p nh\u1eadn paypal, T\/T &amp; Western Union.<\/p>\n<h3 class=\"shipping-methods\">V\u1eadn chuy\u1ec3n<\/h3>\n<p>H\u00e0ng h\u00f3a s\u1ebd \u0111\u01b0\u1ee3c v\u1eadn chuy\u1ec3n trong v\u00f2ng 48 gi\u1edd sau khi nh\u1eadn \u0111\u01b0\u1ee3c thanh to\u00e1n \u0111\u1ea7y \u0111\u1ee7.<\/p>\n<ul>\n<li>Ch\u00fang t\u00f4i giao h\u00e0ng \u0111\u1ebfn \u0111\u1ecba ch\u1ec9 \u0111\u01b0\u1ee3c cung c\u1ea5p trong thanh to\u00e1n PayPal. Vui l\u00f2ng \u0111\u1ea3m b\u1ea3o \u0111\u1ecba ch\u1ec9 trong PayPal l\u00e0 ch\u00ednh x\u00e1c.<\/li>\n<li>Ch\u00fang t\u00f4i s\u1ebd cung c\u1ea5p s\u1ed1 theo d\u00f5i sau khi g\u1eedi h\u00e0ng, n\u00f3i chung, b\u1ea1n s\u1ebd nh\u1eadn \u0111\u01b0\u1ee3c h\u00e0ng trong v\u00f2ng n\u0103m ng\u00e0y.<\/li>\n<li>N\u1ebfu b\u1ea1n c\u00f3 b\u1ea5t k\u1ef3 c\u00e2u h\u1ecfi n\u00e0o, vui l\u00f2ng li\u00ean h\u1ec7 v\u1edbi ch\u00fang t\u00f4i qua email (\u0111\u1ecba ch\u1ec9 email c\u1ee7a ch\u00fang t\u00f4i l\u00e0 <a href=\"mailto:support@bjultrasonic.com\">support@bjultrasonic.com<\/a>)<\/li>\n<\/ul>\n<h3 align=\"left\">B\u1ea3o h\u00e0nh s\u1ea3n ph\u1ea9m<\/h3>\n<p>Th\u1eddi gian b\u1ea3o h\u00e0nh s\u1ea3n ph\u1ea9m l\u00e0 m\u1ed9t n\u0103m, trong th\u1eddi gian b\u1ea3o h\u00e0nh, s\u1ea3n ph\u1ea9m \u0111\u00e3 mua c\u00f3 th\u1ec3 \u0111\u01b0\u1ee3c b\u1ea3o tr\u00ec ho\u1eb7c \u0111\u1ed5i mi\u1ec5n ph\u00ed.<\/p>\n","protected":false},"excerpt":{"rendered":"<p><a href=\"https:\/\/www.bjultrasonic.com\/vi\/category\/piezoelectric-ceramic-vi\/ring-piezoelectric-ceramics-vi\/\">V\u00f2ng g\u1ed1m \u00e1p \u0111i\u1ec7n<\/a> (v\u00f2ng piezoceramic) \u0111\u01b0\u1ee3c s\u1ea3n xu\u1ea5t b\u1edfi Beijing Ultrasonic \u2013 nh\u00e0 cung c\u1ea5p v\u00e0 s\u1ea3n xu\u1ea5t <a href=\"https:\/\/www.bjultrasonic.com\/vi\/category\/piezoelectric-ceramic-vi\/\">g\u1ed1m \u00e1p \u0111i\u1ec7n<\/a> chuy\u00ean nghi\u1ec7p.<\/p>\n","protected":false},"featured_media":572,"comment_status":"open","ping_status":"closed","template":"","meta":[],"product_brand":[],"product_cat":[5653,5753],"product_tag":[],"class_list":{"0":"post-71875","1":"product","2":"type-product","3":"status-publish","4":"has-post-thumbnail","6":"product_cat-piezoelectric-ceramic-vi","7":"product_cat-ring-piezoelectric-ceramics-vi","9":"first","10":"outofstock","11":"shipping-taxable","12":"purchasable","13":"product-type-simple","14":"prodpage-classic"},"aioseo_notices":[],"_links":{"self":[{"href":"https:\/\/www.bjultrasonic.com\/vi\/wp-json\/wp\/v2\/product\/71875","targetHints":{"allow":["GET"]}}],"collection":[{"href":"https:\/\/www.bjultrasonic.com\/vi\/wp-json\/wp\/v2\/product"}],"about":[{"href":"https:\/\/www.bjultrasonic.com\/vi\/wp-json\/wp\/v2\/types\/product"}],"replies":[{"embeddable":true,"href":"https:\/\/www.bjultrasonic.com\/vi\/wp-json\/wp\/v2\/comments?post=71875"}],"wp:featuredmedia":[{"embeddable":true,"href":"https:\/\/www.bjultrasonic.com\/vi\/wp-json\/wp\/v2\/media\/572"}],"wp:attachment":[{"href":"https:\/\/www.bjultrasonic.com\/vi\/wp-json\/wp\/v2\/media?parent=71875"}],"wp:term":[{"taxonomy":"product_brand","embeddable":true,"href":"https:\/\/www.bjultrasonic.com\/vi\/wp-json\/wp\/v2\/product_brand?post=71875"},{"taxonomy":"product_cat","embeddable":true,"href":"https:\/\/www.bjultrasonic.com\/vi\/wp-json\/wp\/v2\/product_cat?post=71875"},{"taxonomy":"product_tag","embeddable":true,"href":"https:\/\/www.bjultrasonic.com\/vi\/wp-json\/wp\/v2\/product_tag?post=71875"}],"curies":[{"name":"wp","href":"https:\/\/api.w.org\/{rel}","templated":true}]}}