{"id":72503,"date":"2012-03-27T04:19:20","date_gmt":"2012-03-27T09:19:20","guid":{"rendered":"https:\/\/www.bjultrasonic.com\/shop\/120w-110v-ultrasonic-pcb-generator\/"},"modified":"2026-03-28T19:52:07","modified_gmt":"2026-03-29T00:52:07","slug":"120w-110v-ultrasonic-pcb-generator","status":"publish","type":"product","link":"https:\/\/www.bjultrasonic.com\/vi\/shop\/120w-110v-ultrasonic-pcb-generator\/","title":{"rendered":"M\u1ea1ch \u0111i\u1ec1u khi\u1ec3n \u0111\u1ea7u d\u00f2 \u00e1p \u0111i\u1ec7n si\u00eau \u00e2m 110V 120W"},"content":{"rendered":"<h2>Th\u00f4ng s\u1ed1 k\u1ef9 thu\u1eadt c\u1ee7a M\u1ea1ch PCB M\u00e1y ph\u00e1t Si\u00eau \u00e2m 120W\/110V<\/h2>\n<table id=\"wp-table-reloaded-id-23-no-1\" class=\"table table-striped table-bordered\">\n<tbody>\n<tr>\n<td>T\u1ea7n s\u1ed1<\/td>\n<td>40 KHz, 25khz v\u00e0 28khz.<\/td>\n<\/tr>\n<tr>\n<td>C\u00f4ng su\u1ea5t<\/td>\n<td>120w<\/td>\n<\/tr>\n<tr>\n<td>\u0110i\u1ec1u khi\u1ec3n \u0111\u1ea7u d\u00f2<\/td>\n<td>\n<ul>\n<li>M\u1ed9t \u0111\u1ea7u d\u00f2 50w<\/li>\n<li>m\u1ed9t \u0111\u1ea7u d\u00f2 60w<\/li>\n<li>m\u1ed9t \u0111\u1ea7u d\u00f2 100w<\/li>\n<li>hai \u0111\u1ea7u d\u00f2 50w<\/li>\n<li>hai \u0111\u1ea7u d\u00f2 60w<\/li>\n<\/ul>\n<\/td>\n<\/tr>\n<tr>\n<td>Ngu\u1ed3n \u0111i\u1ec7n<\/td>\n<td>\u0110\u1ea7u v\u00e0o: 100V~120V AC<\/td>\n<\/tr>\n<tr>\n<td>Tr\u1ecdng l\u01b0\u1ee3ng<\/td>\n<td>300g\/c\u00e1i<\/td>\n<\/tr>\n<\/tbody>\n<\/table>\n<h3>C\u00e1ch K\u1ebft n\u1ed1i \u0110\u1ea7u d\u00f2 Si\u00eau \u00e2m v\u1edbi M\u1ea1ch M\u00e1y ph\u00e1t Si\u00eau \u00e2m<\/h3>\n<p><img loading=\"lazy\" decoding=\"async\" class=\"alignnone size-full wp-image-19267\" src=\"https:\/\/www.bjultrasonic.com\/wp-content\/uploads\/2012\/03\/How-to-Connect-Ultrasonic-Transducer-with-Ultrasonic-Generator-Circuit.jpg\" alt=\"\" width=\"700\" height=\"412\" \/><\/p>\n<ul>\n<li><a href=\"https:\/\/www.bjultrasonic.com\/vi\/category\/ultrasonic-generator-vi\/\">M\u00e1y ph\u00e1t si\u00eau \u00e2m<\/a> kh\u00f4ng th\u1ec3 b\u1eadt ngu\u1ed3n trong \u0111i\u1ec1u ki\u1ec7n kh\u00f4ng t\u1ea3i<\/li>\n<li>Sau khi l\u1eafp \u0111\u1eb7t, kh\u00f4ng \u0111\u01b0\u1ee3c b\u1eadt ngu\u1ed3n cho \u0111\u1ebfn khi \u0111\u1ed5 dung d\u1ecbch l\u00e0m s\u1ea1ch v\u00e0o<\/li>\n<li><a href=\"https:\/\/www.bjultrasonic.com\/vi\/category\/ultrasonic-transducer-vi\/\">\u0110\u1ea7u d\u00f2 si\u00eau \u00e2m<\/a> c\u00f3 hai v\u1ea5u. C\u1ef1c d\u01b0\u01a1ng n\u1eb1m \u1edf gi\u1eefa hai mi\u1ebfng g\u1ed1m. C\u1ef1c \u00e2m n\u1eb1m g\u1ea7n c\u1ed9t kim lo\u1ea1i ph\u00eda d\u01b0\u1edbi. Vui l\u00f2ng kh\u00f4ng \u0111\u1ea5u d\u00e2y sai.<\/li>\n<li>M\u1eb7t l\u1edbn h\u01a1n c\u00f3 l\u1ed7 v\u00edt trong \u0111\u1ea7u d\u00f2 g\u1ed1m c\u00f3 ch\u1ee9c n\u0103ng rung, c\u00f3 th\u1ec3 \u0111\u01b0\u1ee3c g\u1eafn ch\u1eb7t v\u00e0o \u0111\u00e1y m\u00e1y l\u00e0m s\u1ea1ch. V\u00e0 vui l\u00f2ng \u0111\u1ea3m b\u1ea3o m\u00e1y l\u00e0m s\u1ea1ch \u0111\u01b0\u1ee3c ti\u1ebfp \u0111\u1ea5t an to\u00e0n.<\/li>\n<li>\u0110\u1ea7u d\u00f2 g\u1ed1m n\u00ean \u0111\u01b0\u1ee3c d\u00e1n v\u00e0o \u0111\u00e1y m\u00e1y l\u00e0m s\u1ea1ch b\u1eb1ng keo chuy\u00ean d\u1ee5ng cho \u0111\u1ea7u d\u00f2 ho\u1eb7c s\u1eed d\u1ee5ng keo d\u00ednh AB. nh\u01b0ng hi\u1ec7u qu\u1ea3 h\u01a1i k\u00e9m, ho\u1eb7c s\u1eed d\u1ee5ng nh\u1ef1a epoxy v\u1edbi t\u1ef7 l\u1ec7 10:4.<\/li>\n<li>\u0110i\u1ec7n \u00e1p l\u00e0m vi\u1ec7c c\u1ee7a bo m\u1ea1ch l\u00e0 600V. \u0110i\u1ec7n \u00e1p \u0111\u1ea7u ra \u0111\u1ebfn \u0111\u1ea7u d\u00f2 l\u00e0 1100 v. Vui l\u00f2ng \u0111\u1ea3m b\u1ea3o m\u00e1y l\u00e0m s\u1ea1ch \u0111\u01b0\u1ee3c ti\u1ebfp \u0111\u1ea5t an to\u00e0n. Vui l\u00f2ng \u0111\u1ea3m b\u1ea3o c\u00f4ng t\u1eafc b\u1ea3o v\u1ec7 r\u00f2 r\u1ec9 \u0111\u01b0\u1ee3c l\u1eafp \u0111\u1eb7t tr\u00ean ngu\u1ed3n \u0111i\u1ec7n \u0111\u1ec3 \u0111\u1ea3m b\u1ea3o an to\u00e0n.<\/li>\n<\/ul>\n<h3>Thanh to\u00e1n<\/h3>\n<p>Hi\u1ec7n ch\u00fang t\u00f4i ch\u1ea5p nh\u1eadn paypal, T\/T &amp; Western Union.<\/p>\n<h3 class=\"shipping-methods\">V\u1eadn chuy\u1ec3n<\/h3>\n<p>H\u00e0ng h\u00f3a s\u1ebd \u0111\u01b0\u1ee3c v\u1eadn chuy\u1ec3n trong v\u00f2ng 48 gi\u1edd sau khi nh\u1eadn \u0111\u01b0\u1ee3c thanh to\u00e1n \u0111\u1ea7y \u0111\u1ee7.<\/p>\n<ul>\n<li>Ch\u00fang t\u00f4i v\u1eadn chuy\u1ec3n h\u00e0ng h\u00f3a \u0111\u1ebfn \u0111\u1ecba ch\u1ec9 \u0111\u01b0\u1ee3c cung c\u1ea5p trong thanh to\u00e1n PayPal. Vui l\u00f2ng \u0111\u1ea3m b\u1ea3o \u0111\u1ecba ch\u1ec9 trong PayPal l\u00e0 ch\u00ednh x\u00e1c.<\/li>\n<li>Ch\u00fang t\u00f4i s\u1ebd cung c\u1ea5p cho b\u1ea1n s\u1ed1 theo d\u00f5i sau khi ch\u00fang t\u00f4i g\u1eedi h\u00e0ng \u0111i, nh\u00ecn chung, b\u1ea1n s\u1ebd nh\u1eadn \u0111\u01b0\u1ee3c h\u00e0ng trong v\u00f2ng n\u0103m ng\u00e0y.<\/li>\n<li>N\u1ebfu b\u1ea1n c\u00f3 b\u1ea5t k\u1ef3 c\u00e2u h\u1ecfi n\u00e0o, vui l\u00f2ng li\u00ean h\u1ec7 v\u1edbi ch\u00fang t\u00f4i qua email (\u0111\u1ecba ch\u1ec9 email c\u1ee7a ch\u00fang t\u00f4i l\u00e0 <a href=\"mailto:support@bjultrasonic.com\">support@bjultrasonic.com<\/a>)<\/li>\n<\/ul>\n<h3 align=\"left\">B\u1ea3o h\u00e0nh S\u1ea3n ph\u1ea9m<\/h3>\n<p>Th\u1eddi gian b\u1ea3o h\u00e0nh s\u1ea3n ph\u1ea9m l\u00e0 m\u1ed9t n\u0103m, Trong th\u1eddi gian b\u1ea3o h\u00e0nh, s\u1ea3n ph\u1ea9m \u0111\u00e3 mua c\u00f3 th\u1ec3 \u0111\u01b0\u1ee3c b\u1ea3o tr\u00ec ho\u1eb7c \u0111\u1ed5i mi\u1ec5n ph\u00ed.<\/p>\n<h3>Danh s\u00e1ch ph\u00e1t Video: B\u1ed9 \u0111i\u1ec1u khi\u1ec3n \u0110\u1ea7u d\u00f2 Si\u00eau \u00e2m<\/h3>\n<p><iframe loading=\"lazy\" width=\"560\" height=\"315\" src=\"https:\/\/www.youtube.com\/embed\/videoseries?list=PLLrjMYkO0_NG56zqmQN9W9F1Xf9eev6dc\" frameborder=\"0\" allow=\"autoplay; encrypted-media\" allowfullscreen><\/iframe><\/p>\n","protected":false},"excerpt":{"rendered":"<p>M\u1ea1ch t\u1ea1o s\u00f3ng si\u00eau \u00e2m, c\u00f2n \u0111\u01b0\u1ee3c g\u1ecdi l\u00e0 <a href=\"https:\/\/www.bjultrasonic.com\/vi\/category\/ultrasonic-transducer-vi\/\">m\u1ea1ch \u0111i\u1ec1u khi\u1ec3n \u0111\u1ea7u d\u00f2 si\u00eau \u00e2m<\/a> ho\u1eb7c <a href=\"https:\/\/www.bjultrasonic.com\/vi\/category\/ultrasonic-generator-vi\/ultrasonic-generator-circuits-vi\/\">bo m\u1ea1ch \u0111i\u1ec1u khi\u1ec3n ngu\u1ed3n cho m\u00e1y l\u00e0m s\u1ea1ch si\u00eau \u00e2m<\/a>. N\u00f3 cung c\u1ea5p m\u1ed9t <a href=\"https:\/\/www.bjultrasonic.com\/vi\/category\/ultrasonic-generator-vi\/\">t\u1ea7n s\u1ed1 si\u00eau \u00e2m<\/a> \u0111\u1ec3 \u0111i\u1ec1u khi\u1ec3n c\u00e1c \u0111\u1ea7u d\u00f2 si\u00eau \u00e2m b\u00ean trong <a href=\"https:\/\/www.bjultrasonic.com\/vi\/category\/ultrasonic-cleaning-system-vi\/\">m\u00e1y l\u00e0m s\u1ea1ch si\u00eau \u00e2m<\/a>.<\/p>\n","protected":false},"featured_media":19255,"comment_status":"open","ping_status":"closed","template":"","meta":[],"product_brand":[],"product_cat":[6104],"product_tag":[],"class_list":{"0":"post-72503","1":"product","2":"type-product","3":"status-publish","4":"has-post-thumbnail","6":"product_cat-ultrasonic-generator-circuits-vi","8":"first","9":"instock","10":"shipping-taxable","11":"purchasable","12":"product-type-simple","13":"prodpage-classic"},"aioseo_notices":[],"_links":{"self":[{"href":"https:\/\/www.bjultrasonic.com\/vi\/wp-json\/wp\/v2\/product\/72503","targetHints":{"allow":["GET"]}}],"collection":[{"href":"https:\/\/www.bjultrasonic.com\/vi\/wp-json\/wp\/v2\/product"}],"about":[{"href":"https:\/\/www.bjultrasonic.com\/vi\/wp-json\/wp\/v2\/types\/product"}],"replies":[{"embeddable":true,"href":"https:\/\/www.bjultrasonic.com\/vi\/wp-json\/wp\/v2\/comments?post=72503"}],"wp:featuredmedia":[{"embeddable":true,"href":"https:\/\/www.bjultrasonic.com\/vi\/wp-json\/wp\/v2\/media\/19255"}],"wp:attachment":[{"href":"https:\/\/www.bjultrasonic.com\/vi\/wp-json\/wp\/v2\/media?parent=72503"}],"wp:term":[{"taxonomy":"product_brand","embeddable":true,"href":"https:\/\/www.bjultrasonic.com\/vi\/wp-json\/wp\/v2\/product_brand?post=72503"},{"taxonomy":"product_cat","embeddable":true,"href":"https:\/\/www.bjultrasonic.com\/vi\/wp-json\/wp\/v2\/product_cat?post=72503"},{"taxonomy":"product_tag","embeddable":true,"href":"https:\/\/www.bjultrasonic.com\/vi\/wp-json\/wp\/v2\/product_tag?post=72503"}],"curies":[{"name":"wp","href":"https:\/\/api.w.org\/{rel}","templated":true}]}}